{"id":790,"date":"2022-02-09T14:38:45","date_gmt":"2022-02-09T14:38:45","guid":{"rendered":"http:\/\/vtc-limousine-2022.pymac.loc\/?page_id=790"},"modified":"2023-09-11T16:04:59","modified_gmt":"2023-09-11T16:04:59","slug":"%e5%8a%a0%e5%85%a5","status":"publish","type":"page","link":"https:\/\/www.vtc-limousine.fr\/zh\/%e5%8a%a0%e5%85%a5\/","title":{"rendered":"\u6210\u4e3a\u4f1a\u5458"},"content":{"rendered":"<div data-elementor-type=\"wp-page\" data-elementor-id=\"790\" class=\"elementor elementor-790\" data-elementor-post-type=\"page\">\n\t\t\t\t\t\t<section class=\"elementor-section elementor-top-section elementor-element elementor-element-2147974a elementor-section-full_width elementor-section-height-min-height elementor-section-height-default elementor-section-items-middle\" data-id=\"2147974a\" data-element_type=\"section\" data-e-type=\"section\" data-settings=\"{&quot;background_background&quot;:&quot;classic&quot;}\">\n\t\t\t\t\t\t\t<div class=\"elementor-background-overlay\"><\/div>\n\t\t\t\t\t\t\t<div class=\"elementor-container elementor-column-gap-default\">\n\t\t\t\t\t<div class=\"elementor-column elementor-col-100 elementor-top-column elementor-element elementor-element-2e5ddbaa\" data-id=\"2e5ddbaa\" data-element_type=\"column\" data-e-type=\"column\">\n\t\t\t<div class=\"elementor-widget-wrap\">\n\t\t\t\t\t\t\t<\/div>\n\t\t<\/div>\n\t\t\t\t\t<\/div>\n\t\t<\/section>\n\t\t\t\t<section class=\"elementor-section elementor-top-section elementor-element elementor-element-7057d955 elementor-section-boxed elementor-section-height-default elementor-section-height-default\" data-id=\"7057d955\" data-element_type=\"section\" data-e-type=\"section\">\n\t\t\t\t\t\t<div class=\"elementor-container elementor-column-gap-default\">\n\t\t\t\t\t<div class=\"elementor-column elementor-col-100 elementor-top-column elementor-element elementor-element-688b7993\" data-id=\"688b7993\" data-element_type=\"column\" data-e-type=\"column\">\n\t\t\t<div class=\"elementor-widget-wrap elementor-element-populated\">\n\t\t\t\t\t\t<div class=\"elementor-element elementor-element-5713ce8d elementor-widget elementor-widget-heading\" data-id=\"5713ce8d\" data-element_type=\"widget\" data-e-type=\"widget\" data-widget_type=\"heading.default\">\n\t\t\t\t<div class=\"elementor-widget-container\">\n\t\t\t\t\t<h1 class=\"elementor-heading-title elementor-size-default\">\u6210\u4e3a\u4f1a\u5458<\/h1>\t\t\t\t<\/div>\n\t\t\t\t<\/div>\n\t\t\t\t<div class=\"elementor-element elementor-element-26a1011f elementor-widget elementor-widget-heading\" data-id=\"26a1011f\" data-element_type=\"widget\" data-e-type=\"widget\" data-widget_type=\"heading.default\">\n\t\t\t\t<div class=\"elementor-widget-container\">\n\t\t\t\t\t<h2 class=\"elementor-heading-title elementor-size-default\">\u5982\u679c\u60a8\u6709\u5174\u8da3\u6210\u4e3a\u4f1a\u5458\uff0c\u8bf7\u63d0\u4ea4\u60a8\u7684\u7533\u8bf7\uff01<\/h2>\t\t\t\t<\/div>\n\t\t\t\t<\/div>\n\t\t\t\t\t<\/div>\n\t\t<\/div>\n\t\t\t\t\t<\/div>\n\t\t<\/section>\n\t\t\t\t<section class=\"elementor-section elementor-top-section elementor-element elementor-element-34e611ed elementor-section-content-middle elementor-section-boxed elementor-section-height-default elementor-section-height-default\" data-id=\"34e611ed\" data-element_type=\"section\" data-e-type=\"section\">\n\t\t\t\t\t\t<div class=\"elementor-container elementor-column-gap-no\">\n\t\t\t\t\t<div class=\"elementor-column elementor-col-50 elementor-top-column elementor-element elementor-element-62afdc71\" data-id=\"62afdc71\" data-element_type=\"column\" data-e-type=\"column\">\n\t\t\t<div class=\"elementor-widget-wrap elementor-element-populated\">\n\t\t\t\t\t\t<div class=\"elementor-element elementor-element-76affa3 elementor-widget elementor-widget-text-editor\" data-id=\"76affa3\" data-element_type=\"widget\" data-e-type=\"widget\" data-widget_type=\"text-editor.default\">\n\t\t\t\t<div class=\"elementor-widget-container\">\n\t\t\t\t\t\t\t\t\t<div>\u4f5c\u4e3a\u4e00\u5bb6\u7531\u53f8\u673a\u9a7e\u9a76\u7684\u8fd0\u8f93\u516c\u53f8\u00a0 <strong>Class-eDriver \u8c6a\u534e\u8f7f\u8f66<\/strong> \u4e00\u76f4\u5728\u5bfb\u627e\u9ad8\u8d28\u91cf\u7684\u8054\u5c5e\u4f1a\u5458\u52a0\u5165\u5176\u5408\u4f5c\u4f19\u4f34\u7f51\u7edc\u3002\u5408\u4f5c\u4f19\u4f34\u53ef\u4ee5\u901a\u8fc7\u5229\u7528\u9500\u552e\u3001\u8425\u9500\u548c\u6280\u672f\u8d44\u6e90\u589e\u52a0\u6536\u5165\uff0c\u6269\u5927\u5f71\u54cd\u529b\u3002<\/div><div>\u00a0<\/div><p class=\"gt-block\"><strong>Class eDriver \u8c6a\u534e\u8f7f\u8f66\u5177\u6709\u8bf8\u591a\u4f18\u52bf\u3002<\/strong><\/p><div><ul type=\"disc\"><li>\u589e\u52a0\u670d\u52a1\u7684\u6f5c\u529b\u5de8\u5927\u3002<\/li><li>\u989d\u5916\u9884\u8ba2\u53ef\u4ee5\u5e2e\u52a9\u9a7e\u9a76\u5458\u4fdd\u6301\u5de5\u4f5c\u6548\u7387\u3002<\/li><li>\u9884\u8ba2\u9ad8\u7ea7\u670d\u52a1\uff0c\u5982\u516c\u52a1\u822a\u7a7a\u3001\u6e38\u8247\u548c\u6d3b\u52a8\u3002<\/li><li>\u6709\u4e86\u6574\u4e2a Class eDriver Limousine \u8054\u76df\u7f51\u7edc\u4e3a\u60a8\u670d\u52a1\uff0c\u60a8\u4e5f\u53ef\u4ee5\u6210\u4e3a\u4e00\u5bb6\u968f\u65f6\u968f\u5730\u4e3a\u5ba2\u6237\u63d0\u4f9b\u670d\u52a1\u7684\u516c\u53f8\u3002<\/li><\/ul><\/div><h2>\u8054\u76df\u5173\u7cfb\u9ad8\u6548\u3001\u6709\u5229\u3001\u4e13\u4e1a<\/h2><div><ul type=\"disc\"><li>\u53ca\u65f6\u4ed8\u6b3e\uff1a\u6211\u4eec\u5728\u6536\u5230\u53d1\u7968\u540e 10 \u5929\u5185\u5904\u7406\u4ed8\u6b3e\u3002<\/li><li>\u901a\u8fc7\u4e1a\u5185\u6700\u5148\u8fdb\u7684\u6280\u672f\u5e73\u53f0\u4f20\u8f93\u9884\u8ba2\u4fe1\u606f\u3002<\/li><li>\u603b\u673a\u6bcf\u5468 7 \u5929\u3001\u6bcf\u5929 24 \u5c0f\u65f6\u63d0\u4f9b\u670d\u52a1\u3002<\/li><li>\u6211\u4eec\u7684\u9644\u5c5e\u673a\u6784\u672c\u8eab\u5c31\u662f\u6211\u4eec\u7684\u540c\u4e8b\u548c\u5408\u4f5c\u4f19\u4f34\u3002<\/li><\/ul><\/div>\t\t\t\t\t\t\t\t<\/div>\n\t\t\t\t<\/div>\n\t\t\t\t\t<\/div>\n\t\t<\/div>\n\t\t\t\t<div class=\"elementor-column elementor-col-50 elementor-top-column elementor-element elementor-element-8b01cc8\" data-id=\"8b01cc8\" data-element_type=\"column\" data-e-type=\"column\">\n\t\t\t<div class=\"elementor-widget-wrap elementor-element-populated\">\n\t\t\t\t\t\t<div class=\"elementor-element elementor-element-6fc73e6 elementor-button-align-stretch elementor-widget elementor-widget-form\" data-id=\"6fc73e6\" data-element_type=\"widget\" data-e-type=\"widget\" data-settings=\"{&quot;step_next_label&quot;:&quot;Suivant&quot;,&quot;step_previous_label&quot;:&quot;Pr\\u00e9c\\u00e9dent&quot;,&quot;button_width&quot;:&quot;100&quot;,&quot;step_type&quot;:&quot;number_text&quot;,&quot;step_icon_shape&quot;:&quot;circle&quot;}\" data-widget_type=\"form.default\">\n\t\t\t\t<div class=\"elementor-widget-container\">\n\t\t\t\t\t\t\t<form class=\"elementor-form\" method=\"post\" name=\"Nouveau formulaire\" aria-label=\"\u65b0\u8868\u683c\" action=\"\">\n\t\t\t<input type=\"hidden\" name=\"post_id\" value=\"790\"\/>\n\t\t\t<input type=\"hidden\" name=\"form_id\" value=\"6fc73e6\"\/>\n\t\t\t<input type=\"hidden\" name=\"referer_title\" value=\"Devenir Affili\u00e9 by Class-eDriver Limousine\" \/>\n\n\t\t\t\t\t\t\t<input type=\"hidden\" name=\"queried_id\" value=\"790\"\/>\n\t\t\t\n\t\t\t<div class=\"elementor-form-fields-wrapper elementor-labels-above\">\n\t\t\t\t\t\t\t\t<div class=\"elementor-field-type-step elementor-field-group elementor-column elementor-field-group-name elementor-col-100\">\n\t\t\t\t\t\t\t<div class=\"e-field-step elementor-hidden\" data-label=\"Entreprise\" data-previousbutton=\"\" data-nextbutton=\"\" data-iconurl=\"\" data-iconlibrary=\"fas fa-star\" data-icon=\"\" ><\/div>\n\n\t\t\t\t\t\t<\/div>\n\t\t\t\t\t\t\t\t<div class=\"elementor-field-type-text elementor-field-group elementor-column elementor-field-group-email elementor-col-100 elementor-field-required\">\n\t\t\t\t\t\t\t\t\t\t\t\t<label for=\"form-field-email\" class=\"elementor-field-label\">\n\t\t\t\t\t\t\t\t\u516c\u53f8\u540d\u79f0\t\t\t\t\t\t\t<\/label>\n\t\t\t\t\t\t\t\t\t\t\t\t\t\t<input size=\"1\" type=\"text\" name=\"form_fields[email]\" id=\"form-field-email\" class=\"elementor-field elementor-size-sm  elementor-field-textual\" required=\"required\">\n\t\t\t\t\t\t\t\t\t\t\t<\/div>\n\t\t\t\t\t\t\t\t<div class=\"elementor-field-type-url elementor-field-group elementor-column elementor-field-group-field_6a42a1b elementor-col-100\">\n\t\t\t\t\t\t\t\t\t\t\t\t<label for=\"form-field-field_6a42a1b\" class=\"elementor-field-label\">\n\t\t\t\t\t\t\t\t\u7f51\u7ad9\t\t\t\t\t\t\t<\/label>\n\t\t\t\t\t\t\t\t\t\t\t\t\t\t<input size=\"1\" type=\"url\" name=\"form_fields[field_6a42a1b]\" id=\"form-field-field_6a42a1b\" class=\"elementor-field elementor-size-sm  elementor-field-textual\">\n\t\t\t\t\t\t\t\t\t\t\t<\/div>\n\t\t\t\t\t\t\t\t<div class=\"elementor-field-type-text elementor-field-group elementor-column elementor-field-group-message elementor-col-100 elementor-field-required\">\n\t\t\t\t\t\t\t\t\t\t\t\t<label for=\"form-field-message\" class=\"elementor-field-label\">\n\t\t\t\t\t\t\t\t\u623f\u820d\u5730\u5740\t\t\t\t\t\t\t<\/label>\n\t\t\t\t\t\t\t\t\t\t\t\t\t\t<input size=\"1\" type=\"text\" name=\"form_fields[message]\" id=\"form-field-message\" class=\"elementor-field elementor-size-sm  elementor-field-textual\" required=\"required\">\n\t\t\t\t\t\t\t\t\t\t\t<\/div>\n\t\t\t\t\t\t\t\t<div class=\"elementor-field-type-text elementor-field-group elementor-column elementor-field-group-field_3fd39d4 elementor-col-33 elementor-field-required\">\n\t\t\t\t\t\t\t\t\t\t\t\t<label for=\"form-field-field_3fd39d4\" class=\"elementor-field-label\">\n\t\t\t\t\t\t\t\t\u57ce\u5e02\t\t\t\t\t\t\t<\/label>\n\t\t\t\t\t\t\t\t\t\t\t\t\t\t<input size=\"1\" type=\"text\" name=\"form_fields[field_3fd39d4]\" id=\"form-field-field_3fd39d4\" class=\"elementor-field elementor-size-sm  elementor-field-textual\" required=\"required\">\n\t\t\t\t\t\t\t\t\t\t\t<\/div>\n\t\t\t\t\t\t\t\t<div class=\"elementor-field-type-text elementor-field-group elementor-column elementor-field-group-field_b2b1624 elementor-col-33 elementor-field-required\">\n\t\t\t\t\t\t\t\t\t\t\t\t<label for=\"form-field-field_b2b1624\" class=\"elementor-field-label\">\n\t\t\t\t\t\t\t\t\u90ae\u7f16\t\t\t\t\t\t\t<\/label>\n\t\t\t\t\t\t\t\t\t\t\t\t\t\t<input size=\"1\" type=\"text\" name=\"form_fields[field_b2b1624]\" id=\"form-field-field_b2b1624\" class=\"elementor-field elementor-size-sm  elementor-field-textual\" required=\"required\">\n\t\t\t\t\t\t\t\t\t\t\t<\/div>\n\t\t\t\t\t\t\t\t<div class=\"elementor-field-type-text elementor-field-group elementor-column elementor-field-group-field_d0dbf45 elementor-col-33 elementor-field-required\">\n\t\t\t\t\t\t\t\t\t\t\t\t<label for=\"form-field-field_d0dbf45\" class=\"elementor-field-label\">\n\t\t\t\t\t\t\t\t\u56fd\u5bb6\t\t\t\t\t\t\t<\/label>\n\t\t\t\t\t\t\t\t\t\t\t\t\t\t<input size=\"1\" type=\"text\" name=\"form_fields[field_d0dbf45]\" id=\"form-field-field_d0dbf45\" class=\"elementor-field elementor-size-sm  elementor-field-textual\" required=\"required\">\n\t\t\t\t\t\t\t\t\t\t\t<\/div>\n\t\t\t\t\t\t\t\t<div class=\"elementor-field-type-textarea elementor-field-group elementor-column elementor-field-group-field_3946f5a elementor-col-100 elementor-field-required\">\n\t\t\t\t\t\t\t\t\t\t\t\t<label for=\"form-field-field_3946f5a\" class=\"elementor-field-label\">\n\t\t\t\t\t\t\t\t\u516c\u53f8\u4ecb\u7ecd\t\t\t\t\t\t\t<\/label>\n\t\t\t\t\t\t<textarea class=\"elementor-field-textual elementor-field  elementor-size-sm\" name=\"form_fields[field_3946f5a]\" id=\"form-field-field_3946f5a\" rows=\"4\" required=\"required\"><\/textarea>\t\t\t\t<\/div>\n\t\t\t\t\t\t\t\t<div class=\"elementor-field-type-step elementor-field-group elementor-column elementor-field-group-field_5360273 elementor-col-100\">\n\t\t\t\t\t\t\t<div class=\"e-field-step elementor-hidden\" data-label=\"Dirigeant \/ CEO\" data-previousbutton=\"\" data-nextbutton=\"\" data-iconurl=\"\" data-iconlibrary=\"fas fa-star\" data-icon=\"\" ><\/div>\n\n\t\t\t\t\t\t<\/div>\n\t\t\t\t\t\t\t\t<div class=\"elementor-field-type-text elementor-field-group elementor-column elementor-field-group-field_1891045 elementor-col-50 elementor-field-required\">\n\t\t\t\t\t\t\t\t\t\t\t\t<label for=\"form-field-field_1891045\" class=\"elementor-field-label\">\n\t\t\t\t\t\t\t\t\u540d\u79f0\t\t\t\t\t\t\t<\/label>\n\t\t\t\t\t\t\t\t\t\t\t\t\t\t<input size=\"1\" type=\"text\" name=\"form_fields[field_1891045]\" id=\"form-field-field_1891045\" class=\"elementor-field elementor-size-sm  elementor-field-textual\" required=\"required\">\n\t\t\t\t\t\t\t\t\t\t\t<\/div>\n\t\t\t\t\t\t\t\t<div class=\"elementor-field-type-email elementor-field-group elementor-column elementor-field-group-field_67075eb elementor-col-50 elementor-field-required\">\n\t\t\t\t\t\t\t\t\t\t\t\t<label for=\"form-field-field_67075eb\" class=\"elementor-field-label\">\n\t\t\t\t\t\t\t\t\u7535\u5b50\u90ae\u4ef6\t\t\t\t\t\t\t<\/label>\n\t\t\t\t\t\t\t\t\t\t\t\t\t\t<input size=\"1\" type=\"email\" name=\"form_fields[field_67075eb]\" id=\"form-field-field_67075eb\" class=\"elementor-field elementor-size-sm  elementor-field-textual\" required=\"required\">\n\t\t\t\t\t\t\t\t\t\t\t<\/div>\n\t\t\t\t\t\t\t\t<div class=\"elementor-field-type-tel elementor-field-group elementor-column elementor-field-group-field_74b3f45 elementor-col-50 elementor-field-required\">\n\t\t\t\t\t\t\t\t\t\t\t\t<label for=\"form-field-field_74b3f45\" class=\"elementor-field-label\">\n\t\t\t\t\t\t\t\t\u7535\u8bdd\t\t\t\t\t\t\t<\/label>\n\t\t\t\t\t\t\t\t<input size=\"1\" type=\"tel\" name=\"form_fields[field_74b3f45]\" id=\"form-field-field_74b3f45\" class=\"elementor-field elementor-size-sm  elementor-field-textual\" required=\"required\" pattern=\"[0-9()#&amp;+*-=.]+\" title=\"\u53ea\u63a5\u53d7\u7535\u8bdd\u53f7\u7801\u5b57\u7b26\uff08#\u3001-\u3001* \u7b49\uff09\u3002\">\n\n\t\t\t\t\t\t<\/div>\n\t\t\t\t\t\t\t\t<div class=\"elementor-field-type-step elementor-field-group elementor-column elementor-field-group-field_a60f73e elementor-col-100\">\n\t\t\t\t\t\t\t<div class=\"e-field-step elementor-hidden\" data-label=\"Administratif\" data-previousbutton=\"\" data-nextbutton=\"\" data-iconurl=\"\" data-iconlibrary=\"fas fa-star\" data-icon=\"\" ><\/div>\n\n\t\t\t\t\t\t<\/div>\n\t\t\t\t\t\t\t\t<div class=\"elementor-field-type-radio elementor-field-group elementor-column elementor-field-group-field_3049251 elementor-col-100 elementor-field-required\">\n\t\t\t\t\t\t\t\t\t\t\t\t<label for=\"form-field-field_3049251\" class=\"elementor-field-label\">\n\t\t\t\t\t\t\t\t\u5f00\u653e\u65f6\u95f4\t\t\t\t\t\t\t<\/label>\n\t\t\t\t\t\t<div class=\"elementor-field-subgroup\"><span class=\"elementor-field-option\"><input type=\"radio\" value=\"Personnel disponible 24h\/24\" id=\"form-field-field_3049251-0\" name=\"form_fields[field_3049251]\" required=\"required\"> <label for=\"form-field-field_3049251-0\">\u5de5\u4f5c\u4eba\u5458 24 \u5c0f\u65f6\u5f85\u547d<\/label><\/span><span class=\"elementor-field-option\"><input type=\"radio\" value=\"Permanence t\u00e9l\u00e9phonique 24h\/24\" id=\"form-field-field_3049251-1\" name=\"form_fields[field_3049251]\" required=\"required\"> <label for=\"form-field-field_3049251-1\">24 \u5c0f\u65f6\u7535\u8bdd\u70ed\u7ebf<\/label><\/span><span class=\"elementor-field-option\"><input type=\"radio\" value=\"T\u00e9l\u00e9phone en cas d&#039;urgence 24h\/24\" id=\"form-field-field_3049251-2\" name=\"form_fields[field_3049251]\" required=\"required\"> <label for=\"form-field-field_3049251-2\">24 \u5c0f\u65f6\u7d27\u6025\u7535\u8bdd\u53f7\u7801<\/label><\/span><span class=\"elementor-field-option\"><input type=\"radio\" value=\"Pas disponible 24h\/24\" id=\"form-field-field_3049251-3\" name=\"form_fields[field_3049251]\" required=\"required\"> <label for=\"form-field-field_3049251-3\">\u975e 24 \u5c0f\u65f6\u5f00\u653e<\/label><\/span><\/div>\t\t\t\t<\/div>\n\t\t\t\t\t\t\t\t<div class=\"elementor-field-type-upload elementor-field-group elementor-column elementor-field-group-field_04ed540 elementor-col-100 elementor-field-required\">\n\t\t\t\t\t\t\t\t\t\t\t\t<label for=\"form-field-field_04ed540\" class=\"elementor-field-label\">\n\t\t\t\t\t\t\t\t\u516c\u53f8 KBIS\t\t\t\t\t\t\t<\/label>\n\t\t\t\t\t\t\t\t<input type=\"file\" name=\"form_fields[field_04ed540]\" id=\"form-field-field_04ed540\" class=\"elementor-field elementor-size-sm  elementor-upload-field\" required=\"required\">\n\n\t\t\t\t\t\t<\/div>\n\t\t\t\t\t\t\t\t<div class=\"elementor-field-type-upload elementor-field-group elementor-column elementor-field-group-field_046329c elementor-col-100 elementor-field-required\">\n\t\t\t\t\t\t\t\t\t\t\t\t<label for=\"form-field-field_046329c\" class=\"elementor-field-label\">\n\t\t\t\t\t\t\t\t\u4fdd\u9669\u8bc1\u4e66\t\t\t\t\t\t\t<\/label>\n\t\t\t\t\t\t\t\t<input type=\"file\" name=\"form_fields[field_046329c]\" id=\"form-field-field_046329c\" class=\"elementor-field elementor-size-sm  elementor-upload-field\" required=\"required\">\n\n\t\t\t\t\t\t<\/div>\n\t\t\t\t\t\t\t\t<div class=\"elementor-field-type-upload elementor-field-group elementor-column elementor-field-group-field_3967ad7 elementor-col-100 elementor-field-required\">\n\t\t\t\t\t\t\t\t\t\t\t\t<label for=\"form-field-field_3967ad7\" class=\"elementor-field-label\">\n\t\t\t\t\t\t\t\t\u670d\u52a1\u5730\u533a\u548c\u8f66\u8f86\u6e05\u5355\t\t\t\t\t\t\t<\/label>\n\t\t\t\t\t\t\t\t<input type=\"file\" name=\"form_fields[field_3967ad7]\" id=\"form-field-field_3967ad7\" class=\"elementor-field elementor-size-sm  elementor-upload-field\" required=\"required\">\n\n\t\t\t\t\t\t<\/div>\n\t\t\t\t\t\t\t\t<div class=\"elementor-field-type-upload elementor-field-group elementor-column elementor-field-group-field_1e84a84 elementor-col-100 elementor-field-required\">\n\t\t\t\t\t\t\t\t\t\t\t\t<label for=\"form-field-field_1e84a84\" class=\"elementor-field-label\">\n\t\t\t\t\t\t\t\t\u4ef7\u683c\u8868\t\t\t\t\t\t\t<\/label>\n\t\t\t\t\t\t\t\t<input type=\"file\" name=\"form_fields[field_1e84a84]\" id=\"form-field-field_1e84a84\" class=\"elementor-field elementor-size-sm  elementor-upload-field\" required=\"required\">\n\n\t\t\t\t\t\t<\/div>\n\t\t\t\t\t\t\t\t<div class=\"elementor-field-type-upload elementor-field-group elementor-column elementor-field-group-field_aa64285 elementor-col-100 elementor-field-required\">\n\t\t\t\t\t\t\t\t\t\t\t\t<label for=\"form-field-field_aa64285\" class=\"elementor-field-label\">\n\t\t\t\t\t\t\t\t\u8230\u961f\t\t\t\t\t\t\t<\/label>\n\t\t\t\t\t\t\t\t<input type=\"file\" name=\"form_fields[field_aa64285]\" id=\"form-field-field_aa64285\" class=\"elementor-field elementor-size-sm  elementor-upload-field\" required=\"required\">\n\n\t\t\t\t\t\t<\/div>\n\t\t\t\t\t\t\t\t<div class=\"elementor-field-type-acceptance elementor-field-group elementor-column elementor-field-group-field_f582a66 elementor-col-100 elementor-field-required\">\n\t\t\t\t\t\t\t\t\t\t\t\t<label for=\"form-field-field_f582a66\" class=\"elementor-field-label\">\n\t\t\t\t\t\t\t\tRGPD\t\t\t\t\t\t\t<\/label>\n\t\t\t\t\t\t\t\t<div class=\"elementor-field-subgroup\">\n\t\t\t<span class=\"elementor-field-option\">\n\t\t\t\t<input type=\"checkbox\" name=\"form_fields[field_f582a66]\" id=\"form-field-field_f582a66\" class=\"elementor-field elementor-size-sm  elementor-acceptance-field\" required=\"required\">\n\t\t\t\t<label for=\"form-field-field_f582a66\">\u6211\u540c\u610f\u5c06\u6211\u7684\u8be6\u7ec6\u8d44\u6599\u7528\u4e8e\u6211\u7684\u8054\u7cfb\u8bf7\u6c42\u3002<\/label>\t\t\t<\/span>\n\t\t<\/div>\n\t\t\t\t\t\t<\/div>\n\t\t\t\t\t\t\t\t<div class=\"elementor-field-group elementor-column elementor-field-type-submit elementor-col-100 e-form__buttons\">\n\t\t\t\t\t<button class=\"elementor-button elementor-size-sm\" type=\"submit\">\n\t\t\t\t\t\t<span class=\"elementor-button-content-wrapper\">\n\t\t\t\t\t\t\t\t\t\t\t\t\t\t\t\t\t\t\t\t\t\t<span class=\"elementor-button-text\">\u53d1\u9001<\/span>\n\t\t\t\t\t\t\t\t\t\t\t\t\t<\/span>\n\t\t\t\t\t<\/button>\n\t\t\t\t<\/div>\n\t\t\t<\/div>\n\t\t<input type=\"hidden\" name=\"trp-form-language\" value=\"zh\"\/><\/form>\n\t\t\t\t\t\t<\/div>\n\t\t\t\t<\/div>\n\t\t\t\t\t<\/div>\n\t\t<\/div>\n\t\t\t\t\t<\/div>\n\t\t<\/section>\n\t\t\t\t<\/div>","protected":false},"excerpt":{"rendered":"<p>Si vous souhaitez devenir affili\u00e9, soumettez votre demande ! En tant que soci\u00e9t\u00e9 de transport avec chauffeur\u00a0 Class-eDriver Limousine est toujours \u00e0 la recherche d&rsquo;affili\u00e9s de grande qualit\u00e9 pour rejoindre son r\u00e9seau de partenaire. Les partenaires peuvent augmenter leurs revenus et leur port\u00e9e en exploitant les ressources de vente, de marketing et de technologie. Class [&hellip;]<\/p>","protected":false},"author":1,"featured_media":18682,"parent":0,"menu_order":0,"comment_status":"closed","ping_status":"closed","template":"","meta":{"footnotes":""},"class_list":["post-790","page","type-page","status-publish","has-post-thumbnail","hentry"],"_links":{"self":[{"href":"https:\/\/www.vtc-limousine.fr\/zh\/wp-json\/wp\/v2\/pages\/790","targetHints":{"allow":["GET"]}}],"collection":[{"href":"https:\/\/www.vtc-limousine.fr\/zh\/wp-json\/wp\/v2\/pages"}],"about":[{"href":"https:\/\/www.vtc-limousine.fr\/zh\/wp-json\/wp\/v2\/types\/page"}],"author":[{"embeddable":true,"href":"https:\/\/www.vtc-limousine.fr\/zh\/wp-json\/wp\/v2\/users\/1"}],"replies":[{"embeddable":true,"href":"https:\/\/www.vtc-limousine.fr\/zh\/wp-json\/wp\/v2\/comments?post=790"}],"version-history":[{"count":52,"href":"https:\/\/www.vtc-limousine.fr\/zh\/wp-json\/wp\/v2\/pages\/790\/revisions"}],"predecessor-version":[{"id":20111,"href":"https:\/\/www.vtc-limousine.fr\/zh\/wp-json\/wp\/v2\/pages\/790\/revisions\/20111"}],"wp:featuredmedia":[{"embeddable":true,"href":"https:\/\/www.vtc-limousine.fr\/zh\/wp-json\/wp\/v2\/media\/18682"}],"wp:attachment":[{"href":"https:\/\/www.vtc-limousine.fr\/zh\/wp-json\/wp\/v2\/media?parent=790"}],"curies":[{"name":"wp","href":"https:\/\/api.w.org\/{rel}","templated":true}]}}