{"id":15129,"date":"2022-05-31T13:04:31","date_gmt":"2022-05-31T13:04:31","guid":{"rendered":"https:\/\/www.vtc-limousine.fr\/?page_id=15129"},"modified":"2026-02-05T15:47:17","modified_gmt":"2026-02-05T15:47:17","slug":"%e7%94%a8%e4%ba%8e-fbo-%e7%a7%81%e6%9c%89%e5%8c%96%e7%9a%84%e7%a7%81%e4%ba%ba%e9%a9%b1%e5%8a%a8%e7%a8%8b%e5%ba%8f","status":"publish","type":"page","link":"https:\/\/www.vtc-limousine.fr\/zh\/%e9%87%8f%e8%ba%ab%e5%ae%9a%e5%88%b6%e7%9a%84%e8%99%9a%e6%8b%9f%e4%ba%a4%e9%80%9a%e6%9c%8d%e5%8a%a1\/%e7%94%a8%e4%ba%8e-fbo-%e7%a7%81%e6%9c%89%e5%8c%96%e7%9a%84%e7%a7%81%e4%ba%ba%e9%a9%b1%e5%8a%a8%e7%a8%8b%e5%ba%8f\/","title":{"rendered":"\u79c1\u4eba\u822a\u7a7a FBO \u7684\u79c1\u4eba\u53f8\u673a"},"content":{"rendered":"<div data-elementor-type=\"wp-page\" data-elementor-id=\"15129\" class=\"elementor elementor-15129\" data-elementor-post-type=\"page\">\n\t\t\t\t\t\t<section class=\"elementor-section elementor-top-section elementor-element elementor-element-5e739282 elementor-section-full_width elementor-section-height-min-height elementor-section-height-default elementor-section-items-middle\" data-id=\"5e739282\" data-element_type=\"section\" data-e-type=\"section\" data-settings=\"{&quot;background_background&quot;:&quot;classic&quot;}\">\n\t\t\t\t\t\t\t<div class=\"elementor-background-overlay\"><\/div>\n\t\t\t\t\t\t\t<div class=\"elementor-container elementor-column-gap-default\">\n\t\t\t\t\t<div class=\"elementor-column elementor-col-100 elementor-top-column elementor-element elementor-element-1faf7528\" data-id=\"1faf7528\" data-element_type=\"column\" data-e-type=\"column\">\n\t\t\t<div class=\"elementor-widget-wrap\">\n\t\t\t\t\t\t\t<\/div>\n\t\t<\/div>\n\t\t\t\t\t<\/div>\n\t\t<\/section>\n\t\t\t\t<section class=\"elementor-section elementor-top-section elementor-element elementor-element-65088e05 elementor-section-boxed elementor-section-height-default elementor-section-height-default\" data-id=\"65088e05\" data-element_type=\"section\" data-e-type=\"section\">\n\t\t\t\t\t\t<div class=\"elementor-container elementor-column-gap-default\">\n\t\t\t\t\t<div class=\"elementor-column elementor-col-100 elementor-top-column elementor-element elementor-element-344a6702\" data-id=\"344a6702\" data-element_type=\"column\" data-e-type=\"column\">\n\t\t\t<div class=\"elementor-widget-wrap elementor-element-populated\">\n\t\t\t\t\t\t<div class=\"elementor-element elementor-element-ace25cd elementor-widget elementor-widget-shortcode\" data-id=\"ace25cd\" data-element_type=\"widget\" data-e-type=\"widget\" data-widget_type=\"shortcode.default\">\n\t\t\t\t<div class=\"elementor-widget-container\">\n\t\t\t\t\t\t\t<div class=\"elementor-shortcode\"><nav aria-label=\"\u9762\u5305\u5c51\">\n            <div class=\"breadcrumb-container theme1\">\n                <ol>\n                                    <\/ol>\n            <\/div>\n        <\/nav>    <script type=\"application\/ld+json\">\n        {\n            \"@context\": \"http:\/\/schema.org\",\n            \"@type\": \"BreadcrumbList\",\n            \"itemListElement\": [\n                            ]\n        }\n    <\/script>\n   \n    <script>\n            <\/script>\n<\/div>\n\t\t\t\t\t\t<\/div>\n\t\t\t\t<\/div>\n\t\t\t\t<div class=\"elementor-element elementor-element-6d44219e elementor-widget elementor-widget-heading\" data-id=\"6d44219e\" data-element_type=\"widget\" data-e-type=\"widget\" data-widget_type=\"heading.default\">\n\t\t\t\t<div class=\"elementor-widget-container\">\n\t\t\t\t\t<h1 class=\"elementor-heading-title elementor-size-default\">\u79c1\u4eba\u822a\u7a7a FBO \u7684\u79c1\u4eba\u53f8\u673a<\/h1>\t\t\t\t<\/div>\n\t\t\t\t<\/div>\n\t\t\t\t<div class=\"elementor-element elementor-element-2cda9272 elementor-widget elementor-widget-heading\" data-id=\"2cda9272\" data-element_type=\"widget\" data-e-type=\"widget\" data-widget_type=\"heading.default\">\n\t\t\t\t<div class=\"elementor-widget-container\">\n\t\t\t\t\t<h2 class=\"elementor-heading-title elementor-size-default\">\u79c1\u4eba\u53f8\u673a\u79df\u8d41\u670d\u52a1 Aviation Priv\u00e9e FBO<\/h2>\t\t\t\t<\/div>\n\t\t\t\t<\/div>\n\t\t\t\t<div class=\"elementor-element elementor-element-e3cfce5 elementor-widget elementor-widget-text-editor\" data-id=\"e3cfce5\" data-element_type=\"widget\" data-e-type=\"widget\" data-widget_type=\"text-editor.default\">\n\t\t\t\t<div class=\"elementor-widget-container\">\n\t\t\t\t\t\t\t\t\t<h2 class=\"vc_custom_heading\" style=\"text-align: center;\">\u6211\u4eec\u7684\u53f8\u673a\u5728\u6cd5\u56fd\u4e1c\u5357\u90e8\u7684\u6240\u6709 FBO \u8fd0\u8425\u00a0<\/h2><p class=\"vc_custom_heading vc_custom_1595948988139\" style=\"text-align: center;\">\u57c3\u514b\u65af-\u666e\u7f57\u65fa\u65af-\u9a6c\u8d5b-\u963f\u7ef4\u5c3c\u7fc1-\u8499\u5f7c\u5229\u57c3-<a href=\"https:\/\/www.aeroportducastellet.com\/fr\/\" target=\"_blank\" rel=\"noopener\">\u4fdd\u7f57-\u91cc\u5361\u5c14\u8d5b\u9053<\/a> -\u5723\u7279\u7f57\u4f69-\u5361\u5185-\u6469\u7eb3\u54e5<\/p>\t\t\t\t\t\t\t\t<\/div>\n\t\t\t\t<\/div>\n\t\t\t\t\t<\/div>\n\t\t<\/div>\n\t\t\t\t\t<\/div>\n\t\t<\/section>\n\t\t\t\t<section class=\"elementor-section elementor-top-section elementor-element elementor-element-c8573c3 elementor-section-boxed elementor-section-height-default elementor-section-height-default\" data-id=\"c8573c3\" data-element_type=\"section\" data-e-type=\"section\">\n\t\t\t\t\t\t<div class=\"elementor-container elementor-column-gap-default\">\n\t\t\t\t\t<div class=\"elementor-column elementor-col-100 elementor-top-column elementor-element elementor-element-3ae0696\" data-id=\"3ae0696\" data-element_type=\"column\" data-e-type=\"column\">\n\t\t\t<div class=\"elementor-widget-wrap elementor-element-populated\">\n\t\t\t\t\t\t<div class=\"elementor-element elementor-element-c39f85c elementor-widget elementor-widget-heading\" data-id=\"c39f85c\" data-element_type=\"widget\" data-e-type=\"widget\" data-widget_type=\"heading.default\">\n\t\t\t\t<div class=\"elementor-widget-container\">\n\t\t\t\t\t<h3 class=\"elementor-heading-title elementor-size-default\">\u673a\u573a\u79df\u8f66\u5e26\u53f8\u673a<\/h3>\t\t\t\t<\/div>\n\t\t\t\t<\/div>\n\t\t\t\t\t<\/div>\n\t\t<\/div>\n\t\t\t\t\t<\/div>\n\t\t<\/section>\n\t\t\t\t<section class=\"elementor-section elementor-top-section elementor-element elementor-element-3377080 elementor-section-boxed elementor-section-height-default elementor-section-height-default\" data-id=\"3377080\" data-element_type=\"section\" data-e-type=\"section\">\n\t\t\t\t\t\t<div class=\"elementor-container elementor-column-gap-default\">\n\t\t\t\t\t<div class=\"elementor-column elementor-col-50 elementor-top-column elementor-element elementor-element-0ad7766\" data-id=\"0ad7766\" data-element_type=\"column\" data-e-type=\"column\">\n\t\t\t<div class=\"elementor-widget-wrap elementor-element-populated\">\n\t\t\t\t\t\t<div class=\"elementor-element elementor-element-d51916b elementor-widget elementor-widget-text-editor\" data-id=\"d51916b\" data-element_type=\"widget\" data-e-type=\"widget\" data-widget_type=\"text-editor.default\">\n\t\t\t\t<div class=\"elementor-widget-container\">\n\t\t\t\t\t\t\t\t\t<h2><span lang=\"EN-GB\">\u4e3a\u79c1\u4eba\u98de\u673a\u63d0\u4f9b\u8c6a\u534e\u8f7f\u8f66\u670d\u52a1<\/span><\/h2><p><span>\u6211\u4eec\u63d0\u4f9b\u5305\u62ec\u6469\u7eb3\u54e5\u76f4\u5347\u673a\u573a\u5728\u5185\u7684\u6cd5\u56fd\u5357\u90e8\u6240\u6709\u79c1\u4eba\u673a\u573a\uff08FBO\uff09\u7684\u8c6a\u534e\u53f8\u673a\u63a5\u9001\u670d\u52a1\u3002<\/span><\/p><p><span>\u6211\u4eec\u7684\u53f8\u673a\u90fd\u662f\u7ecf\u9a8c\u4e30\u5bcc\u7684\u4e13\u4e1a\u4eba\u58eb\uff0c\u4ed6\u4eec\u968f\u65f6\u51c6\u5907\u5c3d\u53ef\u80fd\u5c06\u60a8\u76f4\u63a5\u9001\u4e0a\u98de\u673a\u3002\u4e3a\u4e86\u60a8\u7684\u5b89\u5168\u3001\u8212\u9002\u548c\u65f6\u5c1a\uff0c\u8bf7\u9009\u62e9\u6700\u597d\u7684\u6885\u8d5b\u5fb7\u65af-\u5954\u9a70\u548c\u7279\u65af\u62c9\u6c7d\u8f66\u3002\u00a0<br \/><br \/>\u6211\u4eec\u7684\u56e2\u961f\u4ee5\u9ad8\u8d28\u91cf\u7684\u670d\u52a1\u800c\u95fb\u540d\uff0c\u80fd\u591f\u63d0\u4f9b\u8d85\u51fa\u5ba2\u6237\u9884\u671f\u7684\u53f8\u673a\u670d\u52a1\uff0c\u6211\u4eec\u6df1\u611f\u81ea\u8c6a\u3002<br \/><\/span><\/p>\t\t\t\t\t\t\t\t<\/div>\n\t\t\t\t<\/div>\n\t\t\t\t<div class=\"elementor-element elementor-element-e71fc79 elementor-widget elementor-widget-text-editor\" data-id=\"e71fc79\" data-element_type=\"widget\" data-e-type=\"widget\" data-widget_type=\"text-editor.default\">\n\t\t\t\t<div class=\"elementor-widget-container\">\n\t\t\t\t\t\t\t\t\t<p><a class=\"row-title\" href=\"https:\/\/www.vtc-limousine.fr\/zh\/vtc-%e7%a7%81%e4%ba%ba%e6%8e%a5%e9%80%81\/%e7%a7%81%e4%ba%ba%e5%8f%b8%e6%9c%ba-%e9%a9%ac%e8%b5%9b-%e6%99%ae%e7%bd%97%e6%97%ba%e6%96%af%e6%9c%ba%e5%9c%ba-%e5%a4%ab%e4%ba%ba\/\" aria-label=\"&quot;Chauffeur Priv\u00e9 FBO A\u00e9roport Marseille Provence (MRS) &quot; (\u4fee\u6539)\">\u9a6c\u8d5b\u666e\u7f57\u65fa\u65af\u673a\u573a\/ MRS <\/a><br \/><a class=\"row-title\" href=\"https:\/\/www.vtc-limousine.fr\/zh\/vtc-%e7%a7%81%e4%ba%ba%e6%8e%a5%e9%80%81\/%e7%a7%81%e4%ba%ba%e5%8f%b8%e6%9c%ba-fbo-aeroport-le-casteelet-lfmq\/\" aria-label=\"&quot;Chauffeur Priv\u00e9 FBO A\u00e9roport Marseille Provence (MRS) &quot; (\u4fee\u6539)\">\u5361\u65af\u7279\u83b1\u7279\/LFMQ \u56fd\u9645\u673a\u573a<\/a><br \/><a href=\"https:\/\/www.vtc-limousine.fr\/zh\/vtc-%e7%a7%81%e4%ba%ba%e6%8e%a5%e9%80%81\/%e7%a7%81%e4%ba%ba%e5%8f%b8%e6%9c%ba-%e5%9f%83%e5%85%8b%e6%96%af%e6%99%ae%e7%bd%97%e6%97%ba%e6%96%af%e6%9c%ba%e5%9c%ba-lfma\/\" target=\"_blank\" rel=\"noopener\"><span class=\"limoking-page-caption\">\u827e\u514b\u65af\u7c73\u52d2\u673a\u573a\uff08LFMA\uff09<\/span><\/a><br \/><a class=\"row-title\" href=\"https:\/\/www.vtc-limousine.fr\/zh\/vtc-%e7%a7%81%e4%ba%ba%e6%8e%a5%e9%80%81\/%e6%8e%a5%e9%80%81%e5%8f%b8%e6%9c%ba-vtc-%e6%9c%ba%e5%9c%ba-avignon-avn\/\" aria-label=\"&quot;Chauffeur Priv\u00e9 FBO A\u00e9roport Marseille Provence (MRS) &quot; (\u4fee\u6539)\">\u963f\u7ef4\u5c3c\u7fc1\u666e\u7f57\u65fa\u65af\/AVN \u673a\u573a<\/a><br \/><a class=\"row-title\" href=\"https:\/\/www.vtc-limousine.fr\/zh\/vtc-%e7%a7%81%e4%ba%ba%e6%8e%a5%e9%80%81\/vtc-fbo-%e6%9b%bc%e5%be%b7%e5%8b%92%e6%9c%ba%e5%9c%ba%e6%8e%a5%e9%80%81%e5%8f%b8%e6%9c%ba\/\" aria-label=\"&quot;Chauffeur Priv\u00e9 FBO A\u00e9roport Marseille Provence (MRS) &quot; (\u4fee\u6539)\">\u66fc\u5fb7\u52d2\u666e\u7f57\u65fa\u65af\u673a\u573a\/LFMD<\/a><br \/><a href=\"https:\/\/www.vtc-limousine.fr\/zh\/vtc-%e7%a7%81%e4%ba%ba%e6%8e%a5%e9%80%81\/vtc-transfer-nice-cote-dazur-nce-airport\/\">\u5c3c\u65af\u851a\u84dd\u6d77\u5cb8\u673a\u573a\/NCE<\/a><\/p>\t\t\t\t\t\t\t\t<\/div>\n\t\t\t\t<\/div>\n\t\t\t\t\t<\/div>\n\t\t<\/div>\n\t\t\t\t<div class=\"elementor-column elementor-col-50 elementor-top-column elementor-element elementor-element-b9be496\" data-id=\"b9be496\" data-element_type=\"column\" data-e-type=\"column\">\n\t\t\t<div class=\"elementor-widget-wrap elementor-element-populated\">\n\t\t\t\t\t\t<div class=\"elementor-element elementor-element-ec99469 elementor-arrows-position-inside elementor-pagination-position-outside elementor-widget elementor-widget-image-carousel\" data-id=\"ec99469\" data-element_type=\"widget\" data-e-type=\"widget\" data-settings=\"{&quot;slides_to_show&quot;:&quot;1&quot;,&quot;navigation&quot;:&quot;both&quot;,&quot;autoplay&quot;:&quot;yes&quot;,&quot;pause_on_hover&quot;:&quot;yes&quot;,&quot;pause_on_interaction&quot;:&quot;yes&quot;,&quot;autoplay_speed&quot;:5000,&quot;infinite&quot;:&quot;yes&quot;,&quot;effect&quot;:&quot;slide&quot;,&quot;speed&quot;:500}\" data-widget_type=\"image-carousel.default\">\n\t\t\t\t<div class=\"elementor-widget-container\">\n\t\t\t\t\t\t\t<div class=\"elementor-image-carousel-wrapper swiper\" role=\"region\" aria-roledescription=\"carousel\" aria-label=\"\u56fe\u50cf\u8f6e\u64ad\" dir=\"ltr\">\n\t\t\t<div class=\"elementor-image-carousel swiper-wrapper\" aria-live=\"off\">\n\t\t\t\t\t\t\t\t<div class=\"swiper-slide\" role=\"group\" aria-roledescription=\"slide\" aria-label=\"7 \u7684 1\" data-no-translation-aria-label=\"\"><figure class=\"swiper-slide-inner\"><img decoding=\"async\" class=\"swiper-slide-image\" src=\"https:\/\/www.vtc-limousine.fr\/wp-content\/uploads\/elementor\/thumbs\/IMG_8035-scaled-qfq84ioujddyic3lxa8pjkurqmd0l4eboldk7593yc.jpg\" alt=\"FBO \u670d\u52a1\u53f8\u673a\" \/><\/figure><\/div><div class=\"swiper-slide\" role=\"group\" aria-roledescription=\"slide\" aria-label=\"7 \u7684 2\" data-no-translation-aria-label=\"\"><figure class=\"swiper-slide-inner\"><img decoding=\"async\" class=\"swiper-slide-image\" src=\"https:\/\/www.vtc-limousine.fr\/wp-content\/uploads\/elementor\/thumbs\/New-MB-S-Class-jpg-qfq8b5furagsfagt75fy4wlumho8w8q59f2w3ff41w.jpg\" alt=\"MB S J \u7ea7\" \/><\/figure><\/div><div class=\"swiper-slide\" role=\"group\" aria-roledescription=\"slide\" aria-label=\"7 \u7684 3\" data-no-translation-aria-label=\"\"><figure class=\"swiper-slide-inner\"><img decoding=\"async\" class=\"swiper-slide-image\" src=\"https:\/\/www.vtc-limousine.fr\/wp-content\/uploads\/elementor\/thumbs\/0-1-1-qfq8daimbpeavbcup2rctd5nc34cff84w0kpg48tvo.jpeg\" alt=\"\u4e13\u8f66\u670d\u52a1 FBO \u963f\u7ef4\u5c3c\u7fc1\" \/><\/figure><\/div><div class=\"swiper-slide\" role=\"group\" aria-roledescription=\"slide\" aria-label=\"7 \u7684 4\" data-no-translation-aria-label=\"\"><figure class=\"swiper-slide-inner\"><img decoding=\"async\" class=\"swiper-slide-image\" src=\"https:\/\/www.vtc-limousine.fr\/wp-content\/uploads\/elementor\/thumbs\/MB-V-Aviation-Generale-MRS-1-qfq8cz8k1oyuzzt8ixvtzg047gnxv1zcugqvospjyc.jpg\" alt=\"\u9a6c\u8d5b\u53f8\u673a\u670d\u52a1 FBO\" \/><\/figure><\/div><div class=\"swiper-slide\" role=\"group\" aria-roledescription=\"slide\" aria-label=\"7 \u7684 5\" data-no-translation-aria-label=\"\"><figure class=\"swiper-slide-inner\"><img decoding=\"async\" class=\"swiper-slide-image\" src=\"https:\/\/www.vtc-limousine.fr\/wp-content\/uploads\/elementor\/thumbs\/IMG_5766-scaled-1-qfq8d3xqzv5am1merhwytwtf6e0rxji0j40b36il38.jpeg\" alt=\"\u621b\u7eb3\u66fc\u5fb7\u52d2\u673a\u573a\u79c1\u4eba\u53f8\u673a\" \/><\/figure><\/div><div class=\"swiper-slide\" role=\"group\" aria-roledescription=\"slide\" aria-label=\"7 \u7684 6\" data-no-translation-aria-label=\"\"><figure class=\"swiper-slide-inner\"><img decoding=\"async\" class=\"swiper-slide-image\" src=\"https:\/\/www.vtc-limousine.fr\/wp-content\/uploads\/elementor\/thumbs\/IMG_9798-qfq8ba51pgn81c9zfph2zdf5lf12yq8sy2cbht856s.jpg\" alt=\"\u79c1\u4eba\u53f8\u673a \u52d2\u5361\u65af\u7279\u83b1\u673a\u573a\" \/><\/figure><\/div><div class=\"swiper-slide\" role=\"group\" aria-roledescription=\"slide\" aria-label=\"7 \u7684 7\" data-no-translation-aria-label=\"\"><figure class=\"swiper-slide-inner\"><img decoding=\"async\" class=\"swiper-slide-image\" src=\"https:\/\/www.vtc-limousine.fr\/wp-content\/uploads\/elementor\/thumbs\/0-4-copie-1-qfq8d222m72pytp52h3poxahzma1i5ajuupc4mldfo.jpeg\" alt=\"\u963f\u7ef4\u5c3c\u7fc1\u79df\u8f66\u5e26\u53f8\u673a\" \/><\/figure><\/div>\t\t\t<\/div>\n\t\t\t\t\t\t\t\t\t\t\t\t<div class=\"elementor-swiper-button elementor-swiper-button-prev\" role=\"button\" tabindex=\"0\">\n\t\t\t\t\t\t<i aria-hidden=\"true\" class=\"eicon-chevron-left\"><\/i>\t\t\t\t\t<\/div>\n\t\t\t\t\t<div class=\"elementor-swiper-button elementor-swiper-button-next\" role=\"button\" tabindex=\"0\">\n\t\t\t\t\t\t<i aria-hidden=\"true\" class=\"eicon-chevron-right\"><\/i>\t\t\t\t\t<\/div>\n\t\t\t\t\n\t\t\t\t\t\t\t\t\t<div class=\"swiper-pagination\"><\/div>\n\t\t\t\t\t\t\t\t\t<\/div>\n\t\t\t\t\t\t<\/div>\n\t\t\t\t<\/div>\n\t\t\t\t\t<\/div>\n\t\t<\/div>\n\t\t\t\t\t<\/div>\n\t\t<\/section>\n\t\t\t\t<\/div>","protected":false},"excerpt":{"rendered":"<p>Services de location chauffeur priv\u00e9 Aviation Priv\u00e9e FBO Nos chauffeurs op\u00e8rent dans tout les FBO du Sud Est de la France Aix en Provence-Marseille-Avignon-Montpellier-Circuit Paul Ricard -St Tropez-Cannes-Monaco LOCATION DE VOITURE AVEC CHAUFFEUR PAR AEROPORT Limousine service for private jets Nous fournissons des transferts et services de luxe avec chauffeur vers et depuis tous les [&hellip;]<\/p>","protected":false},"author":1,"featured_media":19675,"parent":13602,"menu_order":0,"comment_status":"closed","ping_status":"closed","template":"","meta":{"footnotes":""},"class_list":["post-15129","page","type-page","status-publish","has-post-thumbnail","hentry"],"_links":{"self":[{"href":"https:\/\/www.vtc-limousine.fr\/zh\/wp-json\/wp\/v2\/pages\/15129","targetHints":{"allow":["GET"]}}],"collection":[{"href":"https:\/\/www.vtc-limousine.fr\/zh\/wp-json\/wp\/v2\/pages"}],"about":[{"href":"https:\/\/www.vtc-limousine.fr\/zh\/wp-json\/wp\/v2\/types\/page"}],"author":[{"embeddable":true,"href":"https:\/\/www.vtc-limousine.fr\/zh\/wp-json\/wp\/v2\/users\/1"}],"replies":[{"embeddable":true,"href":"https:\/\/www.vtc-limousine.fr\/zh\/wp-json\/wp\/v2\/comments?post=15129"}],"version-history":[{"count":44,"href":"https:\/\/www.vtc-limousine.fr\/zh\/wp-json\/wp\/v2\/pages\/15129\/revisions"}],"predecessor-version":[{"id":23448,"href":"https:\/\/www.vtc-limousine.fr\/zh\/wp-json\/wp\/v2\/pages\/15129\/revisions\/23448"}],"up":[{"embeddable":true,"href":"https:\/\/www.vtc-limousine.fr\/zh\/wp-json\/wp\/v2\/pages\/13602"}],"wp:featuredmedia":[{"embeddable":true,"href":"https:\/\/www.vtc-limousine.fr\/zh\/wp-json\/wp\/v2\/media\/19675"}],"wp:attachment":[{"href":"https:\/\/www.vtc-limousine.fr\/zh\/wp-json\/wp\/v2\/media?parent=15129"}],"curies":[{"name":"wp","href":"https:\/\/api.w.org\/{rel}","templated":true}]}}