{"id":14779,"date":"2022-04-27T08:34:48","date_gmt":"2022-04-27T08:34:48","guid":{"rendered":"https:\/\/www.vtc-limousine.fr\/?page_id=14779"},"modified":"2025-03-03T08:48:03","modified_gmt":"2025-03-03T08:48:03","slug":"%e6%9c%ba%e5%9c%ba%e6%8e%a5%e9%80%81-%e9%a9%ac%e8%b5%9b-%e5%9c%a3%e7%89%b9%e7%bd%97%e4%bd%a9%e5%a4%ab%e4%ba%ba","status":"publish","type":"page","link":"https:\/\/www.vtc-limousine.fr\/zh\/vtc-%e7%a7%81%e4%ba%ba%e6%8e%a5%e9%80%81\/%e6%9c%ba%e5%9c%ba%e6%8e%a5%e9%80%81-%e9%a9%ac%e8%b5%9b-%e5%9c%a3%e7%89%b9%e7%bd%97%e4%bd%a9%e5%a4%ab%e4%ba%ba\/","title":{"rendered":"\u9884\u8ba2\u4ece\u9a6c\u8d5b\u673a\u573a (MRS) \u5230\u5723\u7279\u7f57\u4f69\u7684\u79c1\u4eba\u53f8\u673a VTC"},"content":{"rendered":"<div data-elementor-type=\"wp-page\" data-elementor-id=\"14779\" class=\"elementor elementor-14779\" data-elementor-post-type=\"page\">\n\t\t\t\t\t\t<section class=\"elementor-section elementor-top-section elementor-element elementor-element-5e739282 elementor-section-full_width elementor-section-height-min-height elementor-section-height-default elementor-section-items-middle\" data-id=\"5e739282\" data-element_type=\"section\" data-e-type=\"section\" data-settings=\"{&quot;background_background&quot;:&quot;classic&quot;}\">\n\t\t\t\t\t\t\t<div class=\"elementor-background-overlay\"><\/div>\n\t\t\t\t\t\t\t<div class=\"elementor-container elementor-column-gap-default\">\n\t\t\t\t\t<div class=\"elementor-column elementor-col-100 elementor-top-column elementor-element elementor-element-1faf7528\" data-id=\"1faf7528\" data-element_type=\"column\" data-e-type=\"column\">\n\t\t\t<div class=\"elementor-widget-wrap\">\n\t\t\t\t\t\t\t<\/div>\n\t\t<\/div>\n\t\t\t\t\t<\/div>\n\t\t<\/section>\n\t\t\t\t<section class=\"elementor-section elementor-top-section elementor-element elementor-element-65088e05 elementor-section-boxed elementor-section-height-default elementor-section-height-default\" data-id=\"65088e05\" data-element_type=\"section\" data-e-type=\"section\">\n\t\t\t\t\t\t<div class=\"elementor-container elementor-column-gap-default\">\n\t\t\t\t\t<div class=\"elementor-column elementor-col-100 elementor-top-column elementor-element elementor-element-344a6702\" data-id=\"344a6702\" data-element_type=\"column\" data-e-type=\"column\">\n\t\t\t<div class=\"elementor-widget-wrap elementor-element-populated\">\n\t\t\t\t\t\t<div class=\"elementor-element elementor-element-18f76e2 elementor-widget elementor-widget-shortcode\" data-id=\"18f76e2\" data-element_type=\"widget\" data-e-type=\"widget\" data-widget_type=\"shortcode.default\">\n\t\t\t\t<div class=\"elementor-widget-container\">\n\t\t\t\t\t\t\t<div class=\"elementor-shortcode\"><nav aria-label=\"\u9762\u5305\u5c51\">\n            <div class=\"breadcrumb-container theme1\">\n                <ol>\n                                    <\/ol>\n            <\/div>\n        <\/nav>    <script type=\"application\/ld+json\">\n        {\n            \"@context\": \"http:\/\/schema.org\",\n            \"@type\": \"BreadcrumbList\",\n            \"itemListElement\": [\n                            ]\n        }\n    <\/script>\n   \n    <script>\n            <\/script>\n<\/div>\n\t\t\t\t\t\t<\/div>\n\t\t\t\t<\/div>\n\t\t\t\t<div class=\"elementor-element elementor-element-6d44219e elementor-widget elementor-widget-heading\" data-id=\"6d44219e\" data-element_type=\"widget\" data-e-type=\"widget\" data-widget_type=\"heading.default\">\n\t\t\t\t<div class=\"elementor-widget-container\">\n\t\t\t\t\t<h1 class=\"elementor-heading-title elementor-size-default\">\u9884\u8ba2\u4ece\u9a6c\u8d5b\u673a\u573a (MRS) \u5230\u5723\u7279\u7f57\u4f69\u7684\u79c1\u4eba\u53f8\u673a VTC<\/h1>\t\t\t\t<\/div>\n\t\t\t\t<\/div>\n\t\t\t\t<div class=\"elementor-element elementor-element-b4886bc elementor-widget elementor-widget-heading\" data-id=\"b4886bc\" data-element_type=\"widget\" data-e-type=\"widget\" data-widget_type=\"heading.default\">\n\t\t\t\t<div class=\"elementor-widget-container\">\n\t\t\t\t\t<h2 class=\"elementor-heading-title elementor-size-default\">\u9a6c\u8d5b\u673a\u573a\u63a5\u9001 (MRS) SAINT TROPEZ (83990)<\/h2>\t\t\t\t<\/div>\n\t\t\t\t<\/div>\n\t\t\t\t\t<\/div>\n\t\t<\/div>\n\t\t\t\t\t<\/div>\n\t\t<\/section>\n\t\t\t\t<section class=\"elementor-section elementor-top-section elementor-element elementor-element-c8573c3 elementor-section-boxed elementor-section-height-default elementor-section-height-default\" data-id=\"c8573c3\" data-element_type=\"section\" data-e-type=\"section\">\n\t\t\t\t\t\t<div class=\"elementor-container elementor-column-gap-default\">\n\t\t\t\t\t<div class=\"elementor-column elementor-col-100 elementor-top-column elementor-element elementor-element-3ae0696\" data-id=\"3ae0696\" data-element_type=\"column\" data-e-type=\"column\">\n\t\t\t<div class=\"elementor-widget-wrap elementor-element-populated\">\n\t\t\t\t\t\t<div class=\"elementor-element elementor-element-e3cfce5 elementor-widget elementor-widget-text-editor\" data-id=\"e3cfce5\" data-element_type=\"widget\" data-e-type=\"widget\" data-widget_type=\"text-editor.default\">\n\t\t\t\t<div class=\"elementor-widget-container\">\n\t\t\t\t\t\t\t\t\t<div style=\"text-align: center;\"><div class=\"content-wrapper\"><div class=\"limoking-content\"><div class=\"with-sidebar-wrapper\"><section id=\"content-section-1\"><div class=\"limoking-color-wrapper gdlr-show-all no-skin\"><div class=\"container\"><div class=\"limoking-item limoking-content-item\"><div class=\"limoking-item limoking-content-item\"><div class=\"limoking-item limoking-content-item\"><p><strong>\u6280\u672f\u8f6c\u79fb\u548c <a href=\"https:\/\/www.vtc-limousine.fr\/zh\/fr\/vtc-%e7%a7%81%e4%ba%ba%e6%8e%a5%e9%80%81\/\" target=\"_blank\" rel=\"noopener\">\u9a6c\u8d5b\u673a\u573a\u79c1\u4eba\u53f8\u673a<\/a> (\u592b\u4eba\uff09\u81f3\u5723\u7279\u7f57\u4f69\uff0883990\uff09<\/strong><\/p><p>\u4ece\u9a6c\u8d5b-\u666e\u7f57\u65fa\u65af\u673a\u573a\uff08MRS\uff09\u6216\u666e\u7f57\u65fa\u65af\u5730\u533a\u827e\u514b\u65af TGV \u7ad9\u51fa\u53d1\uff0c\u9a71\u8f66 2 \u5c0f\u65f6 30 \u5206\u949f\u5230\u8fbe\u5723\u7279\u7f57\u4f69\uff0883990\uff09\uff0c\u9884\u8ba2\u8c6a\u534e\u8f66\uff0c\u53ef\u4eab\u53d7\u4ee5\u4e0b\u670d\u52a1 <strong>\u79c1\u4eba\u53f8\u673a<\/strong><\/p><p><a href=\"https:\/\/www.vtc-limousine.fr\/zh\/fr\/%e6%88%91%e4%bb%ac%e7%9a%84%e8%bd%a6%e8%be%86\/\" target=\"_blank\" rel=\"noopener\">\u67cf\u6797\u5c0f\u578b\u5ba2\u8d27\u8f66<\/a><\/p><\/div><\/div><\/div><\/div><\/div><\/section><\/div><\/div><\/div><\/div>\t\t\t\t\t\t\t\t<\/div>\n\t\t\t\t<\/div>\n\t\t\t\t\t<\/div>\n\t\t<\/div>\n\t\t\t\t\t<\/div>\n\t\t<\/section>\n\t\t\t\t<section class=\"elementor-section elementor-top-section elementor-element elementor-element-e0f973c elementor-section-boxed elementor-section-height-default elementor-section-height-default\" data-id=\"e0f973c\" data-element_type=\"section\" data-e-type=\"section\">\n\t\t\t\t\t\t<div class=\"elementor-container elementor-column-gap-default\">\n\t\t\t\t\t<div class=\"elementor-column elementor-col-33 elementor-top-column elementor-element elementor-element-0ea50db\" data-id=\"0ea50db\" data-element_type=\"column\" data-e-type=\"column\">\n\t\t\t<div class=\"elementor-widget-wrap elementor-element-populated\">\n\t\t\t\t\t\t<div class=\"elementor-element elementor-element-0720bfd elementor-widget elementor-widget-image\" data-id=\"0720bfd\" data-element_type=\"widget\" data-e-type=\"widget\" data-widget_type=\"image.default\">\n\t\t\t\t<div class=\"elementor-widget-container\">\n\t\t\t\t\t\t\t\t\t\t\t\t\t\t\t<img decoding=\"async\" src=\"https:\/\/www.vtc-limousine.fr\/wp-content\/uploads\/elementor\/thumbs\/Voiles-de-Saint-Tropez-2-qfq85pxghltgv31ogi284xmc0wyotrzgjmvi0on884.jpg\" title=\"Le Byblos St Tropez \u53f8\u673a\u670d\u52a1\" alt=\"\u5723\u7279\u7f57\u4f69\u7684\u6c7d\u8f66\u53f8\u673a\" loading=\"lazy\" \/>\t\t\t\t\t\t\t\t\t\t\t\t\t\t\t<\/div>\n\t\t\t\t<\/div>\n\t\t\t\t\t<\/div>\n\t\t<\/div>\n\t\t\t\t<div class=\"elementor-column elementor-col-33 elementor-top-column elementor-element elementor-element-66a47ad\" data-id=\"66a47ad\" data-element_type=\"column\" data-e-type=\"column\">\n\t\t\t<div class=\"elementor-widget-wrap elementor-element-populated\">\n\t\t\t\t\t\t<div class=\"elementor-element elementor-element-b77875a elementor-widget elementor-widget-image\" data-id=\"b77875a\" data-element_type=\"widget\" data-e-type=\"widget\" data-widget_type=\"image.default\">\n\t\t\t\t<div class=\"elementor-widget-container\">\n\t\t\t\t\t\t\t\t\t\t\t\t\t\t\t<img decoding=\"async\" src=\"https:\/\/www.vtc-limousine.fr\/wp-content\/uploads\/elementor\/thumbs\/IMG_0506-qfq8b3k7lh6jar8f1trdekraeagavfc5y99ivoo4mc.jpeg\" title=\"HDC \u673a\u961f\" alt=\"\u53f8\u673a\u9a7e\u9a76\u6c7d\u8f66\u51fa\u79df\u9152\u5e97 Du Castellet\" loading=\"lazy\" \/>\t\t\t\t\t\t\t\t\t\t\t\t\t\t\t<\/div>\n\t\t\t\t<\/div>\n\t\t\t\t\t<\/div>\n\t\t<\/div>\n\t\t\t\t<div class=\"elementor-column elementor-col-33 elementor-top-column elementor-element elementor-element-5a2a091\" data-id=\"5a2a091\" data-element_type=\"column\" data-e-type=\"column\">\n\t\t\t<div class=\"elementor-widget-wrap elementor-element-populated\">\n\t\t\t\t\t\t<div class=\"elementor-element elementor-element-a33fa49 elementor-widget elementor-widget-image\" data-id=\"a33fa49\" data-element_type=\"widget\" data-e-type=\"widget\" data-widget_type=\"image.default\">\n\t\t\t\t<div class=\"elementor-widget-container\">\n\t\t\t\t\t\t\t\t\t\t\t\t\t\t\t<img decoding=\"async\" src=\"https:\/\/www.vtc-limousine.fr\/wp-content\/uploads\/elementor\/thumbs\/26312643-2-qfq85l89jfn1918i7y13agt11zluragsuzm2mau738.jpg\" title=\"Chateau de la Messardiere Saint Tropez \u7684\u53f8\u673a\u670d\u52a1\" alt=\"Chateau de la Messardiere Saint Tropez \u7684\u53f8\u673a\u670d\u52a1\" loading=\"lazy\" \/>\t\t\t\t\t\t\t\t\t\t\t\t\t\t\t<\/div>\n\t\t\t\t<\/div>\n\t\t\t\t\t<\/div>\n\t\t<\/div>\n\t\t\t\t\t<\/div>\n\t\t<\/section>\n\t\t\t\t<section class=\"elementor-section elementor-top-section elementor-element elementor-element-872576b elementor-section-boxed elementor-section-height-default elementor-section-height-default\" data-id=\"872576b\" data-element_type=\"section\" data-e-type=\"section\">\n\t\t\t\t\t\t<div class=\"elementor-container elementor-column-gap-default\">\n\t\t\t\t\t<div class=\"elementor-column elementor-col-100 elementor-top-column elementor-element elementor-element-0c770c6\" data-id=\"0c770c6\" data-element_type=\"column\" data-e-type=\"column\">\n\t\t\t<div class=\"elementor-widget-wrap elementor-element-populated\">\n\t\t\t\t\t\t<div class=\"elementor-element elementor-element-b2643a0 elementor-widget elementor-widget-spacer\" data-id=\"b2643a0\" data-element_type=\"widget\" data-e-type=\"widget\" data-widget_type=\"spacer.default\">\n\t\t\t\t<div class=\"elementor-widget-container\">\n\t\t\t\t\t\t\t<div class=\"elementor-spacer\">\n\t\t\t<div class=\"elementor-spacer-inner\"><\/div>\n\t\t<\/div>\n\t\t\t\t\t\t<\/div>\n\t\t\t\t<\/div>\n\t\t\t\t<div class=\"elementor-element elementor-element-e7d138d elementor-widget elementor-widget-text-editor\" data-id=\"e7d138d\" data-element_type=\"widget\" data-e-type=\"widget\" data-widget_type=\"text-editor.default\">\n\t\t\t\t<div class=\"elementor-widget-container\">\n\t\t\t\t\t\t\t\t\t<div><p style=\"text-align: center;\"><strong>\u4ece\u9a6c\u8d5b\u5230\u5723\u7279\u7f57\u4f69\u7684\u4e13\u8f66\u63a5\u9001\u670d\u52a1<br \/>VTC \u4ece\u9a6c\u8d5b\u673a\u573a\uff08MRS\uff09\u5230\u5723\u7279\u7f57\u4f69\u7684\u63a5\u9001\u548c\u79c1\u4eba\u53f8\u673a (83990)<\/strong><br \/>\u706b\u8f66\u4e00\u5230\u7ad9\u6216\u98de\u673a\u4e00\u8d77\u98de\uff0c\u6211\u4eec\u7ecf\u9a8c\u4e30\u5bcc\u7684\u53cc\u8bed vtc \u53f8\u673a\u5c31\u4f1a\u8fce\u63a5\u60a8\u3002<br \/><strong><br \/><\/strong>\u4e2a\u6027\u5316\u7684\u6b22\u8fce\u4eea\u5f0f<br \/>\u6211\u4eec\u4e3a\u60a8\u4fdd\u7ba1\u884c\u674e\u3002<br \/>......\u5982\u679c\u60a8\u7684\u98de\u673a\u6216\u706b\u8f66\u5ef6\u8bef\uff0c\u5b83\u4f1a\u81ea\u52a8\u901a\u77e5\u5e76\u7b49\u5f85\u60a8\u3002<br \/>\u6240\u6709\u673a\u573a\u63a5\u673a\u670d\u52a1\u5747\u53ef\u5229\u7528\u6211\u4eec\u7684\u822a\u73ed\u8ddf\u8e2a\u7cfb\u7edf\u3002<br \/>\u6211\u4eec\u7684\u53f8\u673a\u4f1a\u5b9e\u65f6\u76d1\u63a7\u60a8\u7684\u62b5\u8fbe\u60c5\u51b5\uff0c\u5e76\u6839\u636e\u822a\u73ed\u5ef6\u8bef\u60c5\u51b5\u505a\u51fa\u76f8\u5e94\u8c03\u6574\u3002<br \/>\u6211\u4eec\u7684\u53f8\u673a\u81f4\u529b\u4e8e\u4fdd\u6301\u6700\u9ad8\u6c34\u5e73\u7684\u4e13\u4e1a\u6027\u548c\u8c28\u614e\u6027\u3002<\/p><p style=\"text-align: center;\">\u65e0\u8bba\u662f\u4e2a\u4eba\u65c5\u884c\u8fd8\u662f\u804c\u4e1a\u65c5\u884c\uff0cClass-eDriver \u90fd\u5c06\u4f34\u60a8\u5de6\u53f3\u3002<\/p><p style=\"text-align: center;\"><strong>\u79c1\u4eba\u53f8\u673a <a href=\"https:\/\/www.vtc-limousine.fr\/zh\/fr\/vtc-%e7%a7%81%e4%ba%ba%e6%8e%a5%e9%80%81\/\" target=\"_blank\" rel=\"noopener\">\u9a6c\u8d5b\u673a\u573a\uff08MRS\uff09<\/a> \u5723\u7279\u7f57\u4f69\u65b9\u5411\uff0883990\uff09<br \/>VTC Transfer Marseille Airport (Mrs) to Saint tropez (83990)<\/strong><\/p><\/div><p style=\"text-align: center;\">\u670d\u52a1 de <strong>\u5e26\u53f8\u673a\u7684\u6c7d\u8f66\uff0c\u9a6c\u8d5b\u81f3\u5723\u7279\u7f57\u4f69<\/strong>.<br \/>\u79c1\u4eba\u548c\u516c\u53f8\u30021 \u81f3 29 \u4eba\u8f66\u8f86 \u4e2a\u6027\u5316\u6b22\u8fce\u3001<br \/>\u6885\u8d5b\u5fb7\u65af\u548c\u7279\u65af\u62c9\u6c7d\u8f66\u300224\/7<\/p>\t\t\t\t\t\t\t\t<\/div>\n\t\t\t\t<\/div>\n\t\t\t\t\t<\/div>\n\t\t<\/div>\n\t\t\t\t\t<\/div>\n\t\t<\/section>\n\t\t\t\t<section class=\"elementor-section elementor-top-section elementor-element elementor-element-f8cd7d4 elementor-section-full_width elementor-section-height-default elementor-section-height-default\" data-id=\"f8cd7d4\" data-element_type=\"section\" data-e-type=\"section\">\n\t\t\t\t\t\t<div class=\"elementor-container elementor-column-gap-default\">\n\t\t\t\t\t<div class=\"elementor-column elementor-col-100 elementor-top-column elementor-element elementor-element-8e92e7d\" data-id=\"8e92e7d\" data-element_type=\"column\" data-e-type=\"column\">\n\t\t\t<div class=\"elementor-widget-wrap elementor-element-populated\">\n\t\t\t\t\t\t<div class=\"elementor-element elementor-element-d25f4b4 elementor-widget-divider--view-line elementor-widget elementor-widget-divider\" data-id=\"d25f4b4\" data-element_type=\"widget\" data-e-type=\"widget\" data-widget_type=\"divider.default\">\n\t\t\t\t<div class=\"elementor-widget-container\">\n\t\t\t\t\t\t\t<div class=\"elementor-divider\">\n\t\t\t<span class=\"elementor-divider-separator\">\n\t\t\t\t\t\t<\/span>\n\t\t<\/div>\n\t\t\t\t\t\t<\/div>\n\t\t\t\t<\/div>\n\t\t\t\t\t<\/div>\n\t\t<\/div>\n\t\t\t\t\t<\/div>\n\t\t<\/section>\n\t\t\t\t<section class=\"elementor-section elementor-top-section elementor-element elementor-element-d887e1b elementor-section-boxed elementor-section-height-default elementor-section-height-default\" data-id=\"d887e1b\" data-element_type=\"section\" data-e-type=\"section\">\n\t\t\t\t\t\t<div class=\"elementor-container elementor-column-gap-default\">\n\t\t\t\t\t<div class=\"elementor-column elementor-col-33 elementor-top-column elementor-element elementor-element-969f2bf\" data-id=\"969f2bf\" data-element_type=\"column\" data-e-type=\"column\">\n\t\t\t<div class=\"elementor-widget-wrap elementor-element-populated\">\n\t\t\t\t\t\t<div class=\"elementor-element elementor-element-6e91165 elementor-widget elementor-widget-heading\" data-id=\"6e91165\" data-element_type=\"widget\" data-e-type=\"widget\" data-widget_type=\"heading.default\">\n\t\t\t\t<div class=\"elementor-widget-container\">\n\t\t\t\t\t<h3 class=\"elementor-heading-title elementor-size-small\">VTC Transfer Marseille Provence Airport (MRS)<\/h3>\t\t\t\t<\/div>\n\t\t\t\t<\/div>\n\t\t\t\t<div class=\"elementor-element elementor-element-357b72a elementor-widget elementor-widget-image\" data-id=\"357b72a\" data-element_type=\"widget\" data-e-type=\"widget\" data-widget_type=\"image.default\">\n\t\t\t\t<div class=\"elementor-widget-container\">\n\t\t\t\t\t\t\t\t\t\t\t\t\t\t\t<img decoding=\"async\" src=\"https:\/\/www.vtc-limousine.fr\/wp-content\/uploads\/elementor\/thumbs\/WORK1015-trip-e1461841777748-1-qfq8fzc13hup8k9o2ksn15qh69mku450vmv2027j2c.jpg\" title=\"WORK1015-trip\" alt=\"\u5728\u673a\u573a\u63d0\u7740\u884c\u674e\u7bb1\u7684\u5546\u52a1\u5973\u58eb\" loading=\"lazy\" \/>\t\t\t\t\t\t\t\t\t\t\t\t\t\t\t<\/div>\n\t\t\t\t<\/div>\n\t\t\t\t<div class=\"elementor-element elementor-element-895c50a elementor-widget elementor-widget-text-editor\" data-id=\"895c50a\" data-element_type=\"widget\" data-e-type=\"widget\" data-widget_type=\"text-editor.default\">\n\t\t\t\t<div class=\"elementor-widget-container\">\n\t\t\t\t\t\t\t\t\t<div class=\"four columns\"><div class=\"limoking-ux column-service-ux\"><div class=\"limoking-item limoking-column-service-item limoking-medium\"><div class=\"column-service-content-wrapper\"><div class=\"column-service-content limoking-skin-content\"><p>\u7531\u53f8\u673a\u9a7e\u9a76\u7684\u6c7d\u8f66\u00a0<a href=\"https:\/\/www.vtc-limousine.fr\/zh\/%e6%88%91%e4%bb%ac%e7%9a%84%e8%bd%a6%e8%be%86\/\">(VTC)<\/a>\u00a0\u6211\u4eec\u5c06\u5e26\u60a8\u4ece\u673a\u573a\u51fa\u53d1\u6216\u524d\u5f80\u60a8\u9009\u62e9\u7684\u673a\u573a\u3002\u6211\u4eec\u4e3a\u4ee5\u4e0b\u673a\u573a\u63d0\u4f9b\u670d\u52a1\u00a0<br \/>VTC \u8f6c\u63a5\u00a0<a href=\"https:\/\/www.vtc-limousine.fr\/zh\/vtc-%e7%a7%81%e4%ba%ba%e6%8e%a5%e9%80%81\/%e7%a7%81%e4%ba%ba%e5%8f%b8%e6%9c%ba-%e9%a9%ac%e8%b5%9b-%e6%99%ae%e7%bd%97%e6%97%ba%e6%96%af%e6%9c%ba%e5%9c%ba-%e5%a4%ab%e4%ba%ba\/\" target=\"_blank\" rel=\"noopener\">\u9a6c\u8d5b\u666e\u7f57\u65fa\u65af\u673a\u573a\u00a0<\/a><br \/>VTC \u8f6c\u63a5<a href=\"\/zh\/%e7%a7%81%e4%ba%ba%e5%8f%b8%e6%9c%ba\/%e7%a7%81%e4%ba%ba%e5%8f%b8%e6%9c%ba-paca\/%e5%ba%b7%e5%9f%8e%e7%a7%81%e4%ba%ba%e5%8f%b8%e6%9c%ba\/\" target=\"_blank\" rel=\"noopener\">\u00a0\u5c3c\u65af\u851a\u84dd\u6d77\u5cb8\u673a\u573a<\/a><br \/>VTC \u8f6c\u63a5\u00a0<a href=\"\/zh\/vtc-%e7%a7%81%e4%ba%ba%e6%8e%a5%e9%80%81\/%e6%91%a9%e7%ba%b3%e5%93%a5%e7%a7%81%e4%ba%ba%e5%8f%b8%e6%9c%ba\/\" target=\"_blank\" rel=\"noopener\">\u6469\u7eb3\u54e5\u76f4\u5347\u673a\u573a<\/a><br \/>VTC \u8f6c\u63a5\u00a0<a href=\"https:\/\/www.vtc-limousine.fr\/zh\/vtc-%e7%a7%81%e4%ba%ba%e6%8e%a5%e9%80%81\/%e7%a7%81%e4%ba%ba%e5%8f%b8%e6%9c%ba-fbo-aeroport-le-casteelet-lfmq\/\" target=\"_blank\" rel=\"noopener\">\u52d2\u5361\u65af\u7279\u83b1\u673a\u573a<\/a><br \/>VTC \u8f6c\u63a5\u00a0<a href=\"https:\/\/www.vtc-limousine.fr\/zh\/%e7%a7%81%e4%ba%ba%e5%8f%b8%e6%9c%ba\/%e7%a7%81%e4%ba%ba%e5%8f%b8%e6%9c%ba-paca\/%e5%b8%a6%e5%8f%b8%e6%9c%ba%e5%9c%a3%e7%89%b9%e7%bd%97%e4%bd%a9%e7%a7%9f%e8%bd%a6\/\" target=\"_blank\" rel=\"noopener\">\u5723\u7279\u7f57\u4f69\u9ad8\u5c14\u592b\u673a\u573a\u00a0<\/a><br \/>VTC \u8f6c\u63a5\u00a0<a href=\"\/zh\/%e7%a7%81%e4%ba%ba%e5%8f%b8%e6%9c%ba\/%e7%a7%81%e4%ba%ba%e5%8f%b8%e6%9c%ba-paca\/%e9%98%bf%e7%bb%b4%e5%b0%bc%e7%bf%81%e7%a7%81%e4%ba%ba%e5%8f%b8%e6%9c%ba\/\" target=\"_blank\" rel=\"noopener\">\u963f\u7ef4\u5c3c\u7fc1\u666e\u7f57\u65fa\u65af\u673a\u573a\u00a0<\/a><br \/>VTC \u8f6c\u63a5\u00a0<a href=\"https:\/\/www.vtc-limousine.fr\/zh\/fr\/%e5%b7%b4%e9%bb%8e%e5%9c%a3%e7%89%b9%e7%bd%97%e4%bd%a9%e9%85%92%e5%ba%97%e7%a7%81%e4%ba%ba%e5%8f%b8%e6%9c%ba-83990\/\" target=\"_blank\" rel=\"noopener\">\u571f\u4f26\u6d77\u8036\u5c14\u673a\u573a<\/a><br \/>VTC \u8f6c\u63a5\u00a0<a href=\"https:\/\/www.vtc-limousine.fr\/zh\/vtc-%e7%a7%81%e4%ba%ba%e6%8e%a5%e9%80%81\/%e8%92%99%e5%bd%bc%e5%88%a9%e5%9f%83%e6%9c%ba%e5%9c%ba%e7%a7%81%e4%ba%ba%e5%8f%b8%e6%9c%ba\/\" target=\"_blank\" rel=\"noopener\">\u8499\u5f7c\u5229\u57c3\u5730\u4e2d\u6d77\u673a\u573a<\/a><\/p><\/div><\/div><\/div><\/div><\/div>\t\t\t\t\t\t\t\t<\/div>\n\t\t\t\t<\/div>\n\t\t\t\t\t<\/div>\n\t\t<\/div>\n\t\t\t\t<div class=\"elementor-column elementor-col-33 elementor-top-column elementor-element elementor-element-0ea0348\" data-id=\"0ea0348\" data-element_type=\"column\" data-e-type=\"column\">\n\t\t\t<div class=\"elementor-widget-wrap elementor-element-populated\">\n\t\t\t\t\t\t<div class=\"elementor-element elementor-element-35e8cff elementor-widget elementor-widget-heading\" data-id=\"35e8cff\" data-element_type=\"widget\" data-e-type=\"widget\" data-widget_type=\"heading.default\">\n\t\t\t\t<div class=\"elementor-widget-container\">\n\t\t\t\t\t<h3 class=\"elementor-heading-title elementor-size-small\">VTC \u8f6c\u4e58\u827e\u514b\u65af\u666e\u7f57\u65fa\u65af TGV \u7ad9<\/h3>\t\t\t\t<\/div>\n\t\t\t\t<\/div>\n\t\t\t\t<div class=\"elementor-element elementor-element-9e542a7 elementor-widget elementor-widget-image\" data-id=\"9e542a7\" data-element_type=\"widget\" data-e-type=\"widget\" data-widget_type=\"image.default\">\n\t\t\t\t<div class=\"elementor-widget-container\">\n\t\t\t\t\t\t\t\t\t\t\t\t\t\t\t<img decoding=\"async\" src=\"https:\/\/www.vtc-limousine.fr\/wp-content\/uploads\/elementor\/thumbs\/aixtgv-e1462955693358-1-qfq89fejg2vqafsdc8ta5b9s2jxg634eb746jlxcg4.jpg\" title=\"4 T\" alt=\"VTC \u8f6c\u4e58\u827e\u514b\u65af\u666e\u7f57\u65fa\u65af TGV \u7ad9\" loading=\"lazy\" \/>\t\t\t\t\t\t\t\t\t\t\t\t\t\t\t<\/div>\n\t\t\t\t<\/div>\n\t\t\t\t<div class=\"elementor-element elementor-element-2164af0 elementor-widget elementor-widget-text-editor\" data-id=\"2164af0\" data-element_type=\"widget\" data-e-type=\"widget\" data-widget_type=\"text-editor.default\">\n\t\t\t\t<div class=\"elementor-widget-container\">\n\t\t\t\t\t\t\t\t\t<p>\u7531\u53f8\u673a\u9a7e\u9a76\u7684\u6c7d\u8f66\u00a0<a href=\"https:\/\/www.vtc-limousine.fr\/zh\/%e6%88%91%e4%bb%ac%e7%9a%84%e8%bd%a6%e8%be%86\/\">(VTC)<\/a>\u00a0\u6211\u4eec\u5c06\u628a\u60a8\u4ece\u60a8\u7684\u8f66\u7ad9\u6216\u60a8\u9009\u62e9\u7684\u8f66\u7ad9\u9001\u51fa\u3002\u6211\u4eec\u4e3a\u4ee5\u4e0b\u8f66\u7ad9\u63d0\u4f9b\u670d\u52a1<br \/>VTC \u8f6c\u63a5<a href=\"https:\/\/www.vtc-limousine.fr\/zh\/vtc-%e7%a7%81%e4%ba%ba%e6%8e%a5%e9%80%81\/%e7%a7%81%e4%ba%ba%e5%8f%b8%e6%9c%ba-%e9%a9%ac%e8%b5%9b-%e6%99%ae%e7%bd%97%e6%97%ba%e6%96%af%e6%9c%ba%e5%9c%ba-%e5%a4%ab%e4%ba%ba\/\" target=\"_blank\" rel=\"noopener\">\u00a0\u9a6c\u8d5b\u5723\u590f\u5c14\u7ad9<\/a><br \/>VTC \u8f6c\u63a5\u00a0<a href=\"https:\/\/www.vtc-limousine.fr\/zh\/fr\/reservation-transfert-vtc-gare-aix-en-provence-tgv\/\" target=\"_blank\" rel=\"noopener\">\u666e\u7f57\u65fa\u65af\u5730\u533a\u827e\u514b\u65af TGV \u706b\u8f66\u7ad9<\/a><br \/>VTC \u8f6c\u63a5<a href=\"\/zh\/%e7%a7%81%e4%ba%ba%e5%8f%b8%e6%9c%ba\/%e7%a7%81%e4%ba%ba%e5%8f%b8%e6%9c%ba-paca\/%e9%98%bf%e7%bb%b4%e5%b0%bc%e7%bf%81%e7%a7%81%e4%ba%ba%e5%8f%b8%e6%9c%ba\/\" target=\"_blank\" rel=\"noopener\">\u00a0\u963f\u7ef4\u5c3c\u7fc1 TGV \u706b\u8f66\u7ad9<\/a><br \/>VTC \u8f6c\u8f66\u571f\u4f26 SNCF \u706b\u8f66\u7ad9\u00a0<br \/>VTC \u8499\u5f7c\u5229\u57c3 Saint-Roch \u7ad9\u6362\u4e58<\/p>\t\t\t\t\t\t\t\t<\/div>\n\t\t\t\t<\/div>\n\t\t\t\t\t<\/div>\n\t\t<\/div>\n\t\t\t\t<div class=\"elementor-column elementor-col-33 elementor-top-column elementor-element elementor-element-4cf8eda\" data-id=\"4cf8eda\" data-element_type=\"column\" data-e-type=\"column\">\n\t\t\t<div class=\"elementor-widget-wrap elementor-element-populated\">\n\t\t\t\t\t\t<div class=\"elementor-element elementor-element-1d97f03 elementor-widget elementor-widget-heading\" data-id=\"1d97f03\" data-element_type=\"widget\" data-e-type=\"widget\" data-widget_type=\"heading.default\">\n\t\t\t\t<div class=\"elementor-widget-container\">\n\t\t\t\t\t<h3 class=\"elementor-heading-title elementor-size-small\">\u6e38\u8247\u63a5\u9001<\/h3>\t\t\t\t<\/div>\n\t\t\t\t<\/div>\n\t\t\t\t<div class=\"elementor-element elementor-element-9113452 elementor-widget elementor-widget-image\" data-id=\"9113452\" data-element_type=\"widget\" data-e-type=\"widget\" data-widget_type=\"image.default\">\n\t\t\t\t<div class=\"elementor-widget-container\">\n\t\t\t\t\t\t\t\t\t\t\t\t\t\t\t<img decoding=\"async\" src=\"https:\/\/www.vtc-limousine.fr\/wp-content\/uploads\/elementor\/thumbs\/12314661_1181324875230561_2549917994845135698_o-e1461913792875-1-qfq8eip2grun6ee4ly1j5j0nwou0v2c20ebv4kdkqs.jpg\" title=\"12314661_1181324875230561_2549917994845135698_o\" alt=\"12314661_1181324875230561_2549917994845135698_o\" loading=\"lazy\" \/>\t\t\t\t\t\t\t\t\t\t\t\t\t\t\t<\/div>\n\t\t\t\t<\/div>\n\t\t\t\t<div class=\"elementor-element elementor-element-b923b06 elementor-widget elementor-widget-text-editor\" data-id=\"b923b06\" data-element_type=\"widget\" data-e-type=\"widget\" data-widget_type=\"text-editor.default\">\n\t\t\t\t<div class=\"elementor-widget-container\">\n\t\t\t\t\t\t\t\t\t<p>\u60a8\u7684\u53f8\u673a\u00a0<a href=\"\/zh\/%e6%88%91%e4%bb%ac%e7%9a%84%e8%bd%a6%e8%be%86\/\">(VTC)<\/a>\u00a0\u6211\u4eec\u5c06\u628a\u60a8\u4ece\u6e2f\u53e3\u6216\u60a8\u9009\u62e9\u7684\u8f6e\u6e21\u7801\u5934\u9001\u51fa\u3002 \u00a0<br \/>\u6211\u4eec\u4e3a \uff1a\u00a0<br \/>\u79c1\u4eba\u53f8\u673a\u00a0<a href=\"http:\/\/www.marseille-port.fr\/fr\/page\/croisieres\/13021\" target=\"_blank\" rel=\"noopener\">\u9a6c\u8d5b\u8f6e\u6e21\u7801\u5934\u548c\u6e38\u8f6e\u7801\u5934\u00a0<\/a><br \/>\u963f\u7ef4\u5c3c\u7fc1\u6cb3\u6e38\u8239\u79c1\u4eba\u53f8\u673a\u00a0<br \/>\u79c1\u4eba\u53f8\u673a\u5723\u7279\u7f57\u4f69\u6e2f<br \/>\u79c1\u4eba\u53f8\u673a \u621b\u7eb3\u574e\u6258\u6e2f\u00a0<br \/>\u6469\u7eb3\u54e5\u6e2f\u79c1\u4eba\u53f8\u673a\u00a0<br \/>\u5c3c\u65af\u6e2f\u79c1\u4eba\u53f8\u673a\u00a0<br \/>\u79c1\u4eba\u53f8\u673a\u00a0<a href=\"http:\/\/toulontourisme.com\/toulon-pratique\/partir-en-croisiere-depuis-toulon\/\" target=\"_blank\" rel=\"noopener\">\u571f\u4f26\u8f6e\u6e21\u7801\u5934\u548c\u6e38\u8f6e\u7801\u5934\u00a0<\/a><\/p>\t\t\t\t\t\t\t\t<\/div>\n\t\t\t\t<\/div>\n\t\t\t\t\t<\/div>\n\t\t<\/div>\n\t\t\t\t\t<\/div>\n\t\t<\/section>\n\t\t\t\t<\/div>","protected":false},"excerpt":{"rendered":"<p>Transfert Aeroport de Marseille (MRS) SAINT TROPEZ (83990) TRANSFERT VTC ET CHAUFFEUR PRIV\u00c9 AEROPORT DE MARSEILLE (MRS) VERS SAINT TROPEZ (83990)En venant de l\u2019a\u00e9roport Marseille-Provence (MRS) ou de la gare TGV d\u2019Aix-en-Provence pour rejoindre Saint Tropez (83990) \u00e0 2 heure 30 de route , \u00a0en r\u00e9servant un v\u00e9hicule de luxe avec chauffeur priv\u00e9 BERLINE-MINIVAN-MINIBUS Service [&hellip;]<\/p>","protected":false},"author":1,"featured_media":14854,"parent":14046,"menu_order":0,"comment_status":"closed","ping_status":"closed","template":"","meta":{"footnotes":""},"class_list":["post-14779","page","type-page","status-publish","has-post-thumbnail","hentry"],"_links":{"self":[{"href":"https:\/\/www.vtc-limousine.fr\/zh\/wp-json\/wp\/v2\/pages\/14779","targetHints":{"allow":["GET"]}}],"collection":[{"href":"https:\/\/www.vtc-limousine.fr\/zh\/wp-json\/wp\/v2\/pages"}],"about":[{"href":"https:\/\/www.vtc-limousine.fr\/zh\/wp-json\/wp\/v2\/types\/page"}],"author":[{"embeddable":true,"href":"https:\/\/www.vtc-limousine.fr\/zh\/wp-json\/wp\/v2\/users\/1"}],"replies":[{"embeddable":true,"href":"https:\/\/www.vtc-limousine.fr\/zh\/wp-json\/wp\/v2\/comments?post=14779"}],"version-history":[{"count":27,"href":"https:\/\/www.vtc-limousine.fr\/zh\/wp-json\/wp\/v2\/pages\/14779\/revisions"}],"predecessor-version":[{"id":22069,"href":"https:\/\/www.vtc-limousine.fr\/zh\/wp-json\/wp\/v2\/pages\/14779\/revisions\/22069"}],"up":[{"embeddable":true,"href":"https:\/\/www.vtc-limousine.fr\/zh\/wp-json\/wp\/v2\/pages\/14046"}],"wp:featuredmedia":[{"embeddable":true,"href":"https:\/\/www.vtc-limousine.fr\/zh\/wp-json\/wp\/v2\/media\/14854"}],"wp:attachment":[{"href":"https:\/\/www.vtc-limousine.fr\/zh\/wp-json\/wp\/v2\/media?parent=14779"}],"curies":[{"name":"wp","href":"https:\/\/api.w.org\/{rel}","templated":true}]}}