{"id":14046,"date":"2022-03-22T08:23:35","date_gmt":"2022-03-22T08:23:35","guid":{"rendered":"https:\/\/www.vtc-limousine.fr\/?page_id=14046"},"modified":"2025-03-03T08:47:58","modified_gmt":"2025-03-03T08:47:58","slug":"vtc-%e7%a7%81%e4%ba%ba%e6%8e%a5%e9%80%81","status":"publish","type":"page","link":"https:\/\/www.vtc-limousine.fr\/zh\/vtc-%e7%a7%81%e4%ba%ba%e6%8e%a5%e9%80%81\/","title":{"rendered":"\u79c1\u8425\u804c\u4e1a\u57f9\u8bad\u4e2d\u5fc3\u63a5\u9001"},"content":{"rendered":"<div data-elementor-type=\"wp-page\" data-elementor-id=\"14046\" class=\"elementor elementor-14046\" data-elementor-post-type=\"page\">\n\t\t\t\t\t\t<section class=\"elementor-section elementor-top-section elementor-element elementor-element-5e739282 elementor-section-full_width elementor-section-height-min-height elementor-section-height-default elementor-section-items-middle\" data-id=\"5e739282\" data-element_type=\"section\" data-e-type=\"section\" data-settings=\"{&quot;background_background&quot;:&quot;classic&quot;}\">\n\t\t\t\t\t\t\t<div class=\"elementor-background-overlay\"><\/div>\n\t\t\t\t\t\t\t<div class=\"elementor-container elementor-column-gap-default\">\n\t\t\t\t\t<div class=\"elementor-column elementor-col-100 elementor-top-column elementor-element elementor-element-1faf7528\" data-id=\"1faf7528\" data-element_type=\"column\" data-e-type=\"column\">\n\t\t\t<div class=\"elementor-widget-wrap\">\n\t\t\t\t\t\t\t<\/div>\n\t\t<\/div>\n\t\t\t\t\t<\/div>\n\t\t<\/section>\n\t\t\t\t<section class=\"elementor-section elementor-top-section elementor-element elementor-element-65088e05 elementor-section-boxed elementor-section-height-default elementor-section-height-default\" data-id=\"65088e05\" data-element_type=\"section\" data-e-type=\"section\">\n\t\t\t\t\t\t<div class=\"elementor-container elementor-column-gap-default\">\n\t\t\t\t\t<div class=\"elementor-column elementor-col-100 elementor-top-column elementor-element elementor-element-344a6702\" data-id=\"344a6702\" data-element_type=\"column\" data-e-type=\"column\">\n\t\t\t<div class=\"elementor-widget-wrap elementor-element-populated\">\n\t\t\t\t\t\t<div class=\"elementor-element elementor-element-18f76e2 elementor-widget elementor-widget-shortcode\" data-id=\"18f76e2\" data-element_type=\"widget\" data-e-type=\"widget\" data-widget_type=\"shortcode.default\">\n\t\t\t\t<div class=\"elementor-widget-container\">\n\t\t\t\t\t\t\t<div class=\"elementor-shortcode\"><nav aria-label=\"\u9762\u5305\u5c51\">\n            <div class=\"breadcrumb-container theme1\">\n                <ol>\n                                    <\/ol>\n            <\/div>\n        <\/nav>    <script type=\"application\/ld+json\">\n        {\n            \"@context\": \"http:\/\/schema.org\",\n            \"@type\": \"BreadcrumbList\",\n            \"itemListElement\": [\n                            ]\n        }\n    <\/script>\n   \n    <script>\n            <\/script>\n<\/div>\n\t\t\t\t\t\t<\/div>\n\t\t\t\t<\/div>\n\t\t\t\t<div class=\"elementor-element elementor-element-6d44219e elementor-widget elementor-widget-heading\" data-id=\"6d44219e\" data-element_type=\"widget\" data-e-type=\"widget\" data-widget_type=\"heading.default\">\n\t\t\t\t<div class=\"elementor-widget-container\">\n\t\t\t\t\t<h1 class=\"elementor-heading-title elementor-size-default\">\u79c1\u8425\u804c\u4e1a\u57f9\u8bad\u4e2d\u5fc3\u63a5\u9001<\/h1>\t\t\t\t<\/div>\n\t\t\t\t<\/div>\n\t\t\t\t<div class=\"elementor-element elementor-element-2cda9272 elementor-widget elementor-widget-heading\" data-id=\"2cda9272\" data-element_type=\"widget\" data-e-type=\"widget\" data-widget_type=\"heading.default\">\n\t\t\t\t<div class=\"elementor-widget-container\">\n\t\t\t\t\t<h2 class=\"elementor-heading-title elementor-size-default\">PACA \u5730\u533a\u7684 VTC \u8f6c\u79fb<\/h2>\t\t\t\t<\/div>\n\t\t\t\t<\/div>\n\t\t\t\t\t<\/div>\n\t\t<\/div>\n\t\t\t\t\t<\/div>\n\t\t<\/section>\n\t\t\t\t<section class=\"elementor-section elementor-top-section elementor-element elementor-element-c8573c3 elementor-section-boxed elementor-section-height-default elementor-section-height-default\" data-id=\"c8573c3\" data-element_type=\"section\" data-e-type=\"section\">\n\t\t\t\t\t\t<div class=\"elementor-container elementor-column-gap-default\">\n\t\t\t\t\t<div class=\"elementor-column elementor-col-100 elementor-top-column elementor-element elementor-element-3ae0696\" data-id=\"3ae0696\" data-element_type=\"column\" data-e-type=\"column\">\n\t\t\t<div class=\"elementor-widget-wrap elementor-element-populated\">\n\t\t\t\t\t\t<div class=\"elementor-element elementor-element-e3cfce5 elementor-widget elementor-widget-text-editor\" data-id=\"e3cfce5\" data-element_type=\"widget\" data-e-type=\"widget\" data-widget_type=\"text-editor.default\">\n\t\t\t\t<div class=\"elementor-widget-container\">\n\t\t\t\t\t\t\t\t\t<p style=\"text-align: center;\"><strong>\u7ea7 eDriver \u8c6a\u534e\u8f7f\u8f66\u00a0<\/strong> \u60a8\u53ef\u4ee5\u9884\u8ba2 VTC \u79c1\u4eba\u63a5\u9001\u670d\u52a1\uff0c\u7531\u7ecf\u9a8c\u4e30\u5bcc\u7684\u4e13\u4e1a\u53f8\u673a\uff08\u7cbe\u901a\u82f1\u8bed\u548c\u6cd5\u8bed\uff09\u9a7e\u9a76\u8c6a\u534e\u8212\u9002\u7684\u6c7d\u8f66\u5728\u62b5\u8fbe\u7ec8\u70b9\u7ad9\u8fce\u63a5\u60a8\u3002 <br \/>\u60a8\u7684\u53f8\u673a\u5c06\u5728\u6d77\u5173\u540e\u7684\u673a\u573a\u5230\u8fbe\u533a\u4e3e\u7740\u5199\u6709\u60a8\u59d3\u540d\u7684\u724c\u5b50\u7b49\u5019\u60a8\u3002\u53f8\u673a\u4f1a\u4e0e\u60a8\u786e\u8ba4\u62b5\u8fbe\u5730\u5740\uff0c\u5e76\u6839\u636e\u4ea4\u901a\u60c5\u51b5\u544a\u8bc9\u60a8\u5927\u6982\u7684\u62b5\u8fbe\u65f6\u95f4\u3002<br \/>\u5728\u65c5\u9014\u4e2d\uff0c\u60a8\u53ef\u4ee5\u9009\u62e9\u5b89\u9759\u5730\u65c5\u884c\uff0c\u9009\u62e9\u6536\u542c\u5e7f\u64ad\uff0c\u6216\u5229\u7528\u65c5\u9014\u4e2d\u7684\u65f6\u95f4\u5411\u53f8\u673a\u8be2\u95ee\u65c5\u6e38\u4fe1\u606f\u3002<\/p><p style=\"text-align: center;\">\u60a8\u7684\u4e13\u4e1a\u53f8\u673a\u53d7\u8fc7\u8d35\u5bbe\u8fd0\u8f93\u65b9\u9762\u7684\u57f9\u8bad\uff0c\u5c06\u628a\u60a8\u4ece\u673a\u573a\u5b89\u5168\u5730\u9001\u5230\u62b5\u8fbe\u5730\u70b9\u3002 \u4e3a\u4e86\u4f7f\u60a8\u5728\u666e\u7f57\u65fa\u65af\u851a\u84dd\u6d77\u5cb8\u7684\u9017\u7559\u5c3d\u53ef\u80fd\u6109\u5feb\uff0c\u65e0\u8bba\u662f\u5546\u52a1\u8fd8\u662f\u4f11\u95f2\uff0c\u60a8\u7684\u53f8\u673a\u90fd\u5c06\u4e3a\u60a8\u63d0\u4f9b\u5efa\u8bae\uff0c\u5e2e\u52a9\u60a8\u5145\u5206\u5229\u7528\u5728\u666e\u7f57\u65fa\u65af\u851a\u84dd\u6d77\u5cb8\u7684\u9017\u7559\u65f6\u95f4\uff0c\u5e76\u968f\u65f6\u4e3a\u60a8\u63d0\u4f9b\u670d\u52a1\uff0c\u503e\u542c\u60a8\u7684\u610f\u89c1\uff08\u9884\u8ba2\u9910\u5385\u3001\u5bfb\u627e\u5546\u5e97\u3001\u5404\u79cd\u5efa\u8bae\u7b49\uff09\u3002<br \/>\u5168\u90e8<strong> \u7ea7 eDriver \u8c6a\u534e\u8f7f\u8f66\u00a0<\/strong> \u4ed6\u4eec\u7684\u7740\u88c5\u65e0\u53ef\u6311\u5254\uff08\u6df1\u8272\u897f\u88c5\u3001\u9886\u5e26\u7b49\uff09\uff0c\u975e\u5e38\u8c28\u614e\u3002<\/p>\t\t\t\t\t\t\t\t<\/div>\n\t\t\t\t<\/div>\n\t\t\t\t\t<\/div>\n\t\t<\/div>\n\t\t\t\t\t<\/div>\n\t\t<\/section>\n\t\t\t\t<section class=\"elementor-section elementor-top-section elementor-element elementor-element-6b14c1a elementor-section-full_width elementor-section-height-default elementor-section-height-default\" data-id=\"6b14c1a\" data-element_type=\"section\" data-e-type=\"section\">\n\t\t\t\t\t\t<div class=\"elementor-container elementor-column-gap-default\">\n\t\t\t\t\t<div class=\"elementor-column elementor-col-100 elementor-top-column elementor-element elementor-element-9d6fa62\" data-id=\"9d6fa62\" data-element_type=\"column\" data-e-type=\"column\">\n\t\t\t<div class=\"elementor-widget-wrap elementor-element-populated\">\n\t\t\t\t\t\t<div class=\"elementor-element elementor-element-e4990dc elementor-widget-divider--view-line elementor-widget elementor-widget-divider\" data-id=\"e4990dc\" data-element_type=\"widget\" data-e-type=\"widget\" data-widget_type=\"divider.default\">\n\t\t\t\t<div class=\"elementor-widget-container\">\n\t\t\t\t\t\t\t<div class=\"elementor-divider\">\n\t\t\t<span class=\"elementor-divider-separator\">\n\t\t\t\t\t\t<\/span>\n\t\t<\/div>\n\t\t\t\t\t\t<\/div>\n\t\t\t\t<\/div>\n\t\t\t\t\t<\/div>\n\t\t<\/div>\n\t\t\t\t\t<\/div>\n\t\t<\/section>\n\t\t\t\t<section class=\"elementor-section elementor-top-section elementor-element elementor-element-d887e1b elementor-section-boxed elementor-section-height-default elementor-section-height-default\" data-id=\"d887e1b\" data-element_type=\"section\" data-e-type=\"section\">\n\t\t\t\t\t\t<div class=\"elementor-container elementor-column-gap-default\">\n\t\t\t\t\t<div class=\"elementor-column elementor-col-33 elementor-top-column elementor-element elementor-element-969f2bf\" data-id=\"969f2bf\" data-element_type=\"column\" data-e-type=\"column\">\n\t\t\t<div class=\"elementor-widget-wrap elementor-element-populated\">\n\t\t\t\t\t\t<div class=\"elementor-element elementor-element-6e91165 elementor-widget elementor-widget-heading\" data-id=\"6e91165\" data-element_type=\"widget\" data-e-type=\"widget\" data-widget_type=\"heading.default\">\n\t\t\t\t<div class=\"elementor-widget-container\">\n\t\t\t\t\t<h3 class=\"elementor-heading-title elementor-size-small\">VTC \u673a\u573a\u63a5\u9001<\/h3>\t\t\t\t<\/div>\n\t\t\t\t<\/div>\n\t\t\t\t<div class=\"elementor-element elementor-element-357b72a elementor-widget elementor-widget-image\" data-id=\"357b72a\" data-element_type=\"widget\" data-e-type=\"widget\" data-widget_type=\"image.default\">\n\t\t\t\t<div class=\"elementor-widget-container\">\n\t\t\t\t\t\t\t\t\t\t\t\t\t\t\t<img decoding=\"async\" src=\"https:\/\/www.vtc-limousine.fr\/wp-content\/uploads\/elementor\/thumbs\/WORK1015-trip-e1461841777748-1-qfq8fzc13hup8k9o2ksn15qh69mku450vmv2027j2c.jpg\" title=\"WORK1015-trip\" alt=\"\u5728\u673a\u573a\u63d0\u7740\u884c\u674e\u7bb1\u7684\u5546\u52a1\u5973\u58eb\" loading=\"lazy\" \/>\t\t\t\t\t\t\t\t\t\t\t\t\t\t\t<\/div>\n\t\t\t\t<\/div>\n\t\t\t\t<div class=\"elementor-element elementor-element-895c50a elementor-widget elementor-widget-text-editor\" data-id=\"895c50a\" data-element_type=\"widget\" data-e-type=\"widget\" data-widget_type=\"text-editor.default\">\n\t\t\t\t<div class=\"elementor-widget-container\">\n\t\t\t\t\t\t\t\t\t<div class=\"four columns\"><div class=\"limoking-ux column-service-ux\"><div class=\"limoking-item limoking-column-service-item limoking-medium\"><div class=\"column-service-content-wrapper\"><div class=\"column-service-content limoking-skin-content\"><p>\u7531\u53f8\u673a\u9a7e\u9a76\u7684\u6c7d\u8f66\u00a0<a href=\"https:\/\/www.vtc-limousine.fr\/zh\/%e6%88%91%e4%bb%ac%e7%9a%84%e8%bd%a6%e8%be%86\/\">(VTC)<\/a>\u00a0\u6211\u4eec\u5c06\u5e26\u60a8\u4ece\u673a\u573a\u51fa\u53d1\u6216\u524d\u5f80\u60a8\u9009\u62e9\u7684\u673a\u573a\u3002\u6211\u4eec\u4e3a\u4ee5\u4e0b\u673a\u573a\u63d0\u4f9b\u670d\u52a1\u00a0<br \/>VTC \u8f6c\u63a5\u00a0<a href=\"https:\/\/www.vtc-limousine.fr\/zh\/vtc-%e7%a7%81%e4%ba%ba%e6%8e%a5%e9%80%81\/%e7%a7%81%e4%ba%ba%e5%8f%b8%e6%9c%ba-%e9%a9%ac%e8%b5%9b-%e6%99%ae%e7%bd%97%e6%97%ba%e6%96%af%e6%9c%ba%e5%9c%ba-%e5%a4%ab%e4%ba%ba\/\" target=\"_blank\" rel=\"noopener\">\u9a6c\u8d5b\u666e\u7f57\u65fa\u65af\u673a\u573a\u00a0<\/a><br \/>VTC \u8f6c\u63a5<a href=\"\/zh\/%e7%a7%81%e4%ba%ba%e5%8f%b8%e6%9c%ba\/%e7%a7%81%e4%ba%ba%e5%8f%b8%e6%9c%ba-paca\/%e5%ba%b7%e5%9f%8e%e7%a7%81%e4%ba%ba%e5%8f%b8%e6%9c%ba\/\" target=\"_blank\" rel=\"noopener\">\u00a0\u5c3c\u65af\u851a\u84dd\u6d77\u5cb8\u673a\u573a<\/a><br \/>VTC \u8f6c\u63a5\u00a0<a href=\"\/zh\/vtc-%e7%a7%81%e4%ba%ba%e6%8e%a5%e9%80%81\/%e6%91%a9%e7%ba%b3%e5%93%a5%e7%a7%81%e4%ba%ba%e5%8f%b8%e6%9c%ba\/\" target=\"_blank\" rel=\"noopener\">\u6469\u7eb3\u54e5\u76f4\u5347\u673a\u573a<\/a><br \/>VTC \u8f6c\u63a5\u00a0<a href=\"https:\/\/www.vtc-limousine.fr\/zh\/vtc-%e7%a7%81%e4%ba%ba%e6%8e%a5%e9%80%81\/%e7%a7%81%e4%ba%ba%e5%8f%b8%e6%9c%ba-fbo-aeroport-le-casteelet-lfmq\/\" target=\"_blank\" rel=\"noopener\">\u52d2\u5361\u65af\u7279\u83b1\u673a\u573a<\/a><br \/>VTC \u8f6c\u63a5\u00a0<a href=\"https:\/\/www.vtc-limousine.fr\/zh\/%e7%a7%81%e4%ba%ba%e5%8f%b8%e6%9c%ba\/%e7%a7%81%e4%ba%ba%e5%8f%b8%e6%9c%ba-paca\/%e5%b8%a6%e5%8f%b8%e6%9c%ba%e5%9c%a3%e7%89%b9%e7%bd%97%e4%bd%a9%e7%a7%9f%e8%bd%a6\/\" target=\"_blank\" rel=\"noopener\">\u5723\u7279\u7f57\u4f69\u9ad8\u5c14\u592b\u673a\u573a\u00a0<\/a><br \/>VTC \u8f6c\u63a5\u00a0<a href=\"\/zh\/%e7%a7%81%e4%ba%ba%e5%8f%b8%e6%9c%ba\/%e7%a7%81%e4%ba%ba%e5%8f%b8%e6%9c%ba-paca\/%e9%98%bf%e7%bb%b4%e5%b0%bc%e7%bf%81%e7%a7%81%e4%ba%ba%e5%8f%b8%e6%9c%ba\/\" target=\"_blank\" rel=\"noopener\">\u963f\u7ef4\u5c3c\u7fc1\u666e\u7f57\u65fa\u65af\u673a\u573a\u00a0<\/a><br \/>VTC \u8f6c\u63a5\u00a0<a href=\"https:\/\/www.vtc-limousine.fr\/zh\/fr\/%e5%b7%b4%e9%bb%8e%e5%9c%a3%e7%89%b9%e7%bd%97%e4%bd%a9%e9%85%92%e5%ba%97%e7%a7%81%e4%ba%ba%e5%8f%b8%e6%9c%ba-83990\/\" target=\"_blank\" rel=\"noopener\">\u571f\u4f26\u6d77\u8036\u5c14\u673a\u573a<\/a><br \/>VTC \u8f6c\u63a5\u00a0<a href=\"https:\/\/www.vtc-limousine.fr\/zh\/vtc-%e7%a7%81%e4%ba%ba%e6%8e%a5%e9%80%81\/%e8%92%99%e5%bd%bc%e5%88%a9%e5%9f%83%e6%9c%ba%e5%9c%ba%e7%a7%81%e4%ba%ba%e5%8f%b8%e6%9c%ba\/\" target=\"_blank\" rel=\"noopener\">\u8499\u5f7c\u5229\u57c3\u5730\u4e2d\u6d77\u673a\u573a<\/a><\/p><\/div><\/div><\/div><\/div><\/div>\t\t\t\t\t\t\t\t<\/div>\n\t\t\t\t<\/div>\n\t\t\t\t\t<\/div>\n\t\t<\/div>\n\t\t\t\t<div class=\"elementor-column elementor-col-33 elementor-top-column elementor-element elementor-element-0ea0348\" data-id=\"0ea0348\" data-element_type=\"column\" data-e-type=\"column\">\n\t\t\t<div class=\"elementor-widget-wrap elementor-element-populated\">\n\t\t\t\t\t\t<div class=\"elementor-element elementor-element-35e8cff elementor-widget elementor-widget-heading\" data-id=\"35e8cff\" data-element_type=\"widget\" data-e-type=\"widget\" data-widget_type=\"heading.default\">\n\t\t\t\t<div class=\"elementor-widget-container\">\n\t\t\t\t\t<h3 class=\"elementor-heading-title elementor-size-small\">VTC \u8f6c\u8fd0\u7ad9 <\/h3>\t\t\t\t<\/div>\n\t\t\t\t<\/div>\n\t\t\t\t<div class=\"elementor-element elementor-element-9e542a7 elementor-widget elementor-widget-image\" data-id=\"9e542a7\" data-element_type=\"widget\" data-e-type=\"widget\" data-widget_type=\"image.default\">\n\t\t\t\t<div class=\"elementor-widget-container\">\n\t\t\t\t\t\t\t\t\t\t\t\t\t\t\t<img decoding=\"async\" src=\"https:\/\/www.vtc-limousine.fr\/wp-content\/uploads\/elementor\/thumbs\/aixtgv-e1462955693358-1-qfq89fejg2vqafsdc8ta5b9s2jxg634eb746jlxcg4.jpg\" title=\"4 T\" alt=\"VTC \u8f6c\u4e58\u827e\u514b\u65af\u666e\u7f57\u65fa\u65af TGV \u7ad9\" loading=\"lazy\" \/>\t\t\t\t\t\t\t\t\t\t\t\t\t\t\t<\/div>\n\t\t\t\t<\/div>\n\t\t\t\t<div class=\"elementor-element elementor-element-2164af0 elementor-widget elementor-widget-text-editor\" data-id=\"2164af0\" data-element_type=\"widget\" data-e-type=\"widget\" data-widget_type=\"text-editor.default\">\n\t\t\t\t<div class=\"elementor-widget-container\">\n\t\t\t\t\t\t\t\t\t<p>\u7531\u53f8\u673a\u9a7e\u9a76\u7684\u6c7d\u8f66\u00a0<a href=\"https:\/\/www.vtc-limousine.fr\/zh\/%e6%88%91%e4%bb%ac%e7%9a%84%e8%bd%a6%e8%be%86\/\">(VTC)<\/a>\u00a0\u6211\u4eec\u5c06\u628a\u60a8\u4ece\u60a8\u7684\u8f66\u7ad9\u6216\u60a8\u9009\u62e9\u7684\u8f66\u7ad9\u9001\u51fa\u3002\u6211\u4eec\u4e3a\u4ee5\u4e0b\u8f66\u7ad9\u63d0\u4f9b\u670d\u52a1<br \/>VTC \u8f6c\u63a5<a href=\"https:\/\/www.vtc-limousine.fr\/zh\/vtc-%e7%a7%81%e4%ba%ba%e6%8e%a5%e9%80%81\/%e7%a7%81%e4%ba%ba%e5%8f%b8%e6%9c%ba-%e9%a9%ac%e8%b5%9b-%e6%99%ae%e7%bd%97%e6%97%ba%e6%96%af%e6%9c%ba%e5%9c%ba-%e5%a4%ab%e4%ba%ba\/\" target=\"_blank\" rel=\"noopener\">\u00a0\u9a6c\u8d5b\u5723\u590f\u5c14\u7ad9<\/a><br \/>VTC \u8f6c\u63a5\u00a0<a href=\"https:\/\/www.vtc-limousine.fr\/zh\/fr\/reservation-transfert-vtc-gare-aix-en-provence-tgv\/\" target=\"_blank\" rel=\"noopener\">\u666e\u7f57\u65fa\u65af\u5730\u533a\u827e\u514b\u65af TGV \u706b\u8f66\u7ad9<\/a><br \/>VTC \u8f6c\u63a5<a href=\"\/zh\/%e7%a7%81%e4%ba%ba%e5%8f%b8%e6%9c%ba\/%e7%a7%81%e4%ba%ba%e5%8f%b8%e6%9c%ba-paca\/%e9%98%bf%e7%bb%b4%e5%b0%bc%e7%bf%81%e7%a7%81%e4%ba%ba%e5%8f%b8%e6%9c%ba\/\" target=\"_blank\" rel=\"noopener\">\u00a0\u963f\u7ef4\u5c3c\u7fc1 TGV \u706b\u8f66\u7ad9<\/a><br \/>VTC \u8f6c\u8f66\u571f\u4f26 SNCF \u706b\u8f66\u7ad9\u00a0<br \/>VTC \u8499\u5f7c\u5229\u57c3 Saint-Roch \u7ad9\u6362\u4e58<\/p>\t\t\t\t\t\t\t\t<\/div>\n\t\t\t\t<\/div>\n\t\t\t\t\t<\/div>\n\t\t<\/div>\n\t\t\t\t<div class=\"elementor-column elementor-col-33 elementor-top-column elementor-element elementor-element-4cf8eda\" data-id=\"4cf8eda\" data-element_type=\"column\" data-e-type=\"column\">\n\t\t\t<div class=\"elementor-widget-wrap elementor-element-populated\">\n\t\t\t\t\t\t<div class=\"elementor-element elementor-element-1d97f03 elementor-widget elementor-widget-heading\" data-id=\"1d97f03\" data-element_type=\"widget\" data-e-type=\"widget\" data-widget_type=\"heading.default\">\n\t\t\t\t<div class=\"elementor-widget-container\">\n\t\t\t\t\t<h3 class=\"elementor-heading-title elementor-size-small\">\u6e38\u8247\u63a5\u9001<\/h3>\t\t\t\t<\/div>\n\t\t\t\t<\/div>\n\t\t\t\t<div class=\"elementor-element elementor-element-9113452 elementor-widget elementor-widget-image\" data-id=\"9113452\" data-element_type=\"widget\" data-e-type=\"widget\" data-widget_type=\"image.default\">\n\t\t\t\t<div class=\"elementor-widget-container\">\n\t\t\t\t\t\t\t\t\t\t\t\t\t\t\t<img decoding=\"async\" src=\"https:\/\/www.vtc-limousine.fr\/wp-content\/uploads\/elementor\/thumbs\/12314661_1181324875230561_2549917994845135698_o-e1461913792875-1-qfq8eip2grun6ee4ly1j5j0nwou0v2c20ebv4kdkqs.jpg\" title=\"12314661_1181324875230561_2549917994845135698_o\" alt=\"12314661_1181324875230561_2549917994845135698_o\" loading=\"lazy\" \/>\t\t\t\t\t\t\t\t\t\t\t\t\t\t\t<\/div>\n\t\t\t\t<\/div>\n\t\t\t\t<div class=\"elementor-element elementor-element-b923b06 elementor-widget elementor-widget-text-editor\" data-id=\"b923b06\" data-element_type=\"widget\" data-e-type=\"widget\" data-widget_type=\"text-editor.default\">\n\t\t\t\t<div class=\"elementor-widget-container\">\n\t\t\t\t\t\t\t\t\t<p>\u60a8\u7684\u53f8\u673a\u00a0<a href=\"https:\/\/www.vtc-limousine.fr\/zh\/%e6%88%91%e4%bb%ac%e7%9a%84%e8%bd%a6%e8%be%86\/\">(VTC)<\/a>\u00a0\u6211\u4eec\u5c06\u628a\u60a8\u4ece\u6e2f\u53e3\u6216\u60a8\u9009\u62e9\u7684\u8f6e\u6e21\u7801\u5934\u9001\u51fa\u3002 \u00a0<br \/>\u6211\u4eec\u4e3a \uff1a\u00a0<br \/>VTC \u8f6c\u63a5\u00a0<a href=\"https:\/\/www.vtc-limousine.fr\/zh\/fr\/vtc-%e8%bd%ac%e4%b9%98%e6%b8%b8%e8%bd%ae%e9%a9%ac%e8%b5%9b%e6%b8%af\/\" target=\"_blank\" rel=\"noopener\">\u9a6c\u8d5b\u8f6e\u6e21\u7801\u5934\u548c\u6e38\u8f6e\u7801\u5934\u00a0<\/a><br \/>VTC \u63a5\u9001\u963f\u7ef4\u5c3c\u7fc1\u6cb3\u6e38\u8239\u00a0<br \/>VTC \u8f6c\u8fd0\u5723\u7279\u7f57\u4f69\u6e2f<br \/>VTC Cannes Port Canto \u8f6c\u673a\u00a0<br \/>\u6469\u7eb3\u54e5\u6e2f VTC \u8f6c\u673a\u00a0<br \/>VTC \u8f6c\u63a5 \u5c3c\u65af\u7aef\u53e3\u00a0<br \/>VTC \u8f6c\u63a5\u00a0<a href=\"https:\/\/www.vtc-limousine.fr\/zh\/fr\/vtc-%e8%bd%ac%e4%b9%98%e6%b8%b8%e8%bd%ae%e9%a9%ac%e8%b5%9b%e6%b8%af\/\" target=\"_blank\" rel=\"noopener\">\u571f\u4f26\u8f6e\u6e21\u7801\u5934\u548c\u6e38\u8f6e\u7801\u5934\u00a0<\/a><\/p>\t\t\t\t\t\t\t\t<\/div>\n\t\t\t\t<\/div>\n\t\t\t\t\t<\/div>\n\t\t<\/div>\n\t\t\t\t\t<\/div>\n\t\t<\/section>\n\t\t\t\t<\/div>","protected":false},"excerpt":{"rendered":"<p>Transfert VTC dans la r\u00e9gion PACA Class eDriver Limousine\u00a0 vous propose de r\u00e9server \u00a0un transfert priv\u00e9 vtc avec luxueuse et confortable \u00a0voiture avec chauffeur exp\u00e9riment\u00e9 et professionnel, \u00a0bilingue anglais fran\u00e7ais, pour vous accueillir au terminal de votre arriv\u00e9e. Votre chauffeur vous attendra aux arriv\u00e9es a\u00e9roport apr\u00e8s les douanes avec un panneau avec votre nom. Votre [&hellip;]<\/p>","protected":false},"author":1,"featured_media":9702,"parent":0,"menu_order":0,"comment_status":"closed","ping_status":"closed","template":"","meta":{"footnotes":""},"class_list":["post-14046","page","type-page","status-publish","has-post-thumbnail","hentry"],"_links":{"self":[{"href":"https:\/\/www.vtc-limousine.fr\/zh\/wp-json\/wp\/v2\/pages\/14046","targetHints":{"allow":["GET"]}}],"collection":[{"href":"https:\/\/www.vtc-limousine.fr\/zh\/wp-json\/wp\/v2\/pages"}],"about":[{"href":"https:\/\/www.vtc-limousine.fr\/zh\/wp-json\/wp\/v2\/types\/page"}],"author":[{"embeddable":true,"href":"https:\/\/www.vtc-limousine.fr\/zh\/wp-json\/wp\/v2\/users\/1"}],"replies":[{"embeddable":true,"href":"https:\/\/www.vtc-limousine.fr\/zh\/wp-json\/wp\/v2\/comments?post=14046"}],"version-history":[{"count":34,"href":"https:\/\/www.vtc-limousine.fr\/zh\/wp-json\/wp\/v2\/pages\/14046\/revisions"}],"predecessor-version":[{"id":22053,"href":"https:\/\/www.vtc-limousine.fr\/zh\/wp-json\/wp\/v2\/pages\/14046\/revisions\/22053"}],"wp:featuredmedia":[{"embeddable":true,"href":"https:\/\/www.vtc-limousine.fr\/zh\/wp-json\/wp\/v2\/media\/9702"}],"wp:attachment":[{"href":"https:\/\/www.vtc-limousine.fr\/zh\/wp-json\/wp\/v2\/media?parent=14046"}],"curies":[{"name":"wp","href":"https:\/\/api.w.org\/{rel}","templated":true}]}}