{"id":13612,"date":"2022-03-02T15:59:44","date_gmt":"2022-03-02T15:59:44","guid":{"rendered":"https:\/\/www.vtc-limousine.fr\/?page_id=13612"},"modified":"2026-02-18T10:20:59","modified_gmt":"2026-02-18T10:20:59","slug":"%e7%a7%81%e4%ba%ba%e5%8f%b8%e6%9c%ba","status":"publish","type":"page","link":"https:\/\/www.vtc-limousine.fr\/zh\/%e7%a7%81%e4%ba%ba%e5%8f%b8%e6%9c%ba\/","title":{"rendered":"\u79c1\u4eba\u53f8\u673a"},"content":{"rendered":"<div data-elementor-type=\"wp-page\" data-elementor-id=\"13612\" class=\"elementor elementor-13612\" data-elementor-post-type=\"page\">\n\t\t\t\t\t\t<section class=\"elementor-section elementor-top-section elementor-element elementor-element-5e739282 elementor-section-full_width elementor-section-height-min-height elementor-section-height-default elementor-section-items-middle\" data-id=\"5e739282\" data-element_type=\"section\" data-e-type=\"section\" data-settings=\"{&quot;background_background&quot;:&quot;classic&quot;}\">\n\t\t\t\t\t\t\t<div class=\"elementor-background-overlay\"><\/div>\n\t\t\t\t\t\t\t<div class=\"elementor-container elementor-column-gap-default\">\n\t\t\t\t\t<div class=\"elementor-column elementor-col-100 elementor-top-column elementor-element elementor-element-1faf7528\" data-id=\"1faf7528\" data-element_type=\"column\" data-e-type=\"column\">\n\t\t\t<div class=\"elementor-widget-wrap\">\n\t\t\t\t\t\t\t<\/div>\n\t\t<\/div>\n\t\t\t\t\t<\/div>\n\t\t<\/section>\n\t\t\t\t<section class=\"elementor-section elementor-top-section elementor-element elementor-element-65088e05 elementor-section-boxed elementor-section-height-default elementor-section-height-default\" data-id=\"65088e05\" data-element_type=\"section\" data-e-type=\"section\">\n\t\t\t\t\t\t<div class=\"elementor-container elementor-column-gap-default\">\n\t\t\t\t\t<div class=\"elementor-column elementor-col-100 elementor-top-column elementor-element elementor-element-344a6702\" data-id=\"344a6702\" data-element_type=\"column\" data-e-type=\"column\">\n\t\t\t<div class=\"elementor-widget-wrap elementor-element-populated\">\n\t\t\t\t\t\t<div class=\"elementor-element elementor-element-036466f elementor-widget elementor-widget-shortcode\" data-id=\"036466f\" data-element_type=\"widget\" data-e-type=\"widget\" data-widget_type=\"shortcode.default\">\n\t\t\t\t<div class=\"elementor-widget-container\">\n\t\t\t\t\t\t\t<div class=\"elementor-shortcode\"><nav aria-label=\"\u9762\u5305\u5c51\">\n            <div class=\"breadcrumb-container theme1\">\n                <ol>\n                                    <\/ol>\n            <\/div>\n        <\/nav>    <script type=\"application\/ld+json\">\n        {\n            \"@context\": \"http:\/\/schema.org\",\n            \"@type\": \"BreadcrumbList\",\n            \"itemListElement\": [\n                            ]\n        }\n    <\/script>\n   \n    <script>\n            <\/script>\n<\/div>\n\t\t\t\t\t\t<\/div>\n\t\t\t\t<\/div>\n\t\t\t\t<div class=\"elementor-element elementor-element-6d44219e elementor-widget elementor-widget-heading\" data-id=\"6d44219e\" data-element_type=\"widget\" data-e-type=\"widget\" data-widget_type=\"heading.default\">\n\t\t\t\t<div class=\"elementor-widget-container\">\n\t\t\t\t\t<h1 class=\"elementor-heading-title elementor-size-default\">\u79c1\u4eba\u53f8\u673a<\/h1>\t\t\t\t<\/div>\n\t\t\t\t<\/div>\n\t\t\t\t<div class=\"elementor-element elementor-element-2cda9272 elementor-widget elementor-widget-heading\" data-id=\"2cda9272\" data-element_type=\"widget\" data-e-type=\"widget\" data-widget_type=\"heading.default\">\n\t\t\t\t<div class=\"elementor-widget-container\">\n\t\t\t\t\t<h2 class=\"elementor-heading-title elementor-size-default\">\u9ad8\u7ea7\u79c1\u4eba\u53f8\u673a\u670d\u52a1<\/h2>\t\t\t\t<\/div>\n\t\t\t\t<\/div>\n\t\t\t\t\t<\/div>\n\t\t<\/div>\n\t\t\t\t\t<\/div>\n\t\t<\/section>\n\t\t\t\t<section class=\"elementor-section elementor-top-section elementor-element elementor-element-c8573c3 elementor-section-boxed elementor-section-height-default elementor-section-height-default\" data-id=\"c8573c3\" data-element_type=\"section\" data-e-type=\"section\">\n\t\t\t\t\t\t<div class=\"elementor-container elementor-column-gap-default\">\n\t\t\t\t\t<div class=\"elementor-column elementor-col-100 elementor-top-column elementor-element elementor-element-3ae0696\" data-id=\"3ae0696\" data-element_type=\"column\" data-e-type=\"column\">\n\t\t\t<div class=\"elementor-widget-wrap elementor-element-populated\">\n\t\t\t\t\t\t<div class=\"elementor-element elementor-element-da0da32 elementor-align-center elementor-widget elementor-widget-button\" data-id=\"da0da32\" data-element_type=\"widget\" data-e-type=\"widget\" data-widget_type=\"button.default\">\n\t\t\t\t<div class=\"elementor-widget-container\">\n\t\t\t\t\t\t\t\t\t<div class=\"elementor-button-wrapper\">\n\t\t\t\t\t<a class=\"elementor-button elementor-button-link elementor-size-sm\" href=\"https:\/\/www.vtc-limousine.fr\/wp-content\/uploads\/2023\/07\/ENG-Plaquette-pdf-Class-eDriver2.pdf\" target=\"_blank\">\n\t\t\t\t\t\t<span class=\"elementor-button-content-wrapper\">\n\t\t\t\t\t\t\t\t\t<span class=\"elementor-button-text\">\u4e0b\u8f7d\u6211\u4eec\u7684\u65b0\u95fb\u8d44\u6599\u888b<\/span>\n\t\t\t\t\t<\/span>\n\t\t\t\t\t<\/a>\n\t\t\t\t<\/div>\n\t\t\t\t\t\t\t\t<\/div>\n\t\t\t\t<\/div>\n\t\t\t\t<div class=\"elementor-element elementor-element-e3cfce5 elementor-widget elementor-widget-text-editor\" data-id=\"e3cfce5\" data-element_type=\"widget\" data-e-type=\"widget\" data-widget_type=\"text-editor.default\">\n\t\t\t\t<div class=\"elementor-widget-container\">\n\t\t\t\t\t\t\t\t\t<p data-start=\"149\" data-end=\"947\">\u7ea7 eDriver \u8c6a\u534e\u8f7f\u8f66\u63d0\u4f9b <strong data-start=\"182\" data-end=\"245\">\u6cd5\u56fd\u5357\u90e8\u7684\u4f18\u8d28\u79c1\u4eba\u53f8\u673a\u670d\u52a1<\/strong>\u4f18\u96c5\u3001\u8212\u9002\u548c\u5b89\u5168\u7684\u5b8c\u7f8e\u7ed3\u5408\u3002\u65e0\u8bba\u662f <strong data-start=\"307\" data-end=\"343\">\u673a\u573a\u6216\u8f66\u7ad9\u63a5\u9001<\/strong>\u548c <strong data-start=\"349\" data-end=\"370\">\u79c1\u4eba\u6d3b\u52a8<\/strong>\u548c <strong data-start=\"376\" data-end=\"401\">\u5b9a\u5236\u6e38\u89c8<\/strong> \u6216 <strong data-start=\"409\" data-end=\"431\">\u5546\u52a1\u65c5\u884c<\/strong>\u6211\u4eec\u7684 <strong data-start=\"449\" data-end=\"516\">\u8c6a\u534e\u623f\u8f66\u3001\u9ad8\u7ea7\u9762\u5305\u8f66\u548c 19 \u5ea7\u8c6a\u534e Sprinter<\/strong> \u4fdd\u8bc1\u4e3a\u5404\u7c7b\u5ba2\u6237\u63d0\u4f9b\u6700\u4f18\u8d28\u7684\u8fd0\u8f93\u670d\u52a1\u3002\u6211\u4eec\u7684 <strong data-start=\"589\" data-end=\"631\">\u4e13\u4e1a\u7684\u53cc\u8bed\u53f8\u673a<\/strong>\u7ecf\u8fc7\u8d35\u5bbe\u670d\u52a1\u57f9\u8bad\u7684 Class eDriver Limousine \u53f8\u673a\u63d0\u4f9b\u8c28\u614e\u3001\u51c6\u65f6\u548c\u4e2a\u6027\u5316\u7684\u534f\u52a9\uff0c\u4f18\u5316\u6bcf\u6b21\u65c5\u7a0b\uff0c\u4f7f\u6bcf\u6b21\u65c5\u7a0b\u90fd\u7b80\u5355\u3001\u6109\u5feb\u548c\u96be\u5fd8\u3002\u4f7f\u7528 Class eDriver Limousine\uff0c\u60a8\u53ef\u4ee5\u4eab\u53d7\u5230 <strong data-start=\"849\" data-end=\"896\">\u72ec\u4e00\u65e0\u4e8c\u7684\u7cbe\u81f4\u4ea4\u901a\u4f53\u9a8c<\/strong> \u6574\u4e2a\u666e\u7f57\u65fa\u65af-\u963f\u5c14\u5351\u65af-\u84dd\u8272\u6d77\u5cb8\u5730\u533a\u3002<\/p>\t\t\t\t\t\t\t\t<\/div>\n\t\t\t\t<\/div>\n\t\t\t\t\t<\/div>\n\t\t<\/div>\n\t\t\t\t\t<\/div>\n\t\t<\/section>\n\t\t\t\t<section class=\"elementor-section elementor-top-section elementor-element elementor-element-3454769 elementor-section-boxed elementor-section-height-default elementor-section-height-default\" data-id=\"3454769\" data-element_type=\"section\" data-e-type=\"section\">\n\t\t\t\t\t\t<div class=\"elementor-container elementor-column-gap-default\">\n\t\t\t\t\t<div class=\"elementor-column elementor-col-100 elementor-top-column elementor-element elementor-element-b5b3525\" data-id=\"b5b3525\" data-element_type=\"column\" data-e-type=\"column\">\n\t\t\t<div class=\"elementor-widget-wrap elementor-element-populated\">\n\t\t\t\t\t\t<div class=\"elementor-element elementor-element-def1b33 elementor-widget elementor-widget-heading\" data-id=\"def1b33\" data-element_type=\"widget\" data-e-type=\"widget\" data-widget_type=\"heading.default\">\n\t\t\t\t<div class=\"elementor-widget-container\">\n\t\t\t\t\t<h3 class=\"elementor-heading-title elementor-size-default\">\u4e3a\u516c\u53f8\u548c\u5956\u52b1\u65c5\u884c\u63d0\u4f9b\u8d35\u5bbe\u63a5\u9001\u670d\u52a1\u3001\u5c0f\u578b\u9762\u5305\u8f66\u548c 19 \u5ea7\u8c6a\u534e Sprinter \u5ba2\u8f66<\/h3>\t\t\t\t<\/div>\n\t\t\t\t<\/div>\n\t\t\t\t<section class=\"elementor-section elementor-inner-section elementor-element elementor-element-b7a5c8d elementor-section-boxed elementor-section-height-default elementor-section-height-default\" data-id=\"b7a5c8d\" data-element_type=\"section\" data-e-type=\"section\">\n\t\t\t\t\t\t<div class=\"elementor-container elementor-column-gap-default\">\n\t\t\t\t\t<div class=\"elementor-column elementor-col-50 elementor-inner-column elementor-element elementor-element-cb48d7d\" data-id=\"cb48d7d\" data-element_type=\"column\" data-e-type=\"column\">\n\t\t\t<div class=\"elementor-widget-wrap elementor-element-populated\">\n\t\t\t\t\t\t<div class=\"elementor-element elementor-element-a9b18ee elementor-widget elementor-widget-text-editor\" data-id=\"a9b18ee\" data-element_type=\"widget\" data-e-type=\"widget\" data-widget_type=\"text-editor.default\">\n\t\t\t\t<div class=\"elementor-widget-container\">\n\t\t\t\t\t\t\t\t\t<p><a href=\"https:\/\/www.vtc-limousine.fr\/zh\/%e7%a7%81%e4%ba%ba%e5%8f%b8%e6%9c%ba\/%e7%a7%81%e4%ba%ba%e5%8f%b8%e6%9c%ba-paca\/%e8%89%be%e5%85%8b%e6%96%af%e6%99%ae%e7%bd%97%e6%97%ba%e6%96%af%e7%a7%81%e4%ba%ba%e5%8f%b8%e6%9c%ba\/\">\u666e\u7f57\u65fa\u65af\u5730\u533a\u827e\u514b\u65af<\/a><br \/><a href=\"https:\/\/www.vtc-limousine.fr\/zh\/%e7%a7%81%e4%ba%ba%e5%8f%b8%e6%9c%ba\/%e7%a7%81%e4%ba%ba%e5%8f%b8%e6%9c%ba-paca\/%e9%a9%ac%e8%b5%9b%e7%a7%81%e4%ba%ba%e5%8f%b8%e6%9c%ba\/\">\u9a6c\u8d5b<\/a><br \/><a href=\"https:\/\/www.vtc-limousine.fr\/zh\/%e7%a7%81%e4%ba%ba%e5%8f%b8%e6%9c%ba\/%e7%a7%81%e4%ba%ba%e5%8f%b8%e6%9c%ba-paca\/%e7%a7%81%e4%ba%ba%e5%8f%b8%e6%9c%ba%e5%b7%a1%e5%9b%9e%e8%b5%9b-paul-ricard\/\">\u4fdd\u7f57-\u91cc\u5361\u5c14\u8d5b\u9053<\/a><br \/><a href=\"https:\/\/www.vtc-limousine.fr\/zh\/%e7%a7%81%e4%ba%ba%e5%8f%b8%e6%9c%ba\/%e7%a7%81%e4%ba%ba%e5%8f%b8%e6%9c%ba-paca\/%e9%98%bf%e7%bb%b4%e5%b0%bc%e7%bf%81%e7%a7%81%e4%ba%ba%e5%8f%b8%e6%9c%ba\/\">\u963f\u7ef4\u5c3c\u7fc1<\/a><br \/><a href=\"https:\/\/www.vtc-limousine.fr\/zh\/vtc-%e7%a7%81%e4%ba%ba%e6%8e%a5%e9%80%81\/%e7%a7%81%e4%ba%ba%e5%8f%b8%e6%9c%ba-arles-camargue\/\" target=\"_blank\" rel=\"noopener\">\u963f\u5c14\u52d2\u548c\u5361\u9a6c\u683c<\/a><br \/><a href=\"https:\/\/www.vtc-limousine.fr\/zh\/vtc-%e7%a7%81%e4%ba%ba%e6%8e%a5%e9%80%81\/%e7%a7%81%e4%ba%ba%e5%8f%b8%e6%9c%ba-st-remy-de-provence\/\" target=\"_blank\" rel=\"noopener\">\u666e\u7f57\u65fa\u65af\u5723\u96f7\u7c73<\/a><br \/><a href=\"https:\/\/www.vtc-limousine.fr\/zh\/vtc-%e7%a7%81%e4%ba%ba%e6%8e%a5%e9%80%81\/%e5%9c%a3%e7%89%b9%e7%bd%97%e4%bd%a9%e7%a7%81%e4%ba%ba%e5%8f%b8%e6%9c%ba\/\">\u5723\u7279\u7f57\u4f69<\/a><br \/><a href=\"https:\/\/www.vtc-limousine.fr\/zh\/%e7%a7%81%e4%ba%ba%e5%8f%b8%e6%9c%ba\/%e7%a7%81%e4%ba%ba%e5%8f%b8%e6%9c%ba-paca\/%e5%ba%b7%e5%9f%8e%e7%a7%81%e4%ba%ba%e5%8f%b8%e6%9c%ba\/\">\u621b\u7eb3<\/a><br \/><a href=\"https:\/\/www.vtc-limousine.fr\/zh\/%e7%a7%81%e4%ba%ba%e5%8f%b8%e6%9c%ba\/%e7%a7%81%e4%ba%ba%e5%8f%b8%e6%9c%ba-paca\/%e7%a7%81%e4%ba%ba%e5%8f%b8%e6%9c%ba-2\/\" target=\"_blank\" rel=\"noopener\">\u4e0d\u9519<\/a><br \/><a href=\"https:\/\/www.vtc-limousine.fr\/zh\/vtc-%e7%a7%81%e4%ba%ba%e6%8e%a5%e9%80%81\/%e6%91%a9%e7%ba%b3%e5%93%a5%e7%a7%81%e4%ba%ba%e5%8f%b8%e6%9c%ba\/\">\u6469\u7eb3\u54e5<\/a><br \/><a href=\"https:\/\/www.vtc-limousine.fr\/zh\/vtc-%e7%a7%81%e4%ba%ba%e6%8e%a5%e9%80%81\/%e8%92%99%e5%bd%bc%e5%88%a9%e5%9f%83%e6%9c%ba%e5%9c%ba%e7%a7%81%e4%ba%ba%e5%8f%b8%e6%9c%ba\/\">\u8499\u5f7c\u5229\u57c3<\/a><br \/><a href=\"https:\/\/www.vtc-limousine.fr\/zh\/%e7%a7%81%e4%ba%ba%e5%8f%b8%e6%9c%ba\/%e7%a7%81%e4%ba%ba%e5%8f%b8%e6%9c%ba-paca\/%e5%9c%9f%e4%bc%a6%e7%a7%81%e4%ba%ba%e5%8f%b8%e6%9c%ba\/\">\u571f\u4f26<\/a><br \/><a href=\"https:\/\/www.vtc-limousine.fr\/zh\/%e7%a7%81%e4%ba%ba%e5%8f%b8%e6%9c%ba\/%e7%a7%81%e4%ba%ba%e5%8f%b8%e6%9c%ba-paca\/le-castellet-%e7%a7%81%e4%ba%ba%e5%8f%b8%e6%9c%ba\/\">\u52d2\u5361\u65af\u7279\u83b1<\/a><br \/><a href=\"https:\/\/www.vtc-limousine.fr\/zh\/vtc-%e7%a7%81%e4%ba%ba%e6%8e%a5%e9%80%81\/%e7%a7%81%e4%ba%ba%e5%8f%b8%e6%9c%ba-vtc-cassis\/\">\u5361\u897f\u65af<\/a><br \/><a href=\"https:\/\/www.vtc-limousine.fr\/zh\/%e7%a7%81%e4%ba%ba%e5%8f%b8%e6%9c%ba\/%e7%a7%81%e4%ba%ba%e5%8f%b8%e6%9c%ba-paca\/%e9%87%8c%e6%98%82%e7%a7%81%e4%ba%ba%e5%8f%b8%e6%9c%ba\/\" target=\"_blank\" rel=\"noopener\">\u91cc\u6602<\/a><br \/><a href=\"https:\/\/www.vtc-limousine.fr\/zh\/%e7%a7%81%e4%ba%ba%e5%8f%b8%e6%9c%ba\/%e7%a7%81%e4%ba%ba%e5%8f%b8%e6%9c%ba-paca\/%e5%b7%b4%e9%bb%8e%e7%a7%81%e4%ba%ba%e5%8f%b8%e6%9c%ba\/\" target=\"_blank\" rel=\"noopener\">\u5df4\u9ece<\/a><br \/><a href=\"https:\/\/www.vtc-limousine.fr\/zh\/%e7%a7%81%e4%ba%ba%e5%8f%b8%e6%9c%ba\/%e5%b8%a6%e5%8f%b8%e6%9c%ba%e7%9a%84%e6%b1%bd%e8%bd%a6-vtc-%e6%88%88%e5%b0%94%e5%be%b7\/\">\u6208\u5c14\u5fb7<\/a><br \/><a href=\"https:\/\/www.vtc-limousine.fr\/zh\/%e7%a7%81%e4%ba%ba%e5%8f%b8%e6%9c%ba\/%e7%a7%81%e4%ba%ba%e5%8f%b8%e6%9c%ba-la-ciotat-13600\/\">\u62c9\u9f50\u5965\u5854<\/a><\/p>\t\t\t\t\t\t\t\t<\/div>\n\t\t\t\t<\/div>\n\t\t\t\t\t<\/div>\n\t\t<\/div>\n\t\t\t\t<div class=\"elementor-column elementor-col-50 elementor-inner-column elementor-element elementor-element-045b688 blocText\" data-id=\"045b688\" data-element_type=\"column\" data-e-type=\"column\" data-settings=\"{&quot;background_background&quot;:&quot;classic&quot;}\">\n\t\t\t<div class=\"elementor-widget-wrap elementor-element-populated\">\n\t\t\t\t\t<div class=\"elementor-background-overlay\"><\/div>\n\t\t\t\t\t\t<div class=\"elementor-element elementor-element-5715218 elementor-widget elementor-widget-heading\" data-id=\"5715218\" data-element_type=\"widget\" data-e-type=\"widget\" data-widget_type=\"heading.default\">\n\t\t\t\t<div class=\"elementor-widget-container\">\n\t\t\t\t\t<p class=\"elementor-heading-title elementor-size-default\"><a href=\"https:\/\/www.vtc-limousine.fr\/zh\/%e7%a7%81%e4%ba%ba%e5%8f%b8%e6%9c%ba\/%e7%a7%81%e4%ba%ba%e5%8f%b8%e6%9c%ba-paca\/\">\u6211\u4eec\u5728 PACA \u7684\u5176\u4ed6\u76ee\u7684\u5730<\/a><\/p>\t\t\t\t<\/div>\n\t\t\t\t<\/div>\n\t\t\t\t\t<\/div>\n\t\t<\/div>\n\t\t\t\t\t<\/div>\n\t\t<\/section>\n\t\t\t\t\t<\/div>\n\t\t<\/div>\n\t\t\t\t\t<\/div>\n\t\t<\/section>\n\t\t\t\t<\/div>","protected":false},"excerpt":{"rendered":"<p>Service de Chauffeur Priv\u00e9 Premium T\u00e9l\u00e9chargez notre dossier de presse Class eDriver Limousine offre un service de chauffeur priv\u00e9 premium dans le Sud de la France, alliant \u00e9l\u00e9gance, confort et s\u00e9curit\u00e9. Que ce soit pour des transferts d\u2019a\u00e9roport ou de gare, des \u00e9v\u00e9nements priv\u00e9s, des excursions sur mesure ou des voyages d\u2019affaires, notre flotte de [&hellip;]<\/p>","protected":false},"author":1,"featured_media":20973,"parent":0,"menu_order":0,"comment_status":"closed","ping_status":"closed","template":"","meta":{"footnotes":""},"class_list":["post-13612","page","type-page","status-publish","has-post-thumbnail","hentry"],"_links":{"self":[{"href":"https:\/\/www.vtc-limousine.fr\/zh\/wp-json\/wp\/v2\/pages\/13612","targetHints":{"allow":["GET"]}}],"collection":[{"href":"https:\/\/www.vtc-limousine.fr\/zh\/wp-json\/wp\/v2\/pages"}],"about":[{"href":"https:\/\/www.vtc-limousine.fr\/zh\/wp-json\/wp\/v2\/types\/page"}],"author":[{"embeddable":true,"href":"https:\/\/www.vtc-limousine.fr\/zh\/wp-json\/wp\/v2\/users\/1"}],"replies":[{"embeddable":true,"href":"https:\/\/www.vtc-limousine.fr\/zh\/wp-json\/wp\/v2\/comments?post=13612"}],"version-history":[{"count":66,"href":"https:\/\/www.vtc-limousine.fr\/zh\/wp-json\/wp\/v2\/pages\/13612\/revisions"}],"predecessor-version":[{"id":23512,"href":"https:\/\/www.vtc-limousine.fr\/zh\/wp-json\/wp\/v2\/pages\/13612\/revisions\/23512"}],"wp:featuredmedia":[{"embeddable":true,"href":"https:\/\/www.vtc-limousine.fr\/zh\/wp-json\/wp\/v2\/media\/20973"}],"wp:attachment":[{"href":"https:\/\/www.vtc-limousine.fr\/zh\/wp-json\/wp\/v2\/media?parent=13612"}],"curies":[{"name":"wp","href":"https:\/\/api.w.org\/{rel}","templated":true}]}}