{"id":13289,"date":"2022-02-18T09:38:16","date_gmt":"2022-02-18T09:38:16","guid":{"rendered":"https:\/\/www.vtc-limousine.fr\/?page_id=13289"},"modified":"2026-02-05T16:09:42","modified_gmt":"2026-02-05T16:09:42","slug":"%e6%b8%b8%e8%a7%88%e6%99%ae%e7%bd%97%e6%97%ba%e6%96%af","status":"publish","type":"page","link":"https:\/\/www.vtc-limousine.fr\/zh\/%e6%b8%b8%e8%a7%88%e6%99%ae%e7%bd%97%e6%97%ba%e6%96%af\/","title":{"rendered":"\u666e\u7f57\u65fa\u65af\u79c1\u4eba\u4e4b\u65c5"},"content":{"rendered":"<div data-elementor-type=\"wp-page\" data-elementor-id=\"13289\" class=\"elementor elementor-13289\" data-elementor-post-type=\"page\">\n\t\t\t\t\t\t<section class=\"elementor-section elementor-top-section elementor-element elementor-element-5e739282 elementor-section-full_width elementor-section-height-min-height elementor-section-height-default elementor-section-items-middle\" data-id=\"5e739282\" data-element_type=\"section\" data-e-type=\"section\" data-settings=\"{&quot;background_background&quot;:&quot;classic&quot;}\">\n\t\t\t\t\t\t\t<div class=\"elementor-background-overlay\"><\/div>\n\t\t\t\t\t\t\t<div class=\"elementor-container elementor-column-gap-default\">\n\t\t\t\t\t<div class=\"elementor-column elementor-col-100 elementor-top-column elementor-element elementor-element-1faf7528\" data-id=\"1faf7528\" data-element_type=\"column\" data-e-type=\"column\">\n\t\t\t<div class=\"elementor-widget-wrap\">\n\t\t\t\t\t\t\t<\/div>\n\t\t<\/div>\n\t\t\t\t\t<\/div>\n\t\t<\/section>\n\t\t\t\t<section class=\"elementor-section elementor-top-section elementor-element elementor-element-65088e05 elementor-section-boxed elementor-section-height-default elementor-section-height-default\" data-id=\"65088e05\" data-element_type=\"section\" data-e-type=\"section\">\n\t\t\t\t\t\t<div class=\"elementor-container elementor-column-gap-default\">\n\t\t\t\t\t<div class=\"elementor-column elementor-col-100 elementor-top-column elementor-element elementor-element-344a6702\" data-id=\"344a6702\" data-element_type=\"column\" data-e-type=\"column\">\n\t\t\t<div class=\"elementor-widget-wrap elementor-element-populated\">\n\t\t\t\t\t\t<div class=\"elementor-element elementor-element-036466f elementor-widget elementor-widget-shortcode\" data-id=\"036466f\" data-element_type=\"widget\" data-e-type=\"widget\" data-widget_type=\"shortcode.default\">\n\t\t\t\t<div class=\"elementor-widget-container\">\n\t\t\t\t\t\t\t<div class=\"elementor-shortcode\"><nav aria-label=\"\u9762\u5305\u5c51\">\n            <div class=\"breadcrumb-container theme1\">\n                <ol>\n                                    <\/ol>\n            <\/div>\n        <\/nav>    <script type=\"application\/ld+json\">\n        {\n            \"@context\": \"http:\/\/schema.org\",\n            \"@type\": \"BreadcrumbList\",\n            \"itemListElement\": [\n                            ]\n        }\n    <\/script>\n   \n    <script>\n            <\/script>\n<\/div>\n\t\t\t\t\t\t<\/div>\n\t\t\t\t<\/div>\n\t\t\t\t<div class=\"elementor-element elementor-element-6d44219e elementor-widget elementor-widget-heading\" data-id=\"6d44219e\" data-element_type=\"widget\" data-e-type=\"widget\" data-widget_type=\"heading.default\">\n\t\t\t\t<div class=\"elementor-widget-container\">\n\t\t\t\t\t<h1 class=\"elementor-heading-title elementor-size-default\">\u666e\u7f57\u65fa\u65af\u79c1\u4eba\u4e4b\u65c5<\/h1>\t\t\t\t<\/div>\n\t\t\t\t<\/div>\n\t\t\t\t<div class=\"elementor-element elementor-element-2cda9272 elementor-widget elementor-widget-heading\" data-id=\"2cda9272\" data-element_type=\"widget\" data-e-type=\"widget\" data-widget_type=\"heading.default\">\n\t\t\t\t<div class=\"elementor-widget-container\">\n\t\t\t\t\t<h2 class=\"elementor-heading-title elementor-size-default\">\u67cf\u6797-\u8ff7\u4f60\u9762\u5305\u8f66-\u8ff7\u4f60\u5df4\u58eb 1 \u81f3 19 \u4eba\u666e\u7f57\u65fa\u65af\u79c1\u4eba\u4e4b\u65c5<\/h2>\t\t\t\t<\/div>\n\t\t\t\t<\/div>\n\t\t\t\t\t<\/div>\n\t\t<\/div>\n\t\t\t\t\t<\/div>\n\t\t<\/section>\n\t\t\t\t<section class=\"elementor-section elementor-top-section elementor-element elementor-element-c8573c3 elementor-section-boxed elementor-section-height-default elementor-section-height-default\" data-id=\"c8573c3\" data-element_type=\"section\" data-e-type=\"section\">\n\t\t\t\t\t\t<div class=\"elementor-container elementor-column-gap-default\">\n\t\t\t\t\t<div class=\"elementor-column elementor-col-100 elementor-top-column elementor-element elementor-element-3ae0696\" data-id=\"3ae0696\" data-element_type=\"column\" data-e-type=\"column\">\n\t\t\t<div class=\"elementor-widget-wrap\">\n\t\t\t\t\t\t\t<\/div>\n\t\t<\/div>\n\t\t\t\t\t<\/div>\n\t\t<\/section>\n\t\t\t\t<section class=\"elementor-section elementor-top-section elementor-element elementor-element-9158890 elementor-section-boxed elementor-section-height-default elementor-section-height-default\" data-id=\"9158890\" data-element_type=\"section\" data-e-type=\"section\">\n\t\t\t\t\t\t<div class=\"elementor-container elementor-column-gap-default\">\n\t\t\t\t\t<div class=\"elementor-column elementor-col-25 elementor-top-column elementor-element elementor-element-96942dc blocText\" data-id=\"96942dc\" data-element_type=\"column\" data-e-type=\"column\" data-settings=\"{&quot;background_background&quot;:&quot;classic&quot;}\">\n\t\t\t<div class=\"elementor-widget-wrap elementor-element-populated\">\n\t\t\t\t\t<div class=\"elementor-background-overlay\"><\/div>\n\t\t\t\t\t\t<div class=\"elementor-element elementor-element-bb29471 elementor-widget elementor-widget-heading\" data-id=\"bb29471\" data-element_type=\"widget\" data-e-type=\"widget\" data-widget_type=\"heading.default\">\n\t\t\t\t<div class=\"elementor-widget-container\">\n\t\t\t\t\t<p class=\"elementor-heading-title elementor-size-default\"><a href=\"\/zh\/%e6%99%ae%e7%bd%97%e6%97%ba%e6%96%af%e8%96%b0%e8%a1%a3%e8%8d%89%e4%b9%8b%e6%97%85\/\">\u666e\u7f57\u65fa\u65af\u85b0\u8863\u8349\u4e4b\u65c5<\/a><\/p>\t\t\t\t<\/div>\n\t\t\t\t<\/div>\n\t\t\t\t\t<\/div>\n\t\t<\/div>\n\t\t\t\t<div class=\"elementor-column elementor-col-25 elementor-top-column elementor-element elementor-element-f6684ee blocText\" data-id=\"f6684ee\" data-element_type=\"column\" data-e-type=\"column\" data-settings=\"{&quot;background_background&quot;:&quot;classic&quot;}\">\n\t\t\t<div class=\"elementor-widget-wrap elementor-element-populated\">\n\t\t\t\t\t<div class=\"elementor-background-overlay\"><\/div>\n\t\t\t\t\t\t<div class=\"elementor-element elementor-element-cf8fdd2 elementor-widget elementor-widget-heading\" data-id=\"cf8fdd2\" data-element_type=\"widget\" data-e-type=\"widget\" data-widget_type=\"heading.default\">\n\t\t\t\t<div class=\"elementor-widget-container\">\n\t\t\t\t\t<p class=\"elementor-heading-title elementor-size-default\"><a href=\"\/zh\/%e6%99%ae%e7%bd%97%e6%97%ba%e6%96%af%e8%91%a1%e8%90%84%e9%85%92%e4%b9%8b%e6%97%85\/\">\u666e\u7f57\u65fa\u65af\u8461\u8404\u9152\u4e4b\u65c5<\/a><\/p>\t\t\t\t<\/div>\n\t\t\t\t<\/div>\n\t\t\t\t\t<\/div>\n\t\t<\/div>\n\t\t\t\t<div class=\"elementor-column elementor-col-25 elementor-top-column elementor-element elementor-element-4a71dbf blocText\" data-id=\"4a71dbf\" data-element_type=\"column\" data-e-type=\"column\" data-settings=\"{&quot;background_background&quot;:&quot;classic&quot;}\">\n\t\t\t<div class=\"elementor-widget-wrap elementor-element-populated\">\n\t\t\t\t\t<div class=\"elementor-background-overlay\"><\/div>\n\t\t\t\t\t\t<div class=\"elementor-element elementor-element-a9f32c2 elementor-widget elementor-widget-heading\" data-id=\"a9f32c2\" data-element_type=\"widget\" data-e-type=\"widget\" data-widget_type=\"heading.default\">\n\t\t\t\t<div class=\"elementor-widget-container\">\n\t\t\t\t\t<p class=\"elementor-heading-title elementor-size-default\"><a href=\"\/zh\/%e6%99%ae%e7%bd%97%e6%97%ba%e6%96%af%e9%a9%ac%e8%b5%9b%e6%b8%b8%e8%a7%88\/\">\u666e\u7f57\u65fa\u65af\u9a6c\u8d5b\u6e38\u89c8<\/a><\/p>\t\t\t\t<\/div>\n\t\t\t\t<\/div>\n\t\t\t\t\t<\/div>\n\t\t<\/div>\n\t\t\t\t<div class=\"elementor-column elementor-col-25 elementor-top-column elementor-element elementor-element-556d0da blocText\" data-id=\"556d0da\" data-element_type=\"column\" data-e-type=\"column\" data-settings=\"{&quot;background_background&quot;:&quot;classic&quot;}\">\n\t\t\t<div class=\"elementor-widget-wrap elementor-element-populated\">\n\t\t\t\t\t<div class=\"elementor-background-overlay\"><\/div>\n\t\t\t\t\t\t<div class=\"elementor-element elementor-element-177317a elementor-widget elementor-widget-heading\" data-id=\"177317a\" data-element_type=\"widget\" data-e-type=\"widget\" data-widget_type=\"heading.default\">\n\t\t\t\t<div class=\"elementor-widget-container\">\n\t\t\t\t\t<p class=\"elementor-heading-title elementor-size-default\"><a href=\"\/zh\/%e6%b8%b8%e8%a7%88%e6%99%ae%e7%bd%97%e6%97%ba%e6%96%af\/%e7%93%a6%e4%bc%a6%e7%b4%a2%e5%8b%92%e8%96%b0%e8%a1%a3%e8%8d%89%e7%94%b0%e7%a7%81%e4%ba%ba%e6%b8%b8\/\">\u74e6\u4f26\u7d22\u52d2\u85b0\u8863\u8349\u7530\u79c1\u4eba\u6e38<\/a><\/p>\t\t\t\t<\/div>\n\t\t\t\t<\/div>\n\t\t\t\t\t<\/div>\n\t\t<\/div>\n\t\t\t\t\t<\/div>\n\t\t<\/section>\n\t\t\t\t<section class=\"elementor-section elementor-top-section elementor-element elementor-element-90ebdb8 elementor-section-boxed elementor-section-height-default elementor-section-height-default\" data-id=\"90ebdb8\" data-element_type=\"section\" data-e-type=\"section\">\n\t\t\t\t\t\t<div class=\"elementor-container elementor-column-gap-default\">\n\t\t\t\t\t<div class=\"elementor-column elementor-col-100 elementor-top-column elementor-element elementor-element-643567c\" data-id=\"643567c\" data-element_type=\"column\" data-e-type=\"column\">\n\t\t\t<div class=\"elementor-widget-wrap elementor-element-populated\">\n\t\t\t\t\t\t<div class=\"elementor-element elementor-element-1ecdc66 elementor-widget elementor-widget-spacer\" data-id=\"1ecdc66\" data-element_type=\"widget\" data-e-type=\"widget\" data-widget_type=\"spacer.default\">\n\t\t\t\t<div class=\"elementor-widget-container\">\n\t\t\t\t\t\t\t<div class=\"elementor-spacer\">\n\t\t\t<div class=\"elementor-spacer-inner\"><\/div>\n\t\t<\/div>\n\t\t\t\t\t\t<\/div>\n\t\t\t\t<\/div>\n\t\t\t\t<div class=\"elementor-element elementor-element-26455ba elementor-widget elementor-widget-text-editor\" data-id=\"26455ba\" data-element_type=\"widget\" data-e-type=\"widget\" data-widget_type=\"text-editor.default\">\n\t\t\t\t<div class=\"elementor-widget-container\">\n\t\t\t\t\t\t\t\t\t<p class=\"\" data-start=\"0\" data-end=\"607\">\u901a\u8fc7\u6211\u4eec\u7684 <strong data-start=\"41\" data-end=\"57\">\u79c1\u4eba\u6e38\u89c8<\/strong> \u4e8e <a href=\"https:\/\/www.vtc-limousine.fr\/zh\/%e8%b1%aa%e5%8d%8e%e8%bd%bf%e8%bd%a6\/%e6%88%91%e4%bb%ac%e7%9a%84%e8%bd%a6%e8%be%86\/\" target=\"_blank\" rel=\"noopener\">\u8c6a\u534e\u8f7f\u8f66<\/a>\u91cf\u8eab\u5b9a\u5236\u7684\u72ec\u7279\u4f53\u9a8c\u3002\u65e0\u8bba\u60a8\u662f\u5bf9\u8fd9\u4e00\u58ee\u4e3d\u5730\u533a\u7684\u5386\u53f2\u3001\u6587\u5316\u8fd8\u662f\u98ce\u666f\u60c5\u6709\u72ec\u949f\uff0c\u6211\u4eec\u7684\u79c1\u4eba\u53f8\u673a\u670d\u52a1\u90fd\u80fd\u8ba9\u60a8\u5728\u9876\u7ea7\u8f66\u8f86\u7684\u8212\u9002\u73af\u5883\u4e2d\u6e38\u89c8\u6700\u5177\u4ee3\u8868\u6027\u7684\u666f\u70b9\uff0c\u5982\u74e6\u6717\u7d22\u52d2\uff08Valensole\uff09\u7684\u85b0\u8863\u8349\u7530\u3001\u5362\u8d1d\u9686\uff08Luberon\uff09\u7684\u6751\u5e84\u6216\u7f57\u7eb3\u6cb3\u8c37\uff08Rh\u00f4ne Valley\uff09\u7684\u8461\u8404\u56ed\u3002\u6211\u4eec\u7ecf\u9a8c\u4e30\u5bcc\u7684\u53f8\u673a\u90fd\u662f\u771f\u6b63\u7684\u884c\u5bb6\uff0c\u4ed6\u4eec\u4f1a\u4e0e\u60a8\u5206\u4eab\u5f53\u5730\u7684\u8da3\u95fb\u8f76\u4e8b\uff0c\u5e76\u6839\u636e\u60a8\u7684\u613f\u671b\u4e3a\u60a8\u91cf\u8eab\u5b9a\u5236\u4e2a\u6027\u5316\u8def\u7ebf\u3002<\/p><p class=\"\" data-start=\"609\" data-end=\"1053\">Le <strong data-start=\"612\" data-end=\"634\">\u91cf\u8eab\u5b9a\u5236\u670d\u52a1<\/strong> \u6211\u4eec\u7684\u6838\u5fc3\u7406\u5ff5\u662f\uff1a\u6bcf\u6761\u65c5\u6e38\u7ebf\u8def\u90fd\u662f\u4e3a\u6ee1\u8db3\u60a8\u7684\u5177\u4f53\u671f\u671b\u800c\u8bbe\u8ba1\u7684\u3002\u65e0\u8bba\u60a8\u662f\u5728\u5bfb\u627e\u79c1\u5bc6\u4e4b\u65c5\u3001\u7f8e\u98df\u4e4b\u65c5\u8fd8\u662f\u5bb6\u5ead\u51fa\u6e38\uff0c\u6211\u4eec\u90fd\u81f4\u529b\u4e8e\u4e3a\u60a8\u63d0\u4f9b\u96be\u5fd8\u7684\u4f53\u9a8c\u3002\u60a8\u8fd8\u53ef\u4ee5\u4eab\u53d7 <strong data-start=\"929\" data-end=\"952\">\u54c1\u9152\u4f1a<\/strong>\u6839\u636e\u60a8\u7684\u9009\u62e9\uff0c\u60a8\u8fd8\u53ef\u4ee5\u53c2\u52a0\u79c1\u4eba\u5bfc\u6e38\u670d\u52a1\uff0c\u751a\u81f3\u4eab\u7528\u5f53\u5730\u53a8\u5e08\u51c6\u5907\u7684\u7f8e\u98df\u3002<\/p><p class=\"\" data-start=\"1055\" data-end=\"1507\">\u6211\u4eec\u7684\u8f66\u8f86\u8bbe\u5907\u9f50\u5168\uff0c\u53ef\u786e\u4fdd\u60a8\u4eab\u53d7\u5b89\u5168\u6109\u5feb\u7684\u65c5\u7a0b\u3002\u65e0\u8bba\u662f\u8c6a\u534e\u8f7f\u8f66\u3001\u623f\u8f66\u8fd8\u662f\u5c0f\u578b\u5df4\u58eb\uff0c\u6bcf\u8f86\u8f66\u90fd\u4ee5\u5176\u8d28\u91cf\u548c\u8212\u9002\u5ea6\u4e3a\u6807\u51c6\uff0c\u5e76\u914d\u5907\u4e86\u73b0\u4ee3\u5316\u8bbe\u5907\uff0c\u8ba9\u60a8\u7684\u65c5\u7a0b\u96be\u4ee5\u5fd8\u6000\u3002\u6211\u4eec\u7684\u670d\u52a1 <strong data-start=\"1334\" data-end=\"1353\">\u79c1\u4eba\u63a5\u9001<\/strong> \u6b64\u5916\uff0c\u8fd8\u5305\u62ec\u4ece\u9152\u5e97\u3001\u8f66\u7ad9\u6216\u673a\u573a\u5230\u65c5\u6e38\u666f\u70b9\u7684\u8def\u7ebf\uff0c\u4ee5\u7b80\u5316\u60a8\u7684\u65c5\u7a0b\uff0c\u8282\u7701\u60a8\u7684\u65f6\u95f4\u3002<\/p><p class=\"\" data-start=\"1509\" data-end=\"1938\">\u611f\u8c22\u6211\u4eec\u7684 <strong data-start=\"1523\" data-end=\"1538\">\u7075\u6d3b\u6027<\/strong>\u6211\u4eec\u53ef\u4ee5\u6839\u636e\u60a8\u7684\u613f\u671b\u4e3a\u60a8\u91cf\u8eab\u5b9a\u5236\u6bcf\u4e00\u6761\u884c\u7a0b\u3002\u60a8\u53ef\u4ee5\u9009\u62e9\u4e13\u6ce8\u4e8e\u67d0\u4e00\u7279\u5b9a\u5730\u533a\uff0c\u4e5f\u53ef\u4ee5\u63a2\u7d22\u4e16\u754c\u4e0a\u6700\u8457\u540d\u7684\u57ce\u5e02\u3002 <strong data-start=\"1701\" data-end=\"1727\">\u5730\u4e2d\u6d77\u6cbf\u5cb8<\/strong> \u6216\u63a2\u7d22\u5178\u578b\u7684\u666e\u7f57\u65fa\u65af\u6751\u5e84\u3002\u6211\u4eec\u7684\u53f8\u673a\u4f1a\u8bb2\u591a\u79cd\u8bed\u8a00\uff0c\u5c06\u5168\u7a0b\u966a\u540c\u60a8\uff0c\u5e76\u4e3a\u60a8\u8be6\u7ec6\u8bb2\u89e3\u53c2\u89c2\u666f\u70b9\u3002<\/p><p class=\"\" data-start=\"0\" data-end=\"494\">\u6211\u4eec\u7684 <strong data-start=\"4\" data-end=\"32\">\u666e\u7f57\u65fa\u65af\u79c1\u4eba\u6e38<\/strong> \u8fd9\u662f\u60a8\u4eab\u53d7\u975e\u51e1\u65c5\u884c\u4f53\u9a8c\u7684\u7edd\u4f73\u673a\u4f1a\uff0c\u96c6\u8212\u9002\u3001\u5962\u534e\u548c\u63a2\u7d22\u4e8e\u4e00\u8eab\u3002\u5f97\u76ca\u4e8e\u6211\u4eec\u7cbe\u901a\u591a\u56fd\u8bed\u8a00\u7684\u4e13\u4e1a\u53f8\u673a\uff0c\u60a8\u5c06\u53d7\u76ca\u4e8e\u6df1\u5165\u7684\u5f53\u5730\u4e13\u4e1a\u77e5\u8bc6\uff0c\u5c06\u6bcf\u4e00\u6b21\u884c\u7a0b\u90fd\u53d8\u6210\u4e00\u6b21\u6536\u83b7\u9887\u4e30\u7684\u63a2\u9669\u3002\u6b64\u5916\uff0c\u60a8\u8fd8\u53ef\u4ee5\u6839\u636e\u81ea\u5df1\u7684\u9700\u6c42\u91cf\u8eab\u5b9a\u5236\u884c\u7a0b\uff0c\u9009\u62e9\u53c2\u89c2\u54ea\u4e9b\u666f\u70b9\uff0c\u4ece\u800c\u6839\u636e\u81ea\u5df1\u7684\u5174\u8da3\u6253\u9020\u5b8c\u5168\u72ec\u4e00\u65e0\u4e8c\u7684\u884c\u7a0b\u3002<\/p><p class=\"\" data-start=\"496\" data-end=\"1051\">\u666e\u7f57\u65fa\u65af\u6709\u5404\u79cd\u5404\u6837\u7684 <strong data-start=\"536\" data-end=\"561\">\u4e0d\u53ef\u9519\u8fc7\u7684\u666f\u70b9<\/strong> \u4ece\u5723\u7ef4\u514b\u591a\u5c14\u5c71\uff08Mont Sainte-Victoire\uff09\u7b49\u58ee\u89c2\u7684\u81ea\u7136\u666f\u89c2\uff0c\u5230\u963f\u7ef4\u5c3c\u7fc1\uff08Avignon\uff09\u7b49\u5386\u53f2\u540d\u57ce\u7684\u7470\u5b9d\uff0c\u60a8\u90fd\u53ef\u4ee5\u5728\u8fd9\u91cc\u4e00\u63a2\u7a76\u7adf\u3002 <a href=\"https:\/\/www.aixenprovencetourism.com\/\" target=\"_blank\" rel=\"noopener\">\u666e\u7f57\u65fa\u65af\u5730\u533a\u827e\u514b\u65af<\/a>.\u60a8\u53ef\u4ee5\u63a2\u7d22\u8be5\u5730\u533a\u873f\u8712\u66f2\u6298\u7684\u9053\u8def\uff0c\u9014\u7ecf\u98ce\u666f\u5982\u753b\u7684\u6751\u5e84\u548c\u82b3\u9999\u56db\u6ea2\u7684\u85b0\u8863\u8349\u7530\uff0c\u4e5f\u53ef\u4ee5\u5728\u9ad8\u6863\u9910\u5385\u5c0f\u61a9\uff0c\u54c1\u5c1d\u5f53\u5730\u7279\u8272\u7f8e\u98df\u3002\u53c2\u89c2 <strong data-start=\"943\" data-end=\"973\">\u79c1\u4eba\u53f8\u673a\u670d\u52a1<\/strong> \u8ba9\u60a8\u5b89\u5fc3\u4eab\u53d7\u6bcf\u4e00\u523b\u3002<\/p><p class=\"\" data-start=\"1053\" data-end=\"1578\">\u6211\u4eec\u7684 <strong data-start=\"1057\" data-end=\"1073\">\u79c1\u4eba\u6e38\u89c8<\/strong> \u5728\u666e\u7f57\u65fa\u65af\uff0c\u60a8\u8fd8\u53ef\u4ee5\u6839\u636e\u81ea\u5df1\u7684\u65f6\u95f4\u5b89\u6392\u548c\u559c\u597d\uff0c\u81ea\u7531\u9009\u62e9\u6e38\u89c8\u7684\u8282\u594f\u3002\u60a8\u53ef\u4ee5\u9009\u62e9\u534a\u5929\u7684\u77ed\u9014\u65c5\u884c\uff0c\u4e5f\u53ef\u4ee5\u8ba1\u5212\u8f83\u957f\u7684\u9017\u7559\u65f6\u95f4\uff0c\u6df1\u5165\u63a2\u7d22\u666e\u7f57\u65fa\u65af\u7684\u6240\u6709\u5947\u89c2\u3002\u6bcf\u6b21\u6e38\u89c8\u90fd\u4f1a\u6700\u5927\u9650\u5ea6\u5730\u63d0\u9ad8\u60a8\u7684\u8212\u9002\u5ea6\uff0c\u5e76\u63d0\u4f9b\u4ee5\u4e0b\u9644\u52a0\u9009\u9879 <strong data-start=\"1449\" data-end=\"1473\">\u5b9a\u5236\u505c\u9760\u7ad9<\/strong> \u6b64\u5916\uff0c\u8fd8\u53ef\u589e\u52a0\u79c1\u4eba\u53c2\u89c2\u8461\u8404\u9152\u5e84\u7684\u6d3b\u52a8\uff0c\u4ee5\u63d0\u5347\u60a8\u7684\u4f53\u9a8c\u3002<\/p><p class=\"\" data-start=\"1580\" data-end=\"2030\">\u6700\u540e\uff0c\u6211\u4eec\u7684\u670d\u52a1\u4e0d\u4ec5\u9650\u4e8e\u4f20\u7edf\u7684\u89c2\u5149\u65c5\u6e38\u3002\u6211\u4eec\u8fd8\u63d0\u4f9b <strong data-start=\"1694\" data-end=\"1718\">\u72ec\u5bb6\u6d3b\u52a8<\/strong>\u4f8b\u5982 <strong data-start=\"1735\" data-end=\"1769\">\u666e\u7f57\u65fa\u65af\u70f9\u996a\u8bb2\u4e60\u73ed<\/strong>\u548c <strong data-start=\"1775\" data-end=\"1802\">\u54c1\u5c1d\u677e\u9732<\/strong> \u6216\u9a91\u9a6c\u7a7f\u8d8a\u4ee4\u4eba\u53f9\u4e3a\u89c2\u6b62\u7684\u81ea\u7136\u666f\u89c2\u3002\u8fd9\u4e9b\u90fd\u662f\u52a0\u6df1\u60a8\u5bf9\u666e\u7f57\u65fa\u65af\u6587\u5316\u7684\u6c89\u6d78\u548c\u4eab\u53d7\u96be\u5fd8\u7ecf\u5386\u7684\u7edd\u4f73\u65f6\u523b\u3002<\/p><p class=\"\" data-start=\"2032\" data-end=\"2497\">\u901a\u8fc7\u6211\u4eec\u7684 <strong data-start=\"2041\" data-end=\"2070\">\u79c1\u4eba\u8c6a\u534e\u8f7f\u8f66\u4e4b\u65c5<\/strong>\u666e\u7f57\u65fa\u65af\u5bf9\u60a8\u6765\u8bf4\u4e0d\u518d\u6709\u4efb\u4f55\u79d8\u5bc6\u3002\u5229\u7528\u8fd9\u6b21\u96be\u5f97\u7684\u65c5\u884c\uff0c\u5728\u6700\u4f73\u6761\u4ef6\u4e0b\u63a2\u7d22\u8fd9\u4e00\u5730\u533a\uff0c\u5e76\u5728\u63a2\u9669\u7684\u6bcf\u4e2a\u9636\u6bb5\u4eab\u53d7\u65e0\u53ef\u6311\u5254\u7684\u670d\u52a1\u3002\u65e0\u8bba\u60a8\u662f\u5728 <strong data-start=\"2321\" data-end=\"2342\">\u5546\u52a1\u65c5\u884c<\/strong>\u4e8e <strong data-start=\"2347\" data-end=\"2370\">\u5bb6\u5ead\u5047\u671f<\/strong> \u6216\u5728 <strong data-start=\"2377\" data-end=\"2400\">\u6d6a\u6f2b\u4e4b\u65c5<\/strong>\u6211\u4eec\u7684\u56e2\u961f\u5c06\u7aed\u5c3d\u5168\u529b\u6ee1\u8db3\u60a8\u7684\u671f\u671b\uff0c\u8ba9\u60a8\u5728\u6b64\u5ea6\u8fc7\u96be\u5fd8\u7684\u65f6\u5149\u3002<\/p>\t\t\t\t\t\t\t\t<\/div>\n\t\t\t\t<\/div>\n\t\t\t\t<div class=\"elementor-element elementor-element-8d15b9d elementor-widget-divider--view-line elementor-widget elementor-widget-divider\" data-id=\"8d15b9d\" data-element_type=\"widget\" data-e-type=\"widget\" data-widget_type=\"divider.default\">\n\t\t\t\t<div class=\"elementor-widget-container\">\n\t\t\t\t\t\t\t<div class=\"elementor-divider\">\n\t\t\t<span class=\"elementor-divider-separator\">\n\t\t\t\t\t\t<\/span>\n\t\t<\/div>\n\t\t\t\t\t\t<\/div>\n\t\t\t\t<\/div>\n\t\t\t\t\t<\/div>\n\t\t<\/div>\n\t\t\t\t\t<\/div>\n\t\t<\/section>\n\t\t\t\t<section class=\"elementor-section elementor-top-section elementor-element elementor-element-26c485e elementor-section-boxed elementor-section-height-default elementor-section-height-default\" data-id=\"26c485e\" data-element_type=\"section\" data-e-type=\"section\">\n\t\t\t\t\t\t<div class=\"elementor-container elementor-column-gap-default\">\n\t\t\t\t\t<div class=\"elementor-column elementor-col-100 elementor-top-column elementor-element elementor-element-0b714c6\" data-id=\"0b714c6\" data-element_type=\"column\" data-e-type=\"column\">\n\t\t\t<div class=\"elementor-widget-wrap\">\n\t\t\t\t\t\t\t<\/div>\n\t\t<\/div>\n\t\t\t\t\t<\/div>\n\t\t<\/section>\n\t\t\t\t<\/div>","protected":false},"excerpt":{"rendered":"<p>Berline-MiniVan-MiniBus 1 \u00e0 19 Pax pour un Tour Priv\u00e9 Provence Circuit Provence Lavande Tour des Vins de Provence Excursions Marseille en Provence Visite priv\u00e9e des Champs de Lavande de Valensole D\u00e9couvrez la Provence autrement avec nos tours priv\u00e9s en limousine, une exp\u00e9rience unique et sur mesure. Que vous soyez passionn\u00e9 par l\u2019histoire, la culture ou [&hellip;]<\/p>","protected":false},"author":1,"featured_media":22439,"parent":0,"menu_order":0,"comment_status":"closed","ping_status":"closed","template":"","meta":{"footnotes":""},"class_list":["post-13289","page","type-page","status-publish","has-post-thumbnail","hentry"],"_links":{"self":[{"href":"https:\/\/www.vtc-limousine.fr\/zh\/wp-json\/wp\/v2\/pages\/13289","targetHints":{"allow":["GET"]}}],"collection":[{"href":"https:\/\/www.vtc-limousine.fr\/zh\/wp-json\/wp\/v2\/pages"}],"about":[{"href":"https:\/\/www.vtc-limousine.fr\/zh\/wp-json\/wp\/v2\/types\/page"}],"author":[{"embeddable":true,"href":"https:\/\/www.vtc-limousine.fr\/zh\/wp-json\/wp\/v2\/users\/1"}],"replies":[{"embeddable":true,"href":"https:\/\/www.vtc-limousine.fr\/zh\/wp-json\/wp\/v2\/comments?post=13289"}],"version-history":[{"count":44,"href":"https:\/\/www.vtc-limousine.fr\/zh\/wp-json\/wp\/v2\/pages\/13289\/revisions"}],"predecessor-version":[{"id":22450,"href":"https:\/\/www.vtc-limousine.fr\/zh\/wp-json\/wp\/v2\/pages\/13289\/revisions\/22450"}],"wp:featuredmedia":[{"embeddable":true,"href":"https:\/\/www.vtc-limousine.fr\/zh\/wp-json\/wp\/v2\/media\/22439"}],"wp:attachment":[{"href":"https:\/\/www.vtc-limousine.fr\/zh\/wp-json\/wp\/v2\/media?parent=13289"}],"curies":[{"name":"wp","href":"https:\/\/api.w.org\/{rel}","templated":true}]}}