{"id":13161,"date":"2022-02-17T16:00:12","date_gmt":"2022-02-17T16:00:12","guid":{"rendered":"https:\/\/www.vtc-limousine.fr\/?page_id=13161"},"modified":"2026-03-16T13:08:54","modified_gmt":"2026-03-16T13:08:54","slug":"%e7%a7%81%e4%ba%ba%e5%8f%b8%e6%9c%ba-paca","status":"publish","type":"page","link":"https:\/\/www.vtc-limousine.fr\/zh\/%e7%a7%81%e4%ba%ba%e5%8f%b8%e6%9c%ba\/%e7%a7%81%e4%ba%ba%e5%8f%b8%e6%9c%ba-paca\/","title":{"rendered":"\u666e\u7f57\u65fa\u65af\u3001\u851a\u84dd\u6d77\u5cb8\u548c\u91cc\u6602\u7684\u79c1\u4eba\u53f8\u673a - \u9876\u7ea7\u4ea4\u901a\u5de5\u5177"},"content":{"rendered":"<div data-elementor-type=\"wp-page\" data-elementor-id=\"13161\" class=\"elementor elementor-13161\" data-elementor-post-type=\"page\">\n\t\t\t\t\t\t<section class=\"elementor-section elementor-top-section elementor-element elementor-element-5e739282 elementor-section-full_width elementor-section-height-min-height elementor-section-height-default elementor-section-items-middle\" data-id=\"5e739282\" data-element_type=\"section\" data-e-type=\"section\" data-settings=\"{&quot;background_background&quot;:&quot;classic&quot;}\">\n\t\t\t\t\t\t\t<div class=\"elementor-background-overlay\"><\/div>\n\t\t\t\t\t\t\t<div class=\"elementor-container elementor-column-gap-default\">\n\t\t\t\t\t<div class=\"elementor-column elementor-col-100 elementor-top-column elementor-element elementor-element-1faf7528\" data-id=\"1faf7528\" data-element_type=\"column\" data-e-type=\"column\">\n\t\t\t<div class=\"elementor-widget-wrap\">\n\t\t\t\t\t\t\t<\/div>\n\t\t<\/div>\n\t\t\t\t\t<\/div>\n\t\t<\/section>\n\t\t\t\t<section class=\"elementor-section elementor-top-section elementor-element elementor-element-65088e05 elementor-section-boxed elementor-section-height-default elementor-section-height-default\" data-id=\"65088e05\" data-element_type=\"section\" data-e-type=\"section\">\n\t\t\t\t\t\t<div class=\"elementor-container elementor-column-gap-default\">\n\t\t\t\t\t<div class=\"elementor-column elementor-col-100 elementor-top-column elementor-element elementor-element-344a6702\" data-id=\"344a6702\" data-element_type=\"column\" data-e-type=\"column\">\n\t\t\t<div class=\"elementor-widget-wrap elementor-element-populated\">\n\t\t\t\t\t\t<div class=\"elementor-element elementor-element-ace25cd elementor-widget elementor-widget-shortcode\" data-id=\"ace25cd\" data-element_type=\"widget\" data-e-type=\"widget\" data-widget_type=\"shortcode.default\">\n\t\t\t\t<div class=\"elementor-widget-container\">\n\t\t\t\t\t\t\t<div class=\"elementor-shortcode\"><nav aria-label=\"\u9762\u5305\u5c51\">\n            <div class=\"breadcrumb-container theme1\">\n                <ol>\n                                    <\/ol>\n            <\/div>\n        <\/nav>    <script type=\"application\/ld+json\">\n        {\n            \"@context\": \"http:\/\/schema.org\",\n            \"@type\": \"BreadcrumbList\",\n            \"itemListElement\": [\n                            ]\n        }\n    <\/script>\n   \n    <script>\n            <\/script>\n<\/div>\n\t\t\t\t\t\t<\/div>\n\t\t\t\t<\/div>\n\t\t\t\t<div class=\"elementor-element elementor-element-6d44219e elementor-widget elementor-widget-heading\" data-id=\"6d44219e\" data-element_type=\"widget\" data-e-type=\"widget\" data-widget_type=\"heading.default\">\n\t\t\t\t<div class=\"elementor-widget-container\">\n\t\t\t\t\t<h1 class=\"elementor-heading-title elementor-size-default\">\u666e\u7f57\u65fa\u65af\u3001\u851a\u84dd\u6d77\u5cb8\u548c\u91cc\u6602\u7684\u79c1\u4eba\u53f8\u673a - \u9876\u7ea7\u4ea4\u901a\u5de5\u5177<\/h1>\t\t\t\t<\/div>\n\t\t\t\t<\/div>\n\t\t\t\t<div class=\"elementor-element elementor-element-2cda9272 elementor-widget elementor-widget-heading\" data-id=\"2cda9272\" data-element_type=\"widget\" data-e-type=\"widget\" data-widget_type=\"heading.default\">\n\t\t\t\t<div class=\"elementor-widget-container\">\n\t\t\t\t\t<h2 class=\"elementor-heading-title elementor-size-default\">PACA \u5730\u533a\u7684\u79c1\u4eba\u53f8\u673a\u670d\u52a1<\/h2>\t\t\t\t<\/div>\n\t\t\t\t<\/div>\n\t\t\t\t<div class=\"elementor-element elementor-element-e3cfce5 elementor-widget elementor-widget-text-editor\" data-id=\"e3cfce5\" data-element_type=\"widget\" data-e-type=\"widget\" data-widget_type=\"text-editor.default\">\n\t\t\t\t<div class=\"elementor-widget-container\">\n\t\t\t\t\t\t\t\t\t<h2 class=\"vc_custom_heading\" style=\"text-align: center;\">\u6211\u4eec\u7684\u53f8\u673a\u670d\u52a1\u8303\u56f4\u904d\u53ca\u6cd5\u56fd\u4e1c\u5357\u90e8\u00a0<\/h2><p class=\"vc_custom_heading vc_custom_1595948988139\" style=\"text-align: center;\"><a href=\"https:\/\/www.aixenprovencetourism.com\/\" target=\"_blank\" rel=\"noopener\">\u666e\u7f57\u65fa\u65af\u5730\u533a\u827e\u514b\u65af<\/a>-\u9a6c\u8d5b-\u963f\u7ef4\u5c3c\u7fc1-\u8499\u5f7c\u5229\u57c3-\u5723\u7279\u7f57\u4f69-\u5361\u5185-\u6469\u7eb3\u54e5-\u91cc\u6602-\u5df4\u9ece<\/p>\t\t\t\t\t\t\t\t<\/div>\n\t\t\t\t<\/div>\n\t\t\t\t\t<\/div>\n\t\t<\/div>\n\t\t\t\t\t<\/div>\n\t\t<\/section>\n\t\t\t\t<section class=\"elementor-section elementor-top-section elementor-element elementor-element-c8573c3 elementor-section-boxed elementor-section-height-default elementor-section-height-default\" data-id=\"c8573c3\" data-element_type=\"section\" data-e-type=\"section\">\n\t\t\t\t\t\t<div class=\"elementor-container elementor-column-gap-default\">\n\t\t\t\t\t<div class=\"elementor-column elementor-col-100 elementor-top-column elementor-element elementor-element-3ae0696\" data-id=\"3ae0696\" data-element_type=\"column\" data-e-type=\"column\">\n\t\t\t<div class=\"elementor-widget-wrap elementor-element-populated\">\n\t\t\t\t\t\t<div class=\"elementor-element elementor-element-1063d98 elementor-widget elementor-widget-heading\" data-id=\"1063d98\" data-element_type=\"widget\" data-e-type=\"widget\" data-widget_type=\"heading.default\">\n\t\t\t\t<div class=\"elementor-widget-container\">\n\t\t\t\t\t<h3 class=\"elementor-heading-title elementor-size-default\">\u6309\u5730\u70b9\u5206\u5217\u7684\u79c1\u4eba\u53f8\u673a<\/h3>\t\t\t\t<\/div>\n\t\t\t\t<\/div>\n\t\t\t\t<section class=\"elementor-section elementor-inner-section elementor-element elementor-element-1dc5528 elementor-section-boxed elementor-section-height-default elementor-section-height-default\" data-id=\"1dc5528\" data-element_type=\"section\" data-e-type=\"section\">\n\t\t\t\t\t\t<div class=\"elementor-container elementor-column-gap-default\">\n\t\t\t\t\t<div class=\"elementor-column elementor-col-50 elementor-inner-column elementor-element elementor-element-d7b779e\" data-id=\"d7b779e\" data-element_type=\"column\" data-e-type=\"column\">\n\t\t\t<div class=\"elementor-widget-wrap elementor-element-populated\">\n\t\t\t\t\t\t<div class=\"elementor-element elementor-element-cec1ea0 elementor-widget elementor-widget-text-editor\" data-id=\"cec1ea0\" data-element_type=\"widget\" data-e-type=\"widget\" data-widget_type=\"text-editor.default\">\n\t\t\t\t<div class=\"elementor-widget-container\">\n\t\t\t\t\t\t\t\t\t<p><a href=\"https:\/\/www.vtc-limousine.fr\/zh\/%e7%a7%81%e4%ba%ba%e5%8f%b8%e6%9c%ba\/%e7%a7%81%e4%ba%ba%e5%8f%b8%e6%9c%ba-paca\/%e9%a9%ac%e8%b5%9b-%e6%99%ae%e7%bd%97%e6%97%ba%e6%96%af%e6%9c%ba%e5%9c%ba%e7%a7%81%e4%ba%ba%e5%8f%b8%e6%9c%ba\/\">\u79c1\u4eba\u53f8\u673a \u9a6c\u8d5b\u666e\u7f57\u65fa\u65af\u673a\u573a MRS<\/a><\/p><p><a href=\"https:\/\/www.vtc-limousine.fr\/zh\/%e7%a7%81%e4%ba%ba%e5%8f%b8%e6%9c%ba\/%e7%a7%81%e4%ba%ba%e5%8f%b8%e6%9c%ba-paca\/%e7%a7%81%e4%ba%ba%e5%8f%b8%e6%9c%ba-%e9%85%92%e5%ba%97%e5%88%ab%e5%a2%85\/\">\u79c1\u4eba\u53f8\u673a \u9152\u5e97\u522b\u5885 13100 \u57c3\u514b\u65af\u666e\u7f57\u65fa\u65af<\/a><\/p><p><a href=\"https:\/\/www.vtc-limousine.fr\/zh\/%e7%a7%81%e4%ba%ba%e5%8f%b8%e6%9c%ba\/%e7%a7%81%e4%ba%ba%e5%8f%b8%e6%9c%ba-paca\/%e7%a7%81%e4%ba%ba%e5%8f%b8%e6%9c%ba-chateau-de-la-messardiere\/\">Ch\u00e2teau de la Messardi\u00e8re \u79c1\u4eba\u53f8\u673a - \u5723\u7279\u7f57\u4f69 83990<\/a><\/p><p><a href=\"https:\/\/www.vtc-limousine.fr\/zh\/%e7%a7%81%e4%ba%ba%e5%8f%b8%e6%9c%ba\/%e7%a7%81%e4%ba%ba%e5%8f%b8%e6%9c%ba-paca\/%e7%a7%81%e4%ba%ba%e5%8f%b8%e6%9c%ba-domaine-de-verchant\/\">Domaine de Verchant \u79c1\u4eba\u53f8\u673a 34170 Castelnau-le-Lez<\/a><\/p><p><a href=\"https:\/\/www.vtc-limousine.fr\/zh\/%e7%a7%81%e4%ba%ba%e5%8f%b8%e6%9c%ba\/%e7%a7%81%e4%ba%ba%e5%8f%b8%e6%9c%ba-paca\/%e7%a7%81%e4%ba%ba%e5%8f%b8%e6%9c%ba-%e9%85%92%e5%ba%97-la-coquillade-village-relais-chateau\/\">H\u00f4tel La Coquillade Village Relais &amp; Chateau \u7684\u79c1\u4eba\u53f8\u673a<\/a><\/p><p><a href=\"https:\/\/www.vtc-limousine.fr\/zh\/%e7%a7%81%e4%ba%ba%e5%8f%b8%e6%9c%ba\/%e7%a7%81%e4%ba%ba%e5%8f%b8%e6%9c%ba-paca\/%e6%8b%89%e9%a9%ac%e7%89%b9%e5%9f%83%e5%b0%94%e4%bf%9d%e6%8a%a4%e5%8c%ba%e7%a7%81%e4%ba%ba%e5%8f%b8%e6%9c%ba\/\">\u5723\u7279\u7f57\u4f69\u62c9\u9a6c\u7279\u57c3\u5c14\u5ea6\u5047\u6751\u79c1\u4eba\u53f8\u673a<\/a><\/p>\t\t\t\t\t\t\t\t<\/div>\n\t\t\t\t<\/div>\n\t\t\t\t\t<\/div>\n\t\t<\/div>\n\t\t\t\t<div class=\"elementor-column elementor-col-50 elementor-inner-column elementor-element elementor-element-f1d265d\" data-id=\"f1d265d\" data-element_type=\"column\" data-e-type=\"column\">\n\t\t\t<div class=\"elementor-widget-wrap elementor-element-populated\">\n\t\t\t\t\t\t<div class=\"elementor-element elementor-element-a686dbc elementor-widget elementor-widget-text-editor\" data-id=\"a686dbc\" data-element_type=\"widget\" data-e-type=\"widget\" data-widget_type=\"text-editor.default\">\n\t\t\t\t<div class=\"elementor-widget-container\">\n\t\t\t\t\t\t\t\t\t<p><a href=\"https:\/\/www.vtc-limousine.fr\/zh\/%e7%a7%81%e4%ba%ba%e5%8f%b8%e6%9c%ba\/%e7%a7%81%e4%ba%ba%e5%8f%b8%e6%9c%ba-paca\/%e7%a7%81%e4%ba%ba%e5%8f%b8%e6%9c%ba%e9%85%92%e5%ba%97-le-couvent-des-minimes\/\">H\u00f4tel Le Couvent des Minimes \u7684\u79c1\u4eba\u53f8\u673a<\/a><\/p><p><a href=\"https:\/\/www.vtc-limousine.fr\/zh\/%e7%a7%81%e4%ba%ba%e5%8f%b8%e6%9c%ba\/%e7%a7%81%e4%ba%ba%e5%8f%b8%e6%9c%ba-paca\/%e7%a7%81%e4%ba%ba%e5%8f%b8%e6%9c%ba-%e8%89%be%e5%85%8b%e6%96%af%e6%99%ae%e7%bd%97%e6%97%ba%e6%96%af%e5%a4%8d%e5%85%b4%e9%85%92%e5%ba%97\/\">\u827e\u514b\u65af\u666e\u7f57\u65fa\u65af\u4e07\u4e3d\u9152\u5e97\u79c1\u4eba\u53f8\u673a<\/a><\/p><p><a href=\"https:\/\/www.vtc-limousine.fr\/zh\/%e7%a7%81%e4%ba%ba%e5%8f%b8%e6%9c%ba\/%e7%a7%81%e4%ba%ba%e5%8f%b8%e6%9c%ba-paca\/%e5%8d%a1%e6%96%af%e7%89%b9%e8%8e%b1%e7%89%b9%e9%85%92%e5%ba%97%e7%a7%81%e4%ba%ba%e5%8f%b8%e6%9c%ba\/\">\u675c\u5361\u65af\u7279\u83b1\u9152\u5e97\u79c1\u4eba\u53f8\u673a 83330<\/a><\/p><p><a href=\"https:\/\/www.vtc-limousine.fr\/zh\/%e7%a7%81%e4%ba%ba%e5%8f%b8%e6%9c%ba\/%e7%a7%81%e4%ba%ba%e5%8f%b8%e6%9c%ba-paca\/%e7%a7%81%e4%ba%ba%e5%8f%b8%e6%9c%ba%e9%85%92%e5%ba%97-ile-rousse-thalazur\/\">\u79c1\u4eba\u53f8\u673a Zannier \u9152\u5e97 Bendor - Bandol<\/a><\/p><p><a href=\"https:\/\/www.vtc-limousine.fr\/zh\/%e7%a7%81%e4%ba%ba%e5%8f%b8%e6%9c%ba\/%e7%a7%81%e4%ba%ba%e5%8f%b8%e6%9c%ba-paca\/%e6%b4%b2%e9%99%85%e9%85%92%e5%ba%97%e7%a7%81%e4%ba%ba%e5%8f%b8%e6%9c%ba\/\">\u9a6c\u8d5b\u6d32\u9645\u9152\u5e97\u79c1\u4eba\u53f8\u673a<\/a><\/p><p><a href=\"https:\/\/www.vtc-limousine.fr\/zh\/%e7%a7%81%e4%ba%ba%e5%8f%b8%e6%9c%ba\/%e7%a7%81%e4%ba%ba%e5%8f%b8%e6%9c%ba-paca\/%e6%88%b4%e5%85%8b%e6%96%af%e4%b9%8b%e5%ae%b6%e7%a7%81%e4%ba%ba%e5%8f%b8%e6%9c%ba\/\">Maison d'Aix\uff08\u6cd5\u56fd\u666e\u7f57\u65fa\u65af\u5730\u533a\u827e\u514b\u65af\uff0c13100 \u5e74 9 \u6708 4 \u65e5\u8857 25 \u53f7\uff09\u79c1\u4eba\u53f8\u673a<\/a><\/p>\t\t\t\t\t\t\t\t<\/div>\n\t\t\t\t<\/div>\n\t\t\t\t\t<\/div>\n\t\t<\/div>\n\t\t\t\t\t<\/div>\n\t\t<\/section>\n\t\t\t\t<section class=\"elementor-section elementor-inner-section elementor-element elementor-element-bf1942c elementor-section-boxed elementor-section-height-default elementor-section-height-default\" data-id=\"bf1942c\" data-element_type=\"section\" data-e-type=\"section\">\n\t\t\t\t\t\t<div class=\"elementor-container elementor-column-gap-default\">\n\t\t\t\t\t<div class=\"elementor-column elementor-col-50 elementor-inner-column elementor-element elementor-element-25d3b05\" data-id=\"25d3b05\" data-element_type=\"column\" data-e-type=\"column\">\n\t\t\t<div class=\"elementor-widget-wrap elementor-element-populated\">\n\t\t\t\t\t\t<div class=\"elementor-element elementor-element-ca7cd0f elementor-widget elementor-widget-text-editor\" data-id=\"ca7cd0f\" data-element_type=\"widget\" data-e-type=\"widget\" data-widget_type=\"text-editor.default\">\n\t\t\t\t<div class=\"elementor-widget-container\">\n\t\t\t\t\t\t\t\t\t<p><a href=\"https:\/\/www.vtc-limousine.fr\/zh\/%e7%a7%81%e4%ba%ba%e5%8f%b8%e6%9c%ba\/%e7%a7%81%e4%ba%ba%e5%8f%b8%e6%9c%ba-paca\/%e6%8b%89%e7%a7%91%e6%96%af%e7%89%b9%e5%88%ab%e5%a2%85%e7%a7%81%e4%ba%ba%e5%8f%b8%e6%9c%ba\/\">\u62c9\u79d1\u65af\u7279\u522b\u5885\u79c1\u4eba\u53f8\u673a 13610<\/a><\/p><p><a href=\"https:\/\/www.vtc-limousine.fr\/zh\/%e7%a7%81%e4%ba%ba%e5%8f%b8%e6%9c%ba\/%e7%a7%81%e4%ba%ba%e5%8f%b8%e6%9c%ba-paca\/%e7%a7%81%e4%ba%ba%e5%8f%b8%e6%9c%ba-le-chateau-la-coste\/\">Chateau La Coste 13610 Puy Sainte r\u00e9parade \u79c1\u4eba\u53f8\u673a<\/a><br \/><br \/><a href=\"https:\/\/www.vtc-limousine.fr\/zh\/%e7%a7%81%e4%ba%ba%e5%8f%b8%e6%9c%ba\/%e7%a7%81%e4%ba%ba%e5%8f%b8%e6%9c%ba-paca\/%e7%a7%81%e4%ba%ba%e5%8f%b8%e6%9c%ba-auberge-la-coste-13610\/\" target=\"_blank\" rel=\"noopener\">\u79c1\u4eba\u53f8\u673a Auberge La Coste 13610 Puy Sainte r\u00e9parade<\/a><\/p><p><a href=\"https:\/\/www.vtc-limousine.fr\/zh\/%e7%a7%81%e4%ba%ba%e5%8f%b8%e6%9c%ba\/%e7%a7%81%e4%ba%ba%e5%8f%b8%e6%9c%ba-paca\/%e7%a7%81%e4%ba%ba%e5%8f%b8%e6%9c%ba-%e5%9f%83%e5%85%8b%e6%96%af%e6%99%ae%e7%bd%97%e6%97%ba%e6%96%af%e6%9d%9c-pigonnet-%e9%85%92%e5%ba%97\/\" target=\"_blank\" rel=\"noopener\">\u666e\u7f57\u65fa\u65af\u5730\u533a\u827e\u514b\u65af Pigonnet \u9152\u5e97\u79c1\u4eba\u53f8\u673a<\/a><\/p><p><a href=\"https:\/\/www.vtc-limousine.fr\/zh\/%e7%a7%81%e4%ba%ba%e5%8f%b8%e6%9c%ba\/%e7%a7%81%e4%ba%ba%e5%8f%b8%e6%9c%ba-paca\/%e7%a7%81%e4%ba%ba%e5%8f%b8%e6%9c%ba-%e4%b8%b0%e6%96%af%e7%a7%91%e9%9a%86%e8%b4%9d%e5%9f%8e%e5%a0%a1%e9%85%92%e5%ba%97-13610\/\" target=\"_blank\" rel=\"noopener\">\u79c1\u4eba\u53f8\u673a Chateau de Fonscolombe 13610 Puy Sainte r\u00e9parade<\/a><\/p><p><a href=\"https:\/\/www.vtc-limousine.fr\/zh\/%e7%a7%81%e4%ba%ba%e5%8f%b8%e6%9c%ba\/%e7%a7%81%e4%ba%ba%e5%8f%b8%e6%9c%ba-paca\/achauffeur-privee-base-aerienne-istreslocation-de-voiture-avec-chauffeur-base-aerienne-istres-13800\/\">\u79c1\u4eba\u53f8\u673a VTC Base A\u00e9rienne ISTRES 13800<\/a><\/p><p><a href=\"https:\/\/www.vtc-limousine.fr\/zh\/%e7%a7%81%e4%ba%ba%e5%8f%b8%e6%9c%ba\/%e7%a7%81%e4%ba%ba%e5%8f%b8%e6%9c%ba-paca\/%e9%98%bf%e5%8d%a1%e8%b4%9d%e6%8b%89%e9%85%92%e5%ba%97%e7%a7%81%e4%ba%ba%e5%8f%b8%e6%9c%ba\/\">\u79c1\u4eba\u53f8\u673a VTC \u963f\u52a0\u8d1d\u62c9\u9152\u5e97 \u57c3\u514b\u65af\u666e\u7f57\u65fa\u65af 13100<\/a><\/p><p><a href=\"https:\/\/www.vtc-limousine.fr\/zh\/%e7%a7%81%e4%ba%ba%e5%8f%b8%e6%9c%ba\/%e7%a7%81%e4%ba%ba%e5%8f%b8%e6%9c%ba-paca\/%e7%a7%81%e4%ba%ba%e5%8f%b8%e6%9c%ba-la-ciotat-13600\/\">\u79c1\u4eba\u53f8\u673a VTC La Ciotat 13600<\/a><\/p><p><a href=\"https:\/\/www.vtc-limousine.fr\/zh\/%e7%a7%81%e4%ba%ba%e5%8f%b8%e6%9c%ba\/%e7%a7%81%e4%ba%ba%e5%8f%b8%e6%9c%ba-paca\/%e7%a7%81%e4%ba%ba%e5%8f%b8%e6%9c%ba-%e5%9f%83%e5%85%8b%e6%96%af%e6%99%ae%e7%bd%97%e6%97%ba%e6%96%af%e8%90%a5%e5%9c%b0\/\">\u79c1\u4eba\u53f8\u673a Thecamp 13100 Aix en Provence<\/a><\/p>\t\t\t\t\t\t\t\t<\/div>\n\t\t\t\t<\/div>\n\t\t\t\t\t<\/div>\n\t\t<\/div>\n\t\t\t\t<div class=\"elementor-column elementor-col-50 elementor-inner-column elementor-element elementor-element-709b852\" data-id=\"709b852\" data-element_type=\"column\" data-e-type=\"column\">\n\t\t\t<div class=\"elementor-widget-wrap elementor-element-populated\">\n\t\t\t\t\t\t<div class=\"elementor-element elementor-element-bf4d240 elementor-widget elementor-widget-text-editor\" data-id=\"bf4d240\" data-element_type=\"widget\" data-e-type=\"widget\" data-widget_type=\"text-editor.default\">\n\t\t\t\t<div class=\"elementor-widget-container\">\n\t\t\t\t\t\t\t\t\t<p><a href=\"https:\/\/www.vtc-limousine.fr\/zh\/%e7%a7%81%e4%ba%ba%e5%8f%b8%e6%9c%ba\/%e7%a7%81%e4%ba%ba%e5%8f%b8%e6%9c%ba-paca\/%e8%b1%aa%e5%8d%8e%e8%bd%bf%e8%bd%a6%e5%8f%b8%e6%9c%ba-%e9%85%92%e5%ba%97-les-lodges-sainte-victoire-aix-en-provence\/\" target=\"_blank\" rel=\"noopener\">\u79c1\u4eba\u53f8\u673a Les Lodges Saint Victoire Aix en Provence<\/a><\/p><p><a href=\"https:\/\/www.vtc-limousine.fr\/zh\/%e7%a7%81%e4%ba%ba%e5%8f%b8%e6%9c%ba\/%e7%a7%81%e4%ba%ba%e5%8f%b8%e6%9c%ba-paca\/%e7%a7%81%e4%ba%ba%e5%8f%b8%e6%9c%ba-%e9%85%92%e5%ba%97-villa-gallici-13100-aix-en-provence\/\">Limousine &amp; Chauffeur Service Hotel La Villa Gallici - Aix-en-Provence<\/a><\/p><p><a href=\"https:\/\/www.vtc-limousine.fr\/zh\/%e7%a7%81%e4%ba%ba%e5%8f%b8%e6%9c%ba\/%e7%a7%81%e4%ba%ba%e5%8f%b8%e6%9c%ba-paca\/%e5%b8%a6%e7%a7%81%e4%ba%ba%e5%8f%b8%e6%9c%ba%e7%9a%84%e6%b1%bd%e8%bd%a6-crillon-le-braward-%e6%97%85%e9%a6%86-84410\/\">\u5e26\u79c1\u4eba\u53f8\u673a\u7684\u6c7d\u8f66 Crillon le Brave \u9152\u5e97 84410<\/a><\/p><p><a href=\"https:\/\/www.vtc-limousine.fr\/zh\/%e7%a7%81%e4%ba%ba%e5%8f%b8%e6%9c%ba\/%e7%a7%81%e4%ba%ba%e5%8f%b8%e6%9c%ba-paca\/%e5%b7%b4%e9%bb%8e%e5%9c%a3%e7%89%b9%e7%bd%97%e4%bd%a9%e9%85%92%e5%ba%97%e7%a7%81%e4%ba%ba%e5%8f%b8%e6%9c%ba-83990\/\">\u5df4\u9ece\u5723\u7279\u7f57\u4f69\u9152\u5e97\u79c1\u4eba\u53f8\u673a VTC 83990<\/a><\/p><p><a href=\"https:\/\/www.vtc-limousine.fr\/zh\/%e7%a7%81%e4%ba%ba%e5%8f%b8%e6%9c%ba\/%e7%a7%81%e4%ba%ba%e5%8f%b8%e6%9c%ba-paca\/%e5%9c%a3%e7%89%b9%e7%bd%97%e4%bd%a9-byblos-%e9%85%92%e5%ba%97%e7%a7%81%e4%ba%ba%e5%8f%b8%e6%9c%ba-83990\/\">H\u00f4tel Byblos Saint Tropez \u7684\u79c1\u4eba\u53f8\u673a VTC 83990<\/a><\/p><p><a href=\"https:\/\/www.vtc-limousine.fr\/zh\/%e7%a7%81%e4%ba%ba%e5%8f%b8%e6%9c%ba\/%e7%a7%81%e4%ba%ba%e5%8f%b8%e6%9c%ba-paca\/%e7%a7%81%e4%ba%ba%e5%8f%b8%e6%9c%ba%e5%b7%a1%e5%9b%9e%e8%b5%9b-paul-ricard\/\">\u79c1\u4eba\u53f8\u673a Circuit Paul Ricard 83330 Le Castellet<\/a><\/p>\t\t\t\t\t\t\t\t<\/div>\n\t\t\t\t<\/div>\n\t\t\t\t\t<\/div>\n\t\t<\/div>\n\t\t\t\t\t<\/div>\n\t\t<\/section>\n\t\t\t\t\t<\/div>\n\t\t<\/div>\n\t\t\t\t\t<\/div>\n\t\t<\/section>\n\t\t\t\t<\/div>","protected":false},"excerpt":{"rendered":"<p>Services de chauffeur priv\u00e9 sur la R\u00e9gion PACA Nos chauffeurs op\u00e8rent dans tout le Sud Est de la France\u00a0 Aix en Provence-Marseille-Avignon-Montpellier-St Tropez-Cannes-Monaco-Lyon-Paris CHAUFFEUR PRIVE PAR LIEUX Chauffeur priv\u00e9e A\u00e9roport Marseille Provence MRS Chauffeur Priv\u00e9 Hotel Villa 13100 Aix en Provence Chauffeur Priv\u00e9 pour Ch\u00e2teau de la Messardi\u00e8re \u2013 St Tropez 83990 Chauffeur Priv\u00e9 pour [&hellip;]<\/p>","protected":false},"author":1,"featured_media":22530,"parent":13612,"menu_order":0,"comment_status":"closed","ping_status":"closed","template":"","meta":{"footnotes":""},"class_list":["post-13161","page","type-page","status-publish","has-post-thumbnail","hentry"],"_links":{"self":[{"href":"https:\/\/www.vtc-limousine.fr\/zh\/wp-json\/wp\/v2\/pages\/13161","targetHints":{"allow":["GET"]}}],"collection":[{"href":"https:\/\/www.vtc-limousine.fr\/zh\/wp-json\/wp\/v2\/pages"}],"about":[{"href":"https:\/\/www.vtc-limousine.fr\/zh\/wp-json\/wp\/v2\/types\/page"}],"author":[{"embeddable":true,"href":"https:\/\/www.vtc-limousine.fr\/zh\/wp-json\/wp\/v2\/users\/1"}],"replies":[{"embeddable":true,"href":"https:\/\/www.vtc-limousine.fr\/zh\/wp-json\/wp\/v2\/comments?post=13161"}],"version-history":[{"count":156,"href":"https:\/\/www.vtc-limousine.fr\/zh\/wp-json\/wp\/v2\/pages\/13161\/revisions"}],"predecessor-version":[{"id":23780,"href":"https:\/\/www.vtc-limousine.fr\/zh\/wp-json\/wp\/v2\/pages\/13161\/revisions\/23780"}],"up":[{"embeddable":true,"href":"https:\/\/www.vtc-limousine.fr\/zh\/wp-json\/wp\/v2\/pages\/13612"}],"wp:featuredmedia":[{"embeddable":true,"href":"https:\/\/www.vtc-limousine.fr\/zh\/wp-json\/wp\/v2\/media\/22530"}],"wp:attachment":[{"href":"https:\/\/www.vtc-limousine.fr\/zh\/wp-json\/wp\/v2\/media?parent=13161"}],"curies":[{"name":"wp","href":"https:\/\/api.w.org\/{rel}","templated":true}]}}