{"id":15059,"date":"2022-05-11T13:43:14","date_gmt":"2022-05-11T13:43:14","guid":{"rendered":"https:\/\/www.vtc-limousine.fr\/?page_id=15059"},"modified":"2022-11-20T11:38:14","modified_gmt":"2022-11-20T11:38:14","slug":"motorista-privado-fbo-aeroport-le-castellet-lfmq","status":"publish","type":"page","link":"https:\/\/www.vtc-limousine.fr\/pt\/vtc-private-transfer\/motorista-privado-fbo-aeroport-le-castellet-lfmq\/","title":{"rendered":"Motorista privado FBO Aeroporto de Le Castellet (LFMQ)"},"content":{"rendered":"<div data-elementor-type=\"wp-page\" data-elementor-id=\"15059\" class=\"elementor elementor-15059\" data-elementor-post-type=\"page\">\n\t\t\t\t\t\t<section class=\"elementor-section elementor-top-section elementor-element elementor-element-5e739282 elementor-section-full_width elementor-section-height-min-height elementor-section-height-default elementor-section-items-middle\" data-id=\"5e739282\" data-element_type=\"section\" data-e-type=\"section\" data-settings=\"{&quot;background_background&quot;:&quot;classic&quot;}\">\n\t\t\t\t\t\t\t<div class=\"elementor-background-overlay\"><\/div>\n\t\t\t\t\t\t\t<div class=\"elementor-container elementor-column-gap-default\">\n\t\t\t\t\t<div class=\"elementor-column elementor-col-100 elementor-top-column elementor-element elementor-element-1faf7528\" data-id=\"1faf7528\" data-element_type=\"column\" data-e-type=\"column\">\n\t\t\t<div class=\"elementor-widget-wrap\">\n\t\t\t\t\t\t\t<\/div>\n\t\t<\/div>\n\t\t\t\t\t<\/div>\n\t\t<\/section>\n\t\t\t\t<section class=\"elementor-section elementor-top-section elementor-element elementor-element-65088e05 elementor-section-boxed elementor-section-height-default elementor-section-height-default\" data-id=\"65088e05\" data-element_type=\"section\" data-e-type=\"section\">\n\t\t\t\t\t\t<div class=\"elementor-container elementor-column-gap-default\">\n\t\t\t\t\t<div class=\"elementor-column elementor-col-100 elementor-top-column elementor-element elementor-element-344a6702\" data-id=\"344a6702\" data-element_type=\"column\" data-e-type=\"column\">\n\t\t\t<div class=\"elementor-widget-wrap elementor-element-populated\">\n\t\t\t\t\t\t<div class=\"elementor-element elementor-element-18f76e2 elementor-widget elementor-widget-shortcode\" data-id=\"18f76e2\" data-element_type=\"widget\" data-e-type=\"widget\" data-widget_type=\"shortcode.default\">\n\t\t\t\t<div class=\"elementor-widget-container\">\n\t\t\t\t\t\t\t<div class=\"elementor-shortcode\"><nav aria-label=\"p\u00e3o ralado\">\n            <div class=\"breadcrumb-container theme1\">\n                <ol>\n                                    <\/ol>\n            <\/div>\n        <\/nav>    <script type=\"application\/ld+json\">\n        {\n            \"@context\": \"http:\/\/schema.org\",\n            \"@type\": \"BreadcrumbList\",\n            \"itemListElement\": [\n                            ]\n        }\n    <\/script>\n   \n    <script>\n            <\/script>\n<\/div>\n\t\t\t\t\t\t<\/div>\n\t\t\t\t<\/div>\n\t\t\t\t<div class=\"elementor-element elementor-element-6d44219e elementor-widget elementor-widget-heading\" data-id=\"6d44219e\" data-element_type=\"widget\" data-e-type=\"widget\" data-widget_type=\"heading.default\">\n\t\t\t\t<div class=\"elementor-widget-container\">\n\t\t\t\t\t<h1 class=\"elementor-heading-title elementor-size-default\">Motorista privado FBO Aeroporto de Le Castellet (LFMQ)<\/h1>\t\t\t\t<\/div>\n\t\t\t\t<\/div>\n\t\t\t\t<div class=\"elementor-element elementor-element-2cda9272 elementor-widget elementor-widget-heading\" data-id=\"2cda9272\" data-element_type=\"widget\" data-e-type=\"widget\" data-widget_type=\"heading.default\">\n\t\t\t\t<div class=\"elementor-widget-container\">\n\t\t\t\t\t<h2 class=\"elementor-heading-title elementor-size-default\">Transfer\u00eancia VTC FBO Aeroporto de Le Castellet (LFMQ)<\/h2>\t\t\t\t<\/div>\n\t\t\t\t<\/div>\n\t\t\t\t\t<\/div>\n\t\t<\/div>\n\t\t\t\t\t<\/div>\n\t\t<\/section>\n\t\t\t\t<section class=\"elementor-section elementor-top-section elementor-element elementor-element-c8573c3 elementor-section-boxed elementor-section-height-default elementor-section-height-default\" data-id=\"c8573c3\" data-element_type=\"section\" data-e-type=\"section\">\n\t\t\t\t\t\t<div class=\"elementor-container elementor-column-gap-default\">\n\t\t\t\t\t<div class=\"elementor-column elementor-col-100 elementor-top-column elementor-element elementor-element-3ae0696\" data-id=\"3ae0696\" data-element_type=\"column\" data-e-type=\"column\">\n\t\t\t<div class=\"elementor-widget-wrap elementor-element-populated\">\n\t\t\t\t\t\t<div class=\"elementor-element elementor-element-e3cfce5 elementor-widget elementor-widget-text-editor\" data-id=\"e3cfce5\" data-element_type=\"widget\" data-e-type=\"widget\" data-widget_type=\"text-editor.default\">\n\t\t\t\t<div class=\"elementor-widget-container\">\n\t\t\t\t\t\t\t\t\t<p style=\"text-align: center;\"><strong>\u00a0Chauffeur Privado FBO Aeroporto de Le Castellet\u00a0<\/strong><br \/><strong>Transfer\u00eancia VTC FBO Aeroporto de Le Castellet (LFMQ)<\/strong><br \/>HAVER\u00c1 SEMPRE UM\u00a0<strong>MOTORISTA PARTICULAR<\/strong>\u00a0PARA VOS RECEBER.<br \/><a href=\"\/pt\/os-nossos-veiculos\/\" target=\"_blank\" rel=\"noopener\">Berlim-MiniVan-MiniBus<\/a><\/p>\t\t\t\t\t\t\t\t<\/div>\n\t\t\t\t<\/div>\n\t\t\t\t\t<\/div>\n\t\t<\/div>\n\t\t\t\t\t<\/div>\n\t\t<\/section>\n\t\t\t\t<section class=\"elementor-section elementor-top-section elementor-element elementor-element-9158890 elementor-section-boxed elementor-section-height-default elementor-section-height-default\" data-id=\"9158890\" data-element_type=\"section\" data-e-type=\"section\">\n\t\t\t\t\t\t<div class=\"elementor-container elementor-column-gap-default\">\n\t\t\t\t\t<div class=\"elementor-column elementor-col-33 elementor-top-column elementor-element elementor-element-96942dc\" data-id=\"96942dc\" data-element_type=\"column\" data-e-type=\"column\">\n\t\t\t<div class=\"elementor-widget-wrap elementor-element-populated\">\n\t\t\t\t\t\t<div class=\"elementor-element elementor-element-477112a elementor-widget elementor-widget-image\" data-id=\"477112a\" data-element_type=\"widget\" data-e-type=\"widget\" data-widget_type=\"image.default\">\n\t\t\t\t<div class=\"elementor-widget-container\">\n\t\t\t\t\t\t\t\t\t\t\t\t\t\t\t<img decoding=\"async\" src=\"https:\/\/www.vtc-limousine.fr\/wp-content\/uploads\/elementor\/thumbs\/New-MB-S-Class-jpg-qfq8b5fvz5981amjm2b48zg7ntvvjzxv57o28twc30.jpg\" title=\"MB S Classe J\" alt=\"MB S Classe J\" loading=\"lazy\" \/>\t\t\t\t\t\t\t\t\t\t\t\t\t\t\t<\/div>\n\t\t\t\t<\/div>\n\t\t\t\t\t<\/div>\n\t\t<\/div>\n\t\t\t\t<div class=\"elementor-column elementor-col-33 elementor-top-column elementor-element elementor-element-393d5a7\" data-id=\"393d5a7\" data-element_type=\"column\" data-e-type=\"column\">\n\t\t\t<div class=\"elementor-widget-wrap elementor-element-populated\">\n\t\t\t\t\t\t<div class=\"elementor-element elementor-element-54885fc elementor-widget elementor-widget-image\" data-id=\"54885fc\" data-element_type=\"widget\" data-e-type=\"widget\" data-widget_type=\"image.default\">\n\t\t\t\t<div class=\"elementor-widget-container\">\n\t\t\t\t\t\t\t\t\t\t\t\t\t\t\t<img decoding=\"async\" src=\"https:\/\/www.vtc-limousine.fr\/wp-content\/uploads\/elementor\/thumbs\/IMG_9798-qfq8ba52xbfnncfpumc93g9imr8pmhgituxhn7pd7w.jpg\" title=\"Chauffeur privado Aeroport Le Castellet\" alt=\"Chauffeur privado Aeroport Le Castellet\" loading=\"lazy\" \/>\t\t\t\t\t\t\t\t\t\t\t\t\t\t\t<\/div>\n\t\t\t\t<\/div>\n\t\t\t\t\t<\/div>\n\t\t<\/div>\n\t\t\t\t<div class=\"elementor-column elementor-col-33 elementor-top-column elementor-element elementor-element-9f95fe6\" data-id=\"9f95fe6\" data-element_type=\"column\" data-e-type=\"column\">\n\t\t\t<div class=\"elementor-widget-wrap elementor-element-populated\">\n\t\t\t\t\t\t<div class=\"elementor-element elementor-element-c11d255 elementor-widget elementor-widget-image\" data-id=\"c11d255\" data-element_type=\"widget\" data-e-type=\"widget\" data-widget_type=\"image.default\">\n\t\t\t\t<div class=\"elementor-widget-container\">\n\t\t\t\t\t\t\t\t\t\t\t\t\t\t\t<img decoding=\"async\" src=\"https:\/\/www.vtc-limousine.fr\/wp-content\/uploads\/elementor\/thumbs\/IMG_8035-scaled-qfq8aaf7pm2re5vln6wfgpa0244rhziq0y51ep6bsc.jpeg\" title=\"IMG_8035\" alt=\"Motorista privado FBO Aeroporto de Le Castellet (LFMQ)\" loading=\"lazy\" \/>\t\t\t\t\t\t\t\t\t\t\t\t\t\t\t<\/div>\n\t\t\t\t<\/div>\n\t\t\t\t\t<\/div>\n\t\t<\/div>\n\t\t\t\t\t<\/div>\n\t\t<\/section>\n\t\t\t\t<section class=\"elementor-section elementor-top-section elementor-element elementor-element-872576b elementor-section-boxed elementor-section-height-default elementor-section-height-default\" data-id=\"872576b\" data-element_type=\"section\" data-e-type=\"section\">\n\t\t\t\t\t\t<div class=\"elementor-container elementor-column-gap-default\">\n\t\t\t\t\t<div class=\"elementor-column elementor-col-100 elementor-top-column elementor-element elementor-element-0c770c6\" data-id=\"0c770c6\" data-element_type=\"column\" data-e-type=\"column\">\n\t\t\t<div class=\"elementor-widget-wrap elementor-element-populated\">\n\t\t\t\t\t\t<div class=\"elementor-element elementor-element-b2643a0 elementor-widget elementor-widget-spacer\" data-id=\"b2643a0\" data-element_type=\"widget\" data-e-type=\"widget\" data-widget_type=\"spacer.default\">\n\t\t\t\t<div class=\"elementor-widget-container\">\n\t\t\t\t\t\t\t<div class=\"elementor-spacer\">\n\t\t\t<div class=\"elementor-spacer-inner\"><\/div>\n\t\t<\/div>\n\t\t\t\t\t\t<\/div>\n\t\t\t\t<\/div>\n\t\t\t\t<div class=\"elementor-element elementor-element-e7d138d elementor-widget elementor-widget-text-editor\" data-id=\"e7d138d\" data-element_type=\"widget\" data-e-type=\"widget\" data-widget_type=\"text-editor.default\">\n\t\t\t\t<div class=\"elementor-widget-container\">\n\t\t\t\t\t\t\t\t\t<p style=\"text-align: center;\"><strong>\u00a0Chauffeur Privado FBO Aeroporto de Le Castellet\u00a0<\/strong><br \/><strong>Transfer\u00eancia VTC FBO Aeroporto de Le Castellet (LFMQ)<\/strong><br \/>VOOS COMERCIAIS E PRIVADOS<\/p><p style=\"text-align: center;\">Os voos privados podem ser recolhidos na pista.<br \/>Assim que o seu comboio chegar ou o seu avi\u00e3o partir, os nossos motoristas vtc experientes e bilingues dar-lhe-\u00e3o as boas-vindas.<\/p>\t\t\t\t\t\t\t\t<\/div>\n\t\t\t\t<\/div>\n\t\t\t\t<div class=\"elementor-element elementor-element-5b851c8 elementor-widget elementor-widget-spacer\" data-id=\"5b851c8\" data-element_type=\"widget\" data-e-type=\"widget\" data-widget_type=\"spacer.default\">\n\t\t\t\t<div class=\"elementor-widget-container\">\n\t\t\t\t\t\t\t<div class=\"elementor-spacer\">\n\t\t\t<div class=\"elementor-spacer-inner\"><\/div>\n\t\t<\/div>\n\t\t\t\t\t\t<\/div>\n\t\t\t\t<\/div>\n\t\t\t\t\t<\/div>\n\t\t<\/div>\n\t\t\t\t\t<\/div>\n\t\t<\/section>\n\t\t\t\t<section class=\"elementor-section elementor-top-section elementor-element elementor-element-f8816d1 elementor-section-boxed elementor-section-height-default elementor-section-height-default\" data-id=\"f8816d1\" data-element_type=\"section\" data-e-type=\"section\">\n\t\t\t\t\t\t<div class=\"elementor-container elementor-column-gap-default\">\n\t\t\t\t\t<div class=\"elementor-column elementor-col-100 elementor-top-column elementor-element elementor-element-d799515\" data-id=\"d799515\" data-element_type=\"column\" data-e-type=\"column\">\n\t\t\t<div class=\"elementor-widget-wrap elementor-element-populated\">\n\t\t\t\t\t\t<div class=\"elementor-element elementor-element-73570c3 elementor-widget elementor-widget-image\" data-id=\"73570c3\" data-element_type=\"widget\" data-e-type=\"widget\" data-widget_type=\"image.default\">\n\t\t\t\t<div class=\"elementor-widget-container\">\n\t\t\t\t\t\t\t\t\t\t\t\t\t\t\t<img fetchpriority=\"high\" decoding=\"async\" width=\"768\" height=\"457\" src=\"https:\/\/www.vtc-limousine.fr\/wp-content\/uploads\/2019\/02\/IMG_2706-1-768x457.jpg\" class=\"attachment-medium_large size-medium_large wp-image-10381\" alt=\"Tesla Pickup Tarmac\" srcset=\"https:\/\/www.vtc-limousine.fr\/wp-content\/uploads\/2019\/02\/IMG_2706-1-768x457.jpg 768w, https:\/\/www.vtc-limousine.fr\/wp-content\/uploads\/2019\/02\/IMG_2706-1-300x179.jpg 300w, https:\/\/www.vtc-limousine.fr\/wp-content\/uploads\/2019\/02\/IMG_2706-1-1024x610.jpg 1024w, https:\/\/www.vtc-limousine.fr\/wp-content\/uploads\/2019\/02\/IMG_2706-1-1536x915.jpg 1536w, https:\/\/www.vtc-limousine.fr\/wp-content\/uploads\/2019\/02\/IMG_2706-1-2048x1220.jpg 2048w, https:\/\/www.vtc-limousine.fr\/wp-content\/uploads\/2019\/02\/IMG_2706-1-scaled.jpg 2000w\" sizes=\"(max-width: 768px) 100vw, 768px\" \/>\t\t\t\t\t\t\t\t\t\t\t\t\t\t\t<\/div>\n\t\t\t\t<\/div>\n\t\t\t\t<div class=\"elementor-element elementor-element-ac25104 elementor-widget elementor-widget-text-editor\" data-id=\"ac25104\" data-element_type=\"widget\" data-e-type=\"widget\" data-widget_type=\"text-editor.default\">\n\t\t\t\t<div class=\"elementor-widget-container\">\n\t\t\t\t\t\t\t\t\t<p style=\"text-align: center;\">As suas bagagens ser\u00e3o tratadas.<strong><br \/><\/strong>Se o seu avi\u00e3o ou comboio estiver atrasado, ele descobre e espera por si.<br \/>Aproveite o nosso sistema de localiza\u00e7\u00e3o de voos para todas as recolhas no aeroporto.<br \/>Os nossos motoristas acompanham a sua chegada em tempo real e adaptam-se a qualquer atraso do seu voo.<br \/>Os nossos motoristas est\u00e3o empenhados em manter os mais elevados n\u00edveis de profissionalismo e discri\u00e7\u00e3o.<\/p><p style=\"text-align: center;\">Class-eDriver Limousine acompanha-o em todas as suas desloca\u00e7\u00f5es, quer sejam pessoais ou profissionais.<\/p><p style=\"text-align: center;\"><strong>Chauffeur Privado FBO Aeroporto de Le Castellet\u00a0<\/strong><br \/><strong>Transfer\u00eancia VTC FBO Aeroporto de Le Castellet (LFMQ)<\/strong><\/p>\t\t\t\t\t\t\t\t<\/div>\n\t\t\t\t<\/div>\n\t\t\t\t\t<\/div>\n\t\t<\/div>\n\t\t\t\t\t<\/div>\n\t\t<\/section>\n\t\t\t\t<section class=\"elementor-section elementor-top-section elementor-element elementor-element-6b14c1a elementor-section-full_width elementor-section-height-default elementor-section-height-default\" data-id=\"6b14c1a\" data-element_type=\"section\" data-e-type=\"section\">\n\t\t\t\t\t\t<div class=\"elementor-container elementor-column-gap-default\">\n\t\t\t\t\t<div class=\"elementor-column elementor-col-100 elementor-top-column elementor-element elementor-element-9d6fa62\" data-id=\"9d6fa62\" data-element_type=\"column\" data-e-type=\"column\">\n\t\t\t<div class=\"elementor-widget-wrap elementor-element-populated\">\n\t\t\t\t\t\t<div class=\"elementor-element elementor-element-e4990dc elementor-widget-divider--view-line elementor-widget elementor-widget-divider\" data-id=\"e4990dc\" data-element_type=\"widget\" data-e-type=\"widget\" data-widget_type=\"divider.default\">\n\t\t\t\t<div class=\"elementor-widget-container\">\n\t\t\t\t\t\t\t<div class=\"elementor-divider\">\n\t\t\t<span class=\"elementor-divider-separator\">\n\t\t\t\t\t\t<\/span>\n\t\t<\/div>\n\t\t\t\t\t\t<\/div>\n\t\t\t\t<\/div>\n\t\t\t\t\t<\/div>\n\t\t<\/div>\n\t\t\t\t\t<\/div>\n\t\t<\/section>\n\t\t\t\t<section class=\"elementor-section elementor-top-section elementor-element elementor-element-d887e1b elementor-section-boxed elementor-section-height-default elementor-section-height-default\" data-id=\"d887e1b\" data-element_type=\"section\" data-e-type=\"section\">\n\t\t\t\t\t\t<div class=\"elementor-container elementor-column-gap-default\">\n\t\t\t\t\t<div class=\"elementor-column elementor-col-33 elementor-top-column elementor-element elementor-element-969f2bf\" data-id=\"969f2bf\" data-element_type=\"column\" data-e-type=\"column\">\n\t\t\t<div class=\"elementor-widget-wrap elementor-element-populated\">\n\t\t\t\t\t\t<div class=\"elementor-element elementor-element-6e91165 elementor-widget elementor-widget-heading\" data-id=\"6e91165\" data-element_type=\"widget\" data-e-type=\"widget\" data-widget_type=\"heading.default\">\n\t\t\t\t<div class=\"elementor-widget-container\">\n\t\t\t\t\t<h3 class=\"elementor-heading-title elementor-size-small\">Motorista privado Aeroport du Castellet (LFMQ)<\/h3>\t\t\t\t<\/div>\n\t\t\t\t<\/div>\n\t\t\t\t<div class=\"elementor-element elementor-element-357b72a elementor-widget elementor-widget-image\" data-id=\"357b72a\" data-element_type=\"widget\" data-e-type=\"widget\" data-widget_type=\"image.default\">\n\t\t\t\t<div class=\"elementor-widget-container\">\n\t\t\t\t\t\t\t\t\t\t\t\t\t\t\t<img decoding=\"async\" src=\"https:\/\/www.vtc-limousine.fr\/wp-content\/uploads\/elementor\/thumbs\/WORK1015-trip-e1461841777748-1-qfq8fzc13hup8k9o2ksn15qh69mku450vmv2027j2c.jpg\" title=\"WORK1015-trip\" alt=\"Mulher de neg\u00f3cios com mala de viagem no aeroporto\" loading=\"lazy\" \/>\t\t\t\t\t\t\t\t\t\t\t\t\t\t\t<\/div>\n\t\t\t\t<\/div>\n\t\t\t\t<div class=\"elementor-element elementor-element-895c50a elementor-widget elementor-widget-text-editor\" data-id=\"895c50a\" data-element_type=\"widget\" data-e-type=\"widget\" data-widget_type=\"text-editor.default\">\n\t\t\t\t<div class=\"elementor-widget-container\">\n\t\t\t\t\t\t\t\t\t<div class=\"four columns\"><div class=\"limoking-ux column-service-ux\"><div class=\"limoking-item limoking-column-service-item limoking-medium\"><div class=\"column-service-content-wrapper\"><div class=\"column-service-content limoking-skin-content\"><p>O seu carro com motorista\u00a0<a href=\"\/pt\/os-nossos-veiculos\/\">(VTC)<\/a>\u00a0levamo-lo do seu aeroporto ou para o aeroporto da sua escolha. Servimos os seguintes aeroportos:\u00a0<br \/><a href=\"https:\/\/www.marseille.aeroport.fr\/\" target=\"_blank\" rel=\"noopener\">\u00a0Chauffeur privado Marselha Provence Aeroporto<\/a>\u00a0<br \/>Motorista privado\u00a0<a href=\"https:\/\/www.nice.aeroport.fr\/\" target=\"_blank\" rel=\"noopener\">\u00a0Aeroporto de Nice C\u00f4te-d'Azur<\/a><br \/>Motorista privado\u00a0\u00a0<a href=\"http:\/\/www.gouv.mc\/Gouvernement-et-Institutions\/Le-Gouvernement\/Departement-de-l-Equipement-de-l-Environnement-et-de-l-Urbanisme\/Direction-de-l-Aviation-Civile\" target=\"_blank\" rel=\"noopener\">Heliporto do M\u00f3naco<\/a><br \/>Motorista privado \u00a0<a href=\"http:\/\/www.aeroportducastellet.com\/fr\/\" target=\"_blank\" rel=\"noopener\">Le Castellet aeroporto<\/a><br \/>Motorista privado \u00a0<a href=\"http:\/\/www.sainttropez.aeroport.fr\/\" target=\"_blank\" rel=\"noopener\">Aeroporto de St Tropez Golf\u00a0<\/a><br \/>Motorista privado \u00a0<a href=\"http:\/\/www.avignon.aeroport.fr\/\" target=\"_blank\" rel=\"noopener\">Aeroporto de Avignon Provence\u00a0<\/a><br \/>Motorista privado \u00a0<a href=\"https:\/\/www.toulon-hyeres.aeroport.fr\/\" target=\"_blank\" rel=\"noopener\">Toulon Hy\u00e8res aeroporto<\/a><br \/>Motorista privado \u00a0<a href=\"http:\/\/www.montpellier.aeroport.fr\/\" target=\"_blank\" rel=\"noopener\">Aeroporto de Montpellier M\u00e9diterran\u00e9e<\/a><\/p><\/div><\/div><\/div><\/div><\/div><div class=\"four columns\"><div class=\"limoking-ux column-service-ux\"><div class=\"limoking-item limoking-column-service-item limoking-medium\"><div class=\"column-service-content-wrapper\">\u00a0<\/div><\/div><\/div><\/div>\t\t\t\t\t\t\t\t<\/div>\n\t\t\t\t<\/div>\n\t\t\t\t\t<\/div>\n\t\t<\/div>\n\t\t\t\t<div class=\"elementor-column elementor-col-33 elementor-top-column elementor-element elementor-element-0ea0348\" data-id=\"0ea0348\" data-element_type=\"column\" data-e-type=\"column\">\n\t\t\t<div class=\"elementor-widget-wrap elementor-element-populated\">\n\t\t\t\t\t\t<div class=\"elementor-element elementor-element-35e8cff elementor-widget elementor-widget-heading\" data-id=\"35e8cff\" data-element_type=\"widget\" data-e-type=\"widget\" data-widget_type=\"heading.default\">\n\t\t\t\t<div class=\"elementor-widget-container\">\n\t\t\t\t\t<h3 class=\"elementor-heading-title elementor-size-small\">Chauffeur privado Aix en Provence TGV<\/h3>\t\t\t\t<\/div>\n\t\t\t\t<\/div>\n\t\t\t\t<div class=\"elementor-element elementor-element-9e542a7 elementor-widget elementor-widget-image\" data-id=\"9e542a7\" data-element_type=\"widget\" data-e-type=\"widget\" data-widget_type=\"image.default\">\n\t\t\t\t<div class=\"elementor-widget-container\">\n\t\t\t\t\t\t\t\t\t\t\t\t\t\t\t<img decoding=\"async\" src=\"https:\/\/www.vtc-limousine.fr\/wp-content\/uploads\/elementor\/thumbs\/aixtgv-e1462955693358-1-qfq89fejg2vqafsdc8ta5b9s2jxg634eb746jlxcg4.jpg\" title=\"4 T\" alt=\"Transfer VTC esta\u00e7\u00e3o de TGV de Aix en Provence\" loading=\"lazy\" \/>\t\t\t\t\t\t\t\t\t\t\t\t\t\t\t<\/div>\n\t\t\t\t<\/div>\n\t\t\t\t<div class=\"elementor-element elementor-element-2164af0 elementor-widget elementor-widget-text-editor\" data-id=\"2164af0\" data-element_type=\"widget\" data-e-type=\"widget\" data-widget_type=\"text-editor.default\">\n\t\t\t\t<div class=\"elementor-widget-container\">\n\t\t\t\t\t\t\t\t\t<p>O seu carro com motorista\u00a0<a href=\"\/pt\/os-nossos-veiculos\/\">(VTC)<\/a>\u00a0levamo-lo da sua esta\u00e7\u00e3o ou para a esta\u00e7\u00e3o da sua escolha. Servimos as seguintes esta\u00e7\u00f5es:<br \/>Chauffeur Privado Esta\u00e7\u00e3o de Marselha St Charles<br \/><a href=\"https:\/\/www.gares-sncf.com\/fr\/gare\/fraie\/aix-provence-tgv\" target=\"_blank\" rel=\"noopener\">Chauffeur privado Esta\u00e7\u00e3o TGV de Aix en Provence<\/a><br \/>Chauffeur privado Esta\u00e7\u00e3o TGV de Avignon<br \/>Chauffeur privado Esta\u00e7\u00e3o SNCF de Toulon\u00a0<br \/>Chauffeur Privado Esta\u00e7\u00e3o de Montpellier Saint-Roch<\/p>\t\t\t\t\t\t\t\t<\/div>\n\t\t\t\t<\/div>\n\t\t\t\t\t<\/div>\n\t\t<\/div>\n\t\t\t\t<div class=\"elementor-column elementor-col-33 elementor-top-column elementor-element elementor-element-4cf8eda\" data-id=\"4cf8eda\" data-element_type=\"column\" data-e-type=\"column\">\n\t\t\t<div class=\"elementor-widget-wrap elementor-element-populated\">\n\t\t\t\t\t\t<div class=\"elementor-element elementor-element-1d97f03 elementor-widget elementor-widget-heading\" data-id=\"1d97f03\" data-element_type=\"widget\" data-e-type=\"widget\" data-widget_type=\"heading.default\">\n\t\t\t\t<div class=\"elementor-widget-container\">\n\t\t\t\t\t<h3 class=\"elementor-heading-title elementor-size-small\">Servi\u00e7o de iates La Ciotat - Cassis - Saint Tropez<\/h3>\t\t\t\t<\/div>\n\t\t\t\t<\/div>\n\t\t\t\t<div class=\"elementor-element elementor-element-9113452 elementor-widget elementor-widget-image\" data-id=\"9113452\" data-element_type=\"widget\" data-e-type=\"widget\" data-widget_type=\"image.default\">\n\t\t\t\t<div class=\"elementor-widget-container\">\n\t\t\t\t\t\t\t\t\t\t\t\t\t\t\t<img decoding=\"async\" src=\"https:\/\/www.vtc-limousine.fr\/wp-content\/uploads\/elementor\/thumbs\/12314661_1181324875230561_2549917994845135698_o-e1461913792875-1-qfq8eip2grun6ee4ly1j5j0nwou0v2c20ebv4kdkqs.jpg\" title=\"12314661_1181324875230561_2549917994845135698_o\" alt=\"12314661_1181324875230561_2549917994845135698_o\" loading=\"lazy\" \/>\t\t\t\t\t\t\t\t\t\t\t\t\t\t\t<\/div>\n\t\t\t\t<\/div>\n\t\t\t\t<div class=\"elementor-element elementor-element-b923b06 elementor-widget elementor-widget-text-editor\" data-id=\"b923b06\" data-element_type=\"widget\" data-e-type=\"widget\" data-widget_type=\"text-editor.default\">\n\t\t\t\t<div class=\"elementor-widget-container\">\n\t\t\t\t\t\t\t\t\t<p>O seu condutor\u00a0<a href=\"\/pt\/os-nossos-veiculos\/\">(VTC)<\/a>\u00a0lev\u00e1-lo-\u00e1 do seu porto ou ao terminal de ferry da sua escolha. \u00a0<br \/>Servimos as cidades de :\u00a0<br \/>Motorista privado\u00a0<a href=\"http:\/\/www.marseille-port.fr\/fr\/page\/croisieres\/13021\" target=\"_blank\" rel=\"noopener\">Terminal de ferries de Marselha e terminais de cruzeiros\u00a0<\/a><br \/>Cruzeiros fluviais em Avignon com motorista privado\u00a0<br \/>Chauffeur privado Porto de St-Tropez<br \/>Chauffeur privado Cannes porto Canto\u00a0<br \/>Chauffeur privado Porto do M\u00f3naco\u00a0<br \/>Chauffeur privado Porto de Nice\u00a0<br \/>Motorista privado\u00a0<a href=\"http:\/\/toulontourisme.com\/toulon-pratique\/partir-en-croisiere-depuis-toulon\/\" target=\"_blank\" rel=\"noopener\">Terminal de ferry de Toulon e terminais de cruzeiros\u00a0<\/a><\/p>\t\t\t\t\t\t\t\t<\/div>\n\t\t\t\t<\/div>\n\t\t\t\t\t<\/div>\n\t\t<\/div>\n\t\t\t\t\t<\/div>\n\t\t<\/section>\n\t\t\t\t<\/div>","protected":false},"excerpt":{"rendered":"<p>Transfer VTC FBO A\u00e9roport Le Castellet (LFMQ) Chauffeur Priv\u00e9 FBO A\u00e9roport Le Castellet Transfert VTC FBO A\u00e9roport Le Castellet (LFMQ)HAVER\u00c1 SEMPRE UM CONDUTOR PRIVADO PARA O RECEBER.Berlin-MiniVan-MiniBus Motorista Privado FBO Aeroporto Le Castellet Transfert VTC FBO Aeroporto Le Castellet (LFMQ)VOOS COMERCIAIS &amp; VOOS PRIVADOS Para os voos privados, \u00e9 poss\u00edvel a recolha na pista.<\/p>","protected":false},"author":1,"featured_media":17803,"parent":14046,"menu_order":0,"comment_status":"closed","ping_status":"closed","template":"","meta":{"footnotes":""},"class_list":["post-15059","page","type-page","status-publish","has-post-thumbnail","hentry"],"_links":{"self":[{"href":"https:\/\/www.vtc-limousine.fr\/pt\/wp-json\/wp\/v2\/pages\/15059","targetHints":{"allow":["GET"]}}],"collection":[{"href":"https:\/\/www.vtc-limousine.fr\/pt\/wp-json\/wp\/v2\/pages"}],"about":[{"href":"https:\/\/www.vtc-limousine.fr\/pt\/wp-json\/wp\/v2\/types\/page"}],"author":[{"embeddable":true,"href":"https:\/\/www.vtc-limousine.fr\/pt\/wp-json\/wp\/v2\/users\/1"}],"replies":[{"embeddable":true,"href":"https:\/\/www.vtc-limousine.fr\/pt\/wp-json\/wp\/v2\/comments?post=15059"}],"version-history":[{"count":33,"href":"https:\/\/www.vtc-limousine.fr\/pt\/wp-json\/wp\/v2\/pages\/15059\/revisions"}],"predecessor-version":[{"id":18847,"href":"https:\/\/www.vtc-limousine.fr\/pt\/wp-json\/wp\/v2\/pages\/15059\/revisions\/18847"}],"up":[{"embeddable":true,"href":"https:\/\/www.vtc-limousine.fr\/pt\/wp-json\/wp\/v2\/pages\/14046"}],"wp:featuredmedia":[{"embeddable":true,"href":"https:\/\/www.vtc-limousine.fr\/pt\/wp-json\/wp\/v2\/media\/17803"}],"wp:attachment":[{"href":"https:\/\/www.vtc-limousine.fr\/pt\/wp-json\/wp\/v2\/media?parent=15059"}],"curies":[{"name":"wp","href":"https:\/\/api.w.org\/{rel}","templated":true}]}}