{"id":14906,"date":"2022-04-27T14:27:27","date_gmt":"2022-04-27T14:27:27","guid":{"rendered":"https:\/\/www.vtc-limousine.fr\/?page_id=14906"},"modified":"2022-10-31T09:01:18","modified_gmt":"2022-10-31T09:01:18","slug":"informacao-juridica","status":"publish","type":"page","link":"https:\/\/www.vtc-limousine.fr\/pt\/informacao-juridica\/","title":{"rendered":"Informa\u00e7\u00e3o jur\u00eddica"},"content":{"rendered":"<div data-elementor-type=\"wp-page\" data-elementor-id=\"14906\" class=\"elementor elementor-14906\" data-elementor-post-type=\"page\">\n\t\t\t\t\t\t<section class=\"elementor-section elementor-top-section elementor-element elementor-element-5e739282 elementor-section-full_width elementor-section-height-min-height elementor-section-height-default elementor-section-items-middle\" data-id=\"5e739282\" data-element_type=\"section\" data-e-type=\"section\" data-settings=\"{&quot;background_background&quot;:&quot;classic&quot;}\">\n\t\t\t\t\t\t\t<div class=\"elementor-background-overlay\"><\/div>\n\t\t\t\t\t\t\t<div class=\"elementor-container elementor-column-gap-default\">\n\t\t\t\t\t<div class=\"elementor-column elementor-col-100 elementor-top-column elementor-element elementor-element-1faf7528\" data-id=\"1faf7528\" data-element_type=\"column\" data-e-type=\"column\">\n\t\t\t<div class=\"elementor-widget-wrap\">\n\t\t\t\t\t\t\t<\/div>\n\t\t<\/div>\n\t\t\t\t\t<\/div>\n\t\t<\/section>\n\t\t\t\t<section class=\"elementor-section elementor-top-section elementor-element elementor-element-65088e05 elementor-section-boxed elementor-section-height-default elementor-section-height-default\" data-id=\"65088e05\" data-element_type=\"section\" data-e-type=\"section\">\n\t\t\t\t\t\t<div class=\"elementor-container elementor-column-gap-default\">\n\t\t\t\t\t<div class=\"elementor-column elementor-col-100 elementor-top-column elementor-element elementor-element-344a6702\" data-id=\"344a6702\" data-element_type=\"column\" data-e-type=\"column\">\n\t\t\t<div class=\"elementor-widget-wrap elementor-element-populated\">\n\t\t\t\t\t\t<div class=\"elementor-element elementor-element-036466f elementor-widget elementor-widget-shortcode\" data-id=\"036466f\" data-element_type=\"widget\" data-e-type=\"widget\" data-widget_type=\"shortcode.default\">\n\t\t\t\t<div class=\"elementor-widget-container\">\n\t\t\t\t\t\t\t<div class=\"elementor-shortcode\"><nav aria-label=\"p\u00e3o ralado\">\n            <div class=\"breadcrumb-container theme1\">\n                <ol>\n                                    <\/ol>\n            <\/div>\n        <\/nav>    <script type=\"application\/ld+json\">\n        {\n            \"@context\": \"http:\/\/schema.org\",\n            \"@type\": \"BreadcrumbList\",\n            \"itemListElement\": [\n                            ]\n        }\n    <\/script>\n   \n    <script>\n            <\/script>\n<\/div>\n\t\t\t\t\t\t<\/div>\n\t\t\t\t<\/div>\n\t\t\t\t<div class=\"elementor-element elementor-element-6d44219e elementor-widget elementor-widget-heading\" data-id=\"6d44219e\" data-element_type=\"widget\" data-e-type=\"widget\" data-widget_type=\"heading.default\">\n\t\t\t\t<div class=\"elementor-widget-container\">\n\t\t\t\t\t<h1 class=\"elementor-heading-title elementor-size-default\">Informa\u00e7\u00e3o jur\u00eddica<\/h1>\t\t\t\t<\/div>\n\t\t\t\t<\/div>\n\t\t\t\t\t<\/div>\n\t\t<\/div>\n\t\t\t\t\t<\/div>\n\t\t<\/section>\n\t\t\t\t<section class=\"elementor-section elementor-top-section elementor-element elementor-element-c8573c3 elementor-section-boxed elementor-section-height-default elementor-section-height-default\" data-id=\"c8573c3\" data-element_type=\"section\" data-e-type=\"section\">\n\t\t\t\t\t\t<div class=\"elementor-container elementor-column-gap-default\">\n\t\t\t\t\t<div class=\"elementor-column elementor-col-100 elementor-top-column elementor-element elementor-element-3ae0696\" data-id=\"3ae0696\" data-element_type=\"column\" data-e-type=\"column\">\n\t\t\t<div class=\"elementor-widget-wrap elementor-element-populated\">\n\t\t\t\t\t\t<div class=\"elementor-element elementor-element-e3cfce5 elementor-widget elementor-widget-text-editor\" data-id=\"e3cfce5\" data-element_type=\"widget\" data-e-type=\"widget\" data-widget_type=\"text-editor.default\">\n\t\t\t\t<div class=\"elementor-widget-container\">\n\t\t\t\t\t\t\t\t\t<p><strong>Confidencialidade dos seus dados pessoais<\/strong><\/p><p>A Class-eDriver compromete-se a respeitar a confidencialidade de todos os dados pessoais que possam ser comunicados pelo utilizador no s\u00edtio. <a href=\"https:\/\/www.vtc-limousine.fr\/pt\/\">https:\/\/www.vtc-limousine.fr<\/a>\u00a0e para os tratar em conformidade com o Regulamento UE 2016\/679 do Parlamento Europeu e do Conselho, de 27 de abril de 2016, relativo \u00e0 prote\u00e7\u00e3o das pessoas singulares no que diz respeito ao tratamento de dados pessoais e \u00e0 livre circula\u00e7\u00e3o desses dados (RGPD).<\/p><p>Quando visita o nosso site, podemos pedir-lhe informa\u00e7\u00f5es atrav\u00e9s do nosso formul\u00e1rio de contacto. O objetivo destas informa\u00e7\u00f5es \u00e9 identificar o cliente e registar o seu pedido para que possamos dar seguimento \u00e0s vendas.<\/p><p>Destinam-se exclusivamente \u00e0 Class-eDriver para efeitos de tratamento, an\u00e1lise, comunica\u00e7\u00f5es institucionais e, se concordar, propostas comerciais.\u00a0<\/p><p>De acordo com o RGPD, mediante simples prova da sua identidade, tem o direito de acesso, retifica\u00e7\u00e3o, portabilidade, apagamento ou limita\u00e7\u00e3o do tratamento. Para o efeito, deve enviar-nos uma carta para o seguinte endere\u00e7o: Class-eDriver, 485 Chemin de la commanderie St-Jean, 13100 AIX EN PROVENCE, FRAN\u00c7A.<\/p><p>Os dados s\u00e3o conservados durante 13 meses.<\/p><p><strong>Lei da Prote\u00e7\u00e3o de Dados<\/strong><\/p><p>Em conformidade com as disposi\u00e7\u00f5es da lei francesa de prote\u00e7\u00e3o de dados de 6 de janeiro de 1978, o utilizador do s\u00edtio tem o direito de aceder, modificar e apagar os dados que lhe dizem respeito, enviando uma carta para : Class-eDriver, 485 Chemin de la commanderie St-Jean, 13100 AIX EN PROVENCE.<\/p><p><strong>Direitos de autor<\/strong><\/p><p>Este s\u00edtio est\u00e1 protegido por direitos de propriedade intelectual, nomeadamente desenhos e modelos, marcas registadas, nomes de dom\u00ednio, patentes, know-how, software e bases de dados. A Class e-Driver e\/ou os seus parceiros continuam a ser os propriet\u00e1rios de todos esses conte\u00fados e direitos associados.<\/p><p>Todos os direitos de reprodu\u00e7\u00e3o s\u00e3o reservados, incluindo os documentos iconogr\u00e1ficos e fotogr\u00e1ficos.<\/p><p>As liga\u00e7\u00f5es a outros s\u00edtios Web que n\u00e3o pertencem \u00e0 Class-eDriver s\u00e3o fornecidas apenas por conveni\u00eancia.<\/p><p>Os log\u00f3tipos e as marcas comerciais mencionados pertencem aos respectivos propriet\u00e1rios.<\/p><p><strong>Informa\u00e7\u00e3o jur\u00eddica<\/strong><\/p><p>O s\u00edtio Web www.vtc-limousine.fr \u00e9 publicado pela Class-eDriver.<\/p><p>Sede social: Class-eDriver, 485 Chemin de la commanderie St-Jean, 13100 AIX EN PROVENCE, FRAN\u00c7A<\/p><p>Diretor da publica\u00e7\u00e3o: Sr. Christian SAAL<\/p><p>Anfitri\u00e3o: PYMAC, 11 rue Louise Colet, 13 090 Aix en Provence, Fran\u00e7a<\/p>\t\t\t\t\t\t\t\t<\/div>\n\t\t\t\t<\/div>\n\t\t\t\t\t<\/div>\n\t\t<\/div>\n\t\t\t\t\t<\/div>\n\t\t<\/section>\n\t\t\t\t<\/div>","protected":false},"excerpt":{"rendered":"<p>Confidencialidade dos seus dados pessoais A Class-eDriver compromete-se a respeitar a confidencialidade dos dados pessoais que possam ser comunicados pelo utilizador no s\u00edtio Web https:\/\/www.vtc-limousine.fr e a trat\u00e1-los em conformidade com o Regulamento (UE) 2016\/679 do Parlamento Europeu e do Conselho, de 27 de abril de 2016, relativo \u00e0 prote\u00e7\u00e3o das pessoas singulares no que diz respeito ao tratamento de dados pessoais.<\/p>","protected":false},"author":1,"featured_media":11592,"parent":0,"menu_order":0,"comment_status":"closed","ping_status":"closed","template":"","meta":{"footnotes":""},"class_list":["post-14906","page","type-page","status-publish","has-post-thumbnail","hentry"],"_links":{"self":[{"href":"https:\/\/www.vtc-limousine.fr\/pt\/wp-json\/wp\/v2\/pages\/14906","targetHints":{"allow":["GET"]}}],"collection":[{"href":"https:\/\/www.vtc-limousine.fr\/pt\/wp-json\/wp\/v2\/pages"}],"about":[{"href":"https:\/\/www.vtc-limousine.fr\/pt\/wp-json\/wp\/v2\/types\/page"}],"author":[{"embeddable":true,"href":"https:\/\/www.vtc-limousine.fr\/pt\/wp-json\/wp\/v2\/users\/1"}],"replies":[{"embeddable":true,"href":"https:\/\/www.vtc-limousine.fr\/pt\/wp-json\/wp\/v2\/comments?post=14906"}],"version-history":[{"count":10,"href":"https:\/\/www.vtc-limousine.fr\/pt\/wp-json\/wp\/v2\/pages\/14906\/revisions"}],"predecessor-version":[{"id":18457,"href":"https:\/\/www.vtc-limousine.fr\/pt\/wp-json\/wp\/v2\/pages\/14906\/revisions\/18457"}],"wp:featuredmedia":[{"embeddable":true,"href":"https:\/\/www.vtc-limousine.fr\/pt\/wp-json\/wp\/v2\/media\/11592"}],"wp:attachment":[{"href":"https:\/\/www.vtc-limousine.fr\/pt\/wp-json\/wp\/v2\/media?parent=14906"}],"curies":[{"name":"wp","href":"https:\/\/api.w.org\/{rel}","templated":true}]}}