{"id":14094,"date":"2022-03-22T10:37:13","date_gmt":"2022-03-22T10:37:13","guid":{"rendered":"https:\/\/www.vtc-limousine.fr\/?page_id=14094"},"modified":"2025-03-03T08:48:00","modified_gmt":"2025-03-03T08:48:00","slug":"transporte-vtc-para-o-hotel-de-paris-para-saint-tropez-83990","status":"publish","type":"page","link":"https:\/\/www.vtc-limousine.fr\/pt\/vtc-private-transfer\/transporte-vtc-para-o-hotel-de-paris-para-saint-tropez-83990\/","title":{"rendered":"Transfer VTC para o Hotel de Paris Saint-Tropez 83990"},"content":{"rendered":"<div data-elementor-type=\"wp-page\" data-elementor-id=\"14094\" class=\"elementor elementor-14094\" data-elementor-post-type=\"page\">\n\t\t\t\t\t\t<section class=\"elementor-section elementor-top-section elementor-element elementor-element-5e739282 elementor-section-full_width elementor-section-height-min-height elementor-section-height-default elementor-section-items-middle\" data-id=\"5e739282\" data-element_type=\"section\" data-e-type=\"section\" data-settings=\"{&quot;background_background&quot;:&quot;classic&quot;}\">\n\t\t\t\t\t\t\t<div class=\"elementor-background-overlay\"><\/div>\n\t\t\t\t\t\t\t<div class=\"elementor-container elementor-column-gap-default\">\n\t\t\t\t\t<div class=\"elementor-column elementor-col-100 elementor-top-column elementor-element elementor-element-1faf7528\" data-id=\"1faf7528\" data-element_type=\"column\" data-e-type=\"column\">\n\t\t\t<div class=\"elementor-widget-wrap\">\n\t\t\t\t\t\t\t<\/div>\n\t\t<\/div>\n\t\t\t\t\t<\/div>\n\t\t<\/section>\n\t\t\t\t<section class=\"elementor-section elementor-top-section elementor-element elementor-element-65088e05 elementor-section-boxed elementor-section-height-default elementor-section-height-default\" data-id=\"65088e05\" data-element_type=\"section\" data-e-type=\"section\">\n\t\t\t\t\t\t<div class=\"elementor-container elementor-column-gap-default\">\n\t\t\t\t\t<div class=\"elementor-column elementor-col-100 elementor-top-column elementor-element elementor-element-344a6702\" data-id=\"344a6702\" data-element_type=\"column\" data-e-type=\"column\">\n\t\t\t<div class=\"elementor-widget-wrap elementor-element-populated\">\n\t\t\t\t\t\t<div class=\"elementor-element elementor-element-18f76e2 elementor-widget elementor-widget-shortcode\" data-id=\"18f76e2\" data-element_type=\"widget\" data-e-type=\"widget\" data-widget_type=\"shortcode.default\">\n\t\t\t\t<div class=\"elementor-widget-container\">\n\t\t\t\t\t\t\t<div class=\"elementor-shortcode\"><nav aria-label=\"p\u00e3o ralado\">\n            <div class=\"breadcrumb-container theme1\">\n                <ol>\n                                    <\/ol>\n            <\/div>\n        <\/nav>    <script type=\"application\/ld+json\">\n        {\n            \"@context\": \"http:\/\/schema.org\",\n            \"@type\": \"BreadcrumbList\",\n            \"itemListElement\": [\n                            ]\n        }\n    <\/script>\n   \n    <script>\n            <\/script>\n<\/div>\n\t\t\t\t\t\t<\/div>\n\t\t\t\t<\/div>\n\t\t\t\t<div class=\"elementor-element elementor-element-6d44219e elementor-widget elementor-widget-heading\" data-id=\"6d44219e\" data-element_type=\"widget\" data-e-type=\"widget\" data-widget_type=\"heading.default\">\n\t\t\t\t<div class=\"elementor-widget-container\">\n\t\t\t\t\t<h1 class=\"elementor-heading-title elementor-size-default\">Transfer VTC para o Hotel de Paris Saint-Tropez 83990<\/h1>\t\t\t\t<\/div>\n\t\t\t\t<\/div>\n\t\t\t\t<div class=\"elementor-element elementor-element-b4886bc elementor-widget elementor-widget-heading\" data-id=\"b4886bc\" data-element_type=\"widget\" data-e-type=\"widget\" data-widget_type=\"heading.default\">\n\t\t\t\t<div class=\"elementor-widget-container\">\n\t\t\t\t\t<h2 class=\"elementor-heading-title elementor-size-default\">Motorista privado VTC para H\u00f4tel de Paris Saint-Tropez 83990<\/h2>\t\t\t\t<\/div>\n\t\t\t\t<\/div>\n\t\t\t\t\t<\/div>\n\t\t<\/div>\n\t\t\t\t\t<\/div>\n\t\t<\/section>\n\t\t\t\t<section class=\"elementor-section elementor-top-section elementor-element elementor-element-c8573c3 elementor-section-boxed elementor-section-height-default elementor-section-height-default\" data-id=\"c8573c3\" data-element_type=\"section\" data-e-type=\"section\">\n\t\t\t\t\t\t<div class=\"elementor-container elementor-column-gap-default\">\n\t\t\t\t\t<div class=\"elementor-column elementor-col-100 elementor-top-column elementor-element elementor-element-3ae0696\" data-id=\"3ae0696\" data-element_type=\"column\" data-e-type=\"column\">\n\t\t\t<div class=\"elementor-widget-wrap elementor-element-populated\">\n\t\t\t\t\t\t<div class=\"elementor-element elementor-element-e3cfce5 elementor-widget elementor-widget-text-editor\" data-id=\"e3cfce5\" data-element_type=\"widget\" data-e-type=\"widget\" data-widget_type=\"text-editor.default\">\n\t\t\t\t<div class=\"elementor-widget-container\">\n\t\t\t\t\t\t\t\t\t<div class=\"about-us-title-wrapper\"><p style=\"text-align: center;\">Servi\u00e7o de viaturas com\u00a0<strong>Chauffeur privado VTC Saint Tropez<br \/><br \/>Transfer VTC para o Hotel de Paris Saint-Tropez 83990<br \/><\/strong><\/p><p style=\"text-align: center;\">TRANSFER VTC E MOTORISTA PRIVADO\u00a0<a href=\"https:\/\/www.vtc-limousine.fr\/pt\/fr\/vtc-private-transfer\/\" target=\"_blank\" rel=\"noopener\">AEROPORTO DE MARSEILLE (MRS)<\/a>\u00a0E<br \/><a href=\"https:\/\/www.vtc-limousine.fr\/pt\/fr\/vtc-transfer-nice-cote-dazur-nce-aeroporto\/\" target=\"_blank\" rel=\"noopener\">AEROPORTO DE NICE COTE D'AZUR<\/a>\u00a0\u00a0PARA O HOTEL DE PARIS SAINT TROPEZ 83990<\/p><p style=\"text-align: center;\">Vindo do aeroporto de Marselha-Provence (MRS) ou do aeroporto de Nice Cote d'Azur (NCE) para chegar ao H\u00f4tel de Paris Saint-Tropez 83990 reservando um ve\u00edculo de luxo com<br \/><strong><a href=\"https:\/\/www.vtc-limousine.fr\/pt\/motorista-particular\/motorista-privado-paca\/aluguer-de-automoveis-com-condutor-saint-tropez\/\" target=\"_blank\" rel=\"noopener\">Chauffeur privado Saint Tropez\u00a0<\/a><\/strong><\/p><p style=\"text-align: center;\"><a href=\"https:\/\/www.vtc-limousine.fr\/pt\/fr\/os-nossos-veiculos\/\" target=\"_blank\" rel=\"noopener\">BERLIM-MINIVAN-\u00d4NIBUS<\/a><\/p><\/div>\t\t\t\t\t\t\t\t<\/div>\n\t\t\t\t<\/div>\n\t\t\t\t\t<\/div>\n\t\t<\/div>\n\t\t\t\t\t<\/div>\n\t\t<\/section>\n\t\t\t\t<section class=\"elementor-section elementor-top-section elementor-element elementor-element-e0f973c elementor-section-boxed elementor-section-height-default elementor-section-height-default\" data-id=\"e0f973c\" data-element_type=\"section\" data-e-type=\"section\">\n\t\t\t\t\t\t<div class=\"elementor-container elementor-column-gap-default\">\n\t\t\t\t\t<div class=\"elementor-column elementor-col-100 elementor-top-column elementor-element elementor-element-66a47ad\" data-id=\"66a47ad\" data-element_type=\"column\" data-e-type=\"column\">\n\t\t\t<div class=\"elementor-widget-wrap elementor-element-populated\">\n\t\t\t\t\t\t<div class=\"elementor-element elementor-element-88bc4f2 elementor-widget elementor-widget-image\" data-id=\"88bc4f2\" data-element_type=\"widget\" data-e-type=\"widget\" data-widget_type=\"image.default\">\n\t\t\t\t<div class=\"elementor-widget-container\">\n\t\t\t\t\t\t\t\t\t\t\t\t\t\t\t<img decoding=\"async\" src=\"https:\/\/www.vtc-limousine.fr\/wp-content\/uploads\/elementor\/thumbs\/04bis-hotel-de-paris-facade-20-md_0-1-1-qfq85sr3xj21g2csur4cxxs59i7qtaleexajesozjw.jpg\" title=\"Servi\u00e7o de motorista Hotel de Paris Saint Tropez\" alt=\"Servi\u00e7o de motorista Hotel de Paris Saint Tropez\" loading=\"lazy\" \/>\t\t\t\t\t\t\t\t\t\t\t\t\t\t\t<\/div>\n\t\t\t\t<\/div>\n\t\t\t\t\t<\/div>\n\t\t<\/div>\n\t\t\t\t\t<\/div>\n\t\t<\/section>\n\t\t\t\t<section class=\"elementor-section elementor-top-section elementor-element elementor-element-872576b elementor-section-boxed elementor-section-height-default elementor-section-height-default\" data-id=\"872576b\" data-element_type=\"section\" data-e-type=\"section\">\n\t\t\t\t\t\t<div class=\"elementor-container elementor-column-gap-default\">\n\t\t\t\t\t<div class=\"elementor-column elementor-col-100 elementor-top-column elementor-element elementor-element-0c770c6\" data-id=\"0c770c6\" data-element_type=\"column\" data-e-type=\"column\">\n\t\t\t<div class=\"elementor-widget-wrap elementor-element-populated\">\n\t\t\t\t\t\t<div class=\"elementor-element elementor-element-b2643a0 elementor-widget elementor-widget-spacer\" data-id=\"b2643a0\" data-element_type=\"widget\" data-e-type=\"widget\" data-widget_type=\"spacer.default\">\n\t\t\t\t<div class=\"elementor-widget-container\">\n\t\t\t\t\t\t\t<div class=\"elementor-spacer\">\n\t\t\t<div class=\"elementor-spacer-inner\"><\/div>\n\t\t<\/div>\n\t\t\t\t\t\t<\/div>\n\t\t\t\t<\/div>\n\t\t\t\t<div class=\"elementor-element elementor-element-e7d138d elementor-widget elementor-widget-text-editor\" data-id=\"e7d138d\" data-element_type=\"widget\" data-e-type=\"widget\" data-widget_type=\"text-editor.default\">\n\t\t\t\t<div class=\"elementor-widget-container\">\n\t\t\t\t\t\t\t\t\t<div class=\"about-us-title-wrapper\"><div class=\"about-us-title-divider\" style=\"text-align: center;\"><p><strong>Servi\u00e7o de motorista privado VTC Saint Tropez<\/strong><\/p><p><strong>VTC Transfer Aeroporto de Nice Cote d'Azur (NCE)<\/strong>\u00a0para H\u00f4tel de Paris Saint-Tropez 83990<br \/>Assim que o seu comboio chegar ou o seu avi\u00e3o partir, os nossos experientes motoristas privados bilingues dar-lhe-\u00e3o as boas-vindas.<br \/><strong><br \/><\/strong>Um acolhimento personalizado<br \/>As suas bagagens ser\u00e3o tratadas.<br \/>Se o seu avi\u00e3o ou comboio se atrasar, ser\u00e1 informado e esperar\u00e1 por si.<br \/>Aproveite o nosso sistema de localiza\u00e7\u00e3o de voos para todas as recolhas no aeroporto.<br \/>Os nossos motoristas privados acompanham a sua chegada em tempo real e adaptam-se a qualquer atraso do seu voo.<br \/>Os nossos motoristas privados est\u00e3o empenhados em manter os mais elevados n\u00edveis de profissionalismo e discri\u00e7\u00e3o.<\/p><p>Class-eDriver acompanha-o em todas as suas desloca\u00e7\u00f5es, quer sejam pessoais ou profissionais.<\/p><\/div><\/div>\t\t\t\t\t\t\t\t<\/div>\n\t\t\t\t<\/div>\n\t\t\t\t\t<\/div>\n\t\t<\/div>\n\t\t\t\t\t<\/div>\n\t\t<\/section>\n\t\t\t\t<section class=\"elementor-section elementor-top-section elementor-element elementor-element-f8cd7d4 elementor-section-full_width elementor-section-height-default elementor-section-height-default\" data-id=\"f8cd7d4\" data-element_type=\"section\" data-e-type=\"section\">\n\t\t\t\t\t\t<div class=\"elementor-container elementor-column-gap-default\">\n\t\t\t\t\t<div class=\"elementor-column elementor-col-100 elementor-top-column elementor-element elementor-element-8e92e7d\" data-id=\"8e92e7d\" data-element_type=\"column\" data-e-type=\"column\">\n\t\t\t<div class=\"elementor-widget-wrap elementor-element-populated\">\n\t\t\t\t\t\t<div class=\"elementor-element elementor-element-d25f4b4 elementor-widget-divider--view-line elementor-widget elementor-widget-divider\" data-id=\"d25f4b4\" data-element_type=\"widget\" data-e-type=\"widget\" data-widget_type=\"divider.default\">\n\t\t\t\t<div class=\"elementor-widget-container\">\n\t\t\t\t\t\t\t<div class=\"elementor-divider\">\n\t\t\t<span class=\"elementor-divider-separator\">\n\t\t\t\t\t\t<\/span>\n\t\t<\/div>\n\t\t\t\t\t\t<\/div>\n\t\t\t\t<\/div>\n\t\t\t\t\t<\/div>\n\t\t<\/div>\n\t\t\t\t\t<\/div>\n\t\t<\/section>\n\t\t\t\t<section class=\"elementor-section elementor-top-section elementor-element elementor-element-d887e1b elementor-section-boxed elementor-section-height-default elementor-section-height-default\" data-id=\"d887e1b\" data-element_type=\"section\" data-e-type=\"section\">\n\t\t\t\t\t\t<div class=\"elementor-container elementor-column-gap-default\">\n\t\t\t\t\t<div class=\"elementor-column elementor-col-33 elementor-top-column elementor-element elementor-element-969f2bf\" data-id=\"969f2bf\" data-element_type=\"column\" data-e-type=\"column\">\n\t\t\t<div class=\"elementor-widget-wrap elementor-element-populated\">\n\t\t\t\t\t\t<div class=\"elementor-element elementor-element-6e91165 elementor-widget elementor-widget-heading\" data-id=\"6e91165\" data-element_type=\"widget\" data-e-type=\"widget\" data-widget_type=\"heading.default\">\n\t\t\t\t<div class=\"elementor-widget-container\">\n\t\t\t\t\t<h3 class=\"elementor-heading-title elementor-size-small\">VTC TRANSFER AEROPORTO DE MARSEILLE PROVENCE (MRS)<\/h3>\t\t\t\t<\/div>\n\t\t\t\t<\/div>\n\t\t\t\t<div class=\"elementor-element elementor-element-357b72a elementor-widget elementor-widget-image\" data-id=\"357b72a\" data-element_type=\"widget\" data-e-type=\"widget\" data-widget_type=\"image.default\">\n\t\t\t\t<div class=\"elementor-widget-container\">\n\t\t\t\t\t\t\t\t\t\t\t\t\t\t\t<img decoding=\"async\" src=\"https:\/\/www.vtc-limousine.fr\/wp-content\/uploads\/elementor\/thumbs\/WORK1015-trip-e1461841777748-1-qfq8fzc13hup8k9o2ksn15qh69mku450vmv2027j2c.jpg\" title=\"WORK1015-trip\" alt=\"Mulher de neg\u00f3cios com mala de viagem no aeroporto\" loading=\"lazy\" \/>\t\t\t\t\t\t\t\t\t\t\t\t\t\t\t<\/div>\n\t\t\t\t<\/div>\n\t\t\t\t<div class=\"elementor-element elementor-element-895c50a elementor-widget elementor-widget-text-editor\" data-id=\"895c50a\" data-element_type=\"widget\" data-e-type=\"widget\" data-widget_type=\"text-editor.default\">\n\t\t\t\t<div class=\"elementor-widget-container\">\n\t\t\t\t\t\t\t\t\t<div class=\"four columns\"><div class=\"limoking-ux column-service-ux\"><div class=\"limoking-item limoking-column-service-item limoking-medium\"><div class=\"column-service-content-wrapper\"><div class=\"column-service-content limoking-skin-content\"><p>O seu carro com motorista\u00a0<a href=\"https:\/\/www.vtc-limousine.fr\/pt\/os-nossos-veiculos\/\">(VTC)<\/a>\u00a0levamo-lo do seu aeroporto ou para o aeroporto da sua escolha. Servimos os seguintes aeroportos:\u00a0<br \/>Transfer\u00eancia VTC\u00a0<a href=\"https:\/\/www.vtc-limousine.fr\/pt\/vtc-private-transfer\/motorista-privado-marselha-provence-aeroporto-mrs\/\" target=\"_blank\" rel=\"noopener\">Aeroporto de Marselha-Provence\u00a0<\/a><br \/>Transfer\u00eancia VTC<a href=\"\/pt\/motorista-particular\/motorista-privado-paca\/motorista-privado-cannes\/\" target=\"_blank\" rel=\"noopener\">\u00a0Aeroporto de Nice C\u00f4te-d'Azur<\/a><br \/>Transfer\u00eancia VTC\u00a0<a href=\"\/pt\/vtc-private-transfer\/motorista-privado-no-monaco\/\" target=\"_blank\" rel=\"noopener\">Heliporto do M\u00f3naco<\/a><br \/>Transfer\u00eancia VTC\u00a0<a href=\"https:\/\/www.vtc-limousine.fr\/pt\/vtc-private-transfer\/motorista-privado-fbo-aeroport-le-castellet-lfmq\/\" target=\"_blank\" rel=\"noopener\">Le Castellet aeroporto<\/a><br \/>Transfer\u00eancia VTC\u00a0<a href=\"https:\/\/www.vtc-limousine.fr\/pt\/motorista-particular\/motorista-privado-paca\/aluguer-de-automoveis-com-condutor-saint-tropez\/\" target=\"_blank\" rel=\"noopener\">Aeroporto de St Tropez Golf\u00a0<\/a><br \/>Transfer\u00eancia VTC\u00a0<a href=\"\/pt\/motorista-particular\/motorista-privado-paca\/motorista-privado-avignon\/\" target=\"_blank\" rel=\"noopener\">Aeroporto de Avignon Provence\u00a0<\/a><br \/>Transfer\u00eancia VTC\u00a0<a href=\"https:\/\/www.vtc-limousine.fr\/pt\/fr\/motorista-privado-para-paris-hotel-saint-tropez-83990\/\" target=\"_blank\" rel=\"noopener\">Toulon Hy\u00e8res aeroporto<\/a><br \/>Transfer\u00eancia VTC\u00a0<a href=\"https:\/\/www.vtc-limousine.fr\/pt\/vtc-private-transfer\/motorista-privado-no-aeroporto-de-montpellier\/\" target=\"_blank\" rel=\"noopener\">Aeroporto de Montpellier M\u00e9diterran\u00e9e<\/a><\/p><\/div><\/div><\/div><\/div><\/div>\t\t\t\t\t\t\t\t<\/div>\n\t\t\t\t<\/div>\n\t\t\t\t\t<\/div>\n\t\t<\/div>\n\t\t\t\t<div class=\"elementor-column elementor-col-33 elementor-top-column elementor-element elementor-element-0ea0348\" data-id=\"0ea0348\" data-element_type=\"column\" data-e-type=\"column\">\n\t\t\t<div class=\"elementor-widget-wrap elementor-element-populated\">\n\t\t\t\t\t\t<div class=\"elementor-element elementor-element-35e8cff elementor-widget elementor-widget-heading\" data-id=\"35e8cff\" data-element_type=\"widget\" data-e-type=\"widget\" data-widget_type=\"heading.default\">\n\t\t\t\t<div class=\"elementor-widget-container\">\n\t\t\t\t\t<h3 class=\"elementor-heading-title elementor-size-small\">VTC TRANSFER ESTA\u00c7\u00c3O DE TGV DE AIX EN PROVENCE<\/h3>\t\t\t\t<\/div>\n\t\t\t\t<\/div>\n\t\t\t\t<div class=\"elementor-element elementor-element-9e542a7 elementor-widget elementor-widget-image\" data-id=\"9e542a7\" data-element_type=\"widget\" data-e-type=\"widget\" data-widget_type=\"image.default\">\n\t\t\t\t<div class=\"elementor-widget-container\">\n\t\t\t\t\t\t\t\t\t\t\t\t\t\t\t<img decoding=\"async\" src=\"https:\/\/www.vtc-limousine.fr\/wp-content\/uploads\/elementor\/thumbs\/aixtgv-e1462955693358-1-qfq89fejg2vqafsdc8ta5b9s2jxg634eb746jlxcg4.jpg\" title=\"4 T\" alt=\"Transfer VTC esta\u00e7\u00e3o de TGV de Aix en Provence\" loading=\"lazy\" \/>\t\t\t\t\t\t\t\t\t\t\t\t\t\t\t<\/div>\n\t\t\t\t<\/div>\n\t\t\t\t<div class=\"elementor-element elementor-element-2164af0 elementor-widget elementor-widget-text-editor\" data-id=\"2164af0\" data-element_type=\"widget\" data-e-type=\"widget\" data-widget_type=\"text-editor.default\">\n\t\t\t\t<div class=\"elementor-widget-container\">\n\t\t\t\t\t\t\t\t\t<p>O seu carro com motorista\u00a0<a href=\"https:\/\/www.vtc-limousine.fr\/pt\/os-nossos-veiculos\/\">(VTC)<\/a>\u00a0levamo-lo da sua esta\u00e7\u00e3o ou para a esta\u00e7\u00e3o da sua escolha. Servimos as seguintes esta\u00e7\u00f5es:<br \/>Transfer\u00eancia VTC<a href=\"https:\/\/www.vtc-limousine.fr\/pt\/vtc-private-transfer\/motorista-privado-marselha-provence-aeroporto-mrs\/\" target=\"_blank\" rel=\"noopener\">\u00a0Esta\u00e7\u00e3o de Marselha St Charles<\/a><br \/>Transfer\u00eancia VTC\u00a0<a href=\"https:\/\/www.vtc-limousine.fr\/pt\/fr\/reservation-transfert-vtc-gare-aix-en-provence-tgv\/\" target=\"_blank\" rel=\"noopener\">Esta\u00e7\u00e3o de TGV de Aix en Provence<\/a><br \/>Transfer\u00eancia VTC<a href=\"\/pt\/motorista-particular\/motorista-privado-paca\/motorista-privado-avignon\/\" target=\"_blank\" rel=\"noopener\">\u00a0Esta\u00e7\u00e3o de TGV de Avignon<\/a><br \/>Transfer VTC esta\u00e7\u00e3o Toulon SNCF\u00a0<br \/>Transfer VTC esta\u00e7\u00e3o Montpellier Saint-Roch<\/p>\t\t\t\t\t\t\t\t<\/div>\n\t\t\t\t<\/div>\n\t\t\t\t\t<\/div>\n\t\t<\/div>\n\t\t\t\t<div class=\"elementor-column elementor-col-33 elementor-top-column elementor-element elementor-element-4cf8eda\" data-id=\"4cf8eda\" data-element_type=\"column\" data-e-type=\"column\">\n\t\t\t<div class=\"elementor-widget-wrap elementor-element-populated\">\n\t\t\t\t\t\t<div class=\"elementor-element elementor-element-1d97f03 elementor-widget elementor-widget-heading\" data-id=\"1d97f03\" data-element_type=\"widget\" data-e-type=\"widget\" data-widget_type=\"heading.default\">\n\t\t\t\t<div class=\"elementor-widget-container\">\n\t\t\t\t\t<h3 class=\"elementor-heading-title elementor-size-small\">TRANSFER\u00caNCIA DE IATES<\/h3>\t\t\t\t<\/div>\n\t\t\t\t<\/div>\n\t\t\t\t<div class=\"elementor-element elementor-element-9113452 elementor-widget elementor-widget-image\" data-id=\"9113452\" data-element_type=\"widget\" data-e-type=\"widget\" data-widget_type=\"image.default\">\n\t\t\t\t<div class=\"elementor-widget-container\">\n\t\t\t\t\t\t\t\t\t\t\t\t\t\t\t<img decoding=\"async\" src=\"https:\/\/www.vtc-limousine.fr\/wp-content\/uploads\/elementor\/thumbs\/12314661_1181324875230561_2549917994845135698_o-e1461913792875-1-qfq8eip2grun6ee4ly1j5j0nwou0v2c20ebv4kdkqs.jpg\" title=\"12314661_1181324875230561_2549917994845135698_o\" alt=\"12314661_1181324875230561_2549917994845135698_o\" loading=\"lazy\" \/>\t\t\t\t\t\t\t\t\t\t\t\t\t\t\t<\/div>\n\t\t\t\t<\/div>\n\t\t\t\t<div class=\"elementor-element elementor-element-b923b06 elementor-widget elementor-widget-text-editor\" data-id=\"b923b06\" data-element_type=\"widget\" data-e-type=\"widget\" data-widget_type=\"text-editor.default\">\n\t\t\t\t<div class=\"elementor-widget-container\">\n\t\t\t\t\t\t\t\t\t<p>O seu condutor\u00a0<a href=\"\/pt\/os-nossos-veiculos\/\">(VTC)<\/a>\u00a0lev\u00e1-lo-\u00e1 do seu porto ou ao terminal de ferry da sua escolha. \u00a0<br \/>Servimos as cidades de :\u00a0<br \/>Motorista privado\u00a0<a href=\"http:\/\/www.marseille-port.fr\/fr\/page\/croisieres\/13021\" target=\"_blank\" rel=\"noopener\">Terminal de ferries de Marselha e terminais de cruzeiros\u00a0<\/a><br \/>Cruzeiros fluviais em Avignon com motorista privado\u00a0<br \/>Chauffeur privado Porto de St-Tropez<br \/>Chauffeur privado Cannes porto Canto\u00a0<br \/>Chauffeur privado Porto do M\u00f3naco\u00a0<br \/>Chauffeur privado Porto de Nice\u00a0<br \/>Motorista privado\u00a0<a href=\"http:\/\/toulontourisme.com\/toulon-pratique\/partir-en-croisiere-depuis-toulon\/\" target=\"_blank\" rel=\"noopener\">Terminal de ferry de Toulon e terminais de cruzeiros\u00a0<\/a><\/p>\t\t\t\t\t\t\t\t<\/div>\n\t\t\t\t<\/div>\n\t\t\t\t\t<\/div>\n\t\t<\/div>\n\t\t\t\t\t<\/div>\n\t\t<\/section>\n\t\t\t\t<\/div>","protected":false},"excerpt":{"rendered":"<p>Chauffeur privado VTC para Hotel de Paris Saint-Tropez 83990 Servi\u00e7o de viaturas com Chauffeur privado VTC Saint Tropez VTC Transfer para Hotel de Paris Saint-Tropez 83990 VTC TRANSFER E CHAUFFEUR PRIVADO DO AEROPORTO DE MARSEILLE (MRS) E DO AEROPORTO DE NICE COTE D'AZUR PARA HOTEL DE PARIS SAINT TROPEZ 83990 Vindo do Aeroporto de Marselha-Provence (MRS) ou do Aeroporto de Nice Cote d'Azur (MRS), poder\u00e1 [...]<\/p>","protected":false},"author":1,"featured_media":19160,"parent":14046,"menu_order":0,"comment_status":"closed","ping_status":"closed","template":"","meta":{"footnotes":""},"class_list":["post-14094","page","type-page","status-publish","has-post-thumbnail","hentry"],"_links":{"self":[{"href":"https:\/\/www.vtc-limousine.fr\/pt\/wp-json\/wp\/v2\/pages\/14094","targetHints":{"allow":["GET"]}}],"collection":[{"href":"https:\/\/www.vtc-limousine.fr\/pt\/wp-json\/wp\/v2\/pages"}],"about":[{"href":"https:\/\/www.vtc-limousine.fr\/pt\/wp-json\/wp\/v2\/types\/page"}],"author":[{"embeddable":true,"href":"https:\/\/www.vtc-limousine.fr\/pt\/wp-json\/wp\/v2\/users\/1"}],"replies":[{"embeddable":true,"href":"https:\/\/www.vtc-limousine.fr\/pt\/wp-json\/wp\/v2\/comments?post=14094"}],"version-history":[{"count":20,"href":"https:\/\/www.vtc-limousine.fr\/pt\/wp-json\/wp\/v2\/pages\/14094\/revisions"}],"predecessor-version":[{"id":22059,"href":"https:\/\/www.vtc-limousine.fr\/pt\/wp-json\/wp\/v2\/pages\/14094\/revisions\/22059"}],"up":[{"embeddable":true,"href":"https:\/\/www.vtc-limousine.fr\/pt\/wp-json\/wp\/v2\/pages\/14046"}],"wp:featuredmedia":[{"embeddable":true,"href":"https:\/\/www.vtc-limousine.fr\/pt\/wp-json\/wp\/v2\/media\/19160"}],"wp:attachment":[{"href":"https:\/\/www.vtc-limousine.fr\/pt\/wp-json\/wp\/v2\/media?parent=14094"}],"curies":[{"name":"wp","href":"https:\/\/api.w.org\/{rel}","templated":true}]}}