{"id":14083,"date":"2022-03-22T10:15:08","date_gmt":"2022-03-22T10:15:08","guid":{"rendered":"https:\/\/www.vtc-limousine.fr\/?page_id=14083"},"modified":"2025-03-03T08:47:59","modified_gmt":"2025-03-03T08:47:59","slug":"carro-com-motorista-portofino","status":"publish","type":"page","link":"https:\/\/www.vtc-limousine.fr\/pt\/vtc-private-transfer\/carro-com-motorista-portofino\/","title":{"rendered":"Carro com motorista Portofino"},"content":{"rendered":"<div data-elementor-type=\"wp-page\" data-elementor-id=\"14083\" class=\"elementor elementor-14083\" data-elementor-post-type=\"page\">\n\t\t\t\t\t\t<section class=\"elementor-section elementor-top-section elementor-element elementor-element-5e739282 elementor-section-full_width elementor-section-height-min-height elementor-section-height-default elementor-section-items-middle\" data-id=\"5e739282\" data-element_type=\"section\" data-e-type=\"section\" data-settings=\"{&quot;background_background&quot;:&quot;classic&quot;}\">\n\t\t\t\t\t\t\t<div class=\"elementor-background-overlay\"><\/div>\n\t\t\t\t\t\t\t<div class=\"elementor-container elementor-column-gap-default\">\n\t\t\t\t\t<div class=\"elementor-column elementor-col-100 elementor-top-column elementor-element elementor-element-1faf7528\" data-id=\"1faf7528\" data-element_type=\"column\" data-e-type=\"column\">\n\t\t\t<div class=\"elementor-widget-wrap\">\n\t\t\t\t\t\t\t<\/div>\n\t\t<\/div>\n\t\t\t\t\t<\/div>\n\t\t<\/section>\n\t\t\t\t<section class=\"elementor-section elementor-top-section elementor-element elementor-element-65088e05 elementor-section-boxed elementor-section-height-default elementor-section-height-default\" data-id=\"65088e05\" data-element_type=\"section\" data-e-type=\"section\">\n\t\t\t\t\t\t<div class=\"elementor-container elementor-column-gap-default\">\n\t\t\t\t\t<div class=\"elementor-column elementor-col-100 elementor-top-column elementor-element elementor-element-344a6702\" data-id=\"344a6702\" data-element_type=\"column\" data-e-type=\"column\">\n\t\t\t<div class=\"elementor-widget-wrap elementor-element-populated\">\n\t\t\t\t\t\t<div class=\"elementor-element elementor-element-18f76e2 elementor-widget elementor-widget-shortcode\" data-id=\"18f76e2\" data-element_type=\"widget\" data-e-type=\"widget\" data-widget_type=\"shortcode.default\">\n\t\t\t\t<div class=\"elementor-widget-container\">\n\t\t\t\t\t\t\t<div class=\"elementor-shortcode\"><nav aria-label=\"p\u00e3o ralado\">\n            <div class=\"breadcrumb-container theme1\">\n                <ol>\n                                    <\/ol>\n            <\/div>\n        <\/nav>    <script type=\"application\/ld+json\">\n        {\n            \"@context\": \"http:\/\/schema.org\",\n            \"@type\": \"BreadcrumbList\",\n            \"itemListElement\": [\n                            ]\n        }\n    <\/script>\n   \n    <script>\n            <\/script>\n<\/div>\n\t\t\t\t\t\t<\/div>\n\t\t\t\t<\/div>\n\t\t\t\t<div class=\"elementor-element elementor-element-6d44219e elementor-widget elementor-widget-heading\" data-id=\"6d44219e\" data-element_type=\"widget\" data-e-type=\"widget\" data-widget_type=\"heading.default\">\n\t\t\t\t<div class=\"elementor-widget-container\">\n\t\t\t\t\t<h1 class=\"elementor-heading-title elementor-size-default\">Carro com motorista Portofino<\/h1>\t\t\t\t<\/div>\n\t\t\t\t<\/div>\n\t\t\t\t<div class=\"elementor-element elementor-element-b4886bc elementor-widget elementor-widget-heading\" data-id=\"b4886bc\" data-element_type=\"widget\" data-e-type=\"widget\" data-widget_type=\"heading.default\">\n\t\t\t\t<div class=\"elementor-widget-container\">\n\t\t\t\t\t<h2 class=\"elementor-heading-title elementor-size-default\">Transfer privado para Portofino, Mil\u00e3o.<\/h2>\t\t\t\t<\/div>\n\t\t\t\t<\/div>\n\t\t\t\t\t<\/div>\n\t\t<\/div>\n\t\t\t\t\t<\/div>\n\t\t<\/section>\n\t\t\t\t<section class=\"elementor-section elementor-top-section elementor-element elementor-element-c8573c3 elementor-section-boxed elementor-section-height-default elementor-section-height-default\" data-id=\"c8573c3\" data-element_type=\"section\" data-e-type=\"section\">\n\t\t\t\t\t\t<div class=\"elementor-container elementor-column-gap-default\">\n\t\t\t\t\t<div class=\"elementor-column elementor-col-100 elementor-top-column elementor-element elementor-element-3ae0696\" data-id=\"3ae0696\" data-element_type=\"column\" data-e-type=\"column\">\n\t\t\t<div class=\"elementor-widget-wrap elementor-element-populated\">\n\t\t\t\t\t\t<div class=\"elementor-element elementor-element-e3cfce5 elementor-widget elementor-widget-text-editor\" data-id=\"e3cfce5\" data-element_type=\"widget\" data-e-type=\"widget\" data-widget_type=\"text-editor.default\">\n\t\t\t\t<div class=\"elementor-widget-container\">\n\t\t\t\t\t\t\t\t\t<div class=\"about-us-title-wrapper\"><p style=\"text-align: center;\">Carro com motorista Portofino<br \/>VTC Portofino<\/p><p style=\"text-align: center;\">Optar por um transporte personalizado<br \/>com<em>\u00a0Classe-eDriver Limousine<br \/><\/em>Carro com\u00a0<strong>Chauffeur privado Portofino<br \/><\/strong>Carro com\u00a0<strong>Motorista privado Mil\u00e3o<\/strong><\/p><\/div>\t\t\t\t\t\t\t\t<\/div>\n\t\t\t\t<\/div>\n\t\t\t\t\t<\/div>\n\t\t<\/div>\n\t\t\t\t\t<\/div>\n\t\t<\/section>\n\t\t\t\t<section class=\"elementor-section elementor-top-section elementor-element elementor-element-e0f973c elementor-section-boxed elementor-section-height-default elementor-section-height-default\" data-id=\"e0f973c\" data-element_type=\"section\" data-e-type=\"section\">\n\t\t\t\t\t\t<div class=\"elementor-container elementor-column-gap-default\">\n\t\t\t\t\t<div class=\"elementor-column elementor-col-33 elementor-top-column elementor-element elementor-element-0ea50db\" data-id=\"0ea50db\" data-element_type=\"column\" data-e-type=\"column\">\n\t\t\t<div class=\"elementor-widget-wrap elementor-element-populated\">\n\t\t\t\t\t\t<div class=\"elementor-element elementor-element-0720bfd elementor-widget elementor-widget-image\" data-id=\"0720bfd\" data-element_type=\"widget\" data-e-type=\"widget\" data-widget_type=\"image.default\">\n\t\t\t\t<div class=\"elementor-widget-container\">\n\t\t\t\t\t\t\t\t\t\t\t\t\t\t\t<img decoding=\"async\" src=\"https:\/\/www.vtc-limousine.fr\/wp-content\/uploads\/elementor\/thumbs\/portofino-italie-e1461708644776-1-scaled-qfq8es3gd47eb6jm7udb51h9rruuquz4uzr5iqon7g.jpg\" title=\"Portofino, It\u00e1lia\" alt=\"Portofino, It\u00e1lia\" loading=\"lazy\" \/>\t\t\t\t\t\t\t\t\t\t\t\t\t\t\t<\/div>\n\t\t\t\t<\/div>\n\t\t\t\t\t<\/div>\n\t\t<\/div>\n\t\t\t\t<div class=\"elementor-column elementor-col-33 elementor-top-column elementor-element elementor-element-66a47ad\" data-id=\"66a47ad\" data-element_type=\"column\" data-e-type=\"column\">\n\t\t\t<div class=\"elementor-widget-wrap elementor-element-populated\">\n\t\t\t\t\t\t<div class=\"elementor-element elementor-element-b77875a elementor-widget elementor-widget-image\" data-id=\"b77875a\" data-element_type=\"widget\" data-e-type=\"widget\" data-widget_type=\"image.default\">\n\t\t\t\t<div class=\"elementor-widget-container\">\n\t\t\t\t\t\t\t\t\t\t\t\t\t\t\t<img decoding=\"async\" src=\"https:\/\/www.vtc-limousine.fr\/wp-content\/uploads\/elementor\/thumbs\/portofino-1-scaled-qfq8fdpqqb0zq7o7plpq8e0vfmwanwcylyrbk3sl8c.jpg\" title=\"portofino\" alt=\"portofino\" loading=\"lazy\" \/>\t\t\t\t\t\t\t\t\t\t\t\t\t\t\t<\/div>\n\t\t\t\t<\/div>\n\t\t\t\t\t<\/div>\n\t\t<\/div>\n\t\t\t\t<div class=\"elementor-column elementor-col-33 elementor-top-column elementor-element elementor-element-5a2a091\" data-id=\"5a2a091\" data-element_type=\"column\" data-e-type=\"column\">\n\t\t\t<div class=\"elementor-widget-wrap elementor-element-populated\">\n\t\t\t\t\t\t<div class=\"elementor-element elementor-element-a33fa49 elementor-widget elementor-widget-image\" data-id=\"a33fa49\" data-element_type=\"widget\" data-e-type=\"widget\" data-widget_type=\"image.default\">\n\t\t\t\t<div class=\"elementor-widget-container\">\n\t\t\t\t\t\t\t\t\t\t\t\t\t\t\t<img decoding=\"async\" src=\"https:\/\/www.vtc-limousine.fr\/wp-content\/uploads\/elementor\/thumbs\/IMG_5422-1-1-qfq87zpf06wugkeluwqb4r5fblbf5k0x9e4wqsr058.jpg\" title=\"Servi\u00e7o de motorista St Remy de Provence\" alt=\"Servi\u00e7o de motorista St Remy de Provence\" loading=\"lazy\" \/>\t\t\t\t\t\t\t\t\t\t\t\t\t\t\t<\/div>\n\t\t\t\t<\/div>\n\t\t\t\t\t<\/div>\n\t\t<\/div>\n\t\t\t\t\t<\/div>\n\t\t<\/section>\n\t\t\t\t<section class=\"elementor-section elementor-top-section elementor-element elementor-element-872576b elementor-section-boxed elementor-section-height-default elementor-section-height-default\" data-id=\"872576b\" data-element_type=\"section\" data-e-type=\"section\">\n\t\t\t\t\t\t<div class=\"elementor-container elementor-column-gap-default\">\n\t\t\t\t\t<div class=\"elementor-column elementor-col-100 elementor-top-column elementor-element elementor-element-0c770c6\" data-id=\"0c770c6\" data-element_type=\"column\" data-e-type=\"column\">\n\t\t\t<div class=\"elementor-widget-wrap elementor-element-populated\">\n\t\t\t\t\t\t<div class=\"elementor-element elementor-element-b2643a0 elementor-widget elementor-widget-spacer\" data-id=\"b2643a0\" data-element_type=\"widget\" data-e-type=\"widget\" data-widget_type=\"spacer.default\">\n\t\t\t\t<div class=\"elementor-widget-container\">\n\t\t\t\t\t\t\t<div class=\"elementor-spacer\">\n\t\t\t<div class=\"elementor-spacer-inner\"><\/div>\n\t\t<\/div>\n\t\t\t\t\t\t<\/div>\n\t\t\t\t<\/div>\n\t\t\t\t<div class=\"elementor-element elementor-element-e7d138d elementor-widget elementor-widget-text-editor\" data-id=\"e7d138d\" data-element_type=\"widget\" data-e-type=\"widget\" data-widget_type=\"text-editor.default\">\n\t\t\t\t<div class=\"elementor-widget-container\">\n\t\t\t\t\t\t\t\t\t<div class=\"about-us-title-wrapper\"><div class=\"about-us-title-divider\" style=\"text-align: center;\"><p style=\"text-align: center;\">Aluguer de\u00a0<a href=\"https:\/\/www.vtc-limousine.fr\/pt\/os-nossos-veiculos\/\"><strong>T E S L A<\/strong>\u00a0<\/a>\u00a0com<strong>\u00a0Chauffeur privado Portofino<br \/><\/strong>Aluguer de\u00a0<strong><a href=\"https:\/\/www.vtc-limousine.fr\/pt\/os-nossos-veiculos\/\">T E S L A<\/a>\u00a0\u00a0<\/strong>ave<strong>c Chauffeur privado Mil\u00e3o<br \/><\/strong><\/p><p style=\"text-align: center;\">Visitar em\u00a0<strong>visita privada<\/strong>\u00a0VTC Portofino e Norte de It\u00e1lia<br \/>pequeno e bonito porto de pesca numa enseada rodeada de pinheiros<br \/>na costa da Lig\u00faria.<br \/>Uma das est\u00e2ncias balneares mais exclusivas de It\u00e1lia,<br \/>um verdadeiro cen\u00e1rio teatral com as casas dos pescadores<br \/>e as fachadas das moradias pintadas em trompe l'oeil.<\/p><p style=\"text-align: center;\"><strong>Transfer\u00eancias privadas Marselha\u2192Portofino<\/strong><br \/><strong>Transfer\u00eancias privadas Marselha\u2192Mil\u00e3o<\/strong><br \/><strong>Transfer\u00eancias privadas Nice\u2192Portofino<\/strong><br \/><strong>Transfer\u00eancias privadas Nice\u2192Mil\u00e3o<\/strong><\/p><p style=\"text-align: center;\">Servi\u00e7o de viaturas com\u00a0<strong>Chauffeur privado Portofino It\u00e1lia<\/strong>-<br \/>Transfer privado para Portofino, Mil\u00e3o<\/p><\/div><\/div>\t\t\t\t\t\t\t\t<\/div>\n\t\t\t\t<\/div>\n\t\t\t\t\t<\/div>\n\t\t<\/div>\n\t\t\t\t\t<\/div>\n\t\t<\/section>\n\t\t\t\t<section class=\"elementor-section elementor-top-section elementor-element elementor-element-f8cd7d4 elementor-section-full_width elementor-section-height-default elementor-section-height-default\" data-id=\"f8cd7d4\" data-element_type=\"section\" data-e-type=\"section\">\n\t\t\t\t\t\t<div class=\"elementor-container elementor-column-gap-default\">\n\t\t\t\t\t<div class=\"elementor-column elementor-col-100 elementor-top-column elementor-element elementor-element-8e92e7d\" data-id=\"8e92e7d\" data-element_type=\"column\" data-e-type=\"column\">\n\t\t\t<div class=\"elementor-widget-wrap elementor-element-populated\">\n\t\t\t\t\t\t<div class=\"elementor-element elementor-element-d25f4b4 elementor-widget-divider--view-line elementor-widget elementor-widget-divider\" data-id=\"d25f4b4\" data-element_type=\"widget\" data-e-type=\"widget\" data-widget_type=\"divider.default\">\n\t\t\t\t<div class=\"elementor-widget-container\">\n\t\t\t\t\t\t\t<div class=\"elementor-divider\">\n\t\t\t<span class=\"elementor-divider-separator\">\n\t\t\t\t\t\t<\/span>\n\t\t<\/div>\n\t\t\t\t\t\t<\/div>\n\t\t\t\t<\/div>\n\t\t\t\t\t<\/div>\n\t\t<\/div>\n\t\t\t\t\t<\/div>\n\t\t<\/section>\n\t\t\t\t<section class=\"elementor-section elementor-top-section elementor-element elementor-element-d887e1b elementor-section-boxed elementor-section-height-default elementor-section-height-default\" data-id=\"d887e1b\" data-element_type=\"section\" data-e-type=\"section\">\n\t\t\t\t\t\t<div class=\"elementor-container elementor-column-gap-default\">\n\t\t\t\t\t<div class=\"elementor-column elementor-col-33 elementor-top-column elementor-element elementor-element-969f2bf\" data-id=\"969f2bf\" data-element_type=\"column\" data-e-type=\"column\">\n\t\t\t<div class=\"elementor-widget-wrap elementor-element-populated\">\n\t\t\t\t\t\t<div class=\"elementor-element elementor-element-6e91165 elementor-widget elementor-widget-heading\" data-id=\"6e91165\" data-element_type=\"widget\" data-e-type=\"widget\" data-widget_type=\"heading.default\">\n\t\t\t\t<div class=\"elementor-widget-container\">\n\t\t\t\t\t<h3 class=\"elementor-heading-title elementor-size-small\">VTC TRANSFER AEROPORTO DE MARSEILLE PROVENCE (MRS)<\/h3>\t\t\t\t<\/div>\n\t\t\t\t<\/div>\n\t\t\t\t<div class=\"elementor-element elementor-element-357b72a elementor-widget elementor-widget-image\" data-id=\"357b72a\" data-element_type=\"widget\" data-e-type=\"widget\" data-widget_type=\"image.default\">\n\t\t\t\t<div class=\"elementor-widget-container\">\n\t\t\t\t\t\t\t\t\t\t\t\t\t\t\t<img decoding=\"async\" src=\"https:\/\/www.vtc-limousine.fr\/wp-content\/uploads\/elementor\/thumbs\/WORK1015-trip-e1461841777748-1-qfq8fzc13hup8k9o2ksn15qh69mku450vmv2027j2c.jpg\" title=\"WORK1015-trip\" alt=\"Mulher de neg\u00f3cios com mala de viagem no aeroporto\" loading=\"lazy\" \/>\t\t\t\t\t\t\t\t\t\t\t\t\t\t\t<\/div>\n\t\t\t\t<\/div>\n\t\t\t\t<div class=\"elementor-element elementor-element-895c50a elementor-widget elementor-widget-text-editor\" data-id=\"895c50a\" data-element_type=\"widget\" data-e-type=\"widget\" data-widget_type=\"text-editor.default\">\n\t\t\t\t<div class=\"elementor-widget-container\">\n\t\t\t\t\t\t\t\t\t<div class=\"four columns\"><div class=\"limoking-ux column-service-ux\"><div class=\"limoking-item limoking-column-service-item limoking-medium\"><div class=\"column-service-content-wrapper\"><div class=\"column-service-content limoking-skin-content\"><p>O seu carro com motorista\u00a0<a href=\"https:\/\/www.vtc-limousine.fr\/pt\/os-nossos-veiculos\/\">(VTC)<\/a>\u00a0levamo-lo do seu aeroporto ou para o aeroporto da sua escolha. Servimos os seguintes aeroportos:\u00a0<br \/>Transfer\u00eancia VTC\u00a0<a href=\"https:\/\/www.vtc-limousine.fr\/pt\/vtc-private-transfer\/motorista-privado-marselha-provence-aeroporto-mrs\/\" target=\"_blank\" rel=\"noopener\">Aeroporto de Marselha-Provence\u00a0<\/a><br \/>Transfer\u00eancia VTC<a href=\"\/pt\/motorista-particular\/motorista-privado-paca\/motorista-privado-cannes\/\" target=\"_blank\" rel=\"noopener\">\u00a0Aeroporto de Nice C\u00f4te-d'Azur<\/a><br \/>Transfer\u00eancia VTC\u00a0<a href=\"\/pt\/vtc-private-transfer\/motorista-privado-no-monaco\/\" target=\"_blank\" rel=\"noopener\">Heliporto do M\u00f3naco<\/a><br \/>Transfer\u00eancia VTC\u00a0<a href=\"https:\/\/www.vtc-limousine.fr\/pt\/vtc-private-transfer\/motorista-privado-fbo-aeroport-le-castellet-lfmq\/\" target=\"_blank\" rel=\"noopener\">Le Castellet aeroporto<\/a><br \/>Transfer\u00eancia VTC\u00a0<a href=\"https:\/\/www.vtc-limousine.fr\/pt\/motorista-particular\/motorista-privado-paca\/aluguer-de-automoveis-com-condutor-saint-tropez\/\" target=\"_blank\" rel=\"noopener\">Aeroporto de St Tropez Golf\u00a0<\/a><br \/>Transfer\u00eancia VTC\u00a0<a href=\"\/pt\/motorista-particular\/motorista-privado-paca\/motorista-privado-avignon\/\" target=\"_blank\" rel=\"noopener\">Aeroporto de Avignon Provence\u00a0<\/a><br \/>Transfer\u00eancia VTC\u00a0<a href=\"https:\/\/www.vtc-limousine.fr\/pt\/fr\/motorista-privado-para-paris-hotel-saint-tropez-83990\/\" target=\"_blank\" rel=\"noopener\">Toulon Hy\u00e8res aeroporto<\/a><br \/>Transfer\u00eancia VTC\u00a0<a href=\"https:\/\/www.vtc-limousine.fr\/pt\/vtc-private-transfer\/motorista-privado-no-aeroporto-de-montpellier\/\" target=\"_blank\" rel=\"noopener\">Aeroporto de Montpellier M\u00e9diterran\u00e9e<\/a><\/p><\/div><\/div><\/div><\/div><\/div>\t\t\t\t\t\t\t\t<\/div>\n\t\t\t\t<\/div>\n\t\t\t\t\t<\/div>\n\t\t<\/div>\n\t\t\t\t<div class=\"elementor-column elementor-col-33 elementor-top-column elementor-element elementor-element-0ea0348\" data-id=\"0ea0348\" data-element_type=\"column\" data-e-type=\"column\">\n\t\t\t<div class=\"elementor-widget-wrap elementor-element-populated\">\n\t\t\t\t\t\t<div class=\"elementor-element elementor-element-35e8cff elementor-widget elementor-widget-heading\" data-id=\"35e8cff\" data-element_type=\"widget\" data-e-type=\"widget\" data-widget_type=\"heading.default\">\n\t\t\t\t<div class=\"elementor-widget-container\">\n\t\t\t\t\t<h3 class=\"elementor-heading-title elementor-size-small\">VTC TRANSFER ESTA\u00c7\u00c3O DE TGV DE AIX EN PROVENCE<\/h3>\t\t\t\t<\/div>\n\t\t\t\t<\/div>\n\t\t\t\t<div class=\"elementor-element elementor-element-9e542a7 elementor-widget elementor-widget-image\" data-id=\"9e542a7\" data-element_type=\"widget\" data-e-type=\"widget\" data-widget_type=\"image.default\">\n\t\t\t\t<div class=\"elementor-widget-container\">\n\t\t\t\t\t\t\t\t\t\t\t\t\t\t\t<img decoding=\"async\" src=\"https:\/\/www.vtc-limousine.fr\/wp-content\/uploads\/elementor\/thumbs\/aixtgv-e1462955693358-1-qfq89fejg2vqafsdc8ta5b9s2jxg634eb746jlxcg4.jpg\" title=\"4 T\" alt=\"Transfer VTC esta\u00e7\u00e3o de TGV de Aix en Provence\" loading=\"lazy\" \/>\t\t\t\t\t\t\t\t\t\t\t\t\t\t\t<\/div>\n\t\t\t\t<\/div>\n\t\t\t\t<div class=\"elementor-element elementor-element-2164af0 elementor-widget elementor-widget-text-editor\" data-id=\"2164af0\" data-element_type=\"widget\" data-e-type=\"widget\" data-widget_type=\"text-editor.default\">\n\t\t\t\t<div class=\"elementor-widget-container\">\n\t\t\t\t\t\t\t\t\t<p>O seu carro com motorista\u00a0<a href=\"https:\/\/www.vtc-limousine.fr\/pt\/os-nossos-veiculos\/\">(VTC)<\/a>\u00a0levamo-lo da sua esta\u00e7\u00e3o ou para a esta\u00e7\u00e3o da sua escolha. Servimos as seguintes esta\u00e7\u00f5es:<br \/>Transfer\u00eancia VTC<a href=\"https:\/\/www.vtc-limousine.fr\/pt\/vtc-private-transfer\/motorista-privado-marselha-provence-aeroporto-mrs\/\" target=\"_blank\" rel=\"noopener\">\u00a0Esta\u00e7\u00e3o de Marselha St Charles<\/a><br \/>Transfer\u00eancia VTC\u00a0<a href=\"https:\/\/www.vtc-limousine.fr\/pt\/fr\/reservation-transfert-vtc-gare-aix-en-provence-tgv\/\" target=\"_blank\" rel=\"noopener\">Esta\u00e7\u00e3o de TGV de Aix en Provence<\/a><br \/>Transfer\u00eancia VTC<a href=\"\/pt\/motorista-particular\/motorista-privado-paca\/motorista-privado-avignon\/\" target=\"_blank\" rel=\"noopener\">\u00a0Esta\u00e7\u00e3o de TGV de Avignon<\/a><br \/>Transfer VTC esta\u00e7\u00e3o Toulon SNCF\u00a0<br \/>Transfer VTC esta\u00e7\u00e3o Montpellier Saint-Roch<\/p>\t\t\t\t\t\t\t\t<\/div>\n\t\t\t\t<\/div>\n\t\t\t\t\t<\/div>\n\t\t<\/div>\n\t\t\t\t<div class=\"elementor-column elementor-col-33 elementor-top-column elementor-element elementor-element-4cf8eda\" data-id=\"4cf8eda\" data-element_type=\"column\" data-e-type=\"column\">\n\t\t\t<div class=\"elementor-widget-wrap elementor-element-populated\">\n\t\t\t\t\t\t<div class=\"elementor-element elementor-element-1d97f03 elementor-widget elementor-widget-heading\" data-id=\"1d97f03\" data-element_type=\"widget\" data-e-type=\"widget\" data-widget_type=\"heading.default\">\n\t\t\t\t<div class=\"elementor-widget-container\">\n\t\t\t\t\t<h3 class=\"elementor-heading-title elementor-size-small\">TRANSFER\u00caNCIA DE IATES<\/h3>\t\t\t\t<\/div>\n\t\t\t\t<\/div>\n\t\t\t\t<div class=\"elementor-element elementor-element-9113452 elementor-widget elementor-widget-image\" data-id=\"9113452\" data-element_type=\"widget\" data-e-type=\"widget\" data-widget_type=\"image.default\">\n\t\t\t\t<div class=\"elementor-widget-container\">\n\t\t\t\t\t\t\t\t\t\t\t\t\t\t\t<img decoding=\"async\" src=\"https:\/\/www.vtc-limousine.fr\/wp-content\/uploads\/elementor\/thumbs\/12314661_1181324875230561_2549917994845135698_o-e1461913792875-1-qfq8eip2grun6ee4ly1j5j0nwou0v2c20ebv4kdkqs.jpg\" title=\"12314661_1181324875230561_2549917994845135698_o\" alt=\"12314661_1181324875230561_2549917994845135698_o\" loading=\"lazy\" \/>\t\t\t\t\t\t\t\t\t\t\t\t\t\t\t<\/div>\n\t\t\t\t<\/div>\n\t\t\t\t<div class=\"elementor-element elementor-element-b923b06 elementor-widget elementor-widget-text-editor\" data-id=\"b923b06\" data-element_type=\"widget\" data-e-type=\"widget\" data-widget_type=\"text-editor.default\">\n\t\t\t\t<div class=\"elementor-widget-container\">\n\t\t\t\t\t\t\t\t\t<p>O seu condutor\u00a0<a href=\"\/pt\/os-nossos-veiculos\/\">(VTC)<\/a>\u00a0lev\u00e1-lo-\u00e1 do seu porto ou ao terminal de ferry da sua escolha. \u00a0<br \/>Servimos as cidades de :\u00a0<br \/>Motorista privado\u00a0<a href=\"http:\/\/www.marseille-port.fr\/fr\/page\/croisieres\/13021\" target=\"_blank\" rel=\"noopener\">Terminal de ferries de Marselha e terminais de cruzeiros\u00a0<\/a><br \/>Cruzeiros fluviais em Avignon com motorista privado\u00a0<br \/>Chauffeur privado Porto de St-Tropez<br \/>Chauffeur privado Cannes porto Canto\u00a0<br \/>Chauffeur privado Porto do M\u00f3naco\u00a0<br \/>Chauffeur privado Porto de Nice\u00a0<br \/>Motorista privado\u00a0<a href=\"http:\/\/toulontourisme.com\/toulon-pratique\/partir-en-croisiere-depuis-toulon\/\" target=\"_blank\" rel=\"noopener\">Terminal de ferry de Toulon e terminais de cruzeiros\u00a0<\/a><\/p>\t\t\t\t\t\t\t\t<\/div>\n\t\t\t\t<\/div>\n\t\t\t\t\t<\/div>\n\t\t<\/div>\n\t\t\t\t\t<\/div>\n\t\t<\/section>\n\t\t\t\t<\/div>","protected":false},"excerpt":{"rendered":"<p>Transfert priv\u00e9 \u00e0 destination de Portofino, Milan. Voiture avec Chauffeur Portofino VTC Portofino Optez pour un transport personnalis\u00e9 avec\u00a0Class-eDriver Limousine Voiture avec\u00a0Chauffeur Priv\u00e9 Portofino Voiture avec\u00a0Chauffeur Priv\u00e9 Milan Location de\u00a0T E S L A\u00a0\u00a0avec\u00a0Chauffeur Priv\u00e9 Portofino Location de\u00a0T E S L A\u00a0\u00a0avec Chauffeur Priv\u00e9 Milan Visitez en\u00a0tour priv\u00e9\u00a0VTC Portofino, et l\u2019Italie du Nord joli petit [&hellip;]<\/p>","protected":false},"author":1,"featured_media":6832,"parent":14046,"menu_order":0,"comment_status":"closed","ping_status":"closed","template":"","meta":{"footnotes":""},"class_list":["post-14083","page","type-page","status-publish","has-post-thumbnail","hentry"],"_links":{"self":[{"href":"https:\/\/www.vtc-limousine.fr\/pt\/wp-json\/wp\/v2\/pages\/14083","targetHints":{"allow":["GET"]}}],"collection":[{"href":"https:\/\/www.vtc-limousine.fr\/pt\/wp-json\/wp\/v2\/pages"}],"about":[{"href":"https:\/\/www.vtc-limousine.fr\/pt\/wp-json\/wp\/v2\/types\/page"}],"author":[{"embeddable":true,"href":"https:\/\/www.vtc-limousine.fr\/pt\/wp-json\/wp\/v2\/users\/1"}],"replies":[{"embeddable":true,"href":"https:\/\/www.vtc-limousine.fr\/pt\/wp-json\/wp\/v2\/comments?post=14083"}],"version-history":[{"count":21,"href":"https:\/\/www.vtc-limousine.fr\/pt\/wp-json\/wp\/v2\/pages\/14083\/revisions"}],"predecessor-version":[{"id":22057,"href":"https:\/\/www.vtc-limousine.fr\/pt\/wp-json\/wp\/v2\/pages\/14083\/revisions\/22057"}],"up":[{"embeddable":true,"href":"https:\/\/www.vtc-limousine.fr\/pt\/wp-json\/wp\/v2\/pages\/14046"}],"wp:featuredmedia":[{"embeddable":true,"href":"https:\/\/www.vtc-limousine.fr\/pt\/wp-json\/wp\/v2\/media\/6832"}],"wp:attachment":[{"href":"https:\/\/www.vtc-limousine.fr\/pt\/wp-json\/wp\/v2\/media?parent=14083"}],"curies":[{"name":"wp","href":"https:\/\/api.w.org\/{rel}","templated":true}]}}