{"id":14046,"date":"2022-03-22T08:23:35","date_gmt":"2022-03-22T08:23:35","guid":{"rendered":"https:\/\/www.vtc-limousine.fr\/?page_id=14046"},"modified":"2025-03-03T08:47:58","modified_gmt":"2025-03-03T08:47:58","slug":"vtc-private-transfer","status":"publish","type":"page","link":"https:\/\/www.vtc-limousine.fr\/pt\/vtc-private-transfer\/","title":{"rendered":"Transfer privado VTC"},"content":{"rendered":"<div data-elementor-type=\"wp-page\" data-elementor-id=\"14046\" class=\"elementor elementor-14046\" data-elementor-post-type=\"page\">\n\t\t\t\t\t\t<section class=\"elementor-section elementor-top-section elementor-element elementor-element-5e739282 elementor-section-full_width elementor-section-height-min-height elementor-section-height-default elementor-section-items-middle\" data-id=\"5e739282\" data-element_type=\"section\" data-e-type=\"section\" data-settings=\"{&quot;background_background&quot;:&quot;classic&quot;}\">\n\t\t\t\t\t\t\t<div class=\"elementor-background-overlay\"><\/div>\n\t\t\t\t\t\t\t<div class=\"elementor-container elementor-column-gap-default\">\n\t\t\t\t\t<div class=\"elementor-column elementor-col-100 elementor-top-column elementor-element elementor-element-1faf7528\" data-id=\"1faf7528\" data-element_type=\"column\" data-e-type=\"column\">\n\t\t\t<div class=\"elementor-widget-wrap\">\n\t\t\t\t\t\t\t<\/div>\n\t\t<\/div>\n\t\t\t\t\t<\/div>\n\t\t<\/section>\n\t\t\t\t<section class=\"elementor-section elementor-top-section elementor-element elementor-element-65088e05 elementor-section-boxed elementor-section-height-default elementor-section-height-default\" data-id=\"65088e05\" data-element_type=\"section\" data-e-type=\"section\">\n\t\t\t\t\t\t<div class=\"elementor-container elementor-column-gap-default\">\n\t\t\t\t\t<div class=\"elementor-column elementor-col-100 elementor-top-column elementor-element elementor-element-344a6702\" data-id=\"344a6702\" data-element_type=\"column\" data-e-type=\"column\">\n\t\t\t<div class=\"elementor-widget-wrap elementor-element-populated\">\n\t\t\t\t\t\t<div class=\"elementor-element elementor-element-18f76e2 elementor-widget elementor-widget-shortcode\" data-id=\"18f76e2\" data-element_type=\"widget\" data-e-type=\"widget\" data-widget_type=\"shortcode.default\">\n\t\t\t\t<div class=\"elementor-widget-container\">\n\t\t\t\t\t\t\t<div class=\"elementor-shortcode\"><nav aria-label=\"p\u00e3o ralado\">\n            <div class=\"breadcrumb-container theme1\">\n                <ol>\n                                    <\/ol>\n            <\/div>\n        <\/nav>    <script type=\"application\/ld+json\">\n        {\n            \"@context\": \"http:\/\/schema.org\",\n            \"@type\": \"BreadcrumbList\",\n            \"itemListElement\": [\n                            ]\n        }\n    <\/script>\n   \n    <script>\n            <\/script>\n<\/div>\n\t\t\t\t\t\t<\/div>\n\t\t\t\t<\/div>\n\t\t\t\t<div class=\"elementor-element elementor-element-6d44219e elementor-widget elementor-widget-heading\" data-id=\"6d44219e\" data-element_type=\"widget\" data-e-type=\"widget\" data-widget_type=\"heading.default\">\n\t\t\t\t<div class=\"elementor-widget-container\">\n\t\t\t\t\t<h1 class=\"elementor-heading-title elementor-size-default\">Transfer privado VTC<\/h1>\t\t\t\t<\/div>\n\t\t\t\t<\/div>\n\t\t\t\t<div class=\"elementor-element elementor-element-2cda9272 elementor-widget elementor-widget-heading\" data-id=\"2cda9272\" data-element_type=\"widget\" data-e-type=\"widget\" data-widget_type=\"heading.default\">\n\t\t\t\t<div class=\"elementor-widget-container\">\n\t\t\t\t\t<h2 class=\"elementor-heading-title elementor-size-default\">Transfer\u00eancias VTC na regi\u00e3o PACA<\/h2>\t\t\t\t<\/div>\n\t\t\t\t<\/div>\n\t\t\t\t\t<\/div>\n\t\t<\/div>\n\t\t\t\t\t<\/div>\n\t\t<\/section>\n\t\t\t\t<section class=\"elementor-section elementor-top-section elementor-element elementor-element-c8573c3 elementor-section-boxed elementor-section-height-default elementor-section-height-default\" data-id=\"c8573c3\" data-element_type=\"section\" data-e-type=\"section\">\n\t\t\t\t\t\t<div class=\"elementor-container elementor-column-gap-default\">\n\t\t\t\t\t<div class=\"elementor-column elementor-col-100 elementor-top-column elementor-element elementor-element-3ae0696\" data-id=\"3ae0696\" data-element_type=\"column\" data-e-type=\"column\">\n\t\t\t<div class=\"elementor-widget-wrap elementor-element-populated\">\n\t\t\t\t\t\t<div class=\"elementor-element elementor-element-e3cfce5 elementor-widget elementor-widget-text-editor\" data-id=\"e3cfce5\" data-element_type=\"widget\" data-e-type=\"widget\" data-widget_type=\"text-editor.default\">\n\t\t\t\t<div class=\"elementor-widget-container\">\n\t\t\t\t\t\t\t\t\t<p style=\"text-align: center;\"><strong>Classe eDriver Limousine\u00a0<\/strong> pode reservar um transfer privado vtc num carro luxuoso e confort\u00e1vel com um motorista experiente e profissional, bilingue em ingl\u00eas e franc\u00eas, para o receber no seu terminal de chegada. <br \/>O seu motorista estar\u00e1 \u00e0 sua espera na zona de chegadas do aeroporto, depois da alf\u00e2ndega, com um cartaz com o seu nome. O seu motorista confirmar\u00e1 consigo o endere\u00e7o de chegada e dar-lhe-\u00e1 uma hora de chegada aproximada, em fun\u00e7\u00e3o do tr\u00e2nsito.<br \/>Durante a viagem, pode escolher entre viajar em paz e sossego, pedir a r\u00e1dio da sua prefer\u00eancia ou aproveitar a viagem para pedir informa\u00e7\u00f5es tur\u00edsticas ao seu motorista.<\/p><p style=\"text-align: center;\">Para que a sua estadia seja o mais agrad\u00e1vel poss\u00edvel, quer seja em trabalho ou em lazer, o seu motorista aconselh\u00e1-lo-\u00e1 e ajud\u00e1-lo-\u00e1 a aproveitar ao m\u00e1ximo a sua estadia na Proven\u00e7a Costa Azul, estando sempre \u00e0 sua disposi\u00e7\u00e3o e pronto a ouvi-lo (reservas de restaurantes, pesquisas de lojas, todo o tipo de conselhos, etc.).<br \/>Todos<strong> Classe eDriver Limousine\u00a0<\/strong> est\u00e3o impecavelmente vestidos (fato escuro, gravata, etc.) e s\u00e3o perfeitamente discretos.<\/p>\t\t\t\t\t\t\t\t<\/div>\n\t\t\t\t<\/div>\n\t\t\t\t\t<\/div>\n\t\t<\/div>\n\t\t\t\t\t<\/div>\n\t\t<\/section>\n\t\t\t\t<section class=\"elementor-section elementor-top-section elementor-element elementor-element-6b14c1a elementor-section-full_width elementor-section-height-default elementor-section-height-default\" data-id=\"6b14c1a\" data-element_type=\"section\" data-e-type=\"section\">\n\t\t\t\t\t\t<div class=\"elementor-container elementor-column-gap-default\">\n\t\t\t\t\t<div class=\"elementor-column elementor-col-100 elementor-top-column elementor-element elementor-element-9d6fa62\" data-id=\"9d6fa62\" data-element_type=\"column\" data-e-type=\"column\">\n\t\t\t<div class=\"elementor-widget-wrap elementor-element-populated\">\n\t\t\t\t\t\t<div class=\"elementor-element elementor-element-e4990dc elementor-widget-divider--view-line elementor-widget elementor-widget-divider\" data-id=\"e4990dc\" data-element_type=\"widget\" data-e-type=\"widget\" data-widget_type=\"divider.default\">\n\t\t\t\t<div class=\"elementor-widget-container\">\n\t\t\t\t\t\t\t<div class=\"elementor-divider\">\n\t\t\t<span class=\"elementor-divider-separator\">\n\t\t\t\t\t\t<\/span>\n\t\t<\/div>\n\t\t\t\t\t\t<\/div>\n\t\t\t\t<\/div>\n\t\t\t\t\t<\/div>\n\t\t<\/div>\n\t\t\t\t\t<\/div>\n\t\t<\/section>\n\t\t\t\t<section class=\"elementor-section elementor-top-section elementor-element elementor-element-d887e1b elementor-section-boxed elementor-section-height-default elementor-section-height-default\" data-id=\"d887e1b\" data-element_type=\"section\" data-e-type=\"section\">\n\t\t\t\t\t\t<div class=\"elementor-container elementor-column-gap-default\">\n\t\t\t\t\t<div class=\"elementor-column elementor-col-33 elementor-top-column elementor-element elementor-element-969f2bf\" data-id=\"969f2bf\" data-element_type=\"column\" data-e-type=\"column\">\n\t\t\t<div class=\"elementor-widget-wrap elementor-element-populated\">\n\t\t\t\t\t\t<div class=\"elementor-element elementor-element-6e91165 elementor-widget elementor-widget-heading\" data-id=\"6e91165\" data-element_type=\"widget\" data-e-type=\"widget\" data-widget_type=\"heading.default\">\n\t\t\t\t<div class=\"elementor-widget-container\">\n\t\t\t\t\t<h3 class=\"elementor-heading-title elementor-size-small\">TRANSFER DO AEROPORTO DE VTC<\/h3>\t\t\t\t<\/div>\n\t\t\t\t<\/div>\n\t\t\t\t<div class=\"elementor-element elementor-element-357b72a elementor-widget elementor-widget-image\" data-id=\"357b72a\" data-element_type=\"widget\" data-e-type=\"widget\" data-widget_type=\"image.default\">\n\t\t\t\t<div class=\"elementor-widget-container\">\n\t\t\t\t\t\t\t\t\t\t\t\t\t\t\t<img decoding=\"async\" src=\"https:\/\/www.vtc-limousine.fr\/wp-content\/uploads\/elementor\/thumbs\/WORK1015-trip-e1461841777748-1-qfq8fzc13hup8k9o2ksn15qh69mku450vmv2027j2c.jpg\" title=\"WORK1015-trip\" alt=\"Mulher de neg\u00f3cios com mala de viagem no aeroporto\" loading=\"lazy\" \/>\t\t\t\t\t\t\t\t\t\t\t\t\t\t\t<\/div>\n\t\t\t\t<\/div>\n\t\t\t\t<div class=\"elementor-element elementor-element-895c50a elementor-widget elementor-widget-text-editor\" data-id=\"895c50a\" data-element_type=\"widget\" data-e-type=\"widget\" data-widget_type=\"text-editor.default\">\n\t\t\t\t<div class=\"elementor-widget-container\">\n\t\t\t\t\t\t\t\t\t<div class=\"four columns\"><div class=\"limoking-ux column-service-ux\"><div class=\"limoking-item limoking-column-service-item limoking-medium\"><div class=\"column-service-content-wrapper\"><div class=\"column-service-content limoking-skin-content\"><p>O seu carro com motorista\u00a0<a href=\"https:\/\/www.vtc-limousine.fr\/pt\/os-nossos-veiculos\/\">(VTC)<\/a>\u00a0levamo-lo do seu aeroporto ou para o aeroporto da sua escolha. Servimos os seguintes aeroportos:\u00a0<br \/>Transfer\u00eancia VTC\u00a0<a href=\"https:\/\/www.vtc-limousine.fr\/pt\/vtc-private-transfer\/motorista-privado-marselha-provence-aeroporto-mrs\/\" target=\"_blank\" rel=\"noopener\">Aeroporto de Marselha-Provence\u00a0<\/a><br \/>Transfer\u00eancia VTC<a href=\"\/pt\/motorista-particular\/motorista-privado-paca\/motorista-privado-cannes\/\" target=\"_blank\" rel=\"noopener\">\u00a0Aeroporto de Nice C\u00f4te-d'Azur<\/a><br \/>Transfer\u00eancia VTC\u00a0<a href=\"\/pt\/vtc-private-transfer\/motorista-privado-no-monaco\/\" target=\"_blank\" rel=\"noopener\">Heliporto do M\u00f3naco<\/a><br \/>Transfer\u00eancia VTC\u00a0<a href=\"https:\/\/www.vtc-limousine.fr\/pt\/vtc-private-transfer\/motorista-privado-fbo-aeroport-le-castellet-lfmq\/\" target=\"_blank\" rel=\"noopener\">Le Castellet aeroporto<\/a><br \/>Transfer\u00eancia VTC\u00a0<a href=\"https:\/\/www.vtc-limousine.fr\/pt\/motorista-particular\/motorista-privado-paca\/aluguer-de-automoveis-com-condutor-saint-tropez\/\" target=\"_blank\" rel=\"noopener\">Aeroporto de St Tropez Golf\u00a0<\/a><br \/>Transfer\u00eancia VTC\u00a0<a href=\"\/pt\/motorista-particular\/motorista-privado-paca\/motorista-privado-avignon\/\" target=\"_blank\" rel=\"noopener\">Aeroporto de Avignon Provence\u00a0<\/a><br \/>Transfer\u00eancia VTC\u00a0<a href=\"https:\/\/www.vtc-limousine.fr\/pt\/fr\/motorista-privado-para-paris-hotel-saint-tropez-83990\/\" target=\"_blank\" rel=\"noopener\">Toulon Hy\u00e8res aeroporto<\/a><br \/>Transfer\u00eancia VTC\u00a0<a href=\"https:\/\/www.vtc-limousine.fr\/pt\/vtc-private-transfer\/motorista-privado-no-aeroporto-de-montpellier\/\" target=\"_blank\" rel=\"noopener\">Aeroporto de Montpellier M\u00e9diterran\u00e9e<\/a><\/p><\/div><\/div><\/div><\/div><\/div>\t\t\t\t\t\t\t\t<\/div>\n\t\t\t\t<\/div>\n\t\t\t\t\t<\/div>\n\t\t<\/div>\n\t\t\t\t<div class=\"elementor-column elementor-col-33 elementor-top-column elementor-element elementor-element-0ea0348\" data-id=\"0ea0348\" data-element_type=\"column\" data-e-type=\"column\">\n\t\t\t<div class=\"elementor-widget-wrap elementor-element-populated\">\n\t\t\t\t\t\t<div class=\"elementor-element elementor-element-35e8cff elementor-widget elementor-widget-heading\" data-id=\"35e8cff\" data-element_type=\"widget\" data-e-type=\"widget\" data-widget_type=\"heading.default\">\n\t\t\t\t<div class=\"elementor-widget-container\">\n\t\t\t\t\t<h3 class=\"elementor-heading-title elementor-size-small\">ESTA\u00c7\u00c3O DE TRANSFER\u00caNCIA DE TGV VTC <\/h3>\t\t\t\t<\/div>\n\t\t\t\t<\/div>\n\t\t\t\t<div class=\"elementor-element elementor-element-9e542a7 elementor-widget elementor-widget-image\" data-id=\"9e542a7\" data-element_type=\"widget\" data-e-type=\"widget\" data-widget_type=\"image.default\">\n\t\t\t\t<div class=\"elementor-widget-container\">\n\t\t\t\t\t\t\t\t\t\t\t\t\t\t\t<img decoding=\"async\" src=\"https:\/\/www.vtc-limousine.fr\/wp-content\/uploads\/elementor\/thumbs\/aixtgv-e1462955693358-1-qfq89fejg2vqafsdc8ta5b9s2jxg634eb746jlxcg4.jpg\" title=\"4 T\" alt=\"Transfer VTC esta\u00e7\u00e3o de TGV de Aix en Provence\" loading=\"lazy\" \/>\t\t\t\t\t\t\t\t\t\t\t\t\t\t\t<\/div>\n\t\t\t\t<\/div>\n\t\t\t\t<div class=\"elementor-element elementor-element-2164af0 elementor-widget elementor-widget-text-editor\" data-id=\"2164af0\" data-element_type=\"widget\" data-e-type=\"widget\" data-widget_type=\"text-editor.default\">\n\t\t\t\t<div class=\"elementor-widget-container\">\n\t\t\t\t\t\t\t\t\t<p>O seu carro com motorista\u00a0<a href=\"https:\/\/www.vtc-limousine.fr\/pt\/os-nossos-veiculos\/\">(VTC)<\/a>\u00a0levamo-lo da sua esta\u00e7\u00e3o ou para a esta\u00e7\u00e3o da sua escolha. Servimos as seguintes esta\u00e7\u00f5es:<br \/>Transfer\u00eancia VTC<a href=\"https:\/\/www.vtc-limousine.fr\/pt\/vtc-private-transfer\/motorista-privado-marselha-provence-aeroporto-mrs\/\" target=\"_blank\" rel=\"noopener\">\u00a0Esta\u00e7\u00e3o de Marselha St Charles<\/a><br \/>Transfer\u00eancia VTC\u00a0<a href=\"https:\/\/www.vtc-limousine.fr\/pt\/fr\/reservation-transfert-vtc-gare-aix-en-provence-tgv\/\" target=\"_blank\" rel=\"noopener\">Esta\u00e7\u00e3o de TGV de Aix en Provence<\/a><br \/>Transfer\u00eancia VTC<a href=\"\/pt\/motorista-particular\/motorista-privado-paca\/motorista-privado-avignon\/\" target=\"_blank\" rel=\"noopener\">\u00a0Esta\u00e7\u00e3o de TGV de Avignon<\/a><br \/>Transfer VTC esta\u00e7\u00e3o Toulon SNCF\u00a0<br \/>Transfer VTC esta\u00e7\u00e3o Montpellier Saint-Roch<\/p>\t\t\t\t\t\t\t\t<\/div>\n\t\t\t\t<\/div>\n\t\t\t\t\t<\/div>\n\t\t<\/div>\n\t\t\t\t<div class=\"elementor-column elementor-col-33 elementor-top-column elementor-element elementor-element-4cf8eda\" data-id=\"4cf8eda\" data-element_type=\"column\" data-e-type=\"column\">\n\t\t\t<div class=\"elementor-widget-wrap elementor-element-populated\">\n\t\t\t\t\t\t<div class=\"elementor-element elementor-element-1d97f03 elementor-widget elementor-widget-heading\" data-id=\"1d97f03\" data-element_type=\"widget\" data-e-type=\"widget\" data-widget_type=\"heading.default\">\n\t\t\t\t<div class=\"elementor-widget-container\">\n\t\t\t\t\t<h3 class=\"elementor-heading-title elementor-size-small\">TRANSFER\u00caNCIA DE IATES<\/h3>\t\t\t\t<\/div>\n\t\t\t\t<\/div>\n\t\t\t\t<div class=\"elementor-element elementor-element-9113452 elementor-widget elementor-widget-image\" data-id=\"9113452\" data-element_type=\"widget\" data-e-type=\"widget\" data-widget_type=\"image.default\">\n\t\t\t\t<div class=\"elementor-widget-container\">\n\t\t\t\t\t\t\t\t\t\t\t\t\t\t\t<img decoding=\"async\" src=\"https:\/\/www.vtc-limousine.fr\/wp-content\/uploads\/elementor\/thumbs\/12314661_1181324875230561_2549917994845135698_o-e1461913792875-1-qfq8eip2grun6ee4ly1j5j0nwou0v2c20ebv4kdkqs.jpg\" title=\"12314661_1181324875230561_2549917994845135698_o\" alt=\"12314661_1181324875230561_2549917994845135698_o\" loading=\"lazy\" \/>\t\t\t\t\t\t\t\t\t\t\t\t\t\t\t<\/div>\n\t\t\t\t<\/div>\n\t\t\t\t<div class=\"elementor-element elementor-element-b923b06 elementor-widget elementor-widget-text-editor\" data-id=\"b923b06\" data-element_type=\"widget\" data-e-type=\"widget\" data-widget_type=\"text-editor.default\">\n\t\t\t\t<div class=\"elementor-widget-container\">\n\t\t\t\t\t\t\t\t\t<p>O seu condutor\u00a0<a href=\"https:\/\/www.vtc-limousine.fr\/pt\/os-nossos-veiculos\/\">(VTC)<\/a>\u00a0lev\u00e1-lo-\u00e1 do seu porto ou ao terminal de ferry da sua escolha. \u00a0<br \/>Servimos as cidades de :\u00a0<br \/>Transfer\u00eancia VTC\u00a0<a href=\"https:\/\/www.vtc-limousine.fr\/pt\/fr\/vtc-transfer-porto-de-cruzeiro-marselha\/\" target=\"_blank\" rel=\"noopener\">Terminal de ferries de Marselha e terminais de cruzeiros\u00a0<\/a><br \/>Transfer VTC Cruzeiros fluviais em Avignon\u00a0<br \/>Transfer VTC porto de St-Tropez<br \/>Transfer VTC Cannes porto Canto\u00a0<br \/>Transfer\u00eancia VTC Porto do M\u00f3naco\u00a0<br \/>Transfer\u00eancia VTC Porto de Nice\u00a0<br \/>Transfer\u00eancia VTC\u00a0<a href=\"https:\/\/www.vtc-limousine.fr\/pt\/fr\/vtc-transfer-porto-de-cruzeiro-marselha\/\" target=\"_blank\" rel=\"noopener\">Terminal de ferry de Toulon e terminais de cruzeiros\u00a0<\/a><\/p>\t\t\t\t\t\t\t\t<\/div>\n\t\t\t\t<\/div>\n\t\t\t\t\t<\/div>\n\t\t<\/div>\n\t\t\t\t\t<\/div>\n\t\t<\/section>\n\t\t\t\t<\/div>","protected":false},"excerpt":{"rendered":"<p>Transfer VTC na regi\u00e3o PACA Class eDriver Limousine prop\u00f5e-lhe reservar um transfer vtc privado num carro luxuoso e confort\u00e1vel com um motorista experiente e profissional, bilingue ingl\u00eas franc\u00eas, para o receber no seu terminal de chegada. O seu motorista estar\u00e1 \u00e0 sua espera nas chegadas do aeroporto, depois da alf\u00e2ndega, com uma placa com o seu nome. O seu [...]<\/p>","protected":false},"author":1,"featured_media":9702,"parent":0,"menu_order":0,"comment_status":"closed","ping_status":"closed","template":"","meta":{"footnotes":""},"class_list":["post-14046","page","type-page","status-publish","has-post-thumbnail","hentry"],"_links":{"self":[{"href":"https:\/\/www.vtc-limousine.fr\/pt\/wp-json\/wp\/v2\/pages\/14046","targetHints":{"allow":["GET"]}}],"collection":[{"href":"https:\/\/www.vtc-limousine.fr\/pt\/wp-json\/wp\/v2\/pages"}],"about":[{"href":"https:\/\/www.vtc-limousine.fr\/pt\/wp-json\/wp\/v2\/types\/page"}],"author":[{"embeddable":true,"href":"https:\/\/www.vtc-limousine.fr\/pt\/wp-json\/wp\/v2\/users\/1"}],"replies":[{"embeddable":true,"href":"https:\/\/www.vtc-limousine.fr\/pt\/wp-json\/wp\/v2\/comments?post=14046"}],"version-history":[{"count":34,"href":"https:\/\/www.vtc-limousine.fr\/pt\/wp-json\/wp\/v2\/pages\/14046\/revisions"}],"predecessor-version":[{"id":22053,"href":"https:\/\/www.vtc-limousine.fr\/pt\/wp-json\/wp\/v2\/pages\/14046\/revisions\/22053"}],"wp:featuredmedia":[{"embeddable":true,"href":"https:\/\/www.vtc-limousine.fr\/pt\/wp-json\/wp\/v2\/media\/9702"}],"wp:attachment":[{"href":"https:\/\/www.vtc-limousine.fr\/pt\/wp-json\/wp\/v2\/media?parent=14046"}],"curies":[{"name":"wp","href":"https:\/\/api.w.org\/{rel}","templated":true}]}}