{"id":13612,"date":"2022-03-02T15:59:44","date_gmt":"2022-03-02T15:59:44","guid":{"rendered":"https:\/\/www.vtc-limousine.fr\/?page_id=13612"},"modified":"2026-02-18T10:20:59","modified_gmt":"2026-02-18T10:20:59","slug":"motorista-particular","status":"publish","type":"page","link":"https:\/\/www.vtc-limousine.fr\/pt\/motorista-particular\/","title":{"rendered":"Motorista privado"},"content":{"rendered":"<div data-elementor-type=\"wp-page\" data-elementor-id=\"13612\" class=\"elementor elementor-13612\" data-elementor-post-type=\"page\">\n\t\t\t\t\t\t<section class=\"elementor-section elementor-top-section elementor-element elementor-element-5e739282 elementor-section-full_width elementor-section-height-min-height elementor-section-height-default elementor-section-items-middle\" data-id=\"5e739282\" data-element_type=\"section\" data-e-type=\"section\" data-settings=\"{&quot;background_background&quot;:&quot;classic&quot;}\">\n\t\t\t\t\t\t\t<div class=\"elementor-background-overlay\"><\/div>\n\t\t\t\t\t\t\t<div class=\"elementor-container elementor-column-gap-default\">\n\t\t\t\t\t<div class=\"elementor-column elementor-col-100 elementor-top-column elementor-element elementor-element-1faf7528\" data-id=\"1faf7528\" data-element_type=\"column\" data-e-type=\"column\">\n\t\t\t<div class=\"elementor-widget-wrap\">\n\t\t\t\t\t\t\t<\/div>\n\t\t<\/div>\n\t\t\t\t\t<\/div>\n\t\t<\/section>\n\t\t\t\t<section class=\"elementor-section elementor-top-section elementor-element elementor-element-65088e05 elementor-section-boxed elementor-section-height-default elementor-section-height-default\" data-id=\"65088e05\" data-element_type=\"section\" data-e-type=\"section\">\n\t\t\t\t\t\t<div class=\"elementor-container elementor-column-gap-default\">\n\t\t\t\t\t<div class=\"elementor-column elementor-col-100 elementor-top-column elementor-element elementor-element-344a6702\" data-id=\"344a6702\" data-element_type=\"column\" data-e-type=\"column\">\n\t\t\t<div class=\"elementor-widget-wrap elementor-element-populated\">\n\t\t\t\t\t\t<div class=\"elementor-element elementor-element-036466f elementor-widget elementor-widget-shortcode\" data-id=\"036466f\" data-element_type=\"widget\" data-e-type=\"widget\" data-widget_type=\"shortcode.default\">\n\t\t\t\t<div class=\"elementor-widget-container\">\n\t\t\t\t\t\t\t<div class=\"elementor-shortcode\"><nav aria-label=\"p\u00e3o ralado\">\n            <div class=\"breadcrumb-container theme1\">\n                <ol>\n                                    <\/ol>\n            <\/div>\n        <\/nav>    <script type=\"application\/ld+json\">\n        {\n            \"@context\": \"http:\/\/schema.org\",\n            \"@type\": \"BreadcrumbList\",\n            \"itemListElement\": [\n                            ]\n        }\n    <\/script>\n   \n    <script>\n            <\/script>\n<\/div>\n\t\t\t\t\t\t<\/div>\n\t\t\t\t<\/div>\n\t\t\t\t<div class=\"elementor-element elementor-element-6d44219e elementor-widget elementor-widget-heading\" data-id=\"6d44219e\" data-element_type=\"widget\" data-e-type=\"widget\" data-widget_type=\"heading.default\">\n\t\t\t\t<div class=\"elementor-widget-container\">\n\t\t\t\t\t<h1 class=\"elementor-heading-title elementor-size-default\">Motorista privado<\/h1>\t\t\t\t<\/div>\n\t\t\t\t<\/div>\n\t\t\t\t<div class=\"elementor-element elementor-element-2cda9272 elementor-widget elementor-widget-heading\" data-id=\"2cda9272\" data-element_type=\"widget\" data-e-type=\"widget\" data-widget_type=\"heading.default\">\n\t\t\t\t<div class=\"elementor-widget-container\">\n\t\t\t\t\t<h2 class=\"elementor-heading-title elementor-size-default\">Servi\u00e7o de motorista privado de alta qualidade<\/h2>\t\t\t\t<\/div>\n\t\t\t\t<\/div>\n\t\t\t\t\t<\/div>\n\t\t<\/div>\n\t\t\t\t\t<\/div>\n\t\t<\/section>\n\t\t\t\t<section class=\"elementor-section elementor-top-section elementor-element elementor-element-c8573c3 elementor-section-boxed elementor-section-height-default elementor-section-height-default\" data-id=\"c8573c3\" data-element_type=\"section\" data-e-type=\"section\">\n\t\t\t\t\t\t<div class=\"elementor-container elementor-column-gap-default\">\n\t\t\t\t\t<div class=\"elementor-column elementor-col-100 elementor-top-column elementor-element elementor-element-3ae0696\" data-id=\"3ae0696\" data-element_type=\"column\" data-e-type=\"column\">\n\t\t\t<div class=\"elementor-widget-wrap elementor-element-populated\">\n\t\t\t\t\t\t<div class=\"elementor-element elementor-element-da0da32 elementor-align-center elementor-widget elementor-widget-button\" data-id=\"da0da32\" data-element_type=\"widget\" data-e-type=\"widget\" data-widget_type=\"button.default\">\n\t\t\t\t<div class=\"elementor-widget-container\">\n\t\t\t\t\t\t\t\t\t<div class=\"elementor-button-wrapper\">\n\t\t\t\t\t<a class=\"elementor-button elementor-button-link elementor-size-sm\" href=\"https:\/\/www.vtc-limousine.fr\/wp-content\/uploads\/2023\/07\/ENG-Plaquette-pdf-Class-eDriver2.pdf\" target=\"_blank\">\n\t\t\t\t\t\t<span class=\"elementor-button-content-wrapper\">\n\t\t\t\t\t\t\t\t\t<span class=\"elementor-button-text\">Descarregar o nosso kit de imprensa<\/span>\n\t\t\t\t\t<\/span>\n\t\t\t\t\t<\/a>\n\t\t\t\t<\/div>\n\t\t\t\t\t\t\t\t<\/div>\n\t\t\t\t<\/div>\n\t\t\t\t<div class=\"elementor-element elementor-element-e3cfce5 elementor-widget elementor-widget-text-editor\" data-id=\"e3cfce5\" data-element_type=\"widget\" data-e-type=\"widget\" data-widget_type=\"text-editor.default\">\n\t\t\t\t<div class=\"elementor-widget-container\">\n\t\t\t\t\t\t\t\t\t<p data-start=\"149\" data-end=\"947\">A classe eDriver Limousine oferece <strong data-start=\"182\" data-end=\"245\">servi\u00e7o premium de motorista privado no Sul de Fran\u00e7a<\/strong>A combina\u00e7\u00e3o perfeita de eleg\u00e2ncia, conforto e seguran\u00e7a. Quer seja para <strong data-start=\"307\" data-end=\"343\">transferes do aeroporto ou da esta\u00e7\u00e3o<\/strong>e <strong data-start=\"349\" data-end=\"370\">eventos privados<\/strong>e <strong data-start=\"376\" data-end=\"401\">excurs\u00f5es por medida<\/strong> ou <strong data-start=\"409\" data-end=\"431\">viagens de neg\u00f3cios<\/strong>a nossa frota de <strong data-start=\"449\" data-end=\"516\">berlinas de luxo, monovolumes premium e Sprinter de luxo de 19 lugares<\/strong> garante um transporte de qualidade superior para todos os tipos de clientes. Os nossos <strong data-start=\"589\" data-end=\"631\">motoristas profissionais e bilingues<\/strong>Os motoristas da Class eDriver Limousine, formados em servi\u00e7o VIP, prestam uma assist\u00eancia discreta, pontual e personalizada, optimizando cada viagem e tornando cada desloca\u00e7\u00e3o simples, agrad\u00e1vel e memor\u00e1vel. Com Class eDriver Limousine, beneficie de um servi\u00e7o de <strong data-start=\"849\" data-end=\"896\">experi\u00eancia de transporte exclusiva e requintada<\/strong> em toda a regi\u00e3o Provence-Alpes-C\u00f4te d'Azur.<\/p>\t\t\t\t\t\t\t\t<\/div>\n\t\t\t\t<\/div>\n\t\t\t\t\t<\/div>\n\t\t<\/div>\n\t\t\t\t\t<\/div>\n\t\t<\/section>\n\t\t\t\t<section class=\"elementor-section elementor-top-section elementor-element elementor-element-3454769 elementor-section-boxed elementor-section-height-default elementor-section-height-default\" data-id=\"3454769\" data-element_type=\"section\" data-e-type=\"section\">\n\t\t\t\t\t\t<div class=\"elementor-container elementor-column-gap-default\">\n\t\t\t\t\t<div class=\"elementor-column elementor-col-100 elementor-top-column elementor-element elementor-element-b5b3525\" data-id=\"b5b3525\" data-element_type=\"column\" data-e-type=\"column\">\n\t\t\t<div class=\"elementor-widget-wrap elementor-element-populated\">\n\t\t\t\t\t\t<div class=\"elementor-element elementor-element-def1b33 elementor-widget elementor-widget-heading\" data-id=\"def1b33\" data-element_type=\"widget\" data-e-type=\"widget\" data-widget_type=\"heading.default\">\n\t\t\t\t<div class=\"elementor-widget-container\">\n\t\t\t\t\t<h3 class=\"elementor-heading-title elementor-size-default\">Transferes VIP, minivans e Sprinter de luxo de 19 lugares para empresas e viagens de incentivo<\/h3>\t\t\t\t<\/div>\n\t\t\t\t<\/div>\n\t\t\t\t<section class=\"elementor-section elementor-inner-section elementor-element elementor-element-b7a5c8d elementor-section-boxed elementor-section-height-default elementor-section-height-default\" data-id=\"b7a5c8d\" data-element_type=\"section\" data-e-type=\"section\">\n\t\t\t\t\t\t<div class=\"elementor-container elementor-column-gap-default\">\n\t\t\t\t\t<div class=\"elementor-column elementor-col-50 elementor-inner-column elementor-element elementor-element-cb48d7d\" data-id=\"cb48d7d\" data-element_type=\"column\" data-e-type=\"column\">\n\t\t\t<div class=\"elementor-widget-wrap elementor-element-populated\">\n\t\t\t\t\t\t<div class=\"elementor-element elementor-element-a9b18ee elementor-widget elementor-widget-text-editor\" data-id=\"a9b18ee\" data-element_type=\"widget\" data-e-type=\"widget\" data-widget_type=\"text-editor.default\">\n\t\t\t\t<div class=\"elementor-widget-container\">\n\t\t\t\t\t\t\t\t\t<p><a href=\"https:\/\/www.vtc-limousine.fr\/pt\/motorista-particular\/motorista-privado-paca\/motorista-privado-aix-en-provence\/\">Aix-en-Provence<\/a><br \/><a href=\"https:\/\/www.vtc-limousine.fr\/pt\/motorista-particular\/motorista-privado-paca\/motorista-privado-marselha\/\">Marselha<\/a><br \/><a href=\"https:\/\/www.vtc-limousine.fr\/pt\/motorista-particular\/motorista-privado-paca\/circuito-motorista-privado-paul-ricard\/\">Circuito Paul Ricard<\/a><br \/><a href=\"https:\/\/www.vtc-limousine.fr\/pt\/motorista-particular\/motorista-privado-paca\/motorista-privado-avignon\/\">Avinh\u00e3o<\/a><br \/><a href=\"https:\/\/www.vtc-limousine.fr\/pt\/vtc-private-transfer\/motorista-particular-arles-camargue\/\" target=\"_blank\" rel=\"noopener\">Arles e Camargue<\/a><br \/><a href=\"https:\/\/www.vtc-limousine.fr\/pt\/vtc-private-transfer\/motorista-particular-st-remy-de-provence\/\" target=\"_blank\" rel=\"noopener\">S\u00e3o Remy de Provence<\/a><br \/><a href=\"https:\/\/www.vtc-limousine.fr\/pt\/vtc-private-transfer\/motorista-privado-saint-tropez\/\">S\u00e3o Tropez<\/a><br \/><a href=\"https:\/\/www.vtc-limousine.fr\/pt\/motorista-particular\/motorista-privado-paca\/motorista-privado-cannes\/\">Cannes<\/a><br \/><a href=\"https:\/\/www.vtc-limousine.fr\/pt\/motorista-particular\/motorista-privado-paca\/motorista-privado-agradavel\/\" target=\"_blank\" rel=\"noopener\">Bonito<\/a><br \/><a href=\"https:\/\/www.vtc-limousine.fr\/pt\/vtc-private-transfer\/motorista-privado-no-monaco\/\">M\u00f3naco<\/a><br \/><a href=\"https:\/\/www.vtc-limousine.fr\/pt\/vtc-private-transfer\/motorista-privado-no-aeroporto-de-montpellier\/\">Montpellier<\/a><br \/><a href=\"https:\/\/www.vtc-limousine.fr\/pt\/motorista-particular\/motorista-privado-paca\/motorista-privado-toulon\/\">Toulon<\/a><br \/><a href=\"https:\/\/www.vtc-limousine.fr\/pt\/motorista-particular\/motorista-privado-paca\/motorista-privado-le-castellet\/\">Le Castellet<\/a><br \/><a href=\"https:\/\/www.vtc-limousine.fr\/pt\/vtc-private-transfer\/motorista-privado-vtc-cassis\/\">Cassis<\/a><br \/><a href=\"https:\/\/www.vtc-limousine.fr\/pt\/motorista-particular\/motorista-privado-paca\/motorista-particular-lyon\/\" target=\"_blank\" rel=\"noopener\">Lyon<\/a><br \/><a href=\"https:\/\/www.vtc-limousine.fr\/pt\/motorista-particular\/motorista-privado-paca\/motorista-privado-paris\/\" target=\"_blank\" rel=\"noopener\">Paris<\/a><br \/><a href=\"https:\/\/www.vtc-limousine.fr\/pt\/motorista-particular\/carro-com-condutor-vtc-gordes\/\">Gordes<\/a><br \/><a href=\"https:\/\/www.vtc-limousine.fr\/pt\/motorista-particular\/motorista-particular-la-ciotat-13600\/\">La Ciotat<\/a><\/p>\t\t\t\t\t\t\t\t<\/div>\n\t\t\t\t<\/div>\n\t\t\t\t\t<\/div>\n\t\t<\/div>\n\t\t\t\t<div class=\"elementor-column elementor-col-50 elementor-inner-column elementor-element elementor-element-045b688 blocText\" data-id=\"045b688\" data-element_type=\"column\" data-e-type=\"column\" data-settings=\"{&quot;background_background&quot;:&quot;classic&quot;}\">\n\t\t\t<div class=\"elementor-widget-wrap elementor-element-populated\">\n\t\t\t\t\t<div class=\"elementor-background-overlay\"><\/div>\n\t\t\t\t\t\t<div class=\"elementor-element elementor-element-5715218 elementor-widget elementor-widget-heading\" data-id=\"5715218\" data-element_type=\"widget\" data-e-type=\"widget\" data-widget_type=\"heading.default\">\n\t\t\t\t<div class=\"elementor-widget-container\">\n\t\t\t\t\t<p class=\"elementor-heading-title elementor-size-default\"><a href=\"https:\/\/www.vtc-limousine.fr\/pt\/motorista-particular\/motorista-privado-paca\/\">Os nossos outros destinos em PACA<\/a><\/p>\t\t\t\t<\/div>\n\t\t\t\t<\/div>\n\t\t\t\t\t<\/div>\n\t\t<\/div>\n\t\t\t\t\t<\/div>\n\t\t<\/section>\n\t\t\t\t\t<\/div>\n\t\t<\/div>\n\t\t\t\t\t<\/div>\n\t\t<\/section>\n\t\t\t\t<\/div>","protected":false},"excerpt":{"rendered":"<p>Servi\u00e7o de motorista privado de qualidade superior Descarregue o nosso dossier de imprensa Class eDriver Limousine oferece um servi\u00e7o de motorista privado de qualidade superior no Sul de Fran\u00e7a, combinando eleg\u00e2ncia, conforto e seguran\u00e7a. Quer se trate de transferes do aeroporto ou da esta\u00e7\u00e3o, de eventos privados, de excurs\u00f5es \u00e0 medida ou de viagens de neg\u00f3cios, a nossa frota de ve\u00edculos com motorista [...]<\/p>","protected":false},"author":1,"featured_media":20973,"parent":0,"menu_order":0,"comment_status":"closed","ping_status":"closed","template":"","meta":{"footnotes":""},"class_list":["post-13612","page","type-page","status-publish","has-post-thumbnail","hentry"],"_links":{"self":[{"href":"https:\/\/www.vtc-limousine.fr\/pt\/wp-json\/wp\/v2\/pages\/13612","targetHints":{"allow":["GET"]}}],"collection":[{"href":"https:\/\/www.vtc-limousine.fr\/pt\/wp-json\/wp\/v2\/pages"}],"about":[{"href":"https:\/\/www.vtc-limousine.fr\/pt\/wp-json\/wp\/v2\/types\/page"}],"author":[{"embeddable":true,"href":"https:\/\/www.vtc-limousine.fr\/pt\/wp-json\/wp\/v2\/users\/1"}],"replies":[{"embeddable":true,"href":"https:\/\/www.vtc-limousine.fr\/pt\/wp-json\/wp\/v2\/comments?post=13612"}],"version-history":[{"count":66,"href":"https:\/\/www.vtc-limousine.fr\/pt\/wp-json\/wp\/v2\/pages\/13612\/revisions"}],"predecessor-version":[{"id":23512,"href":"https:\/\/www.vtc-limousine.fr\/pt\/wp-json\/wp\/v2\/pages\/13612\/revisions\/23512"}],"wp:featuredmedia":[{"embeddable":true,"href":"https:\/\/www.vtc-limousine.fr\/pt\/wp-json\/wp\/v2\/media\/20973"}],"wp:attachment":[{"href":"https:\/\/www.vtc-limousine.fr\/pt\/wp-json\/wp\/v2\/media?parent=13612"}],"curies":[{"name":"wp","href":"https:\/\/api.w.org\/{rel}","templated":true}]}}