{"id":13289,"date":"2022-02-18T09:38:16","date_gmt":"2022-02-18T09:38:16","guid":{"rendered":"https:\/\/www.vtc-limousine.fr\/?page_id=13289"},"modified":"2026-02-05T16:09:42","modified_gmt":"2026-02-05T16:09:42","slug":"tour-prive-provence","status":"publish","type":"page","link":"https:\/\/www.vtc-limousine.fr\/pt\/tour-prive-provence\/","title":{"rendered":"Tour Priv\u00e9 Provence"},"content":{"rendered":"<div data-elementor-type=\"wp-page\" data-elementor-id=\"13289\" class=\"elementor elementor-13289\" data-elementor-post-type=\"page\">\n\t\t\t\t\t\t<section class=\"elementor-section elementor-top-section elementor-element elementor-element-5e739282 elementor-section-full_width elementor-section-height-min-height elementor-section-height-default elementor-section-items-middle\" data-id=\"5e739282\" data-element_type=\"section\" data-e-type=\"section\" data-settings=\"{&quot;background_background&quot;:&quot;classic&quot;}\">\n\t\t\t\t\t\t\t<div class=\"elementor-background-overlay\"><\/div>\n\t\t\t\t\t\t\t<div class=\"elementor-container elementor-column-gap-default\">\n\t\t\t\t\t<div class=\"elementor-column elementor-col-100 elementor-top-column elementor-element elementor-element-1faf7528\" data-id=\"1faf7528\" data-element_type=\"column\" data-e-type=\"column\">\n\t\t\t<div class=\"elementor-widget-wrap\">\n\t\t\t\t\t\t\t<\/div>\n\t\t<\/div>\n\t\t\t\t\t<\/div>\n\t\t<\/section>\n\t\t\t\t<section class=\"elementor-section elementor-top-section elementor-element elementor-element-65088e05 elementor-section-boxed elementor-section-height-default elementor-section-height-default\" data-id=\"65088e05\" data-element_type=\"section\" data-e-type=\"section\">\n\t\t\t\t\t\t<div class=\"elementor-container elementor-column-gap-default\">\n\t\t\t\t\t<div class=\"elementor-column elementor-col-100 elementor-top-column elementor-element elementor-element-344a6702\" data-id=\"344a6702\" data-element_type=\"column\" data-e-type=\"column\">\n\t\t\t<div class=\"elementor-widget-wrap elementor-element-populated\">\n\t\t\t\t\t\t<div class=\"elementor-element elementor-element-036466f elementor-widget elementor-widget-shortcode\" data-id=\"036466f\" data-element_type=\"widget\" data-e-type=\"widget\" data-widget_type=\"shortcode.default\">\n\t\t\t\t<div class=\"elementor-widget-container\">\n\t\t\t\t\t\t\t<div class=\"elementor-shortcode\"><nav aria-label=\"p\u00e3o ralado\">\n            <div class=\"breadcrumb-container theme1\">\n                <ol>\n                                    <\/ol>\n            <\/div>\n        <\/nav>    <script type=\"application\/ld+json\">\n        {\n            \"@context\": \"http:\/\/schema.org\",\n            \"@type\": \"BreadcrumbList\",\n            \"itemListElement\": [\n                            ]\n        }\n    <\/script>\n   \n    <script>\n            <\/script>\n<\/div>\n\t\t\t\t\t\t<\/div>\n\t\t\t\t<\/div>\n\t\t\t\t<div class=\"elementor-element elementor-element-6d44219e elementor-widget elementor-widget-heading\" data-id=\"6d44219e\" data-element_type=\"widget\" data-e-type=\"widget\" data-widget_type=\"heading.default\">\n\t\t\t\t<div class=\"elementor-widget-container\">\n\t\t\t\t\t<h1 class=\"elementor-heading-title elementor-size-default\">Tour Priv\u00e9 Provence<\/h1>\t\t\t\t<\/div>\n\t\t\t\t<\/div>\n\t\t\t\t<div class=\"elementor-element elementor-element-2cda9272 elementor-widget elementor-widget-heading\" data-id=\"2cda9272\" data-element_type=\"widget\" data-e-type=\"widget\" data-widget_type=\"heading.default\">\n\t\t\t\t<div class=\"elementor-widget-container\">\n\t\t\t\t\t<h2 class=\"elementor-heading-title elementor-size-default\">Berlim-MiniVan-MiniBus 1 a 19 pessoas para uma excurs\u00e3o privada \u00e0 Proven\u00e7a<\/h2>\t\t\t\t<\/div>\n\t\t\t\t<\/div>\n\t\t\t\t\t<\/div>\n\t\t<\/div>\n\t\t\t\t\t<\/div>\n\t\t<\/section>\n\t\t\t\t<section class=\"elementor-section elementor-top-section elementor-element elementor-element-c8573c3 elementor-section-boxed elementor-section-height-default elementor-section-height-default\" data-id=\"c8573c3\" data-element_type=\"section\" data-e-type=\"section\">\n\t\t\t\t\t\t<div class=\"elementor-container elementor-column-gap-default\">\n\t\t\t\t\t<div class=\"elementor-column elementor-col-100 elementor-top-column elementor-element elementor-element-3ae0696\" data-id=\"3ae0696\" data-element_type=\"column\" data-e-type=\"column\">\n\t\t\t<div class=\"elementor-widget-wrap\">\n\t\t\t\t\t\t\t<\/div>\n\t\t<\/div>\n\t\t\t\t\t<\/div>\n\t\t<\/section>\n\t\t\t\t<section class=\"elementor-section elementor-top-section elementor-element elementor-element-9158890 elementor-section-boxed elementor-section-height-default elementor-section-height-default\" data-id=\"9158890\" data-element_type=\"section\" data-e-type=\"section\">\n\t\t\t\t\t\t<div class=\"elementor-container elementor-column-gap-default\">\n\t\t\t\t\t<div class=\"elementor-column elementor-col-25 elementor-top-column elementor-element elementor-element-96942dc blocText\" data-id=\"96942dc\" data-element_type=\"column\" data-e-type=\"column\" data-settings=\"{&quot;background_background&quot;:&quot;classic&quot;}\">\n\t\t\t<div class=\"elementor-widget-wrap elementor-element-populated\">\n\t\t\t\t\t<div class=\"elementor-background-overlay\"><\/div>\n\t\t\t\t\t\t<div class=\"elementor-element elementor-element-bb29471 elementor-widget elementor-widget-heading\" data-id=\"bb29471\" data-element_type=\"widget\" data-e-type=\"widget\" data-widget_type=\"heading.default\">\n\t\t\t\t<div class=\"elementor-widget-container\">\n\t\t\t\t\t<p class=\"elementor-heading-title elementor-size-default\"><a href=\"\/pt\/visita-a-lavanda-de-provence\/\">Tour da lavanda na Proven\u00e7a<\/a><\/p>\t\t\t\t<\/div>\n\t\t\t\t<\/div>\n\t\t\t\t\t<\/div>\n\t\t<\/div>\n\t\t\t\t<div class=\"elementor-column elementor-col-25 elementor-top-column elementor-element elementor-element-f6684ee blocText\" data-id=\"f6684ee\" data-element_type=\"column\" data-e-type=\"column\" data-settings=\"{&quot;background_background&quot;:&quot;classic&quot;}\">\n\t\t\t<div class=\"elementor-widget-wrap elementor-element-populated\">\n\t\t\t\t\t<div class=\"elementor-background-overlay\"><\/div>\n\t\t\t\t\t\t<div class=\"elementor-element elementor-element-cf8fdd2 elementor-widget elementor-widget-heading\" data-id=\"cf8fdd2\" data-element_type=\"widget\" data-e-type=\"widget\" data-widget_type=\"heading.default\">\n\t\t\t\t<div class=\"elementor-widget-container\">\n\t\t\t\t\t<p class=\"elementor-heading-title elementor-size-default\"><a href=\"\/pt\/visita-guiada-aos-vinhos-da-provenca\/\">Tour dos vinhos da Proven\u00e7a<\/a><\/p>\t\t\t\t<\/div>\n\t\t\t\t<\/div>\n\t\t\t\t\t<\/div>\n\t\t<\/div>\n\t\t\t\t<div class=\"elementor-column elementor-col-25 elementor-top-column elementor-element elementor-element-4a71dbf blocText\" data-id=\"4a71dbf\" data-element_type=\"column\" data-e-type=\"column\" data-settings=\"{&quot;background_background&quot;:&quot;classic&quot;}\">\n\t\t\t<div class=\"elementor-widget-wrap elementor-element-populated\">\n\t\t\t\t\t<div class=\"elementor-background-overlay\"><\/div>\n\t\t\t\t\t\t<div class=\"elementor-element elementor-element-a9f32c2 elementor-widget elementor-widget-heading\" data-id=\"a9f32c2\" data-element_type=\"widget\" data-e-type=\"widget\" data-widget_type=\"heading.default\">\n\t\t\t\t<div class=\"elementor-widget-container\">\n\t\t\t\t\t<p class=\"elementor-heading-title elementor-size-default\"><a href=\"\/pt\/excursoes-marselha-provenca\/\">Excurs\u00f5es Marselha na Proven\u00e7a<\/a><\/p>\t\t\t\t<\/div>\n\t\t\t\t<\/div>\n\t\t\t\t\t<\/div>\n\t\t<\/div>\n\t\t\t\t<div class=\"elementor-column elementor-col-25 elementor-top-column elementor-element elementor-element-556d0da blocText\" data-id=\"556d0da\" data-element_type=\"column\" data-e-type=\"column\" data-settings=\"{&quot;background_background&quot;:&quot;classic&quot;}\">\n\t\t\t<div class=\"elementor-widget-wrap elementor-element-populated\">\n\t\t\t\t\t<div class=\"elementor-background-overlay\"><\/div>\n\t\t\t\t\t\t<div class=\"elementor-element elementor-element-177317a elementor-widget elementor-widget-heading\" data-id=\"177317a\" data-element_type=\"widget\" data-e-type=\"widget\" data-widget_type=\"heading.default\">\n\t\t\t\t<div class=\"elementor-widget-container\">\n\t\t\t\t\t<p class=\"elementor-heading-title elementor-size-default\"><a href=\"\/pt\/tour-prive-provence\/visita-privada-aos-campos-de-lavanda-de-valensole\/\">Visita privada aos campos de lavanda de Valensole<\/a><\/p>\t\t\t\t<\/div>\n\t\t\t\t<\/div>\n\t\t\t\t\t<\/div>\n\t\t<\/div>\n\t\t\t\t\t<\/div>\n\t\t<\/section>\n\t\t\t\t<section class=\"elementor-section elementor-top-section elementor-element elementor-element-90ebdb8 elementor-section-boxed elementor-section-height-default elementor-section-height-default\" data-id=\"90ebdb8\" data-element_type=\"section\" data-e-type=\"section\">\n\t\t\t\t\t\t<div class=\"elementor-container elementor-column-gap-default\">\n\t\t\t\t\t<div class=\"elementor-column elementor-col-100 elementor-top-column elementor-element elementor-element-643567c\" data-id=\"643567c\" data-element_type=\"column\" data-e-type=\"column\">\n\t\t\t<div class=\"elementor-widget-wrap elementor-element-populated\">\n\t\t\t\t\t\t<div class=\"elementor-element elementor-element-1ecdc66 elementor-widget elementor-widget-spacer\" data-id=\"1ecdc66\" data-element_type=\"widget\" data-e-type=\"widget\" data-widget_type=\"spacer.default\">\n\t\t\t\t<div class=\"elementor-widget-container\">\n\t\t\t\t\t\t\t<div class=\"elementor-spacer\">\n\t\t\t<div class=\"elementor-spacer-inner\"><\/div>\n\t\t<\/div>\n\t\t\t\t\t\t<\/div>\n\t\t\t\t<\/div>\n\t\t\t\t<div class=\"elementor-element elementor-element-26455ba elementor-widget elementor-widget-text-editor\" data-id=\"26455ba\" data-element_type=\"widget\" data-e-type=\"widget\" data-widget_type=\"text-editor.default\">\n\t\t\t\t<div class=\"elementor-widget-container\">\n\t\t\t\t\t\t\t\t\t<p class=\"\" data-start=\"0\" data-end=\"607\">Descubra a Proven\u00e7a de forma diferente com o nosso <strong data-start=\"41\" data-end=\"57\">visitas privadas<\/strong> em <a href=\"https:\/\/www.vtc-limousine.fr\/pt\/classe-edriver-limousine\/os-nossos-veiculos\/\" target=\"_blank\" rel=\"noopener\">limusina<\/a>Uma experi\u00eancia \u00fanica, feita \u00e0 medida. Apaixonado pela hist\u00f3ria, cultura ou paisagens desta magn\u00edfica regi\u00e3o, o nosso servi\u00e7o de motorista privado permite-lhe visitar os locais mais emblem\u00e1ticos, como os campos de lavanda de Valensole, as aldeias do Luberon ou as vinhas do Vale do R\u00f3dano, no conforto de um ve\u00edculo topo de gama. Os nossos motoristas experientes s\u00e3o verdadeiros conhecedores, partilhando consigo as suas hist\u00f3rias locais e guiando-o atrav\u00e9s de itiner\u00e1rios personalizados e adaptados aos seus desejos.<\/p><p class=\"\" data-start=\"609\" data-end=\"1053\">Le <strong data-start=\"612\" data-end=\"634\">servi\u00e7o por medida<\/strong> est\u00e1 no centro da nossa oferta: cada viagem \u00e9 concebida para responder \u00e0s suas expectativas espec\u00edficas. Quer se trate de uma visita \u00edntima, de uma escapadela gastron\u00f3mica ou de uma excurs\u00e3o em fam\u00edlia, estamos empenhados em proporcionar-lhe uma experi\u00eancia inesquec\u00edvel. Tamb\u00e9m pode desfrutar de <strong data-start=\"929\" data-end=\"952\">provas de vinho<\/strong>visitas guiadas privadas ou mesmo uma refei\u00e7\u00e3o preparada por chefes locais, consoante a op\u00e7\u00e3o escolhida.<\/p><p class=\"\" data-start=\"1055\" data-end=\"1507\">Os nossos ve\u00edculos est\u00e3o totalmente equipados para garantir uma viagem segura e agrad\u00e1vel. Limusinas de luxo, sal\u00f5es ou mini-autocarros, cada ve\u00edculo \u00e9 selecionado pela sua qualidade e conforto, com equipamentos modernos para tornar a sua experi\u00eancia inesquec\u00edvel. Os <strong data-start=\"1334\" data-end=\"1353\">transfer\u00eancia privada<\/strong> do seu hotel, esta\u00e7\u00e3o ou aeroporto para os locais tur\u00edsticos tamb\u00e9m est\u00e1 inclu\u00eddo, para simplificar a sua viagem e poupar-lhe tempo.<\/p><p class=\"\" data-start=\"1509\" data-end=\"1938\">Gra\u00e7as ao nosso <strong data-start=\"1523\" data-end=\"1538\">flexibilidade<\/strong>Podemos adaptar cada itiner\u00e1rio aos seus desejos. Pode optar por se concentrar numa regi\u00e3o espec\u00edfica ou descobrir as cidades mais famosas do mundo. <strong data-start=\"1701\" data-end=\"1727\">Costas mediterr\u00e2nicas<\/strong> ou explorar as aldeias t\u00edpicas da Proven\u00e7a. Os nossos motoristas, que falam v\u00e1rias l\u00ednguas, acompanham-no durante toda a viagem e d\u00e3o-lhe explica\u00e7\u00f5es pormenorizadas sobre os locais visitados.<\/p><p class=\"\" data-start=\"0\" data-end=\"494\">O nosso <strong data-start=\"4\" data-end=\"32\">visitas privadas na Proven\u00e7a<\/strong> s\u00e3o a oportunidade perfeita para desfrutar de uma experi\u00eancia de viagem excecional, combinando conforto, luxo e descoberta. Gra\u00e7as aos nossos motoristas profissionais e multilingues, beneficia de um conhecimento local aprofundado, transformando cada itiner\u00e1rio numa aventura gratificante. Para al\u00e9m disso, a possibilidade de adaptar o programa \u00e0s suas necessidades e de escolher os locais a visitar permite-lhe criar um itiner\u00e1rio totalmente \u00fanico e adaptado aos seus interesses.<\/p><p class=\"\" data-start=\"496\" data-end=\"1051\">A Proven\u00e7a oferece uma grande variedade de <strong data-start=\"536\" data-end=\"561\">s\u00edtios imperd\u00edveis<\/strong> para descobrir: desde paisagens naturais espectaculares, como o Mont Sainte-Victoire, at\u00e9 aos tesouros hist\u00f3ricos de cidades como Avignon e <a href=\"https:\/\/www.aixenprovencetourism.com\/\" target=\"_blank\" rel=\"noopener\">Aix-en-Provence<\/a>. Pode explorar as estradas sinuosas da regi\u00e3o, passando por aldeias pitorescas e campos de lavanda perfumados, ou parar em restaurantes requintados para saborear as especialidades locais. Visite <strong data-start=\"943\" data-end=\"973\">servi\u00e7o de motorista privado<\/strong> permite-lhe desfrutar de todos os momentos com total tranquilidade.<\/p><p class=\"\" data-start=\"1053\" data-end=\"1578\">O nosso <strong data-start=\"1057\" data-end=\"1073\">visitas privadas<\/strong> tamb\u00e9m se adaptam aos seus hor\u00e1rios e prefer\u00eancias, dando-lhe a liberdade de escolher o ritmo da sua visita. Pode optar por uma excurs\u00e3o de meio dia, ou planear uma estadia mais longa para explorar em profundidade todas as maravilhas da Proven\u00e7a. Cada excurs\u00e3o \u00e9 concebida para maximizar o seu conforto, e op\u00e7\u00f5es adicionais como <strong data-start=\"1449\" data-end=\"1473\">paragens personalizadas<\/strong> ou visitas privadas a adegas podem ser adicionadas para melhorar a sua experi\u00eancia.<\/p><p class=\"\" data-start=\"1580\" data-end=\"2030\">Por \u00faltimo, o nosso servi\u00e7o n\u00e3o se limita \u00e0s visitas tur\u00edsticas tradicionais. Oferecemos tamb\u00e9m <strong data-start=\"1694\" data-end=\"1718\">actividades exclusivas<\/strong>tais como <strong data-start=\"1735\" data-end=\"1769\">Ateliers de cozinha proven\u00e7al<\/strong>e <strong data-start=\"1775\" data-end=\"1802\">degusta\u00e7\u00f5es de trufas<\/strong> ou passeios a cavalo por paisagens naturais de cortar a respira\u00e7\u00e3o. Estes s\u00e3o os momentos perfeitos para aprofundar a sua imers\u00e3o na cultura proven\u00e7al e desfrutar de experi\u00eancias inesquec\u00edveis fora dos circuitos habituais.<\/p><p class=\"\" data-start=\"2032\" data-end=\"2497\">Com o nosso <strong data-start=\"2041\" data-end=\"2070\">passeios privados em limusina<\/strong>A Proven\u00e7a j\u00e1 n\u00e3o ter\u00e1 segredos para si. Aproveite esta viagem excecional para descobrir esta regi\u00e3o nas melhores condi\u00e7\u00f5es poss\u00edveis, desfrutando de um servi\u00e7o impec\u00e1vel em cada etapa da sua aventura. Quer esteja em <strong data-start=\"2321\" data-end=\"2342\">viagens de neg\u00f3cios<\/strong>em <strong data-start=\"2347\" data-end=\"2370\">f\u00e9rias em fam\u00edlia<\/strong> ou em <strong data-start=\"2377\" data-end=\"2400\">escapadela rom\u00e2ntica<\/strong>A nossa equipa far\u00e1 tudo o que estiver ao seu alcance para satisfazer as suas expectativas e tornar a sua estadia inesquec\u00edvel.<\/p>\t\t\t\t\t\t\t\t<\/div>\n\t\t\t\t<\/div>\n\t\t\t\t<div class=\"elementor-element elementor-element-8d15b9d elementor-widget-divider--view-line elementor-widget elementor-widget-divider\" data-id=\"8d15b9d\" data-element_type=\"widget\" data-e-type=\"widget\" data-widget_type=\"divider.default\">\n\t\t\t\t<div class=\"elementor-widget-container\">\n\t\t\t\t\t\t\t<div class=\"elementor-divider\">\n\t\t\t<span class=\"elementor-divider-separator\">\n\t\t\t\t\t\t<\/span>\n\t\t<\/div>\n\t\t\t\t\t\t<\/div>\n\t\t\t\t<\/div>\n\t\t\t\t\t<\/div>\n\t\t<\/div>\n\t\t\t\t\t<\/div>\n\t\t<\/section>\n\t\t\t\t<section class=\"elementor-section elementor-top-section elementor-element elementor-element-26c485e elementor-section-boxed elementor-section-height-default elementor-section-height-default\" data-id=\"26c485e\" data-element_type=\"section\" data-e-type=\"section\">\n\t\t\t\t\t\t<div class=\"elementor-container elementor-column-gap-default\">\n\t\t\t\t\t<div class=\"elementor-column elementor-col-100 elementor-top-column elementor-element elementor-element-0b714c6\" data-id=\"0b714c6\" data-element_type=\"column\" data-e-type=\"column\">\n\t\t\t<div class=\"elementor-widget-wrap\">\n\t\t\t\t\t\t\t<\/div>\n\t\t<\/div>\n\t\t\t\t\t<\/div>\n\t\t<\/section>\n\t\t\t\t<\/div>","protected":false},"excerpt":{"rendered":"<p>Limousine-MiniVan-MiniBus 1 a 19 Pax para um Tour Privado da Proven\u00e7a Tour do Vinho de Lavanda da Proven\u00e7a Excurs\u00f5es Marselha na Proven\u00e7a Tour Privado dos Campos de Lavanda de Valensole Descubra a Proven\u00e7a de uma forma diferente com os nossos tours privados em limousine, uma experi\u00eancia \u00fanica e personalizada. Quer seja um apaixonado por hist\u00f3ria, cultura ou [...]<\/p>","protected":false},"author":1,"featured_media":22439,"parent":0,"menu_order":0,"comment_status":"closed","ping_status":"closed","template":"","meta":{"footnotes":""},"class_list":["post-13289","page","type-page","status-publish","has-post-thumbnail","hentry"],"_links":{"self":[{"href":"https:\/\/www.vtc-limousine.fr\/pt\/wp-json\/wp\/v2\/pages\/13289","targetHints":{"allow":["GET"]}}],"collection":[{"href":"https:\/\/www.vtc-limousine.fr\/pt\/wp-json\/wp\/v2\/pages"}],"about":[{"href":"https:\/\/www.vtc-limousine.fr\/pt\/wp-json\/wp\/v2\/types\/page"}],"author":[{"embeddable":true,"href":"https:\/\/www.vtc-limousine.fr\/pt\/wp-json\/wp\/v2\/users\/1"}],"replies":[{"embeddable":true,"href":"https:\/\/www.vtc-limousine.fr\/pt\/wp-json\/wp\/v2\/comments?post=13289"}],"version-history":[{"count":44,"href":"https:\/\/www.vtc-limousine.fr\/pt\/wp-json\/wp\/v2\/pages\/13289\/revisions"}],"predecessor-version":[{"id":22450,"href":"https:\/\/www.vtc-limousine.fr\/pt\/wp-json\/wp\/v2\/pages\/13289\/revisions\/22450"}],"wp:featuredmedia":[{"embeddable":true,"href":"https:\/\/www.vtc-limousine.fr\/pt\/wp-json\/wp\/v2\/media\/22439"}],"wp:attachment":[{"href":"https:\/\/www.vtc-limousine.fr\/pt\/wp-json\/wp\/v2\/media?parent=13289"}],"curies":[{"name":"wp","href":"https:\/\/api.w.org\/{rel}","templated":true}]}}