{"id":14906,"date":"2022-04-27T14:27:27","date_gmt":"2022-04-27T14:27:27","guid":{"rendered":"https:\/\/www.vtc-limousine.fr\/?page_id=14906"},"modified":"2022-10-31T09:01:18","modified_gmt":"2022-10-31T09:01:18","slug":"informacion-legal","status":"publish","type":"page","link":"https:\/\/www.vtc-limousine.fr\/es\/informacion-legal\/","title":{"rendered":"Informaci\u00f3n jur\u00eddica"},"content":{"rendered":"<div data-elementor-type=\"wp-page\" data-elementor-id=\"14906\" class=\"elementor elementor-14906\" data-elementor-post-type=\"page\">\n\t\t\t\t\t\t<section class=\"elementor-section elementor-top-section elementor-element elementor-element-5e739282 elementor-section-full_width elementor-section-height-min-height elementor-section-height-default elementor-section-items-middle\" data-id=\"5e739282\" data-element_type=\"section\" data-e-type=\"section\" data-settings=\"{&quot;background_background&quot;:&quot;classic&quot;}\">\n\t\t\t\t\t\t\t<div class=\"elementor-background-overlay\"><\/div>\n\t\t\t\t\t\t\t<div class=\"elementor-container elementor-column-gap-default\">\n\t\t\t\t\t<div class=\"elementor-column elementor-col-100 elementor-top-column elementor-element elementor-element-1faf7528\" data-id=\"1faf7528\" data-element_type=\"column\" data-e-type=\"column\">\n\t\t\t<div class=\"elementor-widget-wrap\">\n\t\t\t\t\t\t\t<\/div>\n\t\t<\/div>\n\t\t\t\t\t<\/div>\n\t\t<\/section>\n\t\t\t\t<section class=\"elementor-section elementor-top-section elementor-element elementor-element-65088e05 elementor-section-boxed elementor-section-height-default elementor-section-height-default\" data-id=\"65088e05\" data-element_type=\"section\" data-e-type=\"section\">\n\t\t\t\t\t\t<div class=\"elementor-container elementor-column-gap-default\">\n\t\t\t\t\t<div class=\"elementor-column elementor-col-100 elementor-top-column elementor-element elementor-element-344a6702\" data-id=\"344a6702\" data-element_type=\"column\" data-e-type=\"column\">\n\t\t\t<div class=\"elementor-widget-wrap elementor-element-populated\">\n\t\t\t\t\t\t<div class=\"elementor-element elementor-element-036466f elementor-widget elementor-widget-shortcode\" data-id=\"036466f\" data-element_type=\"widget\" data-e-type=\"widget\" data-widget_type=\"shortcode.default\">\n\t\t\t\t<div class=\"elementor-widget-container\">\n\t\t\t\t\t\t\t<div class=\"elementor-shortcode\"><nav aria-label=\"pan rallado\">\n            <div class=\"breadcrumb-container theme1\">\n                <ol>\n                                    <\/ol>\n            <\/div>\n        <\/nav>    <script type=\"application\/ld+json\">\n        {\n            \"@context\": \"http:\/\/schema.org\",\n            \"@type\": \"BreadcrumbList\",\n            \"itemListElement\": [\n                            ]\n        }\n    <\/script>\n   \n    <script>\n            <\/script>\n<\/div>\n\t\t\t\t\t\t<\/div>\n\t\t\t\t<\/div>\n\t\t\t\t<div class=\"elementor-element elementor-element-6d44219e elementor-widget elementor-widget-heading\" data-id=\"6d44219e\" data-element_type=\"widget\" data-e-type=\"widget\" data-widget_type=\"heading.default\">\n\t\t\t\t<div class=\"elementor-widget-container\">\n\t\t\t\t\t<h1 class=\"elementor-heading-title elementor-size-default\">Informaci\u00f3n jur\u00eddica<\/h1>\t\t\t\t<\/div>\n\t\t\t\t<\/div>\n\t\t\t\t\t<\/div>\n\t\t<\/div>\n\t\t\t\t\t<\/div>\n\t\t<\/section>\n\t\t\t\t<section class=\"elementor-section elementor-top-section elementor-element elementor-element-c8573c3 elementor-section-boxed elementor-section-height-default elementor-section-height-default\" data-id=\"c8573c3\" data-element_type=\"section\" data-e-type=\"section\">\n\t\t\t\t\t\t<div class=\"elementor-container elementor-column-gap-default\">\n\t\t\t\t\t<div class=\"elementor-column elementor-col-100 elementor-top-column elementor-element elementor-element-3ae0696\" data-id=\"3ae0696\" data-element_type=\"column\" data-e-type=\"column\">\n\t\t\t<div class=\"elementor-widget-wrap elementor-element-populated\">\n\t\t\t\t\t\t<div class=\"elementor-element elementor-element-e3cfce5 elementor-widget elementor-widget-text-editor\" data-id=\"e3cfce5\" data-element_type=\"widget\" data-e-type=\"widget\" data-widget_type=\"text-editor.default\">\n\t\t\t\t<div class=\"elementor-widget-container\">\n\t\t\t\t\t\t\t\t\t<p><strong>Confidencialidad de sus datos personales<\/strong><\/p><p>Class-eDriver se compromete a respetar la confidencialidad de los datos personales que pueda comunicar el usuario en el sitio. <a href=\"https:\/\/www.vtc-limousine.fr\/es\/\">https:\/\/www.vtc-limousine.fr<\/a>\u00a0y tratarlos de conformidad con el Reglamento UE 2016\/679 del Parlamento Europeo y del Consejo, de 27 de abril de 2016, relativo a la protecci\u00f3n de las personas f\u00edsicas en lo que respecta al tratamiento de datos personales y a la libre circulaci\u00f3n de estos datos (RGPD).<\/p><p>Cuando visite nuestro sitio, es posible que le pidamos informaci\u00f3n a trav\u00e9s de nuestro formulario de contacto. La finalidad de esta informaci\u00f3n es identificar al cliente y registrar su solicitud para que podamos hacer un seguimiento de las ventas.<\/p><p>Se destinan exclusivamente a Class-eDriver con fines de tratamiento, an\u00e1lisis, comunicaciones institucionales y, si est\u00e1 de acuerdo, propuestas comerciales.\u00a0<\/p><p>De conformidad con el RGPD, con una simple prueba de su identidad, tiene derecho de acceso, rectificaci\u00f3n, portabilidad, supresi\u00f3n o limitaci\u00f3n del tratamiento. Para ello, debe enviarnos una carta a la siguiente direcci\u00f3n: Class-eDriver, 485 Chemin de la commanderie St-Jean, 13100 AIX EN PROVENCE, FRANCIA.<\/p><p>Los datos se conservan durante 13 meses.<\/p><p><strong>Ley de protecci\u00f3n de datos<\/strong><\/p><p>De conformidad con las disposiciones de la Ley francesa de protecci\u00f3n de datos modificada de 6 de enero de 1978, el usuario del sitio dispone de un derecho de acceso, modificaci\u00f3n y supresi\u00f3n de los datos que le conciernen enviando una carta a : Class-eDriver, 485 Chemin de la commanderie St-Jean, 13100 AIX EN PROVENCE.<\/p><p><strong>Copyright<\/strong><\/p><p>Este sitio est\u00e1 protegido por derechos de propiedad intelectual, en particular dise\u00f1os y modelos, marcas, nombres de dominio, patentes, know-how, software y bases de datos. Class e-Driver y\/o sus socios siguen siendo los propietarios de todos estos contenidos y derechos asociados.<\/p><p>Quedan reservados todos los derechos de reproducci\u00f3n, incluidos los documentos iconogr\u00e1ficos y fotogr\u00e1ficos.<\/p><p>Los enlaces a otros sitios web que no pertenecen a Class-eDriver se proporcionan \u00fanicamente por comodidad.<\/p><p>Los logotipos y marcas comerciales mencionados pertenecen a sus respectivos propietarios.<\/p><p><strong>Informaci\u00f3n jur\u00eddica<\/strong><\/p><p>El sitio web www.vtc-limousine.fr est\u00e1 publicado por Class-eDriver.<\/p><p>Domicilio social: Class-eDriver, 485 Chemin de la commanderie St-Jean, 13100 AIX EN PROVENCE, FRANCIA<\/p><p>Director de la publicaci\u00f3n: Sr. Christian SAAL<\/p><p>Anfitri\u00f3n : PYMAC, 11 rue Louise Colet, 13 090 Aix en Provence, Francia<\/p>\t\t\t\t\t\t\t\t<\/div>\n\t\t\t\t<\/div>\n\t\t\t\t\t<\/div>\n\t\t<\/div>\n\t\t\t\t\t<\/div>\n\t\t<\/section>\n\t\t\t\t<\/div>","protected":false},"excerpt":{"rendered":"<p>Confidencialidad de sus datos personales Class-eDriver se compromete a respetar la confidencialidad de los datos personales que pueda comunicar el usuario en el sitio web https:\/\/www.vtc-limousine.fr y a tratarlos de conformidad con el Reglamento UE 2016\/679 del Parlamento Europeo y del Consejo, de 27 de abril de 2016, relativo a la protecci\u00f3n de las personas f\u00edsicas en lo que respecta al tratamiento de [...].<\/p>","protected":false},"author":1,"featured_media":11592,"parent":0,"menu_order":0,"comment_status":"closed","ping_status":"closed","template":"","meta":{"footnotes":""},"class_list":["post-14906","page","type-page","status-publish","has-post-thumbnail","hentry"],"_links":{"self":[{"href":"https:\/\/www.vtc-limousine.fr\/es\/wp-json\/wp\/v2\/pages\/14906","targetHints":{"allow":["GET"]}}],"collection":[{"href":"https:\/\/www.vtc-limousine.fr\/es\/wp-json\/wp\/v2\/pages"}],"about":[{"href":"https:\/\/www.vtc-limousine.fr\/es\/wp-json\/wp\/v2\/types\/page"}],"author":[{"embeddable":true,"href":"https:\/\/www.vtc-limousine.fr\/es\/wp-json\/wp\/v2\/users\/1"}],"replies":[{"embeddable":true,"href":"https:\/\/www.vtc-limousine.fr\/es\/wp-json\/wp\/v2\/comments?post=14906"}],"version-history":[{"count":10,"href":"https:\/\/www.vtc-limousine.fr\/es\/wp-json\/wp\/v2\/pages\/14906\/revisions"}],"predecessor-version":[{"id":18457,"href":"https:\/\/www.vtc-limousine.fr\/es\/wp-json\/wp\/v2\/pages\/14906\/revisions\/18457"}],"wp:featuredmedia":[{"embeddable":true,"href":"https:\/\/www.vtc-limousine.fr\/es\/wp-json\/wp\/v2\/media\/11592"}],"wp:attachment":[{"href":"https:\/\/www.vtc-limousine.fr\/es\/wp-json\/wp\/v2\/media?parent=14906"}],"curies":[{"name":"wp","href":"https:\/\/api.w.org\/{rel}","templated":true}]}}