{"id":13289,"date":"2022-02-18T09:38:16","date_gmt":"2022-02-18T09:38:16","guid":{"rendered":"https:\/\/www.vtc-limousine.fr\/?page_id=13289"},"modified":"2026-02-05T16:09:42","modified_gmt":"2026-02-05T16:09:42","slug":"tour-prive-provence","status":"publish","type":"page","link":"https:\/\/www.vtc-limousine.fr\/es\/tour-prive-provence\/","title":{"rendered":"Tour Priv\u00e9 Provence"},"content":{"rendered":"<div data-elementor-type=\"wp-page\" data-elementor-id=\"13289\" class=\"elementor elementor-13289\" data-elementor-post-type=\"page\">\n\t\t\t\t\t\t<section class=\"elementor-section elementor-top-section elementor-element elementor-element-5e739282 elementor-section-full_width elementor-section-height-min-height elementor-section-height-default elementor-section-items-middle\" data-id=\"5e739282\" data-element_type=\"section\" data-e-type=\"section\" data-settings=\"{&quot;background_background&quot;:&quot;classic&quot;}\">\n\t\t\t\t\t\t\t<div class=\"elementor-background-overlay\"><\/div>\n\t\t\t\t\t\t\t<div class=\"elementor-container elementor-column-gap-default\">\n\t\t\t\t\t<div class=\"elementor-column elementor-col-100 elementor-top-column elementor-element elementor-element-1faf7528\" data-id=\"1faf7528\" data-element_type=\"column\" data-e-type=\"column\">\n\t\t\t<div class=\"elementor-widget-wrap\">\n\t\t\t\t\t\t\t<\/div>\n\t\t<\/div>\n\t\t\t\t\t<\/div>\n\t\t<\/section>\n\t\t\t\t<section class=\"elementor-section elementor-top-section elementor-element elementor-element-65088e05 elementor-section-boxed elementor-section-height-default elementor-section-height-default\" data-id=\"65088e05\" data-element_type=\"section\" data-e-type=\"section\">\n\t\t\t\t\t\t<div class=\"elementor-container elementor-column-gap-default\">\n\t\t\t\t\t<div class=\"elementor-column elementor-col-100 elementor-top-column elementor-element elementor-element-344a6702\" data-id=\"344a6702\" data-element_type=\"column\" data-e-type=\"column\">\n\t\t\t<div class=\"elementor-widget-wrap elementor-element-populated\">\n\t\t\t\t\t\t<div class=\"elementor-element elementor-element-036466f elementor-widget elementor-widget-shortcode\" data-id=\"036466f\" data-element_type=\"widget\" data-e-type=\"widget\" data-widget_type=\"shortcode.default\">\n\t\t\t\t<div class=\"elementor-widget-container\">\n\t\t\t\t\t\t\t<div class=\"elementor-shortcode\"><nav aria-label=\"pan rallado\">\n            <div class=\"breadcrumb-container theme1\">\n                <ol>\n                                    <\/ol>\n            <\/div>\n        <\/nav>    <script type=\"application\/ld+json\">\n        {\n            \"@context\": \"http:\/\/schema.org\",\n            \"@type\": \"BreadcrumbList\",\n            \"itemListElement\": [\n                            ]\n        }\n    <\/script>\n   \n    <script>\n            <\/script>\n<\/div>\n\t\t\t\t\t\t<\/div>\n\t\t\t\t<\/div>\n\t\t\t\t<div class=\"elementor-element elementor-element-6d44219e elementor-widget elementor-widget-heading\" data-id=\"6d44219e\" data-element_type=\"widget\" data-e-type=\"widget\" data-widget_type=\"heading.default\">\n\t\t\t\t<div class=\"elementor-widget-container\">\n\t\t\t\t\t<h1 class=\"elementor-heading-title elementor-size-default\">Tour Priv\u00e9 Provence<\/h1>\t\t\t\t<\/div>\n\t\t\t\t<\/div>\n\t\t\t\t<div class=\"elementor-element elementor-element-2cda9272 elementor-widget elementor-widget-heading\" data-id=\"2cda9272\" data-element_type=\"widget\" data-e-type=\"widget\" data-widget_type=\"heading.default\">\n\t\t\t\t<div class=\"elementor-widget-container\">\n\t\t\t\t\t<h2 class=\"elementor-heading-title elementor-size-default\">Berl\u00edn-MiniVan-MiniBus 1 a 19 Pax para un Tour Privado por la Provenza<\/h2>\t\t\t\t<\/div>\n\t\t\t\t<\/div>\n\t\t\t\t\t<\/div>\n\t\t<\/div>\n\t\t\t\t\t<\/div>\n\t\t<\/section>\n\t\t\t\t<section class=\"elementor-section elementor-top-section elementor-element elementor-element-c8573c3 elementor-section-boxed elementor-section-height-default elementor-section-height-default\" data-id=\"c8573c3\" data-element_type=\"section\" data-e-type=\"section\">\n\t\t\t\t\t\t<div class=\"elementor-container elementor-column-gap-default\">\n\t\t\t\t\t<div class=\"elementor-column elementor-col-100 elementor-top-column elementor-element elementor-element-3ae0696\" data-id=\"3ae0696\" data-element_type=\"column\" data-e-type=\"column\">\n\t\t\t<div class=\"elementor-widget-wrap\">\n\t\t\t\t\t\t\t<\/div>\n\t\t<\/div>\n\t\t\t\t\t<\/div>\n\t\t<\/section>\n\t\t\t\t<section class=\"elementor-section elementor-top-section elementor-element elementor-element-9158890 elementor-section-boxed elementor-section-height-default elementor-section-height-default\" data-id=\"9158890\" data-element_type=\"section\" data-e-type=\"section\">\n\t\t\t\t\t\t<div class=\"elementor-container elementor-column-gap-default\">\n\t\t\t\t\t<div class=\"elementor-column elementor-col-25 elementor-top-column elementor-element elementor-element-96942dc blocText\" data-id=\"96942dc\" data-element_type=\"column\" data-e-type=\"column\" data-settings=\"{&quot;background_background&quot;:&quot;classic&quot;}\">\n\t\t\t<div class=\"elementor-widget-wrap elementor-element-populated\">\n\t\t\t\t\t<div class=\"elementor-background-overlay\"><\/div>\n\t\t\t\t\t\t<div class=\"elementor-element elementor-element-bb29471 elementor-widget elementor-widget-heading\" data-id=\"bb29471\" data-element_type=\"widget\" data-e-type=\"widget\" data-widget_type=\"heading.default\">\n\t\t\t\t<div class=\"elementor-widget-container\">\n\t\t\t\t\t<p class=\"elementor-heading-title elementor-size-default\"><a href=\"\/es\/excursion-a-la-lavanda-de-provenza\/\">Tour de la lavanda de Provenza<\/a><\/p>\t\t\t\t<\/div>\n\t\t\t\t<\/div>\n\t\t\t\t\t<\/div>\n\t\t<\/div>\n\t\t\t\t<div class=\"elementor-column elementor-col-25 elementor-top-column elementor-element elementor-element-f6684ee blocText\" data-id=\"f6684ee\" data-element_type=\"column\" data-e-type=\"column\" data-settings=\"{&quot;background_background&quot;:&quot;classic&quot;}\">\n\t\t\t<div class=\"elementor-widget-wrap elementor-element-populated\">\n\t\t\t\t\t<div class=\"elementor-background-overlay\"><\/div>\n\t\t\t\t\t\t<div class=\"elementor-element elementor-element-cf8fdd2 elementor-widget elementor-widget-heading\" data-id=\"cf8fdd2\" data-element_type=\"widget\" data-e-type=\"widget\" data-widget_type=\"heading.default\">\n\t\t\t\t<div class=\"elementor-widget-container\">\n\t\t\t\t\t<p class=\"elementor-heading-title elementor-size-default\"><a href=\"\/es\/ruta-del-vino-de-provenza\/\">Ruta del Vino de Provenza<\/a><\/p>\t\t\t\t<\/div>\n\t\t\t\t<\/div>\n\t\t\t\t\t<\/div>\n\t\t<\/div>\n\t\t\t\t<div class=\"elementor-column elementor-col-25 elementor-top-column elementor-element elementor-element-4a71dbf blocText\" data-id=\"4a71dbf\" data-element_type=\"column\" data-e-type=\"column\" data-settings=\"{&quot;background_background&quot;:&quot;classic&quot;}\">\n\t\t\t<div class=\"elementor-widget-wrap elementor-element-populated\">\n\t\t\t\t\t<div class=\"elementor-background-overlay\"><\/div>\n\t\t\t\t\t\t<div class=\"elementor-element elementor-element-a9f32c2 elementor-widget elementor-widget-heading\" data-id=\"a9f32c2\" data-element_type=\"widget\" data-e-type=\"widget\" data-widget_type=\"heading.default\">\n\t\t\t\t<div class=\"elementor-widget-container\">\n\t\t\t\t\t<p class=\"elementor-heading-title elementor-size-default\"><a href=\"\/es\/excursiones-marsella-en-provence\/\">Excursiones Marsella en Provenza<\/a><\/p>\t\t\t\t<\/div>\n\t\t\t\t<\/div>\n\t\t\t\t\t<\/div>\n\t\t<\/div>\n\t\t\t\t<div class=\"elementor-column elementor-col-25 elementor-top-column elementor-element elementor-element-556d0da blocText\" data-id=\"556d0da\" data-element_type=\"column\" data-e-type=\"column\" data-settings=\"{&quot;background_background&quot;:&quot;classic&quot;}\">\n\t\t\t<div class=\"elementor-widget-wrap elementor-element-populated\">\n\t\t\t\t\t<div class=\"elementor-background-overlay\"><\/div>\n\t\t\t\t\t\t<div class=\"elementor-element elementor-element-177317a elementor-widget elementor-widget-heading\" data-id=\"177317a\" data-element_type=\"widget\" data-e-type=\"widget\" data-widget_type=\"heading.default\">\n\t\t\t\t<div class=\"elementor-widget-container\">\n\t\t\t\t\t<p class=\"elementor-heading-title elementor-size-default\"><a href=\"\/es\/tour-prive-provence\/visita-privada-a-los-campos-de-lavanda-de-valensole\/\">Visita privada a los campos de lavanda de Valensole<\/a><\/p>\t\t\t\t<\/div>\n\t\t\t\t<\/div>\n\t\t\t\t\t<\/div>\n\t\t<\/div>\n\t\t\t\t\t<\/div>\n\t\t<\/section>\n\t\t\t\t<section class=\"elementor-section elementor-top-section elementor-element elementor-element-90ebdb8 elementor-section-boxed elementor-section-height-default elementor-section-height-default\" data-id=\"90ebdb8\" data-element_type=\"section\" data-e-type=\"section\">\n\t\t\t\t\t\t<div class=\"elementor-container elementor-column-gap-default\">\n\t\t\t\t\t<div class=\"elementor-column elementor-col-100 elementor-top-column elementor-element elementor-element-643567c\" data-id=\"643567c\" data-element_type=\"column\" data-e-type=\"column\">\n\t\t\t<div class=\"elementor-widget-wrap elementor-element-populated\">\n\t\t\t\t\t\t<div class=\"elementor-element elementor-element-1ecdc66 elementor-widget elementor-widget-spacer\" data-id=\"1ecdc66\" data-element_type=\"widget\" data-e-type=\"widget\" data-widget_type=\"spacer.default\">\n\t\t\t\t<div class=\"elementor-widget-container\">\n\t\t\t\t\t\t\t<div class=\"elementor-spacer\">\n\t\t\t<div class=\"elementor-spacer-inner\"><\/div>\n\t\t<\/div>\n\t\t\t\t\t\t<\/div>\n\t\t\t\t<\/div>\n\t\t\t\t<div class=\"elementor-element elementor-element-26455ba elementor-widget elementor-widget-text-editor\" data-id=\"26455ba\" data-element_type=\"widget\" data-e-type=\"widget\" data-widget_type=\"text-editor.default\">\n\t\t\t\t<div class=\"elementor-widget-container\">\n\t\t\t\t\t\t\t\t\t<p class=\"\" data-start=\"0\" data-end=\"607\">Descubra la Provenza de otra manera con nuestro <strong data-start=\"41\" data-end=\"57\">visitas privadas<\/strong> en <a href=\"https:\/\/www.vtc-limousine.fr\/es\/clase-edriver-limusina\/nuestros-vehiculos\/\" target=\"_blank\" rel=\"noopener\">limusina<\/a>Una experiencia \u00fanica y a medida. Si le apasiona la historia, la cultura o los paisajes de esta magn\u00edfica regi\u00f3n, nuestro servicio de ch\u00f3fer privado le permitir\u00e1 visitar los lugares m\u00e1s emblem\u00e1ticos, como los campos de lavanda de Valensole, los pueblos del Luberon o los vi\u00f1edos del valle del R\u00f3dano, en la comodidad de un veh\u00edculo de alta gama. Nuestros experimentados ch\u00f3feres son aut\u00e9nticos conocedores que compartir\u00e1n con usted sus an\u00e9cdotas locales y le guiar\u00e1n por itinerarios personalizados y adaptados a sus deseos.<\/p><p class=\"\" data-start=\"609\" data-end=\"1053\">Le <strong data-start=\"612\" data-end=\"634\">servicio a medida<\/strong> est\u00e1 en el centro de nuestra oferta: cada viaje est\u00e1 dise\u00f1ado para satisfacer sus expectativas espec\u00edficas. Tanto si busca un viaje \u00edntimo como una escapada gastron\u00f3mica o una excursi\u00f3n familiar, nos comprometemos a proporcionarle una experiencia inolvidable. Tambi\u00e9n puede disfrutar de <strong data-start=\"929\" data-end=\"952\">catas de vino<\/strong>visitas guiadas privadas o incluso una comida preparada por chefs locales, seg\u00fan la opci\u00f3n elegida.<\/p><p class=\"\" data-start=\"1055\" data-end=\"1507\">Nuestros veh\u00edculos est\u00e1n totalmente equipados para garantizar un viaje seguro y agradable. Limusinas de lujo, berlinas o minibuses, cada veh\u00edculo es seleccionado por su calidad y confort, con un moderno equipamiento para que su experiencia sea inolvidable. El <strong data-start=\"1334\" data-end=\"1353\">traslado privado<\/strong> desde su hotel, estaci\u00f3n o aeropuerto hasta los lugares tur\u00edsticos tambi\u00e9n est\u00e1 incluido, para simplificarle el viaje y ahorrarle tiempo.<\/p><p class=\"\" data-start=\"1509\" data-end=\"1938\">Gracias a nuestro <strong data-start=\"1523\" data-end=\"1538\">flexibilidad<\/strong>Podemos adaptar cada itinerario a sus deseos. Puede centrarse en una regi\u00f3n concreta o descubrir las ciudades m\u00e1s famosas del mundo. <strong data-start=\"1701\" data-end=\"1727\">Costas mediterr\u00e1neas<\/strong> o explorar pueblos t\u00edpicos provenzales. Nuestros conductores, que hablan varios idiomas, le acompa\u00f1ar\u00e1n durante todo el viaje y le ofrecer\u00e1n explicaciones detalladas de los lugares visitados.<\/p><p class=\"\" data-start=\"0\" data-end=\"494\">Nuestra <strong data-start=\"4\" data-end=\"32\">circuitos privados por la Provenza<\/strong> son la oportunidad perfecta para disfrutar de una experiencia de viaje excepcional, combinando confort, lujo y descubrimiento. Gracias a nuestros ch\u00f3feres profesionales y multiling\u00fces, se beneficiar\u00e1 de un profundo conocimiento local que convertir\u00e1 cada itinerario en una aventura gratificante. Adem\u00e1s, la posibilidad de adaptar el programa a sus necesidades y elegir los lugares que desea visitar le permite crear un itinerario totalmente \u00fanico que se adapte a sus intereses.<\/p><p class=\"\" data-start=\"496\" data-end=\"1051\">Provenza ofrece una gran variedad de <strong data-start=\"536\" data-end=\"561\">lugares de visita obligada<\/strong> para descubrir: desde espectaculares paisajes naturales como el Monte Sainte-Victoire, hasta tesoros hist\u00f3ricos de ciudades como Avi\u00f1\u00f3n y <a href=\"https:\/\/www.aixenprovencetourism.com\/\" target=\"_blank\" rel=\"noopener\">Aix-en-Provence<\/a>. Podr\u00e1 explorar las sinuosas carreteras de la regi\u00f3n, pasando por pintorescos pueblos y fragantes campos de lavanda, o detenerse en finos restaurantes para saborear las especialidades locales. Visite <strong data-start=\"943\" data-end=\"973\">servicio de ch\u00f3fer privado<\/strong> le permite disfrutar de cada momento con total tranquilidad.<\/p><p class=\"\" data-start=\"1053\" data-end=\"1578\">Nuestra <strong data-start=\"1057\" data-end=\"1073\">visitas privadas<\/strong> tambi\u00e9n se adaptan a sus horarios y preferencias, d\u00e1ndole libertad para elegir el ritmo de su visita. Puede optar por una excursi\u00f3n de medio d\u00eda o planificar una estancia m\u00e1s larga para explorar a fondo todas las maravillas de la Provenza. Cada excursi\u00f3n est\u00e1 dise\u00f1ada para maximizar su comodidad, y opciones adicionales como <strong data-start=\"1449\" data-end=\"1473\">paradas personalizadas<\/strong> o se pueden a\u00f1adir visitas privadas a bodegas para mejorar su experiencia.<\/p><p class=\"\" data-start=\"1580\" data-end=\"2030\">Por \u00faltimo, nuestro servicio no se limita a las visitas tur\u00edsticas tradicionales. Tambi\u00e9n ofrecemos <strong data-start=\"1694\" data-end=\"1718\">actividades exclusivas<\/strong>como <strong data-start=\"1735\" data-end=\"1769\">Talleres de cocina provenzal<\/strong>y <strong data-start=\"1775\" data-end=\"1802\">degustaciones de trufas<\/strong> o paseos a caballo por impresionantes paisajes naturales. Son los momentos perfectos para profundizar su inmersi\u00f3n en la cultura provenzal y disfrutar de experiencias inolvidables fuera de los caminos trillados.<\/p><p class=\"\" data-start=\"2032\" data-end=\"2497\">Con nuestro <strong data-start=\"2041\" data-end=\"2070\">viajes privados en limusina<\/strong>La Provenza ya no tendr\u00e1 secretos para usted. Aproveche este viaje excepcional para descubrir esta regi\u00f3n en las mejores condiciones, mientras disfruta de un servicio impecable en cada etapa de su aventura. Tanto si se encuentra en <strong data-start=\"2321\" data-end=\"2342\">viajes de negocios<\/strong>en <strong data-start=\"2347\" data-end=\"2370\">vacaciones en familia<\/strong> o en <strong data-start=\"2377\" data-end=\"2400\">escapada rom\u00e1ntica<\/strong>Nuestro equipo har\u00e1 todo lo posible por satisfacer sus expectativas y hacer que su estancia sea inolvidable.<\/p>\t\t\t\t\t\t\t\t<\/div>\n\t\t\t\t<\/div>\n\t\t\t\t<div class=\"elementor-element elementor-element-8d15b9d elementor-widget-divider--view-line elementor-widget elementor-widget-divider\" data-id=\"8d15b9d\" data-element_type=\"widget\" data-e-type=\"widget\" data-widget_type=\"divider.default\">\n\t\t\t\t<div class=\"elementor-widget-container\">\n\t\t\t\t\t\t\t<div class=\"elementor-divider\">\n\t\t\t<span class=\"elementor-divider-separator\">\n\t\t\t\t\t\t<\/span>\n\t\t<\/div>\n\t\t\t\t\t\t<\/div>\n\t\t\t\t<\/div>\n\t\t\t\t\t<\/div>\n\t\t<\/div>\n\t\t\t\t\t<\/div>\n\t\t<\/section>\n\t\t\t\t<section class=\"elementor-section elementor-top-section elementor-element elementor-element-26c485e elementor-section-boxed elementor-section-height-default elementor-section-height-default\" data-id=\"26c485e\" data-element_type=\"section\" data-e-type=\"section\">\n\t\t\t\t\t\t<div class=\"elementor-container elementor-column-gap-default\">\n\t\t\t\t\t<div class=\"elementor-column elementor-col-100 elementor-top-column elementor-element elementor-element-0b714c6\" data-id=\"0b714c6\" data-element_type=\"column\" data-e-type=\"column\">\n\t\t\t<div class=\"elementor-widget-wrap\">\n\t\t\t\t\t\t\t<\/div>\n\t\t<\/div>\n\t\t\t\t\t<\/div>\n\t\t<\/section>\n\t\t\t\t<\/div>","protected":false},"excerpt":{"rendered":"<p>Limusina-MiniVan-MiniBus 1 a 19 Pax para un Tour Privado de Provenza Tour del Vino de Lavanda de Provenza Excursiones Marsella en Provenza Tour Privado de los Campos de Lavanda de Valensole Descubra la Provenza de una manera diferente con nuestros tours privados en limusina, una experiencia \u00fanica y hecha a medida. Tanto si le apasiona la historia, la cultura o [...]<\/p>","protected":false},"author":1,"featured_media":22439,"parent":0,"menu_order":0,"comment_status":"closed","ping_status":"closed","template":"","meta":{"footnotes":""},"class_list":["post-13289","page","type-page","status-publish","has-post-thumbnail","hentry"],"_links":{"self":[{"href":"https:\/\/www.vtc-limousine.fr\/es\/wp-json\/wp\/v2\/pages\/13289","targetHints":{"allow":["GET"]}}],"collection":[{"href":"https:\/\/www.vtc-limousine.fr\/es\/wp-json\/wp\/v2\/pages"}],"about":[{"href":"https:\/\/www.vtc-limousine.fr\/es\/wp-json\/wp\/v2\/types\/page"}],"author":[{"embeddable":true,"href":"https:\/\/www.vtc-limousine.fr\/es\/wp-json\/wp\/v2\/users\/1"}],"replies":[{"embeddable":true,"href":"https:\/\/www.vtc-limousine.fr\/es\/wp-json\/wp\/v2\/comments?post=13289"}],"version-history":[{"count":44,"href":"https:\/\/www.vtc-limousine.fr\/es\/wp-json\/wp\/v2\/pages\/13289\/revisions"}],"predecessor-version":[{"id":22450,"href":"https:\/\/www.vtc-limousine.fr\/es\/wp-json\/wp\/v2\/pages\/13289\/revisions\/22450"}],"wp:featuredmedia":[{"embeddable":true,"href":"https:\/\/www.vtc-limousine.fr\/es\/wp-json\/wp\/v2\/media\/22439"}],"wp:attachment":[{"href":"https:\/\/www.vtc-limousine.fr\/es\/wp-json\/wp\/v2\/media?parent=13289"}],"curies":[{"name":"wp","href":"https:\/\/api.w.org\/{rel}","templated":true}]}}