{"id":15129,"date":"2022-05-31T13:04:31","date_gmt":"2022-05-31T13:04:31","guid":{"rendered":"https:\/\/www.vtc-limousine.fr\/?page_id=15129"},"modified":"2026-02-05T15:47:17","modified_gmt":"2026-02-05T15:47:17","slug":"fbo-private-aviation","status":"publish","type":"page","link":"https:\/\/www.vtc-limousine.fr\/en\/tailor-made-services\/fbo-private-aviation\/","title":{"rendered":"FBO private aviation"},"content":{"rendered":"<div data-elementor-type=\"wp-page\" data-elementor-id=\"15129\" class=\"elementor elementor-15129\" data-elementor-post-type=\"page\">\n\t\t\t\t\t\t<section class=\"elementor-section elementor-top-section elementor-element elementor-element-5e739282 elementor-section-full_width elementor-section-height-min-height elementor-section-height-default elementor-section-items-middle\" data-id=\"5e739282\" data-element_type=\"section\" data-e-type=\"section\" data-settings=\"{&quot;background_background&quot;:&quot;classic&quot;}\">\n\t\t\t\t\t\t\t<div class=\"elementor-background-overlay\"><\/div>\n\t\t\t\t\t\t\t<div class=\"elementor-container elementor-column-gap-default\">\n\t\t\t\t\t<div class=\"elementor-column elementor-col-100 elementor-top-column elementor-element elementor-element-1faf7528\" data-id=\"1faf7528\" data-element_type=\"column\" data-e-type=\"column\">\n\t\t\t<div class=\"elementor-widget-wrap\">\n\t\t\t\t\t\t\t<\/div>\n\t\t<\/div>\n\t\t\t\t\t<\/div>\n\t\t<\/section>\n\t\t\t\t<section class=\"elementor-section elementor-top-section elementor-element elementor-element-65088e05 elementor-section-boxed elementor-section-height-default elementor-section-height-default\" data-id=\"65088e05\" data-element_type=\"section\" data-e-type=\"section\">\n\t\t\t\t\t\t<div class=\"elementor-container elementor-column-gap-default\">\n\t\t\t\t\t<div class=\"elementor-column elementor-col-100 elementor-top-column elementor-element elementor-element-344a6702\" data-id=\"344a6702\" data-element_type=\"column\" data-e-type=\"column\">\n\t\t\t<div class=\"elementor-widget-wrap elementor-element-populated\">\n\t\t\t\t\t\t<div class=\"elementor-element elementor-element-ace25cd elementor-widget elementor-widget-shortcode\" data-id=\"ace25cd\" data-element_type=\"widget\" data-e-type=\"widget\" data-widget_type=\"shortcode.default\">\n\t\t\t\t<div class=\"elementor-widget-container\">\n\t\t\t\t\t\t\t<div class=\"elementor-shortcode\"><nav aria-label=\"breadcrumbs\">\n            <div class=\"breadcrumb-container theme1\">\n                <ol>\n                                    <\/ol>\n            <\/div>\n        <\/nav>    <script type=\"application\/ld+json\">\n        {\n            \"@context\": \"http:\/\/schema.org\",\n            \"@type\": \"BreadcrumbList\",\n            \"itemListElement\": [\n                            ]\n        }\n    <\/script>\n   \n    <script>\n            <\/script>\n<\/div>\n\t\t\t\t\t\t<\/div>\n\t\t\t\t<\/div>\n\t\t\t\t<div class=\"elementor-element elementor-element-6d44219e elementor-widget elementor-widget-heading\" data-id=\"6d44219e\" data-element_type=\"widget\" data-e-type=\"widget\" data-widget_type=\"heading.default\">\n\t\t\t\t<div class=\"elementor-widget-container\">\n\t\t\t\t\t<h1 class=\"elementor-heading-title elementor-size-default\">FBO private aviation<\/h1>\t\t\t\t<\/div>\n\t\t\t\t<\/div>\n\t\t\t\t<div class=\"elementor-element elementor-element-2cda9272 elementor-widget elementor-widget-heading\" data-id=\"2cda9272\" data-element_type=\"widget\" data-e-type=\"widget\" data-widget_type=\"heading.default\">\n\t\t\t\t<div class=\"elementor-widget-container\">\n\t\t\t\t\t<h2 class=\"elementor-heading-title elementor-size-default\">FBO Private Aviation Chauffeured Car Services<\/h2>\t\t\t\t<\/div>\n\t\t\t\t<\/div>\n\t\t\t\t<div class=\"elementor-element elementor-element-e3cfce5 elementor-widget elementor-widget-text-editor\" data-id=\"e3cfce5\" data-element_type=\"widget\" data-e-type=\"widget\" data-widget_type=\"text-editor.default\">\n\t\t\t\t<div class=\"elementor-widget-container\">\n\t\t\t\t\t\t\t\t\t<h2 class=\"vc_custom_heading\" style=\"text-align: center;\">Our drivers operate in all FBOs in south-eastern France\u00a0<\/h2><p class=\"vc_custom_heading vc_custom_1595948988139\" style=\"text-align: center;\">Aix en Provence-Marseille-Avignon-Montpellier-<a href=\"https:\/\/www.aeroportducastellet.com\/fr\/\" target=\"_blank\" rel=\"noopener\">Circuit Paul Ricard<\/a> -St Tropez-Cannes-Monaco<\/p>\t\t\t\t\t\t\t\t<\/div>\n\t\t\t\t<\/div>\n\t\t\t\t\t<\/div>\n\t\t<\/div>\n\t\t\t\t\t<\/div>\n\t\t<\/section>\n\t\t\t\t<section class=\"elementor-section elementor-top-section elementor-element elementor-element-c8573c3 elementor-section-boxed elementor-section-height-default elementor-section-height-default\" data-id=\"c8573c3\" data-element_type=\"section\" data-e-type=\"section\">\n\t\t\t\t\t\t<div class=\"elementor-container elementor-column-gap-default\">\n\t\t\t\t\t<div class=\"elementor-column elementor-col-100 elementor-top-column elementor-element elementor-element-3ae0696\" data-id=\"3ae0696\" data-element_type=\"column\" data-e-type=\"column\">\n\t\t\t<div class=\"elementor-widget-wrap elementor-element-populated\">\n\t\t\t\t\t\t<div class=\"elementor-element elementor-element-c39f85c elementor-widget elementor-widget-heading\" data-id=\"c39f85c\" data-element_type=\"widget\" data-e-type=\"widget\" data-widget_type=\"heading.default\">\n\t\t\t\t<div class=\"elementor-widget-container\">\n\t\t\t\t\t<h3 class=\"elementor-heading-title elementor-size-default\">CAR HIRE WITH DRIVER BY AIRPORT<\/h3>\t\t\t\t<\/div>\n\t\t\t\t<\/div>\n\t\t\t\t\t<\/div>\n\t\t<\/div>\n\t\t\t\t\t<\/div>\n\t\t<\/section>\n\t\t\t\t<section class=\"elementor-section elementor-top-section elementor-element elementor-element-3377080 elementor-section-boxed elementor-section-height-default elementor-section-height-default\" data-id=\"3377080\" data-element_type=\"section\" data-e-type=\"section\">\n\t\t\t\t\t\t<div class=\"elementor-container elementor-column-gap-default\">\n\t\t\t\t\t<div class=\"elementor-column elementor-col-50 elementor-top-column elementor-element elementor-element-0ad7766\" data-id=\"0ad7766\" data-element_type=\"column\" data-e-type=\"column\">\n\t\t\t<div class=\"elementor-widget-wrap elementor-element-populated\">\n\t\t\t\t\t\t<div class=\"elementor-element elementor-element-d51916b elementor-widget elementor-widget-text-editor\" data-id=\"d51916b\" data-element_type=\"widget\" data-e-type=\"widget\" data-widget_type=\"text-editor.default\">\n\t\t\t\t<div class=\"elementor-widget-container\">\n\t\t\t\t\t\t\t\t\t<h2><span lang=\"EN-GB\">Limousine service for private jets<\/span><\/h2><p><span>We provide luxury chauffeur driven transfers and services to and from all private air terminals (FBOs) in the South of France including Monaco Heliport.<\/span><\/p><p><span>Our chauffeurs are experienced professionals who are always ready to take you straight to the plane whenever possible. For your safety, comfort and style, choose from the best Mercedes-Benz and Tesla vehicles.\u00a0<br \/><br \/>Renowned for our high-quality services, our team is proud to offer a chauffeur service that exceeds our customers' expectations.<br \/><\/span><\/p>\t\t\t\t\t\t\t\t<\/div>\n\t\t\t\t<\/div>\n\t\t\t\t<div class=\"elementor-element elementor-element-e71fc79 elementor-widget elementor-widget-text-editor\" data-id=\"e71fc79\" data-element_type=\"widget\" data-e-type=\"widget\" data-widget_type=\"text-editor.default\">\n\t\t\t\t<div class=\"elementor-widget-container\">\n\t\t\t\t\t\t\t\t\t<p><a class=\"row-title\" href=\"https:\/\/www.vtc-limousine.fr\/en\/private-airport-transfer\/chauffeur-service-marseille-provence-airport-mrs\/\" aria-label=\"&quot;Chauffeur Priv\u00e9 FBO A\u00e9roport Marseille Provence (MRS) &quot; (Modify)\">Marseille Provence Airport\/ MRS <\/a><br \/><a class=\"row-title\" href=\"https:\/\/www.vtc-limousine.fr\/en\/private-airport-transfer\/private-chauffeur-fbo-le-castellet-airport-lfmq\/\" aria-label=\"&quot;Chauffeur Priv\u00e9 FBO A\u00e9roport Marseille Provence (MRS) &quot; (Modify)\">Castellet\/LFMQ International Airport<\/a><br \/><a href=\"https:\/\/www.vtc-limousine.fr\/en\/private-airport-transfer\/chauffeured-car-service-aix-en-provence-airport-lfma\/\" target=\"_blank\" rel=\"noopener\"><span class=\"limoking-page-caption\">Aix les Milles aerodrome (LFMA)<\/span><\/a><br \/><a class=\"row-title\" href=\"https:\/\/www.vtc-limousine.fr\/en\/private-airport-transfer\/chauffeured-car-service-airport-avignon-provence-avn\/\" aria-label=\"&quot;Chauffeur Priv\u00e9 FBO A\u00e9roport Marseille Provence (MRS) &quot; (Modify)\">Avignon Provence\/AVN Airport<\/a><br \/><a class=\"row-title\" href=\"https:\/\/www.vtc-limousine.fr\/en\/private-airport-transfer\/executive-driver-fbo-airport-mandelieu\/\" aria-label=\"&quot;Chauffeur Priv\u00e9 FBO A\u00e9roport Marseille Provence (MRS) &quot; (Modify)\">Mandelieu Provence Airport\/LFMD<\/a><br \/><a href=\"https:\/\/www.vtc-limousine.fr\/en\/private-airport-transfer\/chauffeured-car-service-nice-cote-dazur-airport-nce\/\">Nice C\u00f4te d'Azur Airport\/NCE<\/a><\/p>\t\t\t\t\t\t\t\t<\/div>\n\t\t\t\t<\/div>\n\t\t\t\t\t<\/div>\n\t\t<\/div>\n\t\t\t\t<div class=\"elementor-column elementor-col-50 elementor-top-column elementor-element elementor-element-b9be496\" data-id=\"b9be496\" data-element_type=\"column\" data-e-type=\"column\">\n\t\t\t<div class=\"elementor-widget-wrap elementor-element-populated\">\n\t\t\t\t\t\t<div class=\"elementor-element elementor-element-ec99469 elementor-arrows-position-inside elementor-pagination-position-outside elementor-widget elementor-widget-image-carousel\" data-id=\"ec99469\" data-element_type=\"widget\" data-e-type=\"widget\" data-settings=\"{&quot;slides_to_show&quot;:&quot;1&quot;,&quot;navigation&quot;:&quot;both&quot;,&quot;autoplay&quot;:&quot;yes&quot;,&quot;pause_on_hover&quot;:&quot;yes&quot;,&quot;pause_on_interaction&quot;:&quot;yes&quot;,&quot;autoplay_speed&quot;:5000,&quot;infinite&quot;:&quot;yes&quot;,&quot;effect&quot;:&quot;slide&quot;,&quot;speed&quot;:500}\" data-widget_type=\"image-carousel.default\">\n\t\t\t\t<div class=\"elementor-widget-container\">\n\t\t\t\t\t\t\t<div class=\"elementor-image-carousel-wrapper swiper\" role=\"region\" aria-roledescription=\"carousel\" aria-label=\"\u56fe\u50cf\u8f6e\u64ad\" dir=\"ltr\">\n\t\t\t<div class=\"elementor-image-carousel swiper-wrapper\" aria-live=\"off\">\n\t\t\t\t\t\t\t\t<div class=\"swiper-slide\" role=\"group\" aria-roledescription=\"slide\" aria-label=\"7 \u7684 1\" data-no-translation-aria-label=\"\"><figure class=\"swiper-slide-inner\"><img decoding=\"async\" class=\"swiper-slide-image\" src=\"https:\/\/www.vtc-limousine.fr\/wp-content\/uploads\/elementor\/thumbs\/IMG_8035-scaled-qfq84ioujddyic3lxa8pjkurqmd0l4eboldk7593yc.jpg\" alt=\"FBO service driver\" \/><\/figure><\/div><div class=\"swiper-slide\" role=\"group\" aria-roledescription=\"slide\" aria-label=\"7 \u7684 2\" data-no-translation-aria-label=\"\"><figure class=\"swiper-slide-inner\"><img decoding=\"async\" class=\"swiper-slide-image\" src=\"https:\/\/www.vtc-limousine.fr\/wp-content\/uploads\/elementor\/thumbs\/New-MB-S-Class-jpg-qfq8b5furagsfagt75fy4wlumho8w8q59f2w3ff41w.jpg\" alt=\"MB S Class J\" \/><\/figure><\/div><div class=\"swiper-slide\" role=\"group\" aria-roledescription=\"slide\" aria-label=\"7 \u7684 3\" data-no-translation-aria-label=\"\"><figure class=\"swiper-slide-inner\"><img decoding=\"async\" class=\"swiper-slide-image\" src=\"https:\/\/www.vtc-limousine.fr\/wp-content\/uploads\/elementor\/thumbs\/0-1-1-qfq8daimbpeavbcup2rctd5nc34cff84w0kpg48tvo.jpeg\" alt=\"Chauffered Car Service FBO Avignon\" \/><\/figure><\/div><div class=\"swiper-slide\" role=\"group\" aria-roledescription=\"slide\" aria-label=\"7 \u7684 4\" data-no-translation-aria-label=\"\"><figure class=\"swiper-slide-inner\"><img decoding=\"async\" class=\"swiper-slide-image\" src=\"https:\/\/www.vtc-limousine.fr\/wp-content\/uploads\/elementor\/thumbs\/MB-V-Aviation-Generale-MRS-1-qfq8cz8k1oyuzzt8ixvtzg047gnxv1zcugqvospjyc.jpg\" alt=\"Chauffeur Service FBO Marseille\" \/><\/figure><\/div><div class=\"swiper-slide\" role=\"group\" aria-roledescription=\"slide\" aria-label=\"7 \u7684 5\" data-no-translation-aria-label=\"\"><figure class=\"swiper-slide-inner\"><img decoding=\"async\" class=\"swiper-slide-image\" src=\"https:\/\/www.vtc-limousine.fr\/wp-content\/uploads\/elementor\/thumbs\/IMG_5766-scaled-1-qfq8d3xqzv5am1merhwytwtf6e0rxji0j40b36il38.jpeg\" alt=\"Private Chauffeur Cannes Mandelieu Airport\" \/><\/figure><\/div><div class=\"swiper-slide\" role=\"group\" aria-roledescription=\"slide\" aria-label=\"7 \u7684 6\" data-no-translation-aria-label=\"\"><figure class=\"swiper-slide-inner\"><img decoding=\"async\" class=\"swiper-slide-image\" src=\"https:\/\/www.vtc-limousine.fr\/wp-content\/uploads\/elementor\/thumbs\/IMG_9798-qfq8ba51pgn81c9zfph2zdf5lf12yq8sy2cbht856s.jpg\" alt=\"Private Chauffeur Aeroport Le Castellet\" \/><\/figure><\/div><div class=\"swiper-slide\" role=\"group\" aria-roledescription=\"slide\" aria-label=\"7 \u7684 7\" data-no-translation-aria-label=\"\"><figure class=\"swiper-slide-inner\"><img decoding=\"async\" class=\"swiper-slide-image\" src=\"https:\/\/www.vtc-limousine.fr\/wp-content\/uploads\/elementor\/thumbs\/0-4-copie-1-qfq8d222m72pytp52h3poxahzma1i5ajuupc4mldfo.jpeg\" alt=\"Car hire with driver Avignon\" \/><\/figure><\/div>\t\t\t<\/div>\n\t\t\t\t\t\t\t\t\t\t\t\t<div class=\"elementor-swiper-button elementor-swiper-button-prev\" role=\"button\" tabindex=\"0\">\n\t\t\t\t\t\t<i aria-hidden=\"true\" class=\"eicon-chevron-left\"><\/i>\t\t\t\t\t<\/div>\n\t\t\t\t\t<div class=\"elementor-swiper-button elementor-swiper-button-next\" role=\"button\" tabindex=\"0\">\n\t\t\t\t\t\t<i aria-hidden=\"true\" class=\"eicon-chevron-right\"><\/i>\t\t\t\t\t<\/div>\n\t\t\t\t\n\t\t\t\t\t\t\t\t\t<div class=\"swiper-pagination\"><\/div>\n\t\t\t\t\t\t\t\t\t<\/div>\n\t\t\t\t\t\t<\/div>\n\t\t\t\t<\/div>\n\t\t\t\t\t<\/div>\n\t\t<\/div>\n\t\t\t\t\t<\/div>\n\t\t<\/section>\n\t\t\t\t<\/div>","protected":false},"excerpt":{"rendered":"<p>Services de location chauffeur priv\u00e9 Aviation Priv\u00e9e FBO Nos chauffeurs op\u00e8rent dans tout les FBO du Sud Est de la France Aix en Provence-Marseille-Avignon-Montpellier-Circuit Paul Ricard -St Tropez-Cannes-Monaco LOCATION DE VOITURE AVEC CHAUFFEUR PAR AEROPORT Limousine service for private jets Nous fournissons des transferts et services de luxe avec chauffeur vers et depuis tous les [&hellip;]<\/p>","protected":false},"author":1,"featured_media":19675,"parent":13602,"menu_order":0,"comment_status":"closed","ping_status":"closed","template":"","meta":{"footnotes":""},"class_list":["post-15129","page","type-page","status-publish","has-post-thumbnail","hentry"],"_links":{"self":[{"href":"https:\/\/www.vtc-limousine.fr\/en\/wp-json\/wp\/v2\/pages\/15129","targetHints":{"allow":["GET"]}}],"collection":[{"href":"https:\/\/www.vtc-limousine.fr\/en\/wp-json\/wp\/v2\/pages"}],"about":[{"href":"https:\/\/www.vtc-limousine.fr\/en\/wp-json\/wp\/v2\/types\/page"}],"author":[{"embeddable":true,"href":"https:\/\/www.vtc-limousine.fr\/en\/wp-json\/wp\/v2\/users\/1"}],"replies":[{"embeddable":true,"href":"https:\/\/www.vtc-limousine.fr\/en\/wp-json\/wp\/v2\/comments?post=15129"}],"version-history":[{"count":44,"href":"https:\/\/www.vtc-limousine.fr\/en\/wp-json\/wp\/v2\/pages\/15129\/revisions"}],"predecessor-version":[{"id":23448,"href":"https:\/\/www.vtc-limousine.fr\/en\/wp-json\/wp\/v2\/pages\/15129\/revisions\/23448"}],"up":[{"embeddable":true,"href":"https:\/\/www.vtc-limousine.fr\/en\/wp-json\/wp\/v2\/pages\/13602"}],"wp:featuredmedia":[{"embeddable":true,"href":"https:\/\/www.vtc-limousine.fr\/en\/wp-json\/wp\/v2\/media\/19675"}],"wp:attachment":[{"href":"https:\/\/www.vtc-limousine.fr\/en\/wp-json\/wp\/v2\/media?parent=15129"}],"curies":[{"name":"wp","href":"https:\/\/api.w.org\/{rel}","templated":true}]}}