{"id":13612,"date":"2022-03-02T15:59:44","date_gmt":"2022-03-02T15:59:44","guid":{"rendered":"https:\/\/www.vtc-limousine.fr\/?page_id=13612"},"modified":"2026-02-18T10:20:59","modified_gmt":"2026-02-18T10:20:59","slug":"premium-chauffeur-service","status":"publish","type":"page","link":"https:\/\/www.vtc-limousine.fr\/en\/premium-chauffeur-service\/","title":{"rendered":"Private driver"},"content":{"rendered":"<div data-elementor-type=\"wp-page\" data-elementor-id=\"13612\" class=\"elementor elementor-13612\" data-elementor-post-type=\"page\">\n\t\t\t\t\t\t<section class=\"elementor-section elementor-top-section elementor-element elementor-element-5e739282 elementor-section-full_width elementor-section-height-min-height elementor-section-height-default elementor-section-items-middle\" data-id=\"5e739282\" data-element_type=\"section\" data-e-type=\"section\" data-settings=\"{&quot;background_background&quot;:&quot;classic&quot;}\">\n\t\t\t\t\t\t\t<div class=\"elementor-background-overlay\"><\/div>\n\t\t\t\t\t\t\t<div class=\"elementor-container elementor-column-gap-default\">\n\t\t\t\t\t<div class=\"elementor-column elementor-col-100 elementor-top-column elementor-element elementor-element-1faf7528\" data-id=\"1faf7528\" data-element_type=\"column\" data-e-type=\"column\">\n\t\t\t<div class=\"elementor-widget-wrap\">\n\t\t\t\t\t\t\t<\/div>\n\t\t<\/div>\n\t\t\t\t\t<\/div>\n\t\t<\/section>\n\t\t\t\t<section class=\"elementor-section elementor-top-section elementor-element elementor-element-65088e05 elementor-section-boxed elementor-section-height-default elementor-section-height-default\" data-id=\"65088e05\" data-element_type=\"section\" data-e-type=\"section\">\n\t\t\t\t\t\t<div class=\"elementor-container elementor-column-gap-default\">\n\t\t\t\t\t<div class=\"elementor-column elementor-col-100 elementor-top-column elementor-element elementor-element-344a6702\" data-id=\"344a6702\" data-element_type=\"column\" data-e-type=\"column\">\n\t\t\t<div class=\"elementor-widget-wrap elementor-element-populated\">\n\t\t\t\t\t\t<div class=\"elementor-element elementor-element-036466f elementor-widget elementor-widget-shortcode\" data-id=\"036466f\" data-element_type=\"widget\" data-e-type=\"widget\" data-widget_type=\"shortcode.default\">\n\t\t\t\t<div class=\"elementor-widget-container\">\n\t\t\t\t\t\t\t<div class=\"elementor-shortcode\"><nav aria-label=\"breadcrumbs\">\n            <div class=\"breadcrumb-container theme1\">\n                <ol>\n                                    <\/ol>\n            <\/div>\n        <\/nav>    <script type=\"application\/ld+json\">\n        {\n            \"@context\": \"http:\/\/schema.org\",\n            \"@type\": \"BreadcrumbList\",\n            \"itemListElement\": [\n                            ]\n        }\n    <\/script>\n   \n    <script>\n            <\/script>\n<\/div>\n\t\t\t\t\t\t<\/div>\n\t\t\t\t<\/div>\n\t\t\t\t<div class=\"elementor-element elementor-element-6d44219e elementor-widget elementor-widget-heading\" data-id=\"6d44219e\" data-element_type=\"widget\" data-e-type=\"widget\" data-widget_type=\"heading.default\">\n\t\t\t\t<div class=\"elementor-widget-container\">\n\t\t\t\t\t<h1 class=\"elementor-heading-title elementor-size-default\">Private driver<\/h1>\t\t\t\t<\/div>\n\t\t\t\t<\/div>\n\t\t\t\t<div class=\"elementor-element elementor-element-2cda9272 elementor-widget elementor-widget-heading\" data-id=\"2cda9272\" data-element_type=\"widget\" data-e-type=\"widget\" data-widget_type=\"heading.default\">\n\t\t\t\t<div class=\"elementor-widget-container\">\n\t\t\t\t\t<h2 class=\"elementor-heading-title elementor-size-default\">Premium Private Chauffeur Service<\/h2>\t\t\t\t<\/div>\n\t\t\t\t<\/div>\n\t\t\t\t\t<\/div>\n\t\t<\/div>\n\t\t\t\t\t<\/div>\n\t\t<\/section>\n\t\t\t\t<section class=\"elementor-section elementor-top-section elementor-element elementor-element-c8573c3 elementor-section-boxed elementor-section-height-default elementor-section-height-default\" data-id=\"c8573c3\" data-element_type=\"section\" data-e-type=\"section\">\n\t\t\t\t\t\t<div class=\"elementor-container elementor-column-gap-default\">\n\t\t\t\t\t<div class=\"elementor-column elementor-col-100 elementor-top-column elementor-element elementor-element-3ae0696\" data-id=\"3ae0696\" data-element_type=\"column\" data-e-type=\"column\">\n\t\t\t<div class=\"elementor-widget-wrap elementor-element-populated\">\n\t\t\t\t\t\t<div class=\"elementor-element elementor-element-da0da32 elementor-align-center elementor-widget elementor-widget-button\" data-id=\"da0da32\" data-element_type=\"widget\" data-e-type=\"widget\" data-widget_type=\"button.default\">\n\t\t\t\t<div class=\"elementor-widget-container\">\n\t\t\t\t\t\t\t\t\t<div class=\"elementor-button-wrapper\">\n\t\t\t\t\t<a class=\"elementor-button elementor-button-link elementor-size-sm\" href=\"https:\/\/www.vtc-limousine.fr\/wp-content\/uploads\/2023\/07\/ENG-Plaquette-pdf-Class-eDriver2.pdf\" target=\"_blank\">\n\t\t\t\t\t\t<span class=\"elementor-button-content-wrapper\">\n\t\t\t\t\t\t\t\t\t<span class=\"elementor-button-text\">Our sales brochure to download<\/span>\n\t\t\t\t\t<\/span>\n\t\t\t\t\t<\/a>\n\t\t\t\t<\/div>\n\t\t\t\t\t\t\t\t<\/div>\n\t\t\t\t<\/div>\n\t\t\t\t<div class=\"elementor-element elementor-element-e3cfce5 elementor-widget elementor-widget-text-editor\" data-id=\"e3cfce5\" data-element_type=\"widget\" data-e-type=\"widget\" data-widget_type=\"text-editor.default\">\n\t\t\t\t<div class=\"elementor-widget-container\">\n\t\t\t\t\t\t\t\t\t<p data-start=\"149\" data-end=\"947\">Class eDriver Limousine offers <strong data-start=\"182\" data-end=\"245\">premium private chauffeur service in the South of France<\/strong>The perfect combination of elegance, comfort and safety. Whether for <strong data-start=\"307\" data-end=\"343\">airport or station transfers<\/strong>and <strong data-start=\"349\" data-end=\"370\">private events<\/strong>and <strong data-start=\"376\" data-end=\"401\">tailor-made excursions<\/strong> or <strong data-start=\"409\" data-end=\"431\">business trips<\/strong>our fleet of <strong data-start=\"449\" data-end=\"516\">luxury saloons, premium minivans and 19-seat Luxury Sprinter<\/strong> guarantees top-quality transport for all types of customer. Our <strong data-start=\"589\" data-end=\"631\">professional, bilingual drivers<\/strong>Class eDriver Limousine chauffeurs, trained in VIP service, provide discreet, punctual and personalised assistance, optimising every journey and making every journey simple, pleasant and memorable. With Class eDriver Limousine, take advantage of a <strong data-start=\"849\" data-end=\"896\">exclusive and refined transport experience<\/strong> throughout the Provence-Alpes-C\u00f4te d'Azur region.<\/p>\t\t\t\t\t\t\t\t<\/div>\n\t\t\t\t<\/div>\n\t\t\t\t\t<\/div>\n\t\t<\/div>\n\t\t\t\t\t<\/div>\n\t\t<\/section>\n\t\t\t\t<section class=\"elementor-section elementor-top-section elementor-element elementor-element-3454769 elementor-section-boxed elementor-section-height-default elementor-section-height-default\" data-id=\"3454769\" data-element_type=\"section\" data-e-type=\"section\">\n\t\t\t\t\t\t<div class=\"elementor-container elementor-column-gap-default\">\n\t\t\t\t\t<div class=\"elementor-column elementor-col-100 elementor-top-column elementor-element elementor-element-b5b3525\" data-id=\"b5b3525\" data-element_type=\"column\" data-e-type=\"column\">\n\t\t\t<div class=\"elementor-widget-wrap elementor-element-populated\">\n\t\t\t\t\t\t<div class=\"elementor-element elementor-element-def1b33 elementor-widget elementor-widget-heading\" data-id=\"def1b33\" data-element_type=\"widget\" data-e-type=\"widget\" data-widget_type=\"heading.default\">\n\t\t\t\t<div class=\"elementor-widget-container\">\n\t\t\t\t\t<h3 class=\"elementor-heading-title elementor-size-default\">VIP Transfers, Minivans and 19-seater Luxury Sprinter for Companies and Incentive Trips<\/h3>\t\t\t\t<\/div>\n\t\t\t\t<\/div>\n\t\t\t\t<section class=\"elementor-section elementor-inner-section elementor-element elementor-element-b7a5c8d elementor-section-boxed elementor-section-height-default elementor-section-height-default\" data-id=\"b7a5c8d\" data-element_type=\"section\" data-e-type=\"section\">\n\t\t\t\t\t\t<div class=\"elementor-container elementor-column-gap-default\">\n\t\t\t\t\t<div class=\"elementor-column elementor-col-50 elementor-inner-column elementor-element elementor-element-cb48d7d\" data-id=\"cb48d7d\" data-element_type=\"column\" data-e-type=\"column\">\n\t\t\t<div class=\"elementor-widget-wrap elementor-element-populated\">\n\t\t\t\t\t\t<div class=\"elementor-element elementor-element-a9b18ee elementor-widget elementor-widget-text-editor\" data-id=\"a9b18ee\" data-element_type=\"widget\" data-e-type=\"widget\" data-widget_type=\"text-editor.default\">\n\t\t\t\t<div class=\"elementor-widget-container\">\n\t\t\t\t\t\t\t\t\t<p><a href=\"https:\/\/www.vtc-limousine.fr\/en\/premium-chauffeur-service\/private-chauffeur-service-provence-french-riviera\/private-chauffeur-aix-en-provence\/\">Aix-en-Provence<\/a><br \/><a href=\"https:\/\/www.vtc-limousine.fr\/en\/premium-chauffeur-service\/private-chauffeur-service-provence-french-riviera\/private-chauffeur-marseille\/\">Marseille<\/a><br \/><a href=\"https:\/\/www.vtc-limousine.fr\/en\/premium-chauffeur-service\/private-chauffeur-service-provence-french-riviera\/chauffeured-car-service-circuit-paul-ricard-83330-le-castellet\/\">Circuit Paul Ricard<\/a><br \/><a href=\"https:\/\/www.vtc-limousine.fr\/en\/premium-chauffeur-service\/private-chauffeur-service-provence-french-riviera\/hire-a-car-with-chauffeur-avignon\/\">Avignon<\/a><br \/><a href=\"https:\/\/www.vtc-limousine.fr\/en\/private-airport-transfer\/hire-a-car-with-chauffeur-arles-camargue\/\" target=\"_blank\" rel=\"noopener\">Arles and the Camargue<\/a><br \/><a href=\"https:\/\/www.vtc-limousine.fr\/en\/private-airport-transfer\/private-chauffeur-st-remy-de-provence\/\" target=\"_blank\" rel=\"noopener\">St Remy de Provence<\/a><br \/><a href=\"https:\/\/www.vtc-limousine.fr\/en\/private-airport-transfer\/chauffeured-car-service-st-tropez\/\">St Tropez<\/a><br \/><a href=\"https:\/\/www.vtc-limousine.fr\/en\/premium-chauffeur-service\/private-chauffeur-service-provence-french-riviera\/limousine-service-and-chauffeur-driven-car-cannes\/\">Cannes<\/a><br \/><a href=\"https:\/\/www.vtc-limousine.fr\/en\/premium-chauffeur-service\/private-chauffeur-service-provence-french-riviera\/private-chauffeur-nice\/\" target=\"_blank\" rel=\"noopener\">Nice<\/a><br \/><a href=\"https:\/\/www.vtc-limousine.fr\/en\/private-airport-transfer\/chauffeured-car-service-monaco\/\">Monaco<\/a><br \/><a href=\"https:\/\/www.vtc-limousine.fr\/en\/private-airport-transfer\/hire-car-with-chauffeur-montpellier\/\">Montpellier<\/a><br \/><a href=\"https:\/\/www.vtc-limousine.fr\/en\/premium-chauffeur-service\/private-chauffeur-service-provence-french-riviera\/chauffeured-car-service-toulon-83000\/\">Toulon<\/a><br \/><a href=\"https:\/\/www.vtc-limousine.fr\/en\/premium-chauffeur-service\/private-chauffeur-service-provence-french-riviera\/chauffeured-car-service-airport-le-castellet-lfmq\/\">Le Castellet<\/a><br \/><a href=\"https:\/\/www.vtc-limousine.fr\/en\/private-airport-transfer\/private-driver-cassis\/\">Cassis<\/a><br \/><a href=\"https:\/\/www.vtc-limousine.fr\/en\/premium-chauffeur-service\/private-chauffeur-service-provence-french-riviera\/private-chauffeur-lyon\/\" target=\"_blank\" rel=\"noopener\">Lyon<\/a><br \/><a href=\"https:\/\/www.vtc-limousine.fr\/en\/premium-chauffeur-service\/private-chauffeur-service-provence-french-riviera\/private-chauffeur-paris\/\" target=\"_blank\" rel=\"noopener\">Paris<\/a><br \/><a href=\"https:\/\/www.vtc-limousine.fr\/en\/premium-chauffeur-service\/car-with-driver-vtc-gordes\/\">Gordes<\/a><br \/><a href=\"https:\/\/www.vtc-limousine.fr\/en\/premium-chauffeur-service\/chauffeured-car-service-la-ciotat-13600\/\">La Ciotat<\/a><\/p>\t\t\t\t\t\t\t\t<\/div>\n\t\t\t\t<\/div>\n\t\t\t\t\t<\/div>\n\t\t<\/div>\n\t\t\t\t<div class=\"elementor-column elementor-col-50 elementor-inner-column elementor-element elementor-element-045b688 blocText\" data-id=\"045b688\" data-element_type=\"column\" data-e-type=\"column\" data-settings=\"{&quot;background_background&quot;:&quot;classic&quot;}\">\n\t\t\t<div class=\"elementor-widget-wrap elementor-element-populated\">\n\t\t\t\t\t<div class=\"elementor-background-overlay\"><\/div>\n\t\t\t\t\t\t<div class=\"elementor-element elementor-element-5715218 elementor-widget elementor-widget-heading\" data-id=\"5715218\" data-element_type=\"widget\" data-e-type=\"widget\" data-widget_type=\"heading.default\">\n\t\t\t\t<div class=\"elementor-widget-container\">\n\t\t\t\t\t<p class=\"elementor-heading-title elementor-size-default\"><a href=\"https:\/\/www.vtc-limousine.fr\/en\/premium-chauffeur-service\/private-chauffeur-service-provence-french-riviera\/\">Our other destinations in PACA<\/a><\/p>\t\t\t\t<\/div>\n\t\t\t\t<\/div>\n\t\t\t\t\t<\/div>\n\t\t<\/div>\n\t\t\t\t\t<\/div>\n\t\t<\/section>\n\t\t\t\t\t<\/div>\n\t\t<\/div>\n\t\t\t\t\t<\/div>\n\t\t<\/section>\n\t\t\t\t<\/div>","protected":false},"excerpt":{"rendered":"<p>Service de Chauffeur Priv\u00e9 Premium T\u00e9l\u00e9chargez notre dossier de presse Class eDriver Limousine offre un service de chauffeur priv\u00e9 premium dans le Sud de la France, alliant \u00e9l\u00e9gance, confort et s\u00e9curit\u00e9. Que ce soit pour des transferts d\u2019a\u00e9roport ou de gare, des \u00e9v\u00e9nements priv\u00e9s, des excursions sur mesure ou des voyages d\u2019affaires, notre flotte de [&hellip;]<\/p>","protected":false},"author":1,"featured_media":20973,"parent":0,"menu_order":0,"comment_status":"closed","ping_status":"closed","template":"","meta":{"footnotes":""},"class_list":["post-13612","page","type-page","status-publish","has-post-thumbnail","hentry"],"_links":{"self":[{"href":"https:\/\/www.vtc-limousine.fr\/en\/wp-json\/wp\/v2\/pages\/13612","targetHints":{"allow":["GET"]}}],"collection":[{"href":"https:\/\/www.vtc-limousine.fr\/en\/wp-json\/wp\/v2\/pages"}],"about":[{"href":"https:\/\/www.vtc-limousine.fr\/en\/wp-json\/wp\/v2\/types\/page"}],"author":[{"embeddable":true,"href":"https:\/\/www.vtc-limousine.fr\/en\/wp-json\/wp\/v2\/users\/1"}],"replies":[{"embeddable":true,"href":"https:\/\/www.vtc-limousine.fr\/en\/wp-json\/wp\/v2\/comments?post=13612"}],"version-history":[{"count":66,"href":"https:\/\/www.vtc-limousine.fr\/en\/wp-json\/wp\/v2\/pages\/13612\/revisions"}],"predecessor-version":[{"id":23512,"href":"https:\/\/www.vtc-limousine.fr\/en\/wp-json\/wp\/v2\/pages\/13612\/revisions\/23512"}],"wp:featuredmedia":[{"embeddable":true,"href":"https:\/\/www.vtc-limousine.fr\/en\/wp-json\/wp\/v2\/media\/20973"}],"wp:attachment":[{"href":"https:\/\/www.vtc-limousine.fr\/en\/wp-json\/wp\/v2\/media?parent=13612"}],"curies":[{"name":"wp","href":"https:\/\/api.w.org\/{rel}","templated":true}]}}